{"id":63,"date":"2018-10-25T16:18:35","date_gmt":"2018-10-25T18:18:35","guid":{"rendered":"http:\/\/www2.uepg.br\/proex\/?page_id=63"},"modified":"2025-03-19T14:24:27","modified_gmt":"2025-03-19T17:24:27","slug":"bolsas","status":"publish","type":"page","link":"https:\/\/www2.uepg.br\/proex\/bolsas\/","title":{"rendered":"Bolsas"},"content":{"rendered":"<div id=\"pl-63\" class=\"panel-layout\">\n<div id=\"pg-63-0\" class=\"panel-grid panel-no-style\">\n<div id=\"pgc-63-0-0\" class=\"panel-grid-cell\">\n<div id=\"panel-63-0-0-0\" class=\"so-panel widget widget_sow-editor panel-first-child panel-last-child\">\n<div class=\"so-widget-sow-editor so-widget-sow-editor-base\">\n<div class=\"siteorigin-widget-tinymce textwidget\">\n<h4 class=\"style4\" style=\"text-align: center\"><strong>BOLSAS DE EXTENS\u00c3O UNIVERSIT\u00c1RIA<\/strong><\/h4>\n<p class=\"style1\" style=\"text-align: center\"><strong><span class=\"style6\">Respons\u00e1veis pela se\u00e7\u00e3o:<\/span><\/strong><\/p>\n<p class=\"western\" style=\"text-align: center\" align=\"justify\">Emerson Jos\u00e9 Barbosa<\/p>\n<p style=\"text-align: center\" align=\"justify\">Telefone: (42) 3220-3488<\/p>\n<p style=\"text-align: center\" align=\"justify\">E-mail: <u><\/u><a href=\"mailto:bolsasproex@uepg.br\">bolsasproex@uepg.br<\/a><\/p>\n<p>&nbsp;<\/p>\n<p style=\"text-align: center\"><strong>EDITAIS<\/strong><\/p>\n<\/div>\n<\/div>\n<p><a href=\"https:\/\/www2.uepg.br\/proex\/editais\/\" target=\"_blank\" rel=\"noopener noreferrer\"><img loading=\"lazy\" class=\"wp-image-2089 aligncenter\" src=\"https:\/\/www2.uepg.br\/proex\/wp-content\/uploads\/sites\/8\/2020\/06\/images.png\" alt=\"\" width=\"136\" height=\"136\" srcset=\"https:\/\/www2.uepg.br\/proex\/wp-content\/uploads\/sites\/8\/2020\/06\/images.png 225w, https:\/\/www2.uepg.br\/proex\/wp-content\/uploads\/sites\/8\/2020\/06\/images-150x150.png 150w\" sizes=\"(max-width: 136px) 100vw, 136px\" \/><\/a><\/p>\n<\/div>\n<\/div>\n<\/div>\n<\/div>\n<div id=\"pl-63\" class=\"panel-layout\">\n<div id=\"pg-63-0\" class=\"panel-grid panel-no-style\">\n<div id=\"pgc-63-0-0\" class=\"panel-grid-cell\">\n<div id=\"panel-63-0-0-0\" class=\"so-panel widget widget_sow-editor panel-first-child panel-last-child\">\n<div class=\"so-widget-sow-editor so-widget-sow-editor-base\">\n<div class=\"siteorigin-widget-tinymce textwidget\">\n<p style=\"text-align: center\"><a href=\"https:\/\/www2.uepg.br\/proex\/editais\/\">Clique aqui e acompanhe os editais.<\/a><\/p>\n<p>&nbsp;<\/p>\n<p style=\"text-align: center\"><strong><b>BOLSAS DE EXTENS\u00c3O UNIVERSIT\u00c1RIA <\/b><\/strong><strong><b>PROEX\/UEPG<\/b><\/strong><\/p>\n<p style=\"text-align: center\">A Pr\u00f3-Reitoria de Extens\u00e3o e Assuntos Culturais concede anualmente aux\u00edlio-financeiro, por meio de recursos pr\u00f3prios, aos alunos que desempenham atividades vinculadas aos Programas e Projetos de Extens\u00e3o, com carga hor\u00e1ria de 20(vinte) horas semanais. Atrav\u00e9s de Edital de Sele\u00e7\u00e3o, a concess\u00e3o de bolsas objetiva ainda, contribuir para a forma\u00e7\u00e3o profissional e cidad\u00e3 dos alunos de gradua\u00e7\u00e3o envolvidos nas atividades de extens\u00e3o.<\/p>\n<p>&nbsp;<\/p>\n<p style=\"text-align: center\"><strong><b>BOLSAS DE\u00a0\u00a0APOIO \u00c0 INCLUS\u00c3O SOCIAL, PESQUISA E EXTENS\u00c3O UNIVERSIT\u00c1RIA (FA)<\/b><\/strong><\/p>\n<p style=\"text-align: center\">O Programa Institucional de Apoio a Inclus\u00e3o Social Pesquisa e Extens\u00e3o Universit\u00e1ria \u2013 PIBIS, disponibiliza bolsas de extens\u00e3o por meio de recursos da Funda\u00e7\u00e3o Arauc\u00e1ria. Incentiva a forma\u00e7\u00e3o de recursos humanos para a pesquisa e a extens\u00e3o universit\u00e1ria, direcionadas a temas de interesse social; favorece o acesso e a integra\u00e7\u00e3o dos estudantes ingressantes no ensino superior por meio do sistema de cotas sociais \u00e0 cultura acad\u00eamica; e promove a inser\u00e7\u00e3o dos estudantes em atividades cient\u00edficas, tecnol\u00f3gicas e\/ou de inova\u00e7\u00e3o.<\/p>\n<\/div>\n<\/div>\n<\/div>\n<div id=\"panel-63-0-0-0\" class=\"so-panel widget widget_sow-editor panel-first-child panel-last-child\">\n<div class=\"so-widget-sow-editor so-widget-sow-editor-base\">\n<div class=\"siteorigin-widget-tinymce textwidget\">\n<p>&nbsp;<\/p>\n<p style=\"text-align: center\"><strong><b>BOLSAS DE EXTENS\u00c3O UNIVERSIT\u00c1RIA (FA)<\/b><\/strong><\/p>\n<p style=\"text-align: center\">O Programa Institucional de Bolsas de Extens\u00e3o Universit\u00e1ria\u00a0&#8211; PIBEX, disponibiliza\u00a0bolsas de extens\u00e3o\u00a0por meio de recursos da Funda\u00e7\u00e3o Arauc\u00e1ria.\u00a0Incentiva a participa\u00e7\u00e3o de alunos de gradua\u00e7\u00e3o no desenvolvimento de atividades de extens\u00e3o universit\u00e1ria; e promove, por meio da extens\u00e3o universit\u00e1ria, a aproxima\u00e7\u00e3o dos alunos de gradua\u00e7\u00e3o com as atividades cient\u00edficas, tecnol\u00f3gicas e\/ou de inova\u00e7\u00e3o.<\/p>\n<\/div>\n<p>&nbsp;<\/p>\n<div class=\"siteorigin-widget-tinymce textwidget\">\n<p>&nbsp;<\/p>\n<p class=\"style1\" style=\"text-align: center\">\n<\/div>\n<\/div>\n<\/div>\n<\/div>\n<\/div>\n<\/div>\n","protected":false},"excerpt":{"rendered":"<p>BOLSAS DE EXTENS\u00c3O UNIVERSIT\u00c1RIA Respons\u00e1veis pela se\u00e7\u00e3o: Emerson Jos\u00e9 Barbosa Telefone: (42) 3220-3488 E-mail: bolsasproex@uepg.br &nbsp; EDITAIS Clique aqui e acompanhe os editais. &nbsp; BOLSAS DE EXTENS\u00c3O UNIVERSIT\u00c1RIA PROEX\/UEPG A Pr\u00f3-Reitoria de Extens\u00e3o e Assuntos Culturais concede anualmente aux\u00edlio-financeiro, por meio de recursos pr\u00f3prios, aos alunos que desempenham atividades vinculadas aos Programas e Projetos de&nbsp;&hellip;<\/p>\n","protected":false},"author":85,"featured_media":0,"parent":0,"menu_order":0,"comment_status":"closed","ping_status":"closed","template":"","meta":[],"_links":{"self":[{"href":"https:\/\/www2.uepg.br\/proex\/wp-json\/wp\/v2\/pages\/63"}],"collection":[{"href":"https:\/\/www2.uepg.br\/proex\/wp-json\/wp\/v2\/pages"}],"about":[{"href":"https:\/\/www2.uepg.br\/proex\/wp-json\/wp\/v2\/types\/page"}],"author":[{"embeddable":true,"href":"https:\/\/www2.uepg.br\/proex\/wp-json\/wp\/v2\/users\/85"}],"replies":[{"embeddable":true,"href":"https:\/\/www2.uepg.br\/proex\/wp-json\/wp\/v2\/comments?post=63"}],"version-history":[{"count":34,"href":"https:\/\/www2.uepg.br\/proex\/wp-json\/wp\/v2\/pages\/63\/revisions"}],"predecessor-version":[{"id":9973,"href":"https:\/\/www2.uepg.br\/proex\/wp-json\/wp\/v2\/pages\/63\/revisions\/9973"}],"wp:attachment":[{"href":"https:\/\/www2.uepg.br\/proex\/wp-json\/wp\/v2\/media?parent=63"}],"curies":[{"name":"wp","href":"https:\/\/api.w.org\/{rel}","templated":true}]}}