{"id":7250,"date":"2023-03-01T14:24:44","date_gmt":"2023-03-01T17:24:44","guid":{"rendered":"https:\/\/www2.uepg.br\/proex\/?page_id=7250"},"modified":"2023-03-08T15:09:54","modified_gmt":"2023-03-08T18:09:54","slug":"legislacao-estadual-nacional","status":"publish","type":"page","link":"https:\/\/www2.uepg.br\/proex\/legislacao-estadual-nacional\/","title":{"rendered":"Legisla\u00e7\u00e3o Nacional\/Estadual"},"content":{"rendered":"<h3 style=\"text-align: center\"><strong>Legisla\u00e7\u00f5es Nacionais<\/strong><\/h3>\n<p style=\"text-align: center\"><a href=\"https:\/\/www2.uepg.br\/proex\/wp-content\/uploads\/sites\/8\/2023\/03\/Politica-Nacional-de-Extensao-Universitaria.pdf\">Politica Nacional de Extens\u00e3o Universit\u00e1ria<\/a><\/p>\n<p style=\"text-align: center\"><a href=\"https:\/\/www2.uepg.br\/proex\/wp-content\/uploads\/sites\/8\/2023\/03\/Plano-Nacional-de-Extensao-Universitaria.pdf\">Plano Nacional de Extens\u00e3o Universit\u00e1ria<\/a><\/p>\n<p>&nbsp;<\/p>\n<p>&nbsp;<\/p>\n<h3 style=\"text-align: center\"><strong>Legisla\u00e7\u00f5es Estaduais<\/strong><\/h3>\n<p style=\"text-align: center\"><a href=\"https:\/\/www2.uepg.br\/proex\/wp-content\/uploads\/sites\/8\/2023\/03\/Portaria-n.o-164.2022-SETI-Aprova-Politica-de-Extensao.pdf\">Portaria n.\u00ba 164.2022 SETI &#8211; Aprova Pol\u00edtica Estadual de Extens\u00e3o<\/a><\/p>\n<p>&nbsp;<\/p>\n<p style=\"text-align: center\"><a href=\"https:\/\/www2.uepg.br\/proex\/wp-content\/uploads\/sites\/8\/2023\/03\/Lei-Ordinaria-21354-2023-do-Parana.pdf\">Lei Ordin\u00e1ria 21354 2023 &#8211; Destinado a Apoiar o<br \/>\nDesenvolvimento Cient\u00edfico e Tecnol\u00f3gico do Estado do<br \/>\nParan\u00e1<\/a><\/p>\n<p style=\"text-align: center\"><a href=\"https:\/\/www2.uepg.br\/proex\/wp-content\/uploads\/sites\/8\/2023\/03\/Lei-Complementar-251-2023-do-Parana.pdf\">Lei Complementar 251 2023 do Paran\u00e1 &#8211;\u00a0Reestrutura a Funda\u00e7\u00e3o Arauc\u00e1ria e d\u00e1 outras provid\u00eancias.<\/a><\/p>\n<p>&nbsp;<\/p>\n<p style=\"text-align: center\"><a href=\"https:\/\/www2.uepg.br\/proex\/wp-content\/uploads\/sites\/8\/2023\/03\/Lei-20541-DE-20_04_2021-do-Parana.pdf\">Lei de Inova\u00e7\u00e3o 20541 de 20\/04\/2021 do Paran\u00e1<\/a><\/p>\n","protected":false},"excerpt":{"rendered":"<p>Legisla\u00e7\u00f5es Nacionais Politica Nacional de Extens\u00e3o Universit\u00e1ria Plano Nacional de Extens\u00e3o Universit\u00e1ria &nbsp; &nbsp; Legisla\u00e7\u00f5es Estaduais Portaria n.\u00ba 164.2022 SETI &#8211; Aprova Pol\u00edtica Estadual de Extens\u00e3o &nbsp; Lei Ordin\u00e1ria 21354 2023 &#8211; Destinado a Apoiar o Desenvolvimento Cient\u00edfico e Tecnol\u00f3gico do Estado do Paran\u00e1 Lei Complementar 251 2023 do Paran\u00e1 &#8211;\u00a0Reestrutura a Funda\u00e7\u00e3o Arauc\u00e1ria e&nbsp;&hellip;<\/p>\n","protected":false},"author":582,"featured_media":0,"parent":0,"menu_order":0,"comment_status":"closed","ping_status":"closed","template":"","meta":[],"_links":{"self":[{"href":"https:\/\/www2.uepg.br\/proex\/wp-json\/wp\/v2\/pages\/7250"}],"collection":[{"href":"https:\/\/www2.uepg.br\/proex\/wp-json\/wp\/v2\/pages"}],"about":[{"href":"https:\/\/www2.uepg.br\/proex\/wp-json\/wp\/v2\/types\/page"}],"author":[{"embeddable":true,"href":"https:\/\/www2.uepg.br\/proex\/wp-json\/wp\/v2\/users\/582"}],"replies":[{"embeddable":true,"href":"https:\/\/www2.uepg.br\/proex\/wp-json\/wp\/v2\/comments?post=7250"}],"version-history":[{"count":5,"href":"https:\/\/www2.uepg.br\/proex\/wp-json\/wp\/v2\/pages\/7250\/revisions"}],"predecessor-version":[{"id":7330,"href":"https:\/\/www2.uepg.br\/proex\/wp-json\/wp\/v2\/pages\/7250\/revisions\/7330"}],"wp:attachment":[{"href":"https:\/\/www2.uepg.br\/proex\/wp-json\/wp\/v2\/media?parent=7250"}],"curies":[{"name":"wp","href":"https:\/\/api.w.org\/{rel}","templated":true}]}}