{"id":74,"date":"2018-10-25T16:26:51","date_gmt":"2018-10-25T18:26:51","guid":{"rendered":"http:\/\/www2.uepg.br\/proex\/?page_id=74"},"modified":"2026-03-31T14:53:22","modified_gmt":"2026-03-31T17:53:22","slug":"programas-e-projetos","status":"publish","type":"page","link":"https:\/\/www2.uepg.br\/proex\/programas-e-projetos\/","title":{"rendered":"Programas e Projetos"},"content":{"rendered":"<div id=\"pl-74\" class=\"panel-layout\">\n<div id=\"pg-74-0\" class=\"panel-grid panel-no-style\">\n<div id=\"pgc-74-0-0\" class=\"panel-grid-cell\">\n<div id=\"panel-74-0-0-0\" class=\"so-panel widget widget_sow-editor panel-first-child panel-last-child\">\n<div class=\"so-widget-sow-editor so-widget-sow-editor-base\">\n<h4 style=\"text-align: center\" align=\"justify\"><b>Divis\u00e3o de Programas, Projetos e Fomentos Extensionistas<\/b><\/h4>\n<div class=\"siteorigin-widget-tinymce textwidget\">\n<p align=\"justify\">A Divis\u00e3o de Programas, Projetos e Fomentos Extensionistas orienta, registra e acompanha os Programas e projetos extensionistas. Elabora pareceres sobre a adequa\u00e7\u00e3o \u00e0s normas institucionais e aos objetivos da Extens\u00e3o Universit\u00e1ria. Atende ao previsto na Pol\u00edtica Docente quanto ao regime de Tempo Integral e Dedica\u00e7\u00e3o Exclusiva &#8211; TIDE.<\/p>\n<p align=\"justify\">S\u00e3o considerados programas o conjunto articulado de projetos e outras a\u00e7\u00f5es de extens\u00e3o (cursos, eventos, presta\u00e7\u00e3o de servi\u00e7os), integrando preferencialmente as a\u00e7\u00f5es de extens\u00e3o, pesquisa e ensino, com dura\u00e7\u00e3o m\u00ednima de 02 (dois) anos, de car\u00e1ter org\u00e2nico-institucional, voltados a um objetivo comum.<\/p>\n<p align=\"justify\">S\u00e3o considerados projetos as a\u00e7\u00f5es processuais e cont\u00ednuas de car\u00e1ter educativo, social, cultural, cient\u00edfico ou tecnol\u00f3gico, com objetivo espec\u00edfico, que propiciem a rela\u00e7\u00e3o teoria\/pr\u00e1tica e envolvam docentes e\/ou t\u00e9cnicos, discentes, e a comunidade, com dura\u00e7\u00e3o m\u00ednima de um ano.<\/p>\n<p>&nbsp;<\/p>\n<p class=\"style1\" style=\"text-align: center\"><strong><span class=\"style6\">Respons\u00e1vel<\/span><\/strong><\/p>\n<p class=\"western\" style=\"text-align: center\" align=\"justify\">Carmen de F\u00e1tima Guimar\u00e3es<\/p>\n<p style=\"text-align: center\" align=\"justify\">Telefone: 42-3220-3486<\/p>\n<p style=\"text-align: center\" align=\"justify\">E-mail: <span style=\"color: #0563c1\"><u><a href=\"mailto:cfguimaraes@uepg.br\">cfguimaraes@uepg.br<\/a><\/u><\/span><\/p>\n<p>&nbsp;<\/p>\n<p align=\"justify\"><b>Para acompanhar proposta existente ou protocolar nova proposta, enviar relat\u00f3rios ou avalia\u00e7\u00f5es, solicitar altera\u00e7\u00e3o de coordenador ou mesmo solicitar o encerramento de projeto, programa, curso ou evento. Acesse o <a href=\"https:\/\/sistemas.uepg.br\/producao\/pro-reitorias\/proex\/propostas\/\" target=\"_blank\" rel=\"noopener noreferrer\">Sistema de Gerenciamento de Propostas Extensionistas<\/a>.<\/b><\/p>\n<\/div>\n<\/div>\n<\/div>\n<\/div>\n<\/div>\n<\/div>\n<p align=\"justify\"><strong>Comunicamos que todos os acad\u00eamicos j\u00e1 possuem seguro &#8211; N\u00famero da ap\u00f3lice: 04098258442001<\/strong><\/p>\n","protected":false},"excerpt":{"rendered":"<p>Divis\u00e3o de Programas, Projetos e Fomentos Extensionistas A Divis\u00e3o de Programas, Projetos e Fomentos Extensionistas orienta, registra e acompanha os Programas e projetos extensionistas. Elabora pareceres sobre a adequa\u00e7\u00e3o \u00e0s normas institucionais e aos objetivos da Extens\u00e3o Universit\u00e1ria. Atende ao previsto na Pol\u00edtica Docente quanto ao regime de Tempo Integral e Dedica\u00e7\u00e3o Exclusiva &#8211; TIDE.&nbsp;&hellip;<\/p>\n","protected":false},"author":85,"featured_media":0,"parent":0,"menu_order":0,"comment_status":"closed","ping_status":"closed","template":"","meta":[],"_links":{"self":[{"href":"https:\/\/www2.uepg.br\/proex\/wp-json\/wp\/v2\/pages\/74"}],"collection":[{"href":"https:\/\/www2.uepg.br\/proex\/wp-json\/wp\/v2\/pages"}],"about":[{"href":"https:\/\/www2.uepg.br\/proex\/wp-json\/wp\/v2\/types\/page"}],"author":[{"embeddable":true,"href":"https:\/\/www2.uepg.br\/proex\/wp-json\/wp\/v2\/users\/85"}],"replies":[{"embeddable":true,"href":"https:\/\/www2.uepg.br\/proex\/wp-json\/wp\/v2\/comments?post=74"}],"version-history":[{"count":15,"href":"https:\/\/www2.uepg.br\/proex\/wp-json\/wp\/v2\/pages\/74\/revisions"}],"predecessor-version":[{"id":11420,"href":"https:\/\/www2.uepg.br\/proex\/wp-json\/wp\/v2\/pages\/74\/revisions\/11420"}],"wp:attachment":[{"href":"https:\/\/www2.uepg.br\/proex\/wp-json\/wp\/v2\/media?parent=74"}],"curies":[{"name":"wp","href":"https:\/\/api.w.org\/{rel}","templated":true}]}}