{"id":85,"date":"2018-10-25T16:42:08","date_gmt":"2018-10-25T18:42:08","guid":{"rendered":"http:\/\/www2.uepg.br\/proex\/?page_id=85"},"modified":"2020-07-20T09:29:29","modified_gmt":"2020-07-20T12:29:29","slug":"cursos-e-eventos","status":"publish","type":"page","link":"https:\/\/www2.uepg.br\/proex\/cursos-e-eventos\/","title":{"rendered":"Cursos e Eventos"},"content":{"rendered":"<div id=\"pl-85\" class=\"panel-layout\">\n<div id=\"pg-85-0\" class=\"panel-grid panel-no-style\">\n<div id=\"pgc-85-0-0\" class=\"panel-grid-cell\">\n<div id=\"panel-85-0-0-0\" class=\"so-panel widget widget_sow-editor panel-first-child panel-last-child\">\n<h4 class=\"so-widget-sow-editor so-widget-sow-editor-base\" style=\"text-align: center\"><strong>Divis\u00e3o de Cursos e Eventos Extensionistas<\/strong><\/h4>\n<div class=\"so-widget-sow-editor so-widget-sow-editor-base\" style=\"text-align: center\">\n<div class=\"siteorigin-widget-tinymce textwidget\">\n<p align=\"justify\">A Divis\u00e3o de Cursos e Eventos Extensionistas fornece suporte t\u00e9cnico e operacional na elabora\u00e7\u00e3o de propostas e relat\u00f3rios de cursos e eventos, garantindo a aplica\u00e7\u00e3o das normas vigentes. A se\u00e7\u00e3o tamb\u00e9m \u00e9 respons\u00e1vel pelos registros das a\u00e7\u00f5es e pela certifica\u00e7\u00e3o dos participantes em tais modalidades.<\/p>\n<p align=\"justify\">Curso de extens\u00e3o \u00e9 o conjunto articulado de a\u00e7\u00f5es pedag\u00f3gicas, de car\u00e1ter te\u00f3rico ou pr\u00e1tico, presencial ou a dist\u00e2ncia, planejada e organizada de modo sistem\u00e1tico, com carga hor\u00e1ria m\u00ednima de horas e processo de avalia\u00e7\u00e3o.<\/p>\n<p align=\"justify\">S\u00e3o considerados eventos de extens\u00e3o propostas com car\u00e1ter educativo, cultural, cient\u00edfico ou tecnol\u00f3gico, sem necessariamente possuir o car\u00e1ter de continuidade, podendo ser presencial ou a dist\u00e2ncia, com carga hor\u00e1ria livre. As atividades de cursos e eventos s\u00e3o instrumentos indispens\u00e1veis para uma Universidade comprometida com a produ\u00e7\u00e3o e a socializa\u00e7\u00e3o de conhecimentos cient\u00edfico, tecnol\u00f3gico e humanista.<\/p>\n<p>&nbsp;<\/p>\n<p class=\"style1\" style=\"text-align: center\"><strong><span class=\"style5\">Respons\u00e1vel<\/span><\/strong><\/p>\n<p class=\"western\" style=\"text-align: center\" align=\"justify\">Janice Aparecida Mielke Pestun<\/p>\n<p style=\"text-align: center\" align=\"justify\">Telefones: (42) 3220-3487 ou 3485<\/p>\n<p style=\"text-align: center\" align=\"justify\">E-mail: <span style=\"color: #0563c1\"><u><a href=\"mailto:cursos.eventos@uepg.br\">cursos.eventos@uepg.br<\/a><\/u><\/span><\/p>\n<p align=\"justify\">\n<\/div>\n<p>&nbsp;<\/p>\n<p align=\"justify\"><b>Para acompanhar proposta existente ou protocolar nova proposta, enviar relat\u00f3rios ou avalia\u00e7\u00f5es, solicitar altera\u00e7\u00e3o de coordenador ou mesmo solicitar o encerramento de projeto, programa, curso ou evento. Acesse o <a href=\"https:\/\/sistemas.uepg.br\/producao\/pro-reitorias\/proex\/propostas\/\" target=\"_blank\" rel=\"noopener noreferrer\">Sistema de Gerenciamento de Propostas Extensionistas<\/a>.<\/b><\/p>\n<\/div>\n<\/div>\n<\/div>\n<\/div>\n<\/div>\n<p>&nbsp;<\/p>\n","protected":false},"excerpt":{"rendered":"<p>Divis\u00e3o de Cursos e Eventos Extensionistas A Divis\u00e3o de Cursos e Eventos Extensionistas fornece suporte t\u00e9cnico e operacional na elabora\u00e7\u00e3o de propostas e relat\u00f3rios de cursos e eventos, garantindo a aplica\u00e7\u00e3o das normas vigentes. A se\u00e7\u00e3o tamb\u00e9m \u00e9 respons\u00e1vel pelos registros das a\u00e7\u00f5es e pela certifica\u00e7\u00e3o dos participantes em tais modalidades. Curso de extens\u00e3o \u00e9&nbsp;&hellip;<\/p>\n","protected":false},"author":85,"featured_media":0,"parent":0,"menu_order":0,"comment_status":"closed","ping_status":"closed","template":"","meta":[],"_links":{"self":[{"href":"https:\/\/www2.uepg.br\/proex\/wp-json\/wp\/v2\/pages\/85"}],"collection":[{"href":"https:\/\/www2.uepg.br\/proex\/wp-json\/wp\/v2\/pages"}],"about":[{"href":"https:\/\/www2.uepg.br\/proex\/wp-json\/wp\/v2\/types\/page"}],"author":[{"embeddable":true,"href":"https:\/\/www2.uepg.br\/proex\/wp-json\/wp\/v2\/users\/85"}],"replies":[{"embeddable":true,"href":"https:\/\/www2.uepg.br\/proex\/wp-json\/wp\/v2\/comments?post=85"}],"version-history":[{"count":8,"href":"https:\/\/www2.uepg.br\/proex\/wp-json\/wp\/v2\/pages\/85\/revisions"}],"predecessor-version":[{"id":2629,"href":"https:\/\/www2.uepg.br\/proex\/wp-json\/wp\/v2\/pages\/85\/revisions\/2629"}],"wp:attachment":[{"href":"https:\/\/www2.uepg.br\/proex\/wp-json\/wp\/v2\/media?parent=85"}],"curies":[{"name":"wp","href":"https:\/\/api.w.org\/{rel}","templated":true}]}}