{"id":1389,"date":"2025-09-07T12:39:09","date_gmt":"2025-09-07T15:39:09","guid":{"rendered":"https:\/\/www2.uepg.br\/profei\/?page_id=1389"},"modified":"2025-09-07T12:39:09","modified_gmt":"2025-09-07T15:39:09","slug":"solicitacao-de-banca","status":"publish","type":"page","link":"https:\/\/www2.uepg.br\/profei\/solicitacao-de-banca\/","title":{"rendered":"Solicita\u00e7\u00e3o de Banca"},"content":{"rendered":"<ol>\n<li>Copie o texto abaixo para um Editor de Texto<\/li>\n<li>Preencha os textos que est\u00e3o em negrito com os dados de sua banca<\/li>\n<li>Envie para o seu Professor Orientador via e-Mail ou de outra forma;<\/li>\n<li>Pe\u00e7a ao Professor Orientador para protocolar no SEI\/UEPG e assinar por l\u00e1.<\/li>\n<li>Agora \u00e9 s\u00f3 aguardar as Reuni\u00f5es de Colegiado que acontecem todo dia 10 de cada m\u00eas para o deferimento da Banca ou n\u00e3o.<\/li>\n<\/ol>\n<hr \/>\n<p>ao Egr\u00e9gio Colegiado<\/p>\n<p>do Programa de P\u00f3s-Gradua\u00e7\u00e3o\u00a0<em>stricto sensu<\/em>\u00a0em Educa\u00e7\u00e3o Inclusiva (PROFE-UEPG)<\/p>\n<p>Ilustr\u00edssimos Professores<\/p>\n<p>Nos termos da Instru\u00e7\u00e3o Normativa PROFEI n\u00b0 01, de 26 de junho de 2024, que estabelece crit\u00e9rios para a Qualifica\u00e7\u00e3o de Mestrado junto ao Programa de Mestrado Profissional em Educa\u00e7\u00e3o Inclusiva (PROFEI), conforme dados abaixo, solicitamos os tr\u00e2mites necess\u00e1rios para autoriza\u00e7\u00e3o e agendamento da<\/p>\n<p style=\"text-align: center\"><u>BANCA DE <strong>QUALIFICA\u00c7\u00c3O<\/strong> (OU DEFESA) DE MESTRADO<\/u><\/p>\n<p>Acad\u00eamica: <strong>Nome da Academica<\/strong><br \/>\nT\u00edtulo: <strong>Titulo da disserta\u00e7\u00e3o<\/strong><strong>.<\/strong><br \/>\nData da banca: <strong>dd\/mm\/aaaa \u2013 hh:mm<\/strong><br \/>\nLink:<\/p>\n<p style=\"text-align: center\"><u>BANCA EXAMINADORA<\/u><\/p>\n<p>Presidente: <strong>Prof\u00aa. Dr\u00aa. Nome da Orientadora (PROFEI\/UEPG)<\/strong><\/p>\n<p>Membro interno: <strong>Prof. Dr. Nome do membro da Banca (PROFEI\/UEPG)<\/strong><\/p>\n<p>Membro externo: <strong>Prof\u00aa. Dr\u00aa. Nome do membro da Banca (PPG\/IES)<\/strong><\/p>\n<p>Suplente interno: <strong>Prof\u00aa. Dr\u00aa. Nome do membro da Banca (PROFEI\/UEPG)<\/strong><\/p>\n<p>Suplente externo: <strong>Prof\u00aa. Dr\u00aa. Nome do Membro da Banca (PPG\/IES)<\/strong><\/p>\n<p>Com base no artigo 2\u00ba da R. Normativa, requeremos a autoriza\u00e7\u00e3o para a realiza\u00e7\u00e3o da banca, bem como, nos termos do artigo 34 do Regimento Interno do PROFEI, aprovar a Banca Examinadora acima proposta.<\/p>\n<p>Atenciosamente,<\/p>\n","protected":false},"excerpt":{"rendered":"<p>Copie o texto abaixo para um Editor de Texto Preencha os textos que est\u00e3o em negrito com os dados de sua banca Envie para o seu Professor Orientador via e-Mail ou de outra forma; Pe\u00e7a ao Professor Orientador para protocolar no SEI\/UEPG e assinar por l\u00e1. Agora \u00e9 s\u00f3 aguardar as Reuni\u00f5es de Colegiado que&nbsp;&hellip;<\/p>\n","protected":false},"author":340,"featured_media":0,"parent":0,"menu_order":0,"comment_status":"closed","ping_status":"closed","template":"","meta":[],"_links":{"self":[{"href":"https:\/\/www2.uepg.br\/profei\/wp-json\/wp\/v2\/pages\/1389"}],"collection":[{"href":"https:\/\/www2.uepg.br\/profei\/wp-json\/wp\/v2\/pages"}],"about":[{"href":"https:\/\/www2.uepg.br\/profei\/wp-json\/wp\/v2\/types\/page"}],"author":[{"embeddable":true,"href":"https:\/\/www2.uepg.br\/profei\/wp-json\/wp\/v2\/users\/340"}],"replies":[{"embeddable":true,"href":"https:\/\/www2.uepg.br\/profei\/wp-json\/wp\/v2\/comments?post=1389"}],"version-history":[{"count":1,"href":"https:\/\/www2.uepg.br\/profei\/wp-json\/wp\/v2\/pages\/1389\/revisions"}],"predecessor-version":[{"id":1390,"href":"https:\/\/www2.uepg.br\/profei\/wp-json\/wp\/v2\/pages\/1389\/revisions\/1390"}],"wp:attachment":[{"href":"https:\/\/www2.uepg.br\/profei\/wp-json\/wp\/v2\/media?parent=1389"}],"curies":[{"name":"wp","href":"https:\/\/api.w.org\/{rel}","templated":true}]}}