{"id":14,"date":"2020-03-23T11:15:50","date_gmt":"2020-03-23T14:15:50","guid":{"rendered":"http:\/\/www2.uepg.br\/profei\/?page_id=14"},"modified":"2026-05-01T21:26:07","modified_gmt":"2026-05-02T00:26:07","slug":"regimentos-e-regulamentos","status":"publish","type":"page","link":"https:\/\/www2.uepg.br\/profei\/regimentos-e-regulamentos\/","title":{"rendered":"REGIMENTOS E REGULAMENTOS"},"content":{"rendered":"<p>Para que o acad\u00eamico conclua o mestrado pelo Programa de P\u00f3s-Gradua\u00e7\u00e3o <i>Stricto Sensu<\/i> Profissional em Educa\u00e7\u00e3o Inclusiva (PROFEI\/UEPG), dever\u00e1 ser aprovado com <a class=\"profei-link\" href=\"http:\/\/www2.uepg.br\/profei\/wp-content\/uploads\/sites\/54\/2026\/05\/Instrucao-Normativa-03-2025-NOTAS-E-FREQUENCIAS.pdf\">nota acima de 7.0 e frequ\u00eancia de no m\u00ednimo 75%<\/a> nas 3 disciplinas obrigat\u00f3rias (Metodologia da Pesquisa, Fundamentos da Educa\u00e7\u00e3o Especial e Inclusiva e Tecnologias Digitais de Informa\u00e7\u00e3o e Comunica\u00e7\u00e3o) e em 3 disciplinas eletivas de sua escolha dentre as ofertadas pelo Programa.<\/p>\n<div class=\"profei-container\">\n<div class=\"profei-content\">\n<p>Ainda, ter\u00e1 que comprovar <a class=\"profei-link\" href=\"http:\/\/www2.uepg.br\/profei\/wp-content\/uploads\/sites\/54\/2026\/05\/Instrucao-Normativa-04-2024-PROFICIENCIA-EM-LINGUA-ESTRANGEIRA.pdf\">Profici\u00eancia em L\u00edngua Estrangeira<\/a> e cumprir 16 cr\u00e9ditos em <a class=\"profei-link\" href=\"http:\/\/www2.uepg.br\/profei\/wp-content\/uploads\/sites\/54\/2026\/05\/Instrucao-Normativa-03-2024-ATIVIDADES-COMPLEMENTARES.pdf\">atividades complementares<\/a>, al\u00e9m de ter sido aprovado na Banca de <a class=\"profei-link\" href=\"http:\/\/www2.uepg.br\/profei\/wp-content\/uploads\/sites\/54\/2026\/05\/Instrucao-Normativa-01-2024-QUALIFICACAO-DE-MESTRADO.pdf\">Qualifica\u00e7\u00e3o<\/a> e na Banca de <a class=\"profei-link\" href=\"http:\/\/www2.uepg.br\/profei\/wp-content\/uploads\/sites\/54\/2026\/05\/Instrucao-Normativa-02-2024-DISSERTACAO-DE-MESTRADO.pdf\">Defesa<\/a> de Disserta\u00e7\u00e3o com a apresenta\u00e7\u00e3o de um Recurso Educacional relevante para a Educa\u00e7\u00e3o Inclusiva.<\/p>\n<p>A qualifica\u00e7\u00e3o dever\u00e1 ser realizada at\u00e9 o 18\u00ba m\u00eas e a disserta\u00e7\u00e3o defendida at\u00e9 o 24\u00ba m\u00eas. Eventual prorroga\u00e7\u00e3o deste prazo s\u00f3 ser\u00e1 permitida em casos de gravidez, doen\u00e7a grave ou impossibilidade de conclus\u00e3o da pesquisa, o que dever\u00e1 ser comprovado e aprovado pelas inst\u00e2ncias competentes, nunca ultrapassando 30 meses.<\/p>\n<\/div>\n<div class=\"profei-alert\">\n<p><span style=\"color: #808080\"><strong>Aten\u00e7\u00e3o:<\/strong> Acad\u00eamicos com necessidades especiais devem solicitar \u00e0 Pr\u00f3-reitoria de Assuntos Estudantis (PRAE) o Plano Educacional Individualizado (PEI) atrav\u00e9s do <a class=\"profei-link\" style=\"color: #808080\" href=\"https:\/\/sisei.apps.uepg.br\/protocolo-digital\/geral\">SEI<\/a>. T\u00e3o logo o obtenha, deve envi\u00e1-lo para a Coordena\u00e7\u00e3o do PROFEI\/UEPG via protocolo SEI.<\/span><\/p>\n<p><span style=\"color: #ff0000\">O <strong>Sistema Eletr\u00f4nico de Informa\u00e7\u00f5es (SEI)<\/strong> \u00e9 o <u>\u00fanico<\/u> meio aceito; comunica\u00e7\u00f5es por WhatsApp, Telegram, e-mail ou outras redes n\u00e3o ser\u00e3o consideradas v\u00e1lidas.<\/span><\/p>\n<\/div>\n<h2 class=\"profei-title\">Instru\u00e7\u00f5es Normativas PROFEI<\/h2>\n<ol class=\"profei-list\">\n<li><a class=\"profei-link\" href=\"http:\/\/www2.uepg.br\/profei\/wp-content\/uploads\/sites\/54\/2026\/05\/Instrucao-Normativa-04-2024-PROFICIENCIA-EM-LINGUA-ESTRANGEIRA.pdf\">Profici\u00eancia em L\u00edngua Estrangeira &#8211; IN 04\/2024<\/a><\/li>\n<li><a class=\"profei-link\" href=\"http:\/\/www2.uepg.br\/profei\/wp-content\/uploads\/sites\/54\/2026\/05\/Instrucao-Normativa-03-2024-ATIVIDADES-COMPLEMENTARES.pdf\">Atividades Complementares &#8211; IN 03\/2024<\/a><\/li>\n<li><a class=\"profei-link\" href=\"http:\/\/www2.uepg.br\/profei\/wp-content\/uploads\/sites\/54\/2026\/05\/Formulario-de-Atividades-Complementares.docx\">Formul\u00e1rio de Atividades Complementares (Arquivo para preenchimento)<\/a><\/li>\n<li><a class=\"profei-link\" href=\"http:\/\/www2.uepg.br\/profei\/wp-content\/uploads\/sites\/54\/2026\/05\/Instrucao-Normativa-01-2024-QUALIFICACAO-DE-MESTRADO.pdf\">Qualifica\u00e7\u00e3o de Mestrado &#8211; IN 01\/2024<\/a><\/li>\n<li><a class=\"profei-link\" href=\"http:\/\/www2.uepg.br\/profei\/wp-content\/uploads\/sites\/54\/2026\/05\/Instrucao-Normativa-02-2024-DISSERTACAO-DE-MESTRADO.pdf\">Disserta\u00e7\u00e3o de Mestrado &#8211; IN 02\/2024<\/a><\/li>\n<li><a class=\"profei-link\" href=\"http:\/\/www2.uepg.br\/profei\/wp-content\/uploads\/sites\/54\/2026\/05\/Instrucao-Normativa-02-2022-NORMAS-PARA-A-INDICACAO-DE-UM-COORIENTADOR.pdf\">Indica\u00e7\u00e3o de Coorientador &#8211; IN 02\/2022<\/a><\/li>\n<li><a class=\"profei-link\" href=\"http:\/\/www2.uepg.br\/profei\/wp-content\/uploads\/sites\/54\/2026\/05\/Instrucao-Normativa-03-2025-NOTAS-E-FREQUENCIAS.pdf\">Notas e Frequ\u00eancias &#8211; IN 03\/2025<\/a><\/li>\n<li><a class=\"profei-link\" href=\"http:\/\/www2.uepg.br\/profei\/wp-content\/uploads\/sites\/54\/2026\/05\/Instrucao-Normativa-01-2022-NORMAS-PARA-O-APROVEITAMENTO-DE-CREDITOS-DE-DISCIPLINA.pdf\">Equival\u00eancia de disciplinas de outros Programas &#8211; IN 01\/2022<\/a><\/li>\n<\/ol>\n<div class=\"profei-content\" style=\"margin-top: 40px\">\n<p>O Programa \u00e9 regido pelas regulamenta\u00e7\u00f5es da UEPG, pelo Regimento Nacional dos Programas de Mestrado Profissional da CAPES e do Regulamento do Programa em Rede Nacional.<\/p>\n<\/div>\n<div class=\"profei-footer-links\">\n<div class=\"footer-item\"><a class=\"profei-link\" href=\"http:\/\/www2.uepg.br\/profei\/wp-content\/uploads\/sites\/54\/2023\/09\/profei_regimento-interno_analise-final.pdf\">Regimento Interno PROFEI<\/a><\/div>\n<div class=\"footer-item\"><a class=\"profei-link\" href=\"http:\/\/www2.uepg.br\/profei\/wp-content\/uploads\/sites\/54\/2023\/09\/plano_estrategico_profei-1.pdf\">Plano Estrat\u00e9gico<\/a><\/div>\n<div class=\"footer-item\"><a class=\"profei-link\" href=\"http:\/\/www2.uepg.br\/profei\/wp-content\/uploads\/sites\/54\/2026\/04\/Anexo-da-Res-CEPE-n-52026-NOVO-REGULAMENTO-da-_260331_161405.pdf\">Regimento Geral UEPG (2026.5)<\/a><\/div>\n<div class=\"footer-item\"><a class=\"profei-link\" href=\"http:\/\/www2.uepg.br\/profei\/wp-content\/uploads\/sites\/54\/2025\/04\/portaria-n-485-de-14-de-maio-de-2020-portaria-n-485-de-14-de-maio-de-2020-dou-imprensa-nacional.pdf\">Reconhecimento Federal<\/a><\/div>\n<div class=\"footer-item\"><a class=\"profei-link\" href=\"http:\/\/www2.uepg.br\/profei\/wp-content\/uploads\/sites\/54\/2025\/04\/resolucao_33_2019_cria_profei1.pdf\">Resolu\u00e7\u00e3o de Cria\u00e7\u00e3o<\/a><\/div>\n<div class=\"footer-item\"><a class=\"profei-link\" href=\"http:\/\/www2.uepg.br\/profei\/wp-content\/uploads\/sites\/54\/2025\/04\/projeto-pedagogico-do-programa_478_2018.pdf\">Projeto Pedag\u00f3gico<\/a><\/div>\n<div class=\"footer-item\"><a class=\"profei-link\" href=\"http:\/\/www2.uepg.br\/profei\/wp-content\/uploads\/sites\/54\/2025\/04\/portaria-capes-n-207-de-4-de-julho-de-2024-portaria-capes-n-207-de-4-de-ju.pdf\">Regulamenta\u00e7\u00e3o PROEB (Portaria 207\/2024)<\/a><\/div>\n<\/div>\n<\/div>\n","protected":false},"excerpt":{"rendered":"<p>Para que o acad\u00eamico conclua o mestrado pelo Programa de P\u00f3s-Gradua\u00e7\u00e3o Stricto Sensu Profissional em Educa\u00e7\u00e3o Inclusiva (PROFEI\/UEPG), dever\u00e1 ser aprovado com nota acima de 7.0 e frequ\u00eancia de no m\u00ednimo 75% nas 3 disciplinas obrigat\u00f3rias (Metodologia da Pesquisa, Fundamentos da Educa\u00e7\u00e3o Especial e Inclusiva e Tecnologias Digitais de Informa\u00e7\u00e3o e Comunica\u00e7\u00e3o) e em 3&nbsp;&hellip;<\/p>\n","protected":false},"author":24,"featured_media":0,"parent":0,"menu_order":0,"comment_status":"closed","ping_status":"closed","template":"","meta":[],"_links":{"self":[{"href":"https:\/\/www2.uepg.br\/profei\/wp-json\/wp\/v2\/pages\/14"}],"collection":[{"href":"https:\/\/www2.uepg.br\/profei\/wp-json\/wp\/v2\/pages"}],"about":[{"href":"https:\/\/www2.uepg.br\/profei\/wp-json\/wp\/v2\/types\/page"}],"author":[{"embeddable":true,"href":"https:\/\/www2.uepg.br\/profei\/wp-json\/wp\/v2\/users\/24"}],"replies":[{"embeddable":true,"href":"https:\/\/www2.uepg.br\/profei\/wp-json\/wp\/v2\/comments?post=14"}],"version-history":[{"count":18,"href":"https:\/\/www2.uepg.br\/profei\/wp-json\/wp\/v2\/pages\/14\/revisions"}],"predecessor-version":[{"id":1849,"href":"https:\/\/www2.uepg.br\/profei\/wp-json\/wp\/v2\/pages\/14\/revisions\/1849"}],"wp:attachment":[{"href":"https:\/\/www2.uepg.br\/profei\/wp-json\/wp\/v2\/media?parent=14"}],"curies":[{"name":"wp","href":"https:\/\/api.w.org\/{rel}","templated":true}]}}