{"id":152,"date":"2020-07-07T17:43:02","date_gmt":"2020-07-07T20:43:02","guid":{"rendered":"http:\/\/www2.uepg.br\/profei\/?page_id=152"},"modified":"2025-12-08T20:12:42","modified_gmt":"2025-12-08T23:12:42","slug":"calendario","status":"publish","type":"page","link":"https:\/\/www2.uepg.br\/profei\/calendario\/","title":{"rendered":"Calend\u00e1rio"},"content":{"rendered":"<div id=\"idCorpo\">\n<div class=\"wrapper-conteudo-corpo\">\n<div class=\"wrapper-conteudo-tinymce\">\n<p style=\"text-align: center\"><a href=\"https:\/\/www.fct.unesp.br\/Home\/Pos_Graduacao\/-educacaoinclusiva\/calendario-academico-turma-6_-2026_v2.pdf\"><strong><img loading=\"lazy\" class=\"alignnone  wp-image-1166\" src=\"http:\/\/www2.uepg.br\/profei\/wp-content\/uploads\/sites\/54\/2025\/02\/NOVO.png\" alt=\"\" width=\"82\" height=\"43\" \/>Calend\u00e1rio 2026<\/strong><\/a><\/p>\n<hr \/>\n<p style=\"text-align: center\">Antigos<\/p>\n<p style=\"text-align: center\"><a title=\"calendario-academico.pdf\" href=\"https:\/\/www.fct.unesp.br\/Home\/Pos_Graduacao\/-educacaoinclusiva\/calendario-academico.pdf\" target=\"_blank\" rel=\"noopener\">Calend\u00e1rio Acad\u00eamico 2020\/2021<\/a><\/p>\n<p style=\"text-align: center\"><a title=\"calendario_2022_t1_t2.pdf\" href=\"https:\/\/www.fct.unesp.br\/Home\/Pos_Graduacao\/-educacaoinclusiva\/calendario_2022_t1_t2.pdf\" target=\"_blank\" rel=\"noopener\">Calend\u00e1rio Acad\u00eamico 2022<\/a><\/p>\n<p style=\"text-align: center\"><a title=\"calendario_2023_t2_t3.pdf\" href=\"https:\/\/www.fct.unesp.br\/Home\/Pos_Graduacao\/-educacaoinclusiva\/calendario_2023_t2_t3.pdf\" target=\"_blank\" rel=\"noopener\">Calend\u00e1rio Acad\u00eamico 2023<\/a><\/p>\n<\/div>\n<p style=\"text-align: center\"><a href=\"http:\/\/www2.uepg.br\/profei\/wp-content\/uploads\/sites\/54\/2025\/03\/calendario_academico_2025_v2.pdf\">Calend\u00e1rio_Academico_2025<\/a><\/p>\n<div class=\"wrapper-conteudo-tinymce\">\n<p>&nbsp;<\/p>\n<\/div>\n<\/div>\n<\/div>\n<div>\n<div id=\"idCorpoRodape\" class=\"corpo_rodape\" style=\"text-align: center\"><\/div>\n<\/div>\n","protected":false},"excerpt":{"rendered":"<p>Calend\u00e1rio 2026 Antigos Calend\u00e1rio Acad\u00eamico 2020\/2021 Calend\u00e1rio Acad\u00eamico 2022 Calend\u00e1rio Acad\u00eamico 2023 Calend\u00e1rio_Academico_2025 &nbsp;<\/p>\n","protected":false},"author":24,"featured_media":0,"parent":0,"menu_order":0,"comment_status":"closed","ping_status":"closed","template":"","meta":[],"_links":{"self":[{"href":"https:\/\/www2.uepg.br\/profei\/wp-json\/wp\/v2\/pages\/152"}],"collection":[{"href":"https:\/\/www2.uepg.br\/profei\/wp-json\/wp\/v2\/pages"}],"about":[{"href":"https:\/\/www2.uepg.br\/profei\/wp-json\/wp\/v2\/types\/page"}],"author":[{"embeddable":true,"href":"https:\/\/www2.uepg.br\/profei\/wp-json\/wp\/v2\/users\/24"}],"replies":[{"embeddable":true,"href":"https:\/\/www2.uepg.br\/profei\/wp-json\/wp\/v2\/comments?post=152"}],"version-history":[{"count":7,"href":"https:\/\/www2.uepg.br\/profei\/wp-json\/wp\/v2\/pages\/152\/revisions"}],"predecessor-version":[{"id":1505,"href":"https:\/\/www2.uepg.br\/profei\/wp-json\/wp\/v2\/pages\/152\/revisions\/1505"}],"wp:attachment":[{"href":"https:\/\/www2.uepg.br\/profei\/wp-json\/wp\/v2\/media?parent=152"}],"curies":[{"name":"wp","href":"https:\/\/api.w.org\/{rel}","templated":true}]}}