{"id":157,"date":"2020-07-07T17:46:56","date_gmt":"2020-07-07T20:46:56","guid":{"rendered":"http:\/\/www2.uepg.br\/profei\/?page_id=157"},"modified":"2024-01-31T21:04:10","modified_gmt":"2024-02-01T00:04:10","slug":"resultados","status":"publish","type":"page","link":"https:\/\/www2.uepg.br\/profei\/resultados\/","title":{"rendered":"GRUPOS DE PESQUISA"},"content":{"rendered":"<table style=\"height: 5936px\" width=\"868\">\n<tbody>\n<tr>\n<td width=\"113\"><strong>Nome do Grupo<\/strong><\/td>\n<td width=\"85\"><strong>L\u00edderes<\/strong><\/td>\n<td width=\"300\"><strong>Descri\u00e7\u00e3o<\/strong><\/td>\n<td width=\"170\"><strong>Pesquisadores <\/strong><\/td>\n<td style=\"text-align: center\" width=\"300\"><strong>Link<\/strong><\/td>\n<\/tr>\n<tr>\n<td width=\"113\">Cultura de Paz, Educa\u00e7\u00e3o para a Paz e Processos Sociais<\/td>\n<td width=\"85\">Nei Alberto Salles Filho<\/td>\n<td width=\"300\">\n<p style=\"text-align: left\">O grupo desenvolve pesquisa em:<\/p>\n<p>1. Estudos da Paz: na perspectiva te\u00f3rica, aproximando da Teoria da Complexidade, das Epistemologias do Sul e dos Estudos Decoloniais, visando ampliar este campo no Brasil.<\/p>\n<p>2. Cultura de Paz e Educa\u00e7\u00e3o para a Paz (como processo pedag\u00f3gico) com o objetivo de dialogar com com a sociedade\/educa\u00e7\u00e3o da atualidade na perspectiva da educa\u00e7\u00e3o Inclusiva. A repercuss\u00e3o se d\u00e1 no campo da discuss\u00e3o dos processos metodol\u00f3gicos de ensino-aprendizagem no \u00e2mbito das cinco pedagogias da paz (SALLES FILHO, 2016): Pedagogia dos Valores Humanos, Pedagogia dos Direitos Humanos, Pedagogia da Conflitologia, Pedagogia da Ecoforma\u00e7\u00e3o e Pedagogia das Viv\u00eancias e Conviv\u00eancias.<\/td>\n<td width=\"170\"><strong>Professores <\/strong><\/p>\n<p>Carolina Paioli Tavares<\/p>\n<p>Nei Alberto Salles Filho<\/p>\n<p>Rita de C\u00e1ssia da Silva Oliveira<\/p>\n<p>&nbsp;<\/p>\n<p><strong>Mestrandos Profei<\/strong><\/p>\n<p>Jo\u00e3o Paulo Kaiut<\/p>\n<p>Solange de Farias de Moura<\/p>\n<p>Thiele Araujo Pereira<\/p>\n<p>&nbsp;<\/td>\n<td width=\"300\">\n<p style=\"text-align: center\"><a href=\"https:\/\/dgp.cnpq.br\/dgp\/espelhogrupo\/722913\">https:\/\/dgp.cnpq.br\/dgp\/espelhogrupo\/722913<\/a><\/p>\n<p>&nbsp;<\/td>\n<\/tr>\n<tr>\n<td width=\"113\">Grupo de Estudo e Pesquisa em Processos de Aprendizagem GEP-ProA<\/td>\n<td width=\"85\">Nelba Maria Teixeira Pisacco<\/p>\n<p>Elenice Parise Foltran<\/td>\n<td width=\"300\">O GEP-PROA visa contribuir para pesquisa, forma\u00e7\u00e3o e discuss\u00e3o junto \u00e0 comunidade de tem\u00e1ticas relativas aos processos de aprendizagem, \u00e0 inclus\u00e3o educacional e social, \u00e0s dificuldades de aprendizagem, \u00e0 avalia\u00e7\u00e3o e interven\u00e7\u00e3o psicopedag\u00f3gica, \u00e0s pr\u00e1ticas restaurativas e \u00e0 media\u00e7\u00e3o de aprendizagem, por meio de estudos subsidiados pela psicologia, psicopedagogia e neuroci\u00eancias. O grupo est\u00e1 vinculado ao Programa de Extens\u00e3o e Pesquisa em Processos de Aprendizagem (PEP-PROA) da Universidade Estadual de Ponta Grossa e ao Mestrado em Educa\u00e7\u00e3o inclusiva \u2013 PROFEI UEPG. Tem como linhas: a) Forma\u00e7\u00e3o Docente, Inclus\u00e3o, Processos de Aprendizagem, Ludicidade e Tecnologia; b) Processos de aprendizagem, dificuldades de aprendizagem, avalia\u00e7\u00e3o e interven\u00e7\u00e3o psicopedag\u00f3gica, media\u00e7\u00e3o da aprendizagem, direito \u00e0 aprendizagem.<\/td>\n<td width=\"170\"><strong>Professores <\/strong><\/p>\n<p>Elenice Parise Foltran<\/p>\n<p>Karen Ribeiro<\/p>\n<p>Lucia Mara de Lima Padilha<\/p>\n<p>Marlon Jose Gavlik Mendes<\/p>\n<p>Nelba Maria Teixeira Pisacco<\/p>\n<p>Dierone C\u00e9sar Foltran J\u00fanior<\/p>\n<p>Vera Lucia Martiniak<\/p>\n<p>&nbsp;<\/p>\n<p><strong>Mestrandos Profei<\/strong><\/p>\n<p>Ana Cleude Costa Santana<\/p>\n<p>Claudinea Pereira Dias Queiroz<\/p>\n<p>Cristiane Terezinha Riffert<\/p>\n<p>Diane Marli Lemes Pereira<\/p>\n<p>Ismenia Lopes Oliveira<\/p>\n<p>Lizarda Luciano do Carmo<\/p>\n<p>Maria do Carmo Silva Martins<\/p>\n<p>Regis Luciane Lovatto<\/p>\n<p>Tatiana Foga\u00e7a<\/p>\n<p><strong>Egressos PROFEI<\/strong><\/p>\n<p>Adriane Gusm\u00e3o dos Anjos<\/p>\n<p>Daiane Olchanheski<\/p>\n<p>Daniela Nascimento Ferreira<\/p>\n<p>Francine de Matias<\/p>\n<p>Sonia de F\u00e1tima Cristina Scheitel dos Passos<\/td>\n<td width=\"300\"><a href=\"https:\/\/dgp.cnpq.br\/dgp\/espelhogrupo\/462442\">https:\/\/dgp.cnpq.br\/dgp\/espelhogrupo\/462442<\/a><\/p>\n<p>&nbsp;<\/td>\n<\/tr>\n<tr>\n<td width=\"113\">N\u00facleo de Estudos e Pesquisas sobre Pol\u00edticas, envelhecimento, direitos humanos e inclus\u00e3o (NEPEDHI)<\/td>\n<td width=\"85\">Everson Manjinski<\/p>\n<p>Rita de C\u00e1ssia da Silva Oliveira<\/td>\n<td width=\"300\">O NEPEDI \u00e9 decorr\u00eancia dos esfor\u00e7os oriundos de pesquisas da gradua\u00e7\u00e3o e p\u00f3s-gradua\u00e7\u00e3o desenvolvida pelos docentes, discentes e colaboradores principalmente vinculados a Universidade Estadual de Ponta Grossa (UEPG), contando ainda com pesquisadores e colaboradores de outras Institui\u00e7\u00f5es de Ensino Superior P\u00fablico e Privadas. Tem como linhas de pesquisa: Direitos Humanos, Fundamentais e Especiais nas perspectivas individual e coletiva; Educa\u00e7\u00e3o Inclusiva e Pol\u00edticas educacionais.<\/td>\n<td width=\"170\"><strong>Professores<\/strong><\/p>\n<p>Everson Manjinski<\/p>\n<p>Adriana Rodrigues Suarez<\/p>\n<p>Ariangelo Hauer Dias<\/p>\n<p>Jos\u00e9 Fabiano Costa Justus<\/p>\n<p>Rita de C\u00e1ssia da Silva Oliveira<\/p>\n<p>Vera L\u00facia Martiniak<\/p>\n<p>&nbsp;<\/p>\n<p><strong>Mestrandos Profei<\/strong><\/p>\n<p>Adenilson Jos\u00e9 Mil\u00e9o<\/p>\n<p>Alexsandra Raimundo de Oliveira Ruppel<\/p>\n<p>B\u00e1rbara Couto Gomes<\/p>\n<p>Claudete de Oliveira<\/p>\n<p>D\u00e9bora Azevedo de Matos Silva<\/p>\n<p>Fabricia Maria dos Santos<\/p>\n<p>Keila Gentil Neves<\/p>\n<p>Lucelia Mateus Lima<\/p>\n<p>Luciane de Paula Antoneche<\/p>\n<p>Rafaella Hanauer Benedetti<\/p>\n<p>Sandra Cecilia Jurach Faria<\/td>\n<td width=\"300\"><a href=\"https:\/\/dgp.cnpq.br\/dgp\/espelhogrupo\/4009198972027268\">https:\/\/dgp.cnpq.br\/dgp\/espelhogrupo\/4009198972027268<\/a><\/p>\n<p>&nbsp;<\/td>\n<\/tr>\n<tr>\n<td width=\"113\">Grupo de Pesquisa: Rob\u00f3tica utilizando plataforma Aberta<\/td>\n<td width=\"85\">Ariangelo Hauer Dias<\/p>\n<p>Dierone C\u00e9sar Foltran J\u00fanior<\/td>\n<td width=\"300\">O grupo desenvolve pesquisas nas seguintes linhas:<\/p>\n<p>\u00b7\u00a0\u00a0\u00a0\u00a0\u00a0\u00a0\u00a0 Rob\u00f3tica livre &#8211; aplica\u00e7\u00e3o de sistemas de plataforma livre para desenvolvimento de sistemas rob\u00f3ticos<\/p>\n<p>\u00b7\u00a0\u00a0\u00a0\u00a0\u00a0\u00a0\u00a0 STEAMH &#8211; Rob\u00f3tica Educacional<\/p>\n<p>\u00b7\u00a0\u00a0\u00a0\u00a0\u00a0\u00a0\u00a0 Tecnologia Assistiva<\/p>\n<p>Nos \u00faltimos anos foram gerados 14 trabalhos de Inicia\u00e7\u00e3o Cient\u00edfica e Tecnol\u00f3gica, sendo um deles premiado com men\u00e7\u00e3o honrosa em evento do EAIC<\/td>\n<td width=\"170\"><strong>Professores<\/strong><\/p>\n<p>Ariangelo Hauer Dias<\/p>\n<p>Alceu de Souza Britto Jr.<\/p>\n<p>Dierone C\u00e9sar Foltran Junior<\/p>\n<p>Albino Szesz Junior<\/p>\n<p>Guilherme Moreira Caetano Pinto<\/p>\n<p>Jos\u00e9 Fabiano Costa Justus<\/p>\n<p>&nbsp;<\/p>\n<p><strong>Mestrandos Profei<\/strong><\/p>\n<p>Ediv\u00e2nia Floro Nic\u00e1cio Almeida<\/p>\n<p>Gracieli Ribeiro Antunes da Silva<\/p>\n<p>Karina de F\u00e1tima Gomes Grosskopf<\/p>\n<p>Margit Regina Herrmann Ruela<\/td>\n<td width=\"300\"><a href=\"https:\/\/dgp.cnpq.br\/dgp\/espelhogrupo\/570044\">https:\/\/dgp.cnpq.br\/dgp\/espelhogrupo\/570044<\/a><\/p>\n<p>&nbsp;<\/td>\n<\/tr>\n<tr>\n<td width=\"113\">Pol\u00edtica Social e Educa\u00e7\u00e3o Inclusiva<\/td>\n<td width=\"85\">Edina Schimanski<\/td>\n<td width=\"300\">As pesquisas realizadas impactar\u00e3o diretamente no processo de inclus\u00e3o social e sua rela\u00e7\u00e3o com pol\u00edticas p\u00fablicas de educa\u00e7\u00e3o. Possui como linha: Pol\u00edtica Social e Educa\u00e7\u00e3o Inclusiva<\/td>\n<td width=\"170\"><strong>Professores <\/strong><\/p>\n<p>Edina Schimanski<\/p>\n<p>&nbsp;<\/p>\n<p><strong>Mestrandos Profei <\/strong><\/p>\n<p>Ana Paula Almeida de Matos<\/p>\n<p>Eliane Grisa<\/p>\n<p>&nbsp;<\/p>\n<p><strong>Egressos Profei <\/strong><\/p>\n<p>Edin\u00e9ia Aparecida Calistro<\/p>\n<p>Karine Michele Fagundes<\/td>\n<td width=\"300\"><a href=\"https:\/\/dgp.cnpq.br\/dgp\/espelhogrupo\/787009\">https:\/\/dgp.cnpq.br\/dgp\/espelhogrupo\/787009<\/a><\/p>\n<p>&nbsp;<\/td>\n<\/tr>\n<tr>\n<td width=\"113\">Movimentos sociais, educa\u00e7\u00e3o do campo e pr\u00e1ticas pedag\u00f3gicas<\/td>\n<td width=\"85\">Maria Ant\u00f4nia de Souza<\/td>\n<td width=\"300\">Linhas de pesquisa do Grupo:<\/p>\n<p>\u00b7\u00a0\u00a0\u00a0\u00a0\u00a0\u00a0\u00a0 Educa\u00e7\u00e3o do Campo<\/p>\n<p>\u00b7\u00a0\u00a0\u00a0\u00a0\u00a0\u00a0\u00a0 Educa\u00e7\u00e3o e Escolas do Campo<\/p>\n<p>\u00b7\u00a0\u00a0\u00a0\u00a0\u00a0\u00a0\u00a0 Educa\u00e7\u00e3o, Direito e Movimentos Sociais<\/p>\n<p>\u00b7\u00a0\u00a0\u00a0\u00a0\u00a0\u00a0\u00a0 Pr\u00e1ticas Pedag\u00f3gicas<\/td>\n<td width=\"170\"><strong>Professores <\/strong><\/p>\n<p>Maria Ant\u00f4nia de Souza<\/p>\n<p>Sandra Aparecida Machado<\/p>\n<p>&nbsp;<\/p>\n<p><strong>Mestrandos Profei<\/strong><\/p>\n<p>Regiane Freitas Pereira de Meira<\/p>\n<p>&nbsp;<\/p>\n<p><strong>Egressos Profei<\/strong><\/p>\n<p>Cristiane Pawlak Manrique<\/p>\n<p>&nbsp;<\/td>\n<td width=\"300\"><\/td>\n<\/tr>\n<\/tbody>\n<\/table>\n","protected":false},"excerpt":{"rendered":"<p>Nome do Grupo L\u00edderes Descri\u00e7\u00e3o Pesquisadores Link Cultura de Paz, Educa\u00e7\u00e3o para a Paz e Processos Sociais Nei Alberto Salles Filho O grupo desenvolve pesquisa em: 1. Estudos da Paz: na perspectiva te\u00f3rica, aproximando da Teoria da Complexidade, das Epistemologias do Sul e dos Estudos Decoloniais, visando ampliar este campo no Brasil. 2. Cultura de&nbsp;&hellip;<\/p>\n","protected":false},"author":24,"featured_media":0,"parent":0,"menu_order":0,"comment_status":"closed","ping_status":"closed","template":"","meta":[],"_links":{"self":[{"href":"https:\/\/www2.uepg.br\/profei\/wp-json\/wp\/v2\/pages\/157"}],"collection":[{"href":"https:\/\/www2.uepg.br\/profei\/wp-json\/wp\/v2\/pages"}],"about":[{"href":"https:\/\/www2.uepg.br\/profei\/wp-json\/wp\/v2\/types\/page"}],"author":[{"embeddable":true,"href":"https:\/\/www2.uepg.br\/profei\/wp-json\/wp\/v2\/users\/24"}],"replies":[{"embeddable":true,"href":"https:\/\/www2.uepg.br\/profei\/wp-json\/wp\/v2\/comments?post=157"}],"version-history":[{"count":60,"href":"https:\/\/www2.uepg.br\/profei\/wp-json\/wp\/v2\/pages\/157\/revisions"}],"predecessor-version":[{"id":970,"href":"https:\/\/www2.uepg.br\/profei\/wp-json\/wp\/v2\/pages\/157\/revisions\/970"}],"wp:attachment":[{"href":"https:\/\/www2.uepg.br\/profei\/wp-json\/wp\/v2\/media?parent=157"}],"curies":[{"name":"wp","href":"https:\/\/api.w.org\/{rel}","templated":true}]}}