{"id":167,"date":"2020-07-07T17:49:41","date_gmt":"2020-07-07T20:49:41","guid":{"rendered":"http:\/\/www2.uepg.br\/profei\/?page_id=167"},"modified":"2026-05-01T21:25:37","modified_gmt":"2026-05-02T00:25:37","slug":"arquivos-e-documentos","status":"publish","type":"page","link":"https:\/\/www2.uepg.br\/profei\/arquivos-e-documentos\/","title":{"rendered":"Arquivos e Documentos"},"content":{"rendered":"<p style=\"text-align: center\"><span style=\"color: #333399\"><strong>DOCUMENTOS<\/strong><\/span><\/p>\n<p style=\"text-align: center\"><a href=\"https:\/\/www2.uepg.br\/profei\/solicitacao-de-banca\/\" target=\"_blank\" rel=\"noopener\">Banca de Qualifica\u00e7\u00e3o ou Defesa de Disserta\u00e7\u00e3o<\/a><\/p>\n<p style=\"text-align: center\"><a href=\"https:\/\/www2.uepg.br\/profei\/solicitacao-de-banca\/\" target=\"_blank\" rel=\"noopener\">Clique Aqui, preencha o texto e siga as recomenda\u00e7\u00f5es da p\u00e1ginas.<\/a><\/p>\n<hr \/>\n<p style=\"text-align: center\"><span style=\"color: #333399\"><strong>DECLARA\u00c7\u00d5ES E CERTID\u00d5ES DE BANCAS E EVENTOS<\/strong><\/span><\/p>\n<p style=\"text-align: left\">Para solicitar Declara\u00e7\u00f5es ou Certid\u00f5es de eventos promovidos pelo PROFEI\/UEPG, encaminhe um pedido SEI:<\/p>\n<ol>\n<li>Clique no link <a href=\"https:\/\/sisei.apps.uepg.br\/protocolo-digital\/geral\">https:\/\/sisei.apps.uepg.br\/protocolo-digital\/geral<\/a><\/li>\n<li>Digite seu nome corretamente, conforme quer que conste na Declara\u00e7\u00e3o<\/li>\n<li>Digite seu endere\u00e7o para onde ser\u00e1 enviado a Declara\u00e7\u00e3o ou Certid\u00e3o do Evento.<\/li>\n<li>Digite seu telefone, e-Mail e Ra se acad\u00eamico for.<\/li>\n<li>Em t\u00edtulo do assunto digite: <strong>Requer Declara\u00e7\u00e3o de Participa\u00e7\u00e3o<\/strong><\/li>\n<li>Em solicita\u00e7\u00e3o escreva:<\/li>\n<\/ol>\n<p style=\"padding-left: 40px\">\u00e0 Coordena\u00e7\u00e3o do PROFEI\/UEPG<\/p>\n<p style=\"padding-left: 40px\">Solicito a emiss\u00e3o de Declara\u00e7\u00e3o de Participa\u00e7\u00e3o na Palestra efetuada em dd de m\u00eas de ano, proferida por #nomedopalestrante# no evento #nomedoevento#, com tema #t\u00edtulodotema#.<\/p>\n<p style=\"padding-left: 40px\">Declaro para os devidos fins que participei do evento como ouvinte atrav\u00e9s do acesso remoto https:\/\/meet.google.com\/###-####-###<\/p>\n<p style=\"padding-left: 40px\">#meunome#<\/p>\n<hr \/>\n<p style=\"text-align: center\"><span style=\"color: #333399\"><strong>REQUISITOS PARA CONCLUS\u00c3O DO MESTRADO EM EDUCA\u00c7\u00c3O INCLUSIVA<\/strong><\/span><\/p>\n<p>Para que o acad\u00eamico conclua o mestrado pelo Programa de P\u00f3s-Gradua\u00e7\u00e3o\u00a0<i>Stricto Sensu<\/i>\u00a0Profissional em Educa\u00e7\u00e3o Inclusiva (PROFEI\/UEPG), dever\u00e1 ser aprovado com\u00a0<a class=\"profei-link\" href=\"http:\/\/www2.uepg.br\/profei\/wp-content\/uploads\/sites\/54\/2026\/05\/Instrucao-Normativa-03-2025-NOTAS-E-FREQUENCIAS.pdf\">nota acima de 7.0 e frequ\u00eancia de no m\u00ednimo 75%<\/a>\u00a0nas 3 disciplinas obrigat\u00f3rias (Metodologia da Pesquisa, Fundamentos da Educa\u00e7\u00e3o Especial e Inclusiva e Tecnologias Digitais de Informa\u00e7\u00e3o e Comunica\u00e7\u00e3o) e em 3 disciplinas eletivas de sua escolha dentre as ofertadas pelo Programa.<\/p>\n<div class=\"profei-container\">\n<div class=\"profei-content\">\n<p>Ainda, ter\u00e1 que comprovar\u00a0<a class=\"profei-link\" href=\"http:\/\/www2.uepg.br\/profei\/wp-content\/uploads\/sites\/54\/2026\/05\/Instrucao-Normativa-04-2024-PROFICIENCIA-EM-LINGUA-ESTRANGEIRA.pdf\">Profici\u00eancia em L\u00edngua Estrangeira<\/a>\u00a0e cumprir 16 cr\u00e9ditos em\u00a0<a class=\"profei-link\" href=\"http:\/\/www2.uepg.br\/profei\/wp-content\/uploads\/sites\/54\/2026\/05\/Instrucao-Normativa-03-2024-ATIVIDADES-COMPLEMENTARES.pdf\">atividades complementares<\/a>, al\u00e9m de ter sido aprovado na Banca de\u00a0<a class=\"profei-link\" href=\"http:\/\/www2.uepg.br\/profei\/wp-content\/uploads\/sites\/54\/2026\/05\/Instrucao-Normativa-01-2024-QUALIFICACAO-DE-MESTRADO.pdf\">Qualifica\u00e7\u00e3o<\/a>\u00a0e na Banca de\u00a0<a class=\"profei-link\" href=\"http:\/\/www2.uepg.br\/profei\/wp-content\/uploads\/sites\/54\/2026\/05\/Instrucao-Normativa-02-2024-DISSERTACAO-DE-MESTRADO.pdf\">Defesa<\/a>\u00a0de Disserta\u00e7\u00e3o com a apresenta\u00e7\u00e3o de um Recurso Educacional relevante para a Educa\u00e7\u00e3o Inclusiva.<\/p>\n<p><a href=\"http:\/\/www2.uepg.br\/profei\/wp-content\/uploads\/sites\/54\/2026\/05\/Formulario-de-Atividades-Complementares.docx\">Preencha o formul\u00e1rio de Atividades complementares clicando aqui<\/a><\/p>\n<p>A qualifica\u00e7\u00e3o dever\u00e1 ser realizada at\u00e9 o 18\u00ba m\u00eas e a disserta\u00e7\u00e3o defendida at\u00e9 o 24\u00ba m\u00eas. Eventual prorroga\u00e7\u00e3o deste prazo s\u00f3 ser\u00e1 permitida em casos de gravidez, doen\u00e7a grave ou impossibilidade de conclus\u00e3o da pesquisa, o que dever\u00e1 ser comprovado e aprovado pelas inst\u00e2ncias competentes, nunca ultrapassando 30 meses.<\/p>\n<\/div>\n<div class=\"profei-alert\">\n<p><span style=\"color: #999999\"><strong>Aten\u00e7\u00e3o:<\/strong>\u00a0Acad\u00eamicos com necessidades especiais devem solicitar \u00e0 Pr\u00f3-reitoria de Assuntos Estudantis (PRAE) o Plano Educacional Individualizado (PEI) atrav\u00e9s do\u00a0<a class=\"profei-link\" style=\"color: #999999\" href=\"https:\/\/sisei.apps.uepg.br\/protocolo-digital\/geral\">SEI<\/a>. T\u00e3o logo o obtenha, deve envi\u00e1-lo para a Coordena\u00e7\u00e3o do PROFEI\/UEPG via protocolo SEI.<\/span><\/p>\n<p><span style=\"color: #ff0000\">O\u00a0<strong>Sistema Eletr\u00f4nico de Informa\u00e7\u00f5es (SEI)<\/strong>\u00a0\u00e9 o\u00a0<u>\u00fanico<\/u>\u00a0meio aceito; comunica\u00e7\u00f5es por WhatsApp, Telegram, e-mail ou outras redes n\u00e3o ser\u00e3o consideradas v\u00e1lidas.<\/span><\/p>\n<\/div>\n<\/div>\n<p>&nbsp;<\/p>\n<p>&nbsp;<\/p>\n<p style=\"text-align: center\">\n","protected":false},"excerpt":{"rendered":"<p>DOCUMENTOS Banca de Qualifica\u00e7\u00e3o ou Defesa de Disserta\u00e7\u00e3o Clique Aqui, preencha o texto e siga as recomenda\u00e7\u00f5es da p\u00e1ginas. DECLARA\u00c7\u00d5ES E CERTID\u00d5ES DE BANCAS E EVENTOS Para solicitar Declara\u00e7\u00f5es ou Certid\u00f5es de eventos promovidos pelo PROFEI\/UEPG, encaminhe um pedido SEI: Clique no link https:\/\/sisei.apps.uepg.br\/protocolo-digital\/geral Digite seu nome corretamente, conforme quer que conste na Declara\u00e7\u00e3o Digite&nbsp;&hellip;<\/p>\n","protected":false},"author":24,"featured_media":0,"parent":0,"menu_order":0,"comment_status":"closed","ping_status":"closed","template":"","meta":[],"_links":{"self":[{"href":"https:\/\/www2.uepg.br\/profei\/wp-json\/wp\/v2\/pages\/167"}],"collection":[{"href":"https:\/\/www2.uepg.br\/profei\/wp-json\/wp\/v2\/pages"}],"about":[{"href":"https:\/\/www2.uepg.br\/profei\/wp-json\/wp\/v2\/types\/page"}],"author":[{"embeddable":true,"href":"https:\/\/www2.uepg.br\/profei\/wp-json\/wp\/v2\/users\/24"}],"replies":[{"embeddable":true,"href":"https:\/\/www2.uepg.br\/profei\/wp-json\/wp\/v2\/comments?post=167"}],"version-history":[{"count":29,"href":"https:\/\/www2.uepg.br\/profei\/wp-json\/wp\/v2\/pages\/167\/revisions"}],"predecessor-version":[{"id":1848,"href":"https:\/\/www2.uepg.br\/profei\/wp-json\/wp\/v2\/pages\/167\/revisions\/1848"}],"wp:attachment":[{"href":"https:\/\/www2.uepg.br\/profei\/wp-json\/wp\/v2\/media?parent=167"}],"curies":[{"name":"wp","href":"https:\/\/api.w.org\/{rel}","templated":true}]}}