{"id":1670,"date":"2026-03-08T17:00:15","date_gmt":"2026-03-08T20:00:15","guid":{"rendered":"https:\/\/www2.uepg.br\/profei\/?page_id=1670"},"modified":"2026-03-08T17:04:48","modified_gmt":"2026-03-08T20:04:48","slug":"defesa-de-dissertacao-13-mar-2026-as-9h-ariadne-twigg-lima-do-nascimento","status":"publish","type":"page","link":"https:\/\/www2.uepg.br\/profei\/defesa-de-dissertacao-13-mar-2026-as-9h-ariadne-twigg-lima-do-nascimento\/","title":{"rendered":"Defesa de Disserta\u00e7\u00e3o 13 mar. 2026 \u00e0s 9h Ariadne Twigg Lima do Nascimento"},"content":{"rendered":"<h2 style=\"text-align: center\">Defesa de Disserta\u00e7\u00e3o \u2013 PROFEI\/UEPG<\/h2>\n<p style=\"text-align: justify\">O Programa de P\u00f3s-Gradua\u00e7\u00e3o em Educa\u00e7\u00e3o Inclusiva (PROFEI\/UEPG) convida a comunidade acad\u00eamica e demais interessados para a defesa de disserta\u00e7\u00e3o da mestranda <strong>Ari\u00e1dne Twigg Lima do Nascimento<\/strong>, do <strong>Mestrado Profissional em Educa\u00e7\u00e3o Inclusiva<\/strong>.<\/p>\n<p style=\"text-align: justify\"><strong>T\u00edtulo da disserta\u00e7\u00e3o:<\/strong><br \/>\n<em>A FORMA\u00c7\u00c3O DE DOCENTE E A CIBERINF\u00c2NCIA: a gamifica\u00e7\u00e3o em plataformas digitais como metodologia para inclus\u00e3o escolar<\/em><\/p>\n<p style=\"text-align: justify\"><strong>Data e hor\u00e1rio:<\/strong> 13 de mar\u00e7o de 2026, \u00e0s 9h<br \/>\n<strong>Programa:<\/strong> Mestrado Profissional em Educa\u00e7\u00e3o Inclusiva (PROFEI\/UEPG)<\/p>\n<p style=\"text-align: justify\"><strong>Mestranda:<\/strong> Ari\u00e1dne Twigg Lima do Nascimento<br \/>\n<strong>Orientador:<\/strong> Prof. Dr. Jos\u00e9 Fabiano Costa Justus (PROFEI\/UEPG)<\/p>\n<p style=\"text-align: justify\"><strong>Banca Examinadora:<\/strong><\/p>\n<ul style=\"text-align: justify;margin-left: 40px\">\n<li>Prof. Dr. Guilherme Moreira C. Pinto \u2013 PROFEI\/UEPG<\/li>\n<li>Prof. Dr. Mauro Ricetti Paes \u2013 UNICESUMAR<\/li>\n<\/ul>\n<p style=\"text-align: justify\">A pesquisa analisa as rela\u00e7\u00f5es entre <strong>forma\u00e7\u00e3o docente, ciberinf\u00e2ncia e gamifica\u00e7\u00e3o em plataformas digitais<\/strong>, investigando como o uso de jogos e din\u00e2micas gamificadas pode se constituir em metodologia para a inclus\u00e3o escolar, favorecendo a participa\u00e7\u00e3o, o engajamento e a aprendizagem de diferentes estudantes em contextos educacionais inclusivos.<\/p>\n<p style=\"text-align: justify\">O PROFEI\/UEPG parabeniza a mestranda e seu orientador pelo trabalho desenvolvido e convida a comunidade a acompanhar e prestigiar este importante momento acad\u00eamico.<\/p>\n<h3 style=\"text-align: center\">Acesso \u00e0 sess\u00e3o de defesa<\/h3>\n<p style=\"text-align: justify\">Para que a defesa aconte\u00e7a em um ambiente acolhedor, respeitoso e seguro para todas(os), informamos que, em raz\u00e3o de invas\u00f5es realizadas por pessoas estranhas \u00e0s \u00faltimas sess\u00f5es, com atitudes de vandalismo e desrespeito, o PROFEI\/UEPG n\u00e3o divulgar\u00e1 mais o link de transmiss\u00e3o em canais p\u00fablicos (site, redes sociais ou listas gerais).<\/p>\n<p style=\"text-align: justify\">No entanto, todas as pessoas interessadas em acompanhar a defesa s\u00e3o muito bem-vindas! \ud83d\ude0a<br \/>\nPara receber o link de acesso, basta solicit\u00e1-lo diretamente \u00e0 mestranda <strong>Ari\u00e1dne Twigg Lima do Nascimento<\/strong>, pelo e-mail: <strong>ariadne.nascimento.uepg@gmail.com<\/strong>.<\/p>\n<p style=\"text-align: justify\">Contamos com a compreens\u00e3o e o apoio da comunidade para que esta importante etapa da trajet\u00f3ria acad\u00eamica da mestranda Ari\u00e1dne seja celebrada em um clima de respeito, di\u00e1logo e valoriza\u00e7\u00e3o da pesquisa em Educa\u00e7\u00e3o Inclusiva.<\/p>\n<p style=\"text-align: center;font-weight: bold\">Voc\u00ea \u00e9 nosso(a) convidado(a) para prestigiar essa defesa!<\/p>\n","protected":false},"excerpt":{"rendered":"<p>Defesa de Disserta\u00e7\u00e3o \u2013 PROFEI\/UEPG O Programa de P\u00f3s-Gradua\u00e7\u00e3o em Educa\u00e7\u00e3o Inclusiva (PROFEI\/UEPG) convida a comunidade acad\u00eamica e demais interessados para a defesa de disserta\u00e7\u00e3o da mestranda Ari\u00e1dne Twigg Lima do Nascimento, do Mestrado Profissional em Educa\u00e7\u00e3o Inclusiva. T\u00edtulo da disserta\u00e7\u00e3o: A FORMA\u00c7\u00c3O DE DOCENTE E A CIBERINF\u00c2NCIA: a gamifica\u00e7\u00e3o em plataformas digitais como metodologia&nbsp;&hellip;<\/p>\n","protected":false},"author":340,"featured_media":1671,"parent":0,"menu_order":0,"comment_status":"closed","ping_status":"closed","template":"","meta":[],"_links":{"self":[{"href":"https:\/\/www2.uepg.br\/profei\/wp-json\/wp\/v2\/pages\/1670"}],"collection":[{"href":"https:\/\/www2.uepg.br\/profei\/wp-json\/wp\/v2\/pages"}],"about":[{"href":"https:\/\/www2.uepg.br\/profei\/wp-json\/wp\/v2\/types\/page"}],"author":[{"embeddable":true,"href":"https:\/\/www2.uepg.br\/profei\/wp-json\/wp\/v2\/users\/340"}],"replies":[{"embeddable":true,"href":"https:\/\/www2.uepg.br\/profei\/wp-json\/wp\/v2\/comments?post=1670"}],"version-history":[{"count":1,"href":"https:\/\/www2.uepg.br\/profei\/wp-json\/wp\/v2\/pages\/1670\/revisions"}],"predecessor-version":[{"id":1672,"href":"https:\/\/www2.uepg.br\/profei\/wp-json\/wp\/v2\/pages\/1670\/revisions\/1672"}],"wp:featuredmedia":[{"embeddable":true,"href":"https:\/\/www2.uepg.br\/profei\/wp-json\/wp\/v2\/media\/1671"}],"wp:attachment":[{"href":"https:\/\/www2.uepg.br\/profei\/wp-json\/wp\/v2\/media?parent=1670"}],"curies":[{"name":"wp","href":"https:\/\/api.w.org\/{rel}","templated":true}]}}