{"id":171,"date":"2020-07-07T17:50:54","date_gmt":"2020-07-07T20:50:54","guid":{"rendered":"http:\/\/www2.uepg.br\/profei\/?page_id=171"},"modified":"2026-04-06T09:39:27","modified_gmt":"2026-04-06T12:39:27","slug":"concessao-de-bolsas","status":"publish","type":"page","link":"https:\/\/www2.uepg.br\/profei\/concessao-de-bolsas\/","title":{"rendered":"Concess\u00e3o de Bolsas"},"content":{"rendered":"<p style=\"text-align: center\"><strong>2026<\/strong><\/p>\n<p style=\"text-align: center\"><a href=\"http:\/\/www2.uepg.br\/profei\/wp-content\/uploads\/sites\/54\/2026\/04\/2026-Bolsistas-Edital.pdf\">Edital Processo Seletivo Bolsistas 2026<\/a><\/p>\n<p style=\"text-align: center\"><a href=\"http:\/\/www2.uepg.br\/profei\/wp-content\/uploads\/sites\/54\/2026\/04\/2026-Bolsistas-Classificacao.pdf\">Resultado Bolsistas 2026<\/a><\/p>\n<p style=\"text-align: center\"><a href=\"http:\/\/www2.uepg.br\/profei\/wp-content\/uploads\/sites\/54\/2026\/04\/2026-Bolsistas-Edital-Resultado-Final.pdf\">Resultado Final Bolsistas Capes &#8211; UEPG &#8211; 2026<\/a><img loading=\"lazy\" class=\"alignnone\" src=\"https:\/\/as2.ftcdn.net\/v2\/jpg\/00\/41\/92\/31\/1000_F_41923141_O9edK8Mxruuw62LvkqtDImQ7wDpCk9qz.jpg\" alt=\"Palavra &quot;novo&quot; - carimbo vermelho desgastado Stock Illustration | Adobe Stock\" width=\"55\" height=\"41\" \/><\/p>\n<hr \/>\n<p style=\"text-align: center\"><strong>2025<\/strong><\/p>\n<p style=\"text-align: center\"><a href=\"http:\/\/www2.uepg.br\/profei\/wp-content\/uploads\/sites\/54\/2025\/04\/Edital-Processo-Seletivo-Bolsistas-2025.pdf\">Edital Processo Seletivo Bolsistas 2025<\/a><\/p>\n<hr \/>\n<p style=\"text-align: center\"><strong>2024<\/strong><\/p>\n<p style=\"text-align: center\"><a href=\"http:\/\/www2.uepg.br\/profei\/wp-content\/uploads\/sites\/54\/2024\/03\/Edital-de-concessao-de-Bolsas-2024.pdf\">Edital de Sele\u00e7\u00e3o para concess\u00e3o de Bolsas 2024<\/a><\/p>\n<p style=\"text-align: center\"><a href=\"http:\/\/www2.uepg.br\/profei\/wp-content\/uploads\/sites\/54\/2024\/03\/Edital_resultados-bolsas_2024.pdf\">Resultados da Sele\u00e7\u00e3o de Bolsas_2024<\/a><\/p>\n<p style=\"text-align: center\"><span style=\"color: #3366ff\"><strong>Edital de sele\u00e7\u00e3o para concess\u00e3o de\u00a0 <a href=\"http:\/\/www2.uepg.br\/profei\/wp-content\/uploads\/sites\/54\/2024\/10\/Bolsas_FA_Profei_2024.pdf\">Bolsas Funda\u00e7\u00e3o Arauc\u00e1ria -_Profei_2024\u00a0<\/a><\/strong><\/span><\/p>\n<p style=\"text-align: center\"><strong><a href=\"http:\/\/www2.uepg.br\/profei\/wp-content\/uploads\/sites\/54\/2024\/10\/Edital_resultados-bolsas_FA_2024.pdf\">Edital_Resultados BolsasFunda\u00e7\u00e3o Arauc\u00e1ria _PROFEI_2024<\/a><\/strong><\/p>\n<hr \/>\n<p style=\"text-align: center\"><strong>2023<\/strong><\/p>\n<p style=\"text-align: center\"><a href=\"http:\/\/www2.uepg.br\/profei\/wp-content\/uploads\/sites\/54\/2023\/05\/Edital_bolsistas_2023.pdf\" target=\"_blank\" rel=\"noopener\">Edital de Sele\u00e7\u00e3o de Bolsistas<\/a><\/p>\n<p style=\"text-align: center\"><a href=\"http:\/\/www2.uepg.br\/profei\/wp-content\/uploads\/sites\/54\/2023\/05\/Edital_resultados-bolsas_2023.pdf\" target=\"_blank\" rel=\"noopener\">Resultado Da Sele\u00e7\u00e3o Bolsistas PROFEI\/UEPG<\/a><\/p>\n<hr \/>\n<p style=\"text-align: center\"><strong>2022<\/strong><\/p>\n<p style=\"text-align: center\"><a href=\"http:\/\/www2.uepg.br\/profei\/wp-content\/uploads\/sites\/54\/2022\/11\/EDITAL-6-Resultado-Bolsistas.pdf\" target=\"_blank\" rel=\"noopener\">EDITAL n\u00ba 6\/2022 Resultado do Processo de Sele\u00e7\u00e3o de Bolsistas<\/a><\/p>\n<p style=\"text-align: center\"><a href=\"http:\/\/www2.uepg.br\/profei\/wp-content\/uploads\/sites\/54\/2022\/11\/EDITAL-6-Resultado-Bolsistas-retificacao.pdf\" target=\"_blank\" rel=\"noopener\">Edital de Retifica\u00e7\u00e3o do Resultado do Processo de Sele\u00e7\u00e3o de Bolsistas<\/a><\/p>\n<p>&nbsp;<\/p>\n<hr \/>\n<p style=\"text-align: center\"><strong>2020<\/strong><\/p>\n<p style=\"text-align: center\"><a href=\"http:\/\/www2.uepg.br\/profei\/wp-content\/uploads\/sites\/54\/2020\/11\/EDITAL-9-Selecao-Bolsistas.pdf\" target=\"_blank\" rel=\"noopener noreferrer\">EDITAL n\u00ba 9\/2020 &#8211; Sele\u00e7\u00e3o de Bolsistas Mestrado<\/a><\/p>\n<p style=\"text-align: center\"><a href=\"http:\/\/www2.uepg.br\/profei\/wp-content\/uploads\/sites\/54\/2020\/12\/EDITAL-10-Resultado-Bolsistas.pdf\" target=\"_blank\" rel=\"noopener\">EDITAL n\u00ba 10\/2020 &#8211; Resultado do Processo Seletivo para Bolsistas <\/a><\/p>\n","protected":false},"excerpt":{"rendered":"<p>2026 Edital Processo Seletivo Bolsistas 2026 Resultado Bolsistas 2026 Resultado Final Bolsistas Capes &#8211; UEPG &#8211; 2026 2025 Edital Processo Seletivo Bolsistas 2025 2024 Edital de Sele\u00e7\u00e3o para concess\u00e3o de Bolsas 2024 Resultados da Sele\u00e7\u00e3o de Bolsas_2024 Edital de sele\u00e7\u00e3o para concess\u00e3o de\u00a0 Bolsas Funda\u00e7\u00e3o Arauc\u00e1ria -_Profei_2024\u00a0 Edital_Resultados BolsasFunda\u00e7\u00e3o Arauc\u00e1ria _PROFEI_2024 2023 Edital de Sele\u00e7\u00e3o&nbsp;&hellip;<\/p>\n","protected":false},"author":24,"featured_media":0,"parent":0,"menu_order":0,"comment_status":"closed","ping_status":"closed","template":"","meta":[],"_links":{"self":[{"href":"https:\/\/www2.uepg.br\/profei\/wp-json\/wp\/v2\/pages\/171"}],"collection":[{"href":"https:\/\/www2.uepg.br\/profei\/wp-json\/wp\/v2\/pages"}],"about":[{"href":"https:\/\/www2.uepg.br\/profei\/wp-json\/wp\/v2\/types\/page"}],"author":[{"embeddable":true,"href":"https:\/\/www2.uepg.br\/profei\/wp-json\/wp\/v2\/users\/24"}],"replies":[{"embeddable":true,"href":"https:\/\/www2.uepg.br\/profei\/wp-json\/wp\/v2\/comments?post=171"}],"version-history":[{"count":23,"href":"https:\/\/www2.uepg.br\/profei\/wp-json\/wp\/v2\/pages\/171\/revisions"}],"predecessor-version":[{"id":1810,"href":"https:\/\/www2.uepg.br\/profei\/wp-json\/wp\/v2\/pages\/171\/revisions\/1810"}],"wp:attachment":[{"href":"https:\/\/www2.uepg.br\/profei\/wp-json\/wp\/v2\/media?parent=171"}],"curies":[{"name":"wp","href":"https:\/\/api.w.org\/{rel}","templated":true}]}}