{"id":841,"date":"2023-10-16T12:45:17","date_gmt":"2023-10-16T15:45:17","guid":{"rendered":"https:\/\/www2.uepg.br\/profei\/?page_id=841"},"modified":"2024-04-17T16:21:17","modified_gmt":"2024-04-17T19:21:17","slug":"qualificacao","status":"publish","type":"page","link":"https:\/\/www2.uepg.br\/profei\/qualificacao\/","title":{"rendered":"Qualifica\u00e7\u00e3o"},"content":{"rendered":"<table width=\"100%\">\n<tbody>\n<tr>\n<td colspan=\"6\" width=\"1026\">\n<h1 style=\"text-align: center\"><strong>Bancas de Qualifica\u00e7\u00e3o<\/strong><\/h1>\n<\/td>\n<\/tr>\n<tr>\n<td width=\"87\"><strong>Data<\/strong><\/td>\n<td width=\"66\">Hor\u00e1rio<\/td>\n<td width=\"243\">T\u00edtulo<\/td>\n<td width=\"180\">Candidato<\/td>\n<td width=\"151\">Orientador<\/td>\n<td width=\"298\">Banca<\/td>\n<\/tr>\n<tr>\n<td width=\"87\"><strong>19\/03\/2024<\/strong><\/td>\n<td width=\"66\">9h<\/td>\n<td width=\"243\">Os multiletramentos como estrat\u00e9gia de ensino na inclus\u00e3o dos estudantes com defici\u00eancia intelectual das escolas do campo<\/td>\n<td width=\"180\">REGIANE FREITAS PEREIRA DE MEIRA<\/td>\n<td width=\"151\">Dr\u00aa Maria Ant\u00f4nia de Souza<\/td>\n<td width=\"298\">Dr\u00aa. Elenice Parise Foltran -PROFEI\/UEPG<\/p>\n<p>Dr. Jo\u00e3o Henrique da Silva &#8211; UFRRJ<\/td>\n<\/tr>\n<tr>\n<td width=\"87\"><strong>21\/03\/2024<\/strong><\/td>\n<td width=\"66\">19h<\/td>\n<td width=\"243\">Efetiva\u00e7\u00e3o da inclus\u00e3o em escolas municipais de S\u00e3o Mateus do Sul\/PR: um olhar para o professor<\/td>\n<td width=\"180\">SANDRA CECILIA JURACH FARIA<\/td>\n<td width=\"151\">Dr. Everson Manjinski<\/td>\n<td width=\"298\">Dr\u00aa Vera L\u00facia Martiniak PROFEI\/UEPG<\/p>\n<p>Dr\u00aa Paula Almeida de Castro PPGFP\/UEPB<\/td>\n<\/tr>\n<tr>\n<td width=\"87\"><strong>22\/03\/2024<\/strong><\/td>\n<td width=\"66\">14h<\/td>\n<td width=\"243\">O trabalho colaborativo entre profissionais do AEE e do ensino regular e seu papel formativo para o apoio da inclus\u00e3o escolar<\/td>\n<td width=\"180\">RAFAELLA HANAUER BENEDETTI<\/td>\n<td width=\"151\">Dr. Everson Manjinski<\/td>\n<td width=\"298\">Dr\u00aa Rita de C\u00e1ssia da Silva Oliveira PROFEI\/UEPG<\/p>\n<p>Dr\u00aa Marineiva Moro Campos de Oliveira PPGE\/UNOESC<\/td>\n<\/tr>\n<tr>\n<td width=\"87\"><strong>26\/03\/2024<\/strong><\/td>\n<td width=\"66\">9h<\/td>\n<td width=\"243\">Desmistificando a epilepsia na forma\u00e7\u00e3o de professores da<\/p>\n<p>educa\u00e7\u00e3o infantil<\/td>\n<td width=\"180\">ISMENIA LOPES OLIVEIRA<\/td>\n<td width=\"151\">Dr\u00aa. Karen Ribeiro<\/td>\n<td width=\"298\">Dr\u00aa. Elenice Parise Foltran -PROFEI\/UEPG<\/p>\n<p>Dr\u00aa. Silvia M\u00e1rcia Ferreira Meletti -PPEdu UEL<\/td>\n<\/tr>\n<tr>\n<td width=\"87\"><strong>28\/03\/2024<\/strong><\/td>\n<td width=\"66\">9h<\/td>\n<td width=\"243\">Ensino colaborativo e a forma\u00e7\u00e3o de professores: contribui\u00e7\u00f5es<\/p>\n<p>para a Educa\u00e7\u00e3o Infantil<\/td>\n<td width=\"180\">LIZARDA LUCIANO DO CARMO<\/td>\n<td width=\"151\">Dr\u00aa. Karen Ribeiro<\/td>\n<td width=\"298\">Dr\u00aa. Vera Lucia Martiniak PROFEI\/UEPG<\/p>\n<p>Dr\u00aa. Angela Maria de Sousa Lima &#8211; PPGSOC\/UEL<\/td>\n<\/tr>\n<tr>\n<td width=\"87\"><strong>03\/04\/2024<\/strong><\/td>\n<td width=\"66\">8h<\/td>\n<td width=\"243\">A constru\u00e7\u00e3o de hist\u00f3rias em quadrinhos com a colabora\u00e7\u00e3o dos estudantes e com o aux\u00edlio do Canva em uma sala de aula inclusiva<\/td>\n<td width=\"180\">CHARLENE DOS SANTOS TUGNE PINHEIRO<\/td>\n<td width=\"151\">Dr. Jos\u00e9 Fabiano Costa Justus<\/td>\n<td width=\"298\">Dr. Jos\u00e9 Fabiano Costa Justus &#8211; PROFEI\/UEPG<\/p>\n<p>Dr. Everson Manjinski &#8211; r PROFEI\/UEPG<\/p>\n<p>Dr\u00aa. Karla Colare &#8211; PROFEI\/UFRR \/ PPGCOM UFRR<\/td>\n<\/tr>\n<tr>\n<td width=\"87\"><strong>15\/04\/2024<\/strong><\/td>\n<td width=\"66\">9h<\/td>\n<td width=\"243\">A forma\u00e7\u00e3o do profissional de apoio para media\u00e7\u00e3o da aprendizagem do estudante com Transtorno do Espectro Autista<\/td>\n<td width=\"180\">CLAUDINEA PEREIRA DIAS QUEIROZ<\/td>\n<td width=\"151\">Dr\u00aa. Elenice Parise Foltran<\/td>\n<td width=\"298\">Dr\u00aa Elenice Parise Foltran &#8211; PROFEI \/ UEPG<\/p>\n<p>Dr\u00aa Nelba Maria Teixeira Pisacco -PROFEI \/ UEPG<\/p>\n<p>Dr.Eduardo Gomes Onofre &#8211; PROFEI \/ UEPB<\/td>\n<\/tr>\n<tr>\n<td width=\"87\"><strong>17\/04\/2024<\/strong><\/td>\n<td width=\"66\">9h<\/td>\n<td width=\"243\">A forma\u00e7\u00e3o continuada de professores do ensino<\/p>\n<p>Regular na inclus\u00e3o dos educandos com defici\u00eancias em escolas<\/p>\n<p>Ribeirinhas de Santar\u00e9m \u2013 Par\u00e1<\/td>\n<td width=\"180\">FLORA APARECIDA DE ALMEIDA COSTA<\/td>\n<td width=\"151\">Dr\u00aa. Maria Ant\u00f4nia de Souza<\/td>\n<td width=\"298\">Dr\u00aa Maria Ant\u00f4nia de Souza \u2013 PROFEI\/UEPG<\/p>\n<p>Dr\u00aa. Zilda Gl\u00e1ucia Franco UFAM<\/p>\n<p>Dr\u00aa. Rita de C\u00e1ssia da Silva Oliveira PROFEI\/UEPG<\/td>\n<\/tr>\n<tr>\n<td width=\"87\"><strong>17\/04\/2024<\/strong><\/td>\n<td width=\"66\">14h<\/td>\n<td width=\"243\">Jogo Trilha das Palavras: potencializador pedag\u00f3gico para alunos com defici\u00eancia intelectual- um estudo de caso<\/td>\n<td width=\"180\">DIVINA LEDO DE CARVALHO SILVA<\/td>\n<td width=\"151\">Dr. Jos\u00e9 Fabiano Costa Justus<\/td>\n<td width=\"298\">Dr. Jos\u00e9 Fabiano Costa Justus-PROFEI\/UEPG<\/p>\n<p>Dr. Albino Szesz Junior &#8211; PROFEI\/UEPG<\/p>\n<p>Dr\u00aa. Gesilaine Mucio Ferreira &#8211; PROFEI &#8211; UEM<\/td>\n<\/tr>\n<tr>\n<td width=\"87\"><strong>18\/04\/2024<\/strong><\/td>\n<td width=\"66\">19h30m<\/td>\n<td width=\"243\">Implementando o Desenho Universal de Aprendizagem na<\/p>\n<p>Rob\u00f3tica Educacional: Estrat\u00e9gias para a Inclus\u00e3o<\/td>\n<td width=\"180\">EDIV\u00c2NIA FLORO NIC\u00c1CIO ALMEIDA<\/td>\n<td width=\"151\">Dr. Ariangelo Hauer Dias<\/td>\n<td width=\"298\">Dr. Ariangelo Hauer Dias &#8211; Profei\/UEPG<\/p>\n<p>Dr\u00aa Karen Ribeiro &#8211; Profei\/UEPG<\/p>\n<p>Dr. Marlene Rodrigues &#8211; P\u00f3s-gradua\u00e7\u00e3o em<\/p>\n<p>Educa\u00e7\u00e3o Escolar Mestrado e Doutorado<\/p>\n<p>Profissional -UNIR.<\/td>\n<\/tr>\n<tr>\n<td width=\"87\"><strong>24\/04\/2024<\/strong><\/td>\n<td width=\"66\">9h<\/td>\n<td width=\"243\">A rela\u00e7\u00e3o entre as professoras e as m\u00e3es das crian\u00e7as com<\/p>\n<p>defici\u00eancia como elemento central para a Educa\u00e7\u00e3o Inclusiva<\/td>\n<td width=\"180\">THIELE ARAUJO PEREIRA<\/td>\n<td width=\"151\">Dr. Nei Alberto Salles Filho<\/td>\n<td width=\"298\">Dr. Nei Alberto Salles Filho &#8211; PROFEI &#8211; UEPG<\/p>\n<p>Dr\u00aa Carolina Paioli Tavares &#8211; PROFEI &#8211; UEPG<\/p>\n<p>Dr. Antonio Carlos Frasson &#8211; PPGECT &#8211; UTFPR<\/td>\n<\/tr>\n<tr>\n<td width=\"87\"><strong>25\/04\/2024<\/strong><\/td>\n<td width=\"66\">9h<\/td>\n<td width=\"243\">O uso da tecnologia nas aulas de Educa\u00e7\u00e3o F\u00edsica no Ensino M\u00e9dio<\/td>\n<td width=\"180\">ADENILSON JOS\u00c9 MIL\u00c9O<\/td>\n<td width=\"151\">Dr\u00aa. Vera Lucia Martiniak<\/td>\n<td width=\"298\">Dr\u00aa. Vera Lucia Martiniak &#8211; PROFEI\/UEPG<\/p>\n<p>Dr. Everson Manjinski\u00a0\u00a0\u00a0\u00a0\u00a0\u00a0\u00a0\u00a0\u00a0\u00a0 &#8211; PROFEI\/UEPG<\/p>\n<p>Dr. Khaled Omar Mohamad El Tassa &#8211; PPGE\/UNICENTRO<\/td>\n<\/tr>\n<tr>\n<td width=\"87\"><strong>26\/04\/2024<\/strong><\/td>\n<td width=\"66\">9h<\/td>\n<td width=\"243\">O conhecimento no trato com a situa\u00e7\u00e3o de viv\u00eancia na dupla excepcionalidade na escola<\/td>\n<td width=\"180\">ANA PAULA ALMEIDA DE MATOS<\/td>\n<td width=\"151\">Dr\u00aa Edina Schimanski<\/td>\n<td width=\"298\">Dr\u00aa. Edina Schimanski &#8211; PROFEI\/UEPG<\/p>\n<p>Dr\u00aa Rosidelma Fraga &#8211; PROFEI\/UFRR<\/p>\n<p>Dr\u00aa Silmara Carneiro e Silva &#8211; PPGCSA\/UEPG<\/td>\n<\/tr>\n<tr>\n<td width=\"87\"><strong>29\/04\/2024<\/strong><\/td>\n<td width=\"66\">14h<\/td>\n<td width=\"243\">A Educa\u00e7\u00e3o de Alunos com Transtorno Do Espectro Autista -TEA na Rede<\/p>\n<p>Municipal de Ponta Grossa<\/td>\n<td width=\"180\">LUCIANE DE PAULA ANTONECHE<\/td>\n<td width=\"151\">Dr\u00aa. Rita de C\u00e1ssia da Silva Oliveira<\/td>\n<td width=\"298\">Dr\u00aa. Rita de C\u00e1ssia da Silva Oliveira &#8211; PROFEI\/UEPG<\/p>\n<p>Dr\u00aa. Marisa Schenekenberg -PPGE\/UNICENTRO<\/p>\n<p>Dr Everson Manjinski &#8211; PROFEI\/UEPG<\/td>\n<\/tr>\n<tr>\n<td width=\"87\"><strong>29\/04\/2024<\/strong><\/td>\n<td width=\"66\">16h<\/td>\n<td width=\"243\">A inclus\u00e3o das meninas com altas habilidades\/superdota\u00e7\u00e3o no espa\u00e7o escolar no munic\u00edpio de Marechal C\u00e2ndido Rondon e a pr\u00e1tica docente no desvendar potencialidades<\/td>\n<td width=\"180\">ELIANE GRISA<\/td>\n<td width=\"151\">Dr\u00aa Edina Schimanski<\/td>\n<td width=\"298\">Dr\u00aa. Edina Schimanski &#8211; PROFEI\/UEPG<\/p>\n<p>Dr\u00aa. Eliane Maio -PPGE\/UEM<\/p>\n<p>Dr\u00aa. Adriana Rodrigues Suarez -PROFEI\/UEPG<\/td>\n<\/tr>\n<tr>\n<td width=\"87\"><strong>30\/04\/2024<\/strong><\/td>\n<td width=\"66\">14h<\/td>\n<td width=\"243\">Desafios E Possibilidades Na Sala De Recursos<\/p>\n<p>Multifuncional Para Alunos Com Altas Habilidades\/Superdota\u00e7\u00e3o<\/td>\n<td width=\"180\">REGIS LUCIANE LOVATTO<\/td>\n<td width=\"151\">Dr\u00aa Nelba Maria Teixeira Pisacco<\/td>\n<td width=\"298\">Dr\u00aa Nelba Maria Teixeira Pisacco &#8211; PROFEI\/UEPG<\/p>\n<p>Dr\u00aa Karen Ribeiro &#8211; PROFEI\/UEPG<\/p>\n<p>Dr\u00aa Marcia Raika e Silva Lima &#8211; PROFEI\/UEMA<\/td>\n<\/tr>\n<tr>\n<td width=\"87\"><strong>30\/04\/2024<\/strong><\/td>\n<td width=\"66\">17h<\/td>\n<td width=\"243\">Tecnologia digital e o sistema Braille: o acesso da leitura e<\/p>\n<p>escrita aos alunos com defici\u00eancia visual e o ensino colaborativo<\/td>\n<td width=\"180\">MARGIT REGINA HERRMANN RUELA<\/td>\n<td width=\"151\">Dr. Ariangelo Hauer Dias<\/td>\n<td width=\"298\">Dr. Ariangelo Hauer Dias \u2013 PROFEI\/ UEPG<\/p>\n<p>Dr\u00aa Elenice Parise Foltran \u2013 PROFEI\/ UEPG<\/p>\n<p>Dr\u00aa. C\u00edcera Aparecida Lima Malheiro \u2013 PROFEI\/UNESP<\/td>\n<\/tr>\n<tr>\n<td width=\"87\"><strong>30\/04\/2024<\/strong><\/td>\n<td width=\"66\">9h<\/td>\n<td width=\"243\">A forma\u00e7\u00e3o continuada de professores no munic\u00edpio de Santar\u00e9m: perspectivas de ensino colaborativo entre professores do AEE e ensino regular<\/td>\n<td width=\"180\">ANA CLEUDE COSTA SANTANA<\/td>\n<td width=\"151\">Dr\u00aa. Elenice Parise Foltran<\/td>\n<td width=\"298\">Dr\u00aa. Elenice Parise Foltran \u2013 PROFEI\/UEPG<\/p>\n<p>Dr\u00aa Sandra Moraes da Silva Cardozo \u2013 PROFEI\/ UFRR<\/p>\n<p>Dr\u00aa. Rita de C\u00e1ssia da Silva Oliveira &#8211; PROFEI\/UEPG<\/td>\n<\/tr>\n<tr>\n<td width=\"87\"><strong>03\/05\/2024<\/strong><\/td>\n<td width=\"66\">9h<\/td>\n<td width=\"243\">Cinema e Inclus\u00e3o: Uma alternativa metodol\u00f3gica para debater<\/p>\n<p>a inclus\u00e3o com o uso do Cinema nos Anos Iniciais do Ensino Fundamental<\/td>\n<td width=\"180\">LET\u00cdCIA LUPEPSA<\/td>\n<td width=\"151\">Dr\u00aa. Adriana Rodrigues Suarez<\/td>\n<td width=\"298\">Dr\u00aa. Adriana Rodrigues Suarez &#8211; PROFEI\/UEPG<\/p>\n<p>Dr\u00aa Edina Schimanski &#8211; PROFEI\/UEPG<\/p>\n<p>Dr\u00aa \u00c2ngela Maria de Sousa Lima &#8211; PPGSOC\/UEL<\/td>\n<\/tr>\n<tr>\n<td width=\"87\"><strong>03\/05\/2024<\/strong><\/td>\n<td width=\"66\">14h<\/td>\n<td width=\"243\">As pr\u00e1ticas art\u00edsticas para inclus\u00e3o na Educa\u00e7\u00e3o Infantil<\/td>\n<td width=\"180\">IOHANA RAMOS MACHADO<\/td>\n<td width=\"151\">Dr\u00aa. Adriana Rodrigues Suarez<\/td>\n<td width=\"298\">Dr\u00aa Adriana Rodrigues Suarez -PROFEI\/UEPG<\/p>\n<p>Dr\u00aa Vera Martiniak &#8211; PROFEI\/UEPG<\/p>\n<p>Dr\u00aa Ana Val\u00e9ria de Figueiredo da Costa- PPGArtes\/UERJ<\/td>\n<\/tr>\n<\/tbody>\n<\/table>\n","protected":false},"excerpt":{"rendered":"<p>Bancas de Qualifica\u00e7\u00e3o Data Hor\u00e1rio T\u00edtulo Candidato Orientador Banca 19\/03\/2024 9h Os multiletramentos como estrat\u00e9gia de ensino na inclus\u00e3o dos estudantes com defici\u00eancia intelectual das escolas do campo REGIANE FREITAS PEREIRA DE MEIRA Dr\u00aa Maria Ant\u00f4nia de Souza Dr\u00aa. Elenice Parise Foltran -PROFEI\/UEPG Dr. Jo\u00e3o Henrique da Silva &#8211; UFRRJ 21\/03\/2024 19h Efetiva\u00e7\u00e3o da inclus\u00e3o&nbsp;&hellip;<\/p>\n","protected":false},"author":692,"featured_media":0,"parent":0,"menu_order":0,"comment_status":"closed","ping_status":"closed","template":"","meta":[],"_links":{"self":[{"href":"https:\/\/www2.uepg.br\/profei\/wp-json\/wp\/v2\/pages\/841"}],"collection":[{"href":"https:\/\/www2.uepg.br\/profei\/wp-json\/wp\/v2\/pages"}],"about":[{"href":"https:\/\/www2.uepg.br\/profei\/wp-json\/wp\/v2\/types\/page"}],"author":[{"embeddable":true,"href":"https:\/\/www2.uepg.br\/profei\/wp-json\/wp\/v2\/users\/692"}],"replies":[{"embeddable":true,"href":"https:\/\/www2.uepg.br\/profei\/wp-json\/wp\/v2\/comments?post=841"}],"version-history":[{"count":6,"href":"https:\/\/www2.uepg.br\/profei\/wp-json\/wp\/v2\/pages\/841\/revisions"}],"predecessor-version":[{"id":1000,"href":"https:\/\/www2.uepg.br\/profei\/wp-json\/wp\/v2\/pages\/841\/revisions\/1000"}],"wp:attachment":[{"href":"https:\/\/www2.uepg.br\/profei\/wp-json\/wp\/v2\/media?parent=841"}],"curies":[{"name":"wp","href":"https:\/\/api.w.org\/{rel}","templated":true}]}}