{"id":842,"date":"2023-10-16T12:45:17","date_gmt":"2023-10-16T15:45:17","guid":{"rendered":"https:\/\/www2.uepg.br\/profei\/?page_id=842"},"modified":"2025-04-03T12:10:13","modified_gmt":"2025-04-03T15:10:13","slug":"defesa","status":"publish","type":"page","link":"https:\/\/www2.uepg.br\/profei\/defesa\/","title":{"rendered":"Defesa"},"content":{"rendered":"<div id=\"pl-842\"  class=\"panel-layout\" ><div id=\"pg-842-0\"  class=\"panel-grid panel-no-style\" ><div id=\"pgc-842-0-0\"  class=\"panel-grid-cell\" ><div id=\"panel-842-0-0-0\" class=\"so-panel widget widget_sow-editor panel-first-child panel-last-child\" data-index=\"0\" ><div\n\t\t\t\n\t\t\tclass=\"so-widget-sow-editor so-widget-sow-editor-base\"\n\t\t\t\n\t\t>\n<div class=\"siteorigin-widget-tinymce textwidget\">\n\t<p style=\"text-align: center\"><strong>TURMA 2020<\/strong><\/p>\n<p style=\"text-align: center\"><strong>Bancas Defesas<\/strong><\/p>\n<p style=\"text-align: center\">Online \u2013 Google Meeting<\/p>\n<table style=\"height: 6627px\" width=\"1358\">\n<tbody>\n<tr>\n<td width=\"84\">18\/07\/2022<\/td>\n<td width=\"50\"><strong>1<\/strong><strong>4h<\/strong><\/td>\n<td width=\"117\"><strong>OLGA MARA BUENO\u200b<\/strong><\/td>\n<td width=\"216\">ESCOLARIZA\u00c7\u00c3O DE JOVENS E ADULTOS COM DEFICI\u00caNCIA INTELECTUAL: contribui\u00e7\u00f5es da Teoria Hist\u00f3rico-Cultural para o desenvolvimento pedag\u00f3gico<\/td>\n<td width=\"176\">Prof.\u00aa Dra. Rita de C\u00e1ssia da Silva Oliveira \u2013 UEPG<\/p>\n<p>Prof.\u00aa Dra. Vera Lucia Martiniak - UEPG<\/p>\n<p>Prof\u00aa Dr\u00aa Sonia Shima Barroco - UEM<\/p>\n<\/td>\n<\/tr>\n<tr>\n<td width=\"84\">19\/09\/2022<\/td>\n<td width=\"50\"><strong> 14h<\/strong><\/td>\n<td width=\"117\"><strong> ANGELA SLEUTJES DANCOSKY<\/strong><\/td>\n<td width=\"216\">AVALIA\u00c7\u00c3O DA QUALIDADE DE VIDA DE ALUNOS DAS SALAS DE RECURSOS MULTIFUNCIONAIS DO MUNIC\u00cdPIO DE CASTRO-PR: POSSIBILIDADES E LIMITES DE ALTERA\u00c7\u00d5ES NA GEST\u00c3O ESCOLAR<\/td>\n<td width=\"176\">Prof. Dr. Bruno Pedroso \u2013 UEPG<\/p>\n<p>Prof. Dr. Jos\u00e9 Roberto Herrera Cantorani - UTFPR<\/p>\n<p>Prof\u00aa Dr\u00aa. Fabiana Postiglione Mansani - UEPG<\/p>\n<\/td>\n<\/tr>\n<tr>\n<td width=\"84\">19\/09\/2022<\/td>\n<td width=\"50\">9h<\/td>\n<td width=\"117\"><strong>CRISTIANE PAWLAK MANRIQUE<\/strong><\/td>\n<td width=\"216\">MEDICA\u00c7\u00d5ES PEDAG\u00d3GICAS: CONTRIBUI\u00c7\u00d5ES AO PLANEJAMENTO DO ENSINO PARA O TRABALHO COM PESSOAS COM DEFICI\u00caNCIA<\/td>\n<td width=\"176\">Prof.\u00aa Dra. Maria Ant\u00f4nia de Souza \u2013 UEPG<\/p>\n<p>Prof. Dr. Jo\u00e3o Henrique da Silva - UNISO<\/p>\n<p>Prof.\u00aa Dra. Rita de C\u00e1ssia da Silva Oliveira - UEPG -<\/p>\n<\/td>\n<\/tr>\n<tr>\n<td width=\"84\">26\/09\/2022<\/td>\n<td width=\"50\">9h<\/td>\n<td width=\"117\"><strong>FABIANE SCHWADE JANU\u00c1RIO<\/strong><\/td>\n<td width=\"216\">TRABALHO COLABORATIVO ENTRE PROFESSORAS DA SALA DE RECURSOS MULTIFUNCIONAL: proposi\u00e7\u00f5es did\u00e1tico-pedag\u00f3gicas<\/td>\n<td width=\"176\">Prof.\u00aa Dra. Maria Ant\u00f4nia de Souza \u2013 UEPG-<\/p>\n<p>Profa. Dra. Katia de Abreu Fonseca \u2013 UNESP Bauru - Profa. Dra. Elenice Parise Foltran- UEPG<\/p>\n<\/td>\n<\/tr>\n<tr>\n<td width=\"84\">30\/09\/2022<\/td>\n<td width=\"50\">8:30h<\/td>\n<td width=\"117\"><strong>VALDENISE BATISTA BUENO<\/strong><\/td>\n<td width=\"216\">AN\u00c1LISE DA QUALIDADE DE VIDA DE FREQUENTADORES DA SALA DE RECURSOS MULTIFUNCIONAL, CONSIDERANDO O PLANO DE ATENDIMENTO INDIVIDUAL DO ALUNO COM DEFICI\u00caNCIA<\/td>\n<td width=\"176\">Prof. Dr. Bruno Pedroso \u2013 UEPG<\/p>\n<p>Prof. Dr. Jos\u00e9 Roberto Herrera Cantorani - UTFPR<\/p>\n<p>Prof. Dr. Jos\u00e9 Fabiano Costa Justus - UEPG<\/p>\n<\/td>\n<\/tr>\n<tr>\n<td width=\"84\">03\/10\/2022<\/td>\n<td width=\"50\">19h<\/td>\n<td width=\"117\"><strong>JANE GEZUALDO<\/strong><\/td>\n<td width=\"216\">USO DAS TECNOLOGIAS DIGITAIS DA INFORMA\u00c7\u00c3O E COMUNICA\u00c7\u00c3O NO PROCESSO DE ENSINO E APRENDIZAGEM DE ESTUDANTES DA EDUCA\u00c7\u00c3O ESPECIAL NO PER\u00cdODO DE PANDEMIA EM UM COL\u00c9GIO DE MARING\u00c1: PERCEP\u00c7\u00c3O DOCENTE<\/td>\n<td width=\"176\">Prof. Dr. Jos\u00e9 Fabiano Costa Justus \u2013 UEPG<\/p>\n<p>Prof\u00aa. Dr\u00aa. Lucia Virg\u00ednia Mamcasz Viginheski - PPG Promo\u00e7\u00e3o da Sa\u00fade - Uniguairac\u00e1<\/p>\n<p>Prof. Dr. Ariangelo Hauer Dias - UEPG<\/p>\n<\/td>\n<\/tr>\n<tr>\n<td width=\"84\">19\/10\/2022<\/td>\n<td width=\"50\">14h<\/td>\n<td width=\"117\"><strong>VANESSA BERNARDI<\/strong><\/td>\n<td width=\"216\">O TRABALHO COLABORATIVO ENTRE PROFESSORES E A APRENDIZAGEM DOS ESTUDANTES P\u00daBLICO-ALVO DA EDUCA\u00c7\u00c3O ESPECIAL NA EDUCA\u00c7\u00c3O DE JOVENS E ADULTOS<\/td>\n<td width=\"176\">Profa. Dra. Rita de C\u00e1ssia da Silva Oliveira \u2013 UEPG -<\/p>\n<p>Profa. Dra. Geisa Let\u00edcia Kempfer Bock - UDESC<\/p>\n<p>Profa. Dra. Vera L\u00facia Martiniak - UEPG<\/p>\n<\/td>\n<\/tr>\n<tr>\n<td width=\"84\">19\/10\/2022<\/td>\n<td width=\"50\">9h<\/td>\n<td width=\"117\"><strong>DANIELLE CRISTINA MARTINS<\/strong><\/td>\n<td width=\"216\">AN\u00c1LISE DO USO DE TECNOLOGIAS POR PARTE DOS PROFESSORES DAS SALAS DE RECURSOS MULTIFUNCIONAIS DURANTE O PER\u00cdODO DE PANDEMIA NO MUNIC\u00cdPIO DE PONTA GROSSA<\/td>\n<td width=\"176\">Prof. Dr. Jos\u00e9 Fabiano Costa Justus \u2013 UEPG -<\/p>\n<p>Prof. Dr. Jo\u00e3o Paulo Aires - UTFPR Profa. Dra. Elenice Parise Foltran - UEPG<\/p>\n<\/td>\n<\/tr>\n<tr>\n<td width=\"84\">21\/10\/2022<\/td>\n<td width=\"50\">9h<\/td>\n<td width=\"117\"><strong>KARINE MICHELE FAGUNDES<\/strong><\/td>\n<td width=\"216\">POSSIBILIDADES E \u00a0LIMITES DO ATENDIMENTO EDUCACIONAL ESPECIALIZADO NAS ESCOLAS<\/td>\n<td width=\"176\">Prof\u00aa Dr\u00aa Edina Schimanski\u00a0\u00a0 \u2013 PROFEI\/UEPG<\/p>\n<p>Prof\u00aa Dr\u00aa Eloiza Ap. Silva Avila de Matos - PPGCT - UTFPR<\/p>\n<p>Prof. Dr. Nei Alberto Salles Filho\u00a0 - PROFEI\/UEPG<\/p>\n<\/td>\n<\/tr>\n<tr>\n<td width=\"84\">25\/10\/2022<\/td>\n<td width=\"50\">9h<\/td>\n<td width=\"117\"><strong>SILVANA DE FATIMA TRAVENSOLI DO CARMO<\/strong><\/td>\n<td width=\"216\">ARTICULA\u00c7\u00c3O ENTRE PROFESSORES DA CLASSE REGULAR E DO ATENDIMENTO EDUCACIONAL ESPECIALIZADO POR MEIO DA FORMA\u00c7\u00c3O CONTINUADA<\/td>\n<td width=\"176\">Prof\u00aa Dr\u00aa Vera L\u00facia Martiniak\u00a0\u00a0 \u2013 PROFEI\/UEPG<\/p>\n<p>Prof\u00aa Dr\u00aa Roseneide Maria Batista Cirino - UNESPAR<\/p>\n<p>Prof. Dr. Alfredo Balduino - UDESC<\/p>\n<p>Prof\u00aa. Dr\u00aa. Karen Ribeiro\u00a0 - PROFEI\/UEPG<\/p>\n<\/td>\n<\/tr>\n<tr>\n<td width=\"84\">26\/10\/2022<\/td>\n<td width=\"50\">19h<\/td>\n<td width=\"117\"><strong>DANIELA NASCIMENTO FERREIRA<\/strong><\/td>\n<td width=\"216\">O DESENVOLVIMENTO DE MATERIAL AUTOINSTRUCIONAL COMO FACILITADOR DO ACESSO A INFORMA\u00c7\u00d5ES PARA INCLUS\u00c3O ESCOLAR DE ESTUDANTES COM TRANSTORNO DO ASPECTRO AUTISTA<\/td>\n<td width=\"176\">Prof\u00aa Dr\u00aa Nelba Maria Teixeira Pisacco\u00a0\u00a0 \u2013 PROFEI\/UEPG<\/p>\n<p>Prof\u00aa Dr\u00aa Cicera Aparecida Lima Malheiro - UNESP<\/p>\n<p>Prof\u00aa. Dr\u00aa. Elenice Parise Foltran\u00a0 - PROFEI\/UEPG<\/p>\n<\/td>\n<\/tr>\n<tr>\n<td width=\"84\">26\/10\/2022<\/td>\n<td width=\"50\">9h<\/td>\n<td width=\"117\"><strong>SONIA DE FATIMA CRISTINA SCHEITEL DOS PASSOS<\/strong><\/td>\n<td width=\"216\">\n<p style=\"text-align: left\">EDUCA\u00c7\u00c3O INCLUSIVA: FORMA\u00c7\u00c3O CONTINUADA NA PERSPECTIVA DO COENSINO<\/p>\n<\/td>\n<td width=\"176\">Profa. Dra. Elenice Parise Foltran - (UEPG) \u2013<\/p>\n<p>Profa. Dra. Roseneide M. B. Cirilo - (UNESPAR)<\/p>\n<p>Profa. Dra. Nelba Maria Teixeira Pisacco \u2013 (UEPG) \u2013<\/p>\n<\/td>\n<\/tr>\n<tr>\n<td width=\"84\">27\/10\/2022<\/td>\n<td width=\"50\">9h<\/td>\n<td width=\"117\"><strong>EDIN\u00c9IA APARECIDA CALISTO<\/strong><\/td>\n<td width=\"216\">EDUCA\u00c7\u00c3O INCLUSIVA, ENSINO REMOTO E COVID-19: POSSIBILIDADES E LIMITES DE PR\u00c1TICAS PEDAG\u00d3GICAS HUMANIZADORAS<\/td>\n<td width=\"176\">Prof\u00aa Dr\u00aa Edina Schimanski\u00a0\u00a0 \u2013 PROFEI\/UEPG<\/p>\n<p>Prof\u00aa Dr\u00aa Eliane Rose Maio - UEM<\/p>\n<p>Prof. Dr. Nei Alberto Salles Filho - PROFEI\/UEPG<\/p>\n<\/td>\n<\/tr>\n<tr>\n<td width=\"84\">27\/10\/2022<\/td>\n<td width=\"50\">19h<\/td>\n<td width=\"117\"><strong>ADRIANE GUSM\u00c3O DOS ANJOS<\/strong><\/td>\n<td width=\"216\">FORMAR PARA INCLUIR - A FORMA\u00c7\u00c3O DE PROFESSORES DO ATENDIMENTO EDUCACIONAL ESPECIALIZADO PARA A EDUCA\u00c7\u00c3O INCLUSIVA, PAUTADA NO ENSINO COLABORATIVO E NA PERSPECTIVA DO DESENHO UNIVERSAL DA APRENDIZAGEM<\/td>\n<td width=\"176\">Prof\u00aa Dr\u00aa Elenice Parise Foltran\u00a0\u00a0 \u2013 PROFEI\/UEPG<\/p>\n<p>Prof\u00aa Dr\u00aa Geisa Let\u00edcia Kempfer Bock - UDESC<\/p>\n<p>Prof. Dr. Ariangelo Hauer Dias - PROFEI\/UEPG<\/p>\n<\/td>\n<\/tr>\n<tr>\n<td width=\"84\">31\/10\/2022<\/td>\n<td width=\"50\">16h<\/td>\n<td width=\"117\"><strong>JOS\u00c9 CARLOS WINKLER<\/strong><\/td>\n<td width=\"216\">A EDUCA\u00c7\u00c3O F\u00cdSICA NA MODALIDADE DE EDUCA\u00c7\u00c3O DE JOVENS E ADULTOS: RESSIGNIFICANDO CONCEITOS E METODOLOGIAS<\/td>\n<td width=\"176\">Profa. Dra. Rita de C\u00e1ssia da Silva Oliveira\u00a0\u2013 UEPG<\/p>\n<p>Prof. Dr.\u00a0Antonio Carlos Frasson\u00a0- UTFPR<\/p>\n<p>Profa.\u00a0Dra.\u00a0Elenice Parise Foltran\u00a0- UEPG<\/p>\n<\/td>\n<\/tr>\n<tr>\n<td width=\"84\">04\/11\/2022<\/td>\n<td width=\"50\">14h<\/td>\n<td width=\"117\"><strong>DAIANE OLCHANHESKY EMILIANO<\/strong><\/td>\n<td width=\"216\">COMUNICA\u00c7\u00c3O E DESENVOLVIMENTO DA LINGUAGEM DE ESTUDANTES COM TRANSTORNO DO ESPECTRO AUTISTA<\/td>\n<td width=\"176\">Prof\u00aa Dr\u00aa Nelba Maria Teixeira Pisacco\u00a0\u00a0 \u2013 PROFEI\/UEPG<\/p>\n<p>Prof\u00aa Dr\u00aa Katia de Abreu Fonseca - UNESP<\/p>\n<p>Profa. Dra. Vera Lucia Martiniak - PROFEI\/UEPG<\/p>\n<\/td>\n<\/tr>\n<tr>\n<td width=\"84\">14\/12\/2022<\/td>\n<td width=\"50\">8h<\/td>\n<td width=\"117\"><strong>KAMILA CAMILIO MARTINHUK<\/strong><\/td>\n<td width=\"216\">A DAN\u00c7A COMO FERRAMENTE DE INCLUS\u00c3O NAS AULAS DE EDUCA\u00c7\u00c3O F\u00cdSICA NOS PRIMEIROS ANOS DO ENSINO FUNDAMENTAL<\/td>\n<td width=\"176\">Prof\u00aa\u00a0Dr\u00aa\u00a0Carolina Paioli Tavares \u00a0\u00a0\u2013 PROFEI\/UEPG<\/p>\n<p>Prof. Dr. Antonio Carlos Frasson\u00a0- UTFPR<\/p>\n<p>Prof. Dr. Nei Alberto Salles Filho\u00a0- PROFEI\/UEPG<\/p>\n<\/td>\n<\/tr>\n<tr>\n<td width=\"84\">20\/12\/2022<\/td>\n<td width=\"50\">14h<\/td>\n<td width=\"117\"><strong>FL\u00c1VIA DE PAULA VIEIRA<\/strong><\/td>\n<td width=\"216\">A IMPLEMENTA\u00c7\u00c3O DE POL\u00cdTICAS EDUCACIONAIS VOLTADAS PARA EDUCA\u00c7\u00c3O ESPECIAL NO MUNIC\u00cdPIO DE PONTA GROSSA-PR<\/td>\n<td width=\"176\">Prof\u00aa Dr\u00aa Vera Lucia Martiniak\u00a0\u00a0 \u2013 PROFEI\/UEPG<\/p>\n<p>Prof\u00aa. Dr\u00aa. Solange Aparecida Zotti - IFC<\/p>\n<p>Prof\u00aa. Dr\u00aa. Rosana de Castro Casagrande - UEPG<\/p>\n<\/td>\n<\/tr>\n<tr>\n<td width=\"84\">03\/04\/2023<\/td>\n<td width=\"50\">9:30h<\/td>\n<td width=\"117\"><strong>BRUNA HELOISA INOC\u00caNCIO<\/strong><\/td>\n<td width=\"216\">A educa\u00e7\u00e3o inclusiva na rede p\u00fablica municipal de ensino no munic\u00edpio de Cascavel, PR<\/td>\n<td width=\"176\">Prof.\u00aa Dra. Vera Lucia Martiniak \u2013 UEPG<\/p>\n<p>Profa. Dra. Elenice Parise Foltran -PROFEI\/UEPG<\/p>\n<p>Profa. Dra. Sandra Aparecida Machado Polon - PPGE\/UNICENTRO<\/p>\n<\/td>\n<\/tr>\n<tr>\n<td width=\"84\">26\/04\/2023<\/td>\n<td width=\"50\">8h<\/td>\n<td width=\"117\"><strong>ATLANTICO SOUZA RIBEIRO<\/strong><\/td>\n<td width=\"216\">AS CONCEP\u00c7\u00d5ES RELACIONADAS \u00c0 EDUCA\u00c7\u00c3O INCLUSIVA E AS NECESSIDADES FORMATIVAS PARA PROFISSIONAIS DE EDUCA\u00c7\u00c3O F\u00cdSICA QUE ATUAM NA EDUCA\u00c7\u00c3O B\u00c1SICA<\/td>\n<td width=\"176\">Prof\u00aa Dr\u00aa Carolina Paioli Tavares\u00a0\u00a0 \u2013 PROFEI\/UEPG<\/p>\n<p>Prof\u00aa. Dr\u00aa. Adriana In\u00eas de Paula - UFPR<\/p>\n<p>Prof. Dr. Nei Alberto Salles Filho - UEPG<\/p>\n<\/td>\n<\/tr>\n<tr>\n<td width=\"84\">28\/04\/2023<\/td>\n<td width=\"50\">8h<\/td>\n<td width=\"117\"><strong>F<\/strong><strong>RANCINE DE MATIAS<\/strong><\/td>\n<td width=\"216\">A FORMA\u00c7\u00c3O CONTINUADA NO CONTEXTO DA EDUCA\u00c7\u00c3O INCLUSIVA: CONTRIBUI\u00c7\u00d5ES PARA AS PR\u00c1TICAS PEDAG\u00d3GICAS DE PROFESSORES DO MUNIC\u00cdPIO DE CA\u00c7ADOR-SC<\/td>\n<td width=\"176\">Prof\u00aa\u00a0Dr\u00aa\u00a0Elenice Parise Foltran\u00a0\u00a0\u00a0\u2013 PROFEI\/UEPG<\/p>\n<p>Prof\u00aa. Dr\u00aa. Sandra Machado Polon\u00a0- UNICENTRO<\/p>\n<p>Prof\u00aa. Dr\u00aa. Vera Lucia Martiniak\u00a0- UEPG<\/p>\n<\/td>\n<\/tr>\n<\/tbody>\n<\/table>\n<p style=\"text-align: center\">\u00a0<strong>TURMA 2022<\/strong><\/p>\n<p style=\"text-align: center\"><strong>Bancas Defesas\u00a0<\/strong><\/p>\n<p style=\"text-align: center\">Online - Google Meeting<\/p>\n<table style=\"height: 6200px\" width=\"1377\">\n<tbody>\n<tr>\n<td width=\"84\">06\/06\/2024<\/td>\n<td width=\"50\"><strong>17h<\/strong><\/td>\n<td width=\"117\"><strong>Ediv\u00e2nia Floro Nic\u00e1cio Almeida<\/strong><\/td>\n<td width=\"216\">O DESENHO UNIVERSAL PARA APRENDIZAGEM NA ROB\u00d3TICA<br \/>\nEDUCACIONAL: ESTRAT\u00c9GIA DE ENSINO PARA A INCLUS\u00c3O ESCOLAR<\/td>\n<td width=\"176\">Prof. Dr. Ariangelo Hauer Dias \u2013 UEPG<\/p>\n<p>Prof.\u00aa Dr\u00aa. Karen Ribeiro - UEPG<\/p>\n<p>Prof\u00aa Dr\u00aa Marlene Rodrigues - UNIR<\/p>\n<\/td>\n<\/tr>\n<tr>\n<td width=\"84\">19\/08\/2024<\/td>\n<td width=\"50\"><strong>14h<\/strong><\/td>\n<td width=\"117\"><strong>Regiane Freitas Pereira de Meira<\/strong><\/td>\n<td width=\"216\">O multiletramento como estrat\u00e9gia de ensino na inclus\u00e3o dos estudantes com defici\u00eancia intelectual e autismo das escolas do campo.<\/td>\n<td width=\"176\">Prof\u00aa. Dr\u00aa. Maria Ant\u00f4nia de Souza \u2013 UEPG<\/p>\n<p>Prof\u00aa. Dr\u00aa. Elenice Parise Foltran - UEPG<\/p>\n<p>Prof. Dr. Jo\u00e3o Henrique da Silva \u2013 UFRRJ<\/p>\n<\/td>\n<\/tr>\n<tr>\n<td width=\"84\">20\/08\/2024<\/td>\n<td width=\"50\"><strong>09h<\/strong><\/td>\n<td width=\"117\"><strong>Flora Aparecida de Almeida Costa<\/strong><\/td>\n<td width=\"216\">A forma\u00e7\u00e3o continuada de professores do ensino regular na inclus\u00e3o da pessoa com defici\u00eancia em escolas ribeirinhas de Santar\u00e9m - Par\u00e1<\/td>\n<td width=\"176\">Prof\u00aa. Dr\u00aa. Maria Ant\u00f4nia de Souza \u2013 UEPG<\/p>\n<p>Prof\u00aa. Dr\u00aa. Rita de C\u00e1ssia da Silva Oliveira - UEPG<\/p>\n<p>Prof\u00aa. Dr\u00aa. Zilda Gl\u00e1ucia Franco - UFAM<\/p>\n<\/td>\n<\/tr>\n<tr>\n<td width=\"84\">04\/09\/2024<\/td>\n<td width=\"50\"><strong>14h<\/strong><\/td>\n<td width=\"117\"><strong>Charlene dos Santos Tugne Pinheiro<\/strong><\/td>\n<td width=\"216\">A CONSTRU\u00c7\u00c3O DE HIST\u00d3RIAS EM QUADRINHOS COM A COLABORA\u00c7\u00c3O DOS ESTUDANTES E COM O AUX\u00cdLIO DO CANVA EM UMA SALA DE AULA INCLUSIVA<\/td>\n<td width=\"176\">Prof. Dr. Jos\u00e9 Fabiano Costa Justus \u2013 UEPG<\/p>\n<p>Prof. Dr. Everson Manjinski - UEPG<\/p>\n<p>Prof\u00aa. Dr\u00aa. Karla Colare - UFRR<\/p>\n<\/td>\n<\/tr>\n<tr>\n<td width=\"84\">24\/09\/2024<\/td>\n<td width=\"50\"><strong>14h<\/strong><\/td>\n<td width=\"117\"><strong>\u00a0<span class=\"il\">Adenilson<\/span>\u00a0<span class=\"il\">Jos\u00e9<\/span>\u00a0<span class=\"il\">Mil\u00e9o<\/span><\/strong><\/td>\n<td width=\"216\">A TECNOLOGIA NAS AULAS DE EDUCA\u00c7\u00c3O F\u00cdSICA NO ENSINO M\u00c9DIO T\u00c9CNICO: DESAFIOS E POTENCIALIDADES PARA INCLUS\u00c3O DOS ALUNOS<\/td>\n<td width=\"176\">Prof\u00aa. Dr\u00aa. Vera Lucia Martiniak - UEPG<\/p>\n<p>Prof. Dr. Everson Manjinski - UEPG<\/p>\n<p>Prof. Dr. Khaled Omar Mohamad El Tassa - UNICENTRO<\/p>\n<\/td>\n<\/tr>\n<tr>\n<td width=\"84\">03\/10\/2024<\/td>\n<td width=\"50\"><strong>09h<\/strong><\/td>\n<td width=\"117\"><strong>Lizarda Luciano do Carmo<\/strong><\/td>\n<td width=\"216\">Ensino colaborativo e a forma\u00e7\u00e3o de professores: contribui\u00e7\u00f5es para a Educa\u00e7\u00e3o Infantil<\/td>\n<td width=\"176\">Prof.\u00aa Dr\u00aa. Karen Ribeiro - UEPG<\/p>\n<p>Prof\u00aa. Dr\u00aa. Vera Lucia Martiniak - UEPG<\/p>\n<p>Prof\u00aa. Dr\u00aa. Angela Maria de Sousa Lima - UEL<\/p>\n<\/td>\n<\/tr>\n<tr>\n<td width=\"84\">03\/10\/2024<\/td>\n<td width=\"50\"><strong>14h<\/strong><\/td>\n<td width=\"117\"><strong>Leticia Lupepsa<\/strong><\/td>\n<td width=\"216\">CINEMA E INCLUS\u00c3O: UMA ALTERNATIVA METODOL\u00d3GICA PARA DEBATER O INCLUS\u00c3O COM O USO DO CINEMAS NOS ANOS INICIAIS DO ENSINO FUNDAMENTAL.<\/td>\n<td width=\"176\">Prof\u00aa. Dr\u00aa. Adriana Rodrigues Suarez - UEPG<\/p>\n<p>Prof\u00aa. Dr\u00aa. Edina Schimanski - UEPG<\/p>\n<p>Prof\u00aa. Dr\u00aa. Angela Maria de Sousa Lima - UEL<\/p>\n<\/td>\n<\/tr>\n<tr>\n<td width=\"84\">04\/10\/2024<\/td>\n<td width=\"50\"><strong>09h<\/strong><\/td>\n<td width=\"117\"><strong>Iohana Ramos Machado<\/strong><\/td>\n<td width=\"216\">As pr\u00e1ticas art\u00edsticas para inclus\u00e3o na Educa\u00e7\u00e3o Infantil<\/td>\n<td width=\"176\">Prof\u00aa. Dr\u00aa. Adriana Rodrigues Suarez - UEPG<\/p>\n<p>Prof\u00aa. Dr\u00aa. Vera Lucia Martiniak - UEPG<\/p>\n<p>Prof\u00aa. Dr\u00aa. Ana Val\u00e9ria de Figueiredo da Costa - UERJ<\/p>\n<\/td>\n<\/tr>\n<tr>\n<td width=\"84\">04\/10\/2024<\/td>\n<td width=\"50\"><strong>14h<\/strong><\/td>\n<td width=\"117\"><strong>Ismenia Lopes Oliveira<\/strong><\/td>\n<td width=\"216\">Desmistificando a epilepsia na forma\u00e7\u00e3o de professores da Educa\u00e7\u00e3o Infantil<\/td>\n<td width=\"176\">Prof.\u00aa Dr\u00aa. Karen Ribeiro - UEPG<\/p>\n<p>Prof.\u00aa Dr\u00aa. Elenice Parise Foltran - UEPG<\/p>\n<p>Prof.\u00aa Dr\u00aa. Silvia M\u00e1rcia Ferreira Meletti - UEL<\/p>\n<\/td>\n<\/tr>\n<tr>\n<td width=\"84\">23\/09\/2024<\/td>\n<td width=\"50\"><strong>09h<\/strong><\/td>\n<td width=\"117\"><strong>Thiele Araujo Pereira<\/strong><\/td>\n<td width=\"216\">DI\u00c1LOGO E INCLUS\u00c3O: A RELA\u00c7\u00c3O ENTRE M\u00c3ES DE ALUNOS COM DEFICI\u00caNCIA E PROFESSORES NA CONSTRU\u00c7\u00c3O DE UMA CULTURA DE PAZ<\/td>\n<td width=\"176\">Prof. Dr. Nei Alberto Salles Filho - UEPG<\/p>\n<p>Prof.\u00aa Dr\u00aa. Carolina Paioli Tavares - UEPG<\/p>\n<p>Prof. Dr. Antonio Carlos Frasson - UTFPR<\/p>\n<\/td>\n<\/tr>\n<tr>\n<td width=\"84\">24\/10\/2024<\/td>\n<td width=\"50\"><strong>14h<\/strong><\/td>\n<td width=\"117\"><strong>Karina de Fatima Gomes Grosskopf<\/strong><\/td>\n<td width=\"216\">CONTRIBUI\u00c7\u00d5ES DOS JOGOS DIGITAIS NA ALFABETIZA\u00c7\u00c3O DE CRIAN\u00c7AS COM DIFICULDADES DE APRENDIZAGEM: APLICATIVO DO M\u00c9TODO \u201cAPRENDER BRINCANDO\u201d E A ABORDAGEM DO DESENHO UNIVERSAL PARA APRENDIZAGEM (DUA)<\/td>\n<td width=\"176\">Prof. Dr. Ariangelo Hauer Dias - UEPG<\/p>\n<p>Prof\u00aa. Dr\u00aa. Vera Lucia Martiniak - UEPG<\/p>\n<p>Prof\u00aa. Dr\u00aa. C\u00edcera A. Lima Malheiro - UNESP<\/p>\n<\/td>\n<\/tr>\n<tr>\n<td width=\"84\">24\/10\/2024<\/td>\n<td width=\"50\"><strong>14h<\/strong><\/td>\n<td width=\"117\"><strong>Regis Luciane Lovatto<\/strong><\/td>\n<td width=\"216\">DESAFIOS E POSSIBILIDADES NA SALA DE RECURSOS MULTIFUNCIONAL PARA ALUNOS COM ALTAS HABILIDADES\/SUPERDOTA\u00c7\u00c3O<\/td>\n<td width=\"176\">Prof\u00aa. Dr\u00aa. Nelba Maria Teixeira Pisacco - UEPG<\/p>\n<p>Prof\u00aa. Dr\u00aa. Karen Ribeiro - UEPG<\/p>\n<p>Prof\u00aa. Dr\u00aa. Marcia Raika e Silva Lima - UEMA<\/p>\n<\/td>\n<\/tr>\n<tr>\n<td width=\"84\">24\/10\/2024<\/td>\n<td width=\"50\"><strong>14:30h<\/strong><\/td>\n<td width=\"117\"><strong>Adriana Garcia<\/strong><\/td>\n<td width=\"216\">Forma\u00e7\u00e3o continuada: educa\u00e7\u00e3o inclusiva na educa\u00e7\u00e3o infantil<\/td>\n<td width=\"176\">Prof\u00aa. Dr\u00aa. Carolina Paioli Tavares - UEPG<\/p>\n<p>Prof. Dr. Jos\u00e9 Fabiano Costa Justus - UEPG<\/p>\n<p>Prof\u00aa. Dr\u00aa. Milene Zanoni da Silva - UFPR<\/p>\n<\/td>\n<\/tr>\n<tr>\n<td width=\"84\">25\/10\/2024<\/td>\n<td width=\"50\"><strong>09h<\/strong><\/td>\n<td width=\"117\"><strong>Divina Ledo de Carvalho Silva<\/strong><\/td>\n<td width=\"216\">JOGO TRILHA DAS PALAVRAS: POTENCIALIZADOR<br \/>\nPEDAG\u00d3GICO PARA ALUNOS COM DEFICI\u00caNCIA INTELECTUAL, UM ESTUDO DE CASO<\/td>\n<td width=\"176\">Prof. Dr. Jos\u00e9 Fabiano Costa Justus - UEPG<\/p>\n<p>Prof. Dr. Albino Szesz Junior - UEPG<\/p>\n<p>Prof\u00aa. Dr\u00aa. Gesilaine Mucio Ferreira - UEM<\/p>\n<\/td>\n<\/tr>\n<tr>\n<td width=\"84\">25\/10\/2024<\/td>\n<td width=\"50\"><strong>09h<\/strong><\/td>\n<td width=\"117\"><strong>Eliane Grisa<\/strong><\/td>\n<td width=\"216\">A INCLUS\u00c3O DAS MENINAS COM ALTAS HABILIDADES\/SUPERDOTA\u00c7\u00c3O NO ESPA\u00c7O ESCOLAR NO MUNIC\u00cdPIO DE MARECHAL C\u00c2NDIDO RONDON\/PR E A PR\u00c1TICA DOCENTE NO DESVENDAR DE POTENCIALIDADES<\/td>\n<td width=\"176\">Prof\u00aa. Dr\u00aa. Edina Schimanski \u2013 UEPG<\/p>\n<p>Prof\u00aa. Dr\u00aa. Adriana Rodrigues Suarez - UEPG<\/p>\n<p>Prof\u00aa. Dr\u00aa. Eliane Rose Maio - UEM<\/p>\n<\/td>\n<\/tr>\n<tr>\n<td width=\"84\">25\/10\/2024<\/td>\n<td width=\"50\"><strong>14h<\/strong><\/td>\n<td width=\"117\"><strong>Claudinea Pereira Dias Queiroz<\/strong><\/td>\n<td width=\"216\">A forma\u00e7\u00e3o do profissional de apoio para media\u00e7\u00e3o da aprendizagem do estudante com transtorno do espectro autista<\/td>\n<td width=\"176\">Prof.\u00aa Dr\u00aa. Elenice Parise Foltran - UEPG<\/p>\n<p>Prof\u00aa. Dr\u00aa. Nelba Maria Teixeira Pisacco - UEPG<\/p>\n<p>Prof. Dr. Eduardo Gomes Onofre - UEPB<\/p>\n<\/td>\n<\/tr>\n<tr>\n<td width=\"84\">28\/10\/2024<\/td>\n<td width=\"50\"><strong>09h<\/strong><\/td>\n<td width=\"117\"><strong>Ana Paula Almeida de Matos<\/strong><\/td>\n<td width=\"216\">DUPLA EXCEPCIONALIDADE (TEA E AH\/SD): VIV\u00caNCIAS NAS SALAS DE RECURSOS DE AH\/SD DE CEIL\u00c2NDIA<\/td>\n<td width=\"176\">Prof\u00aa. Dr\u00aa. Edina Schimanski \u2013 UEPG<\/p>\n<p>Prof\u00aa. Dr\u00aa. Silmara Carneiro e Silva \u2013 UEPG<\/p>\n<p>Prof\u00aa. Dr\u00aa. Rosidelma Fraga \u2013 UFRR<\/p>\n<\/td>\n<\/tr>\n<tr>\n<td width=\"84\"><\/td>\n<td width=\"50\"><\/td>\n<td width=\"117\"><\/td>\n<td width=\"216\"><\/td>\n<td width=\"176\"><\/td>\n<\/tr>\n<tr>\n<td width=\"84\"><\/td>\n<td width=\"50\"><\/td>\n<td width=\"117\"><\/td>\n<td width=\"216\"><\/td>\n<td width=\"176\"><\/td>\n<\/tr>\n<tr>\n<td width=\"84\"><\/td>\n<td width=\"50\"><\/td>\n<td width=\"117\"><\/td>\n<td width=\"216\"><\/td>\n<td width=\"176\"><\/td>\n<\/tr>\n<tr>\n<td width=\"84\"><\/td>\n<td width=\"50\"><\/td>\n<td width=\"117\"><\/td>\n<td width=\"216\"><\/td>\n<td width=\"176\"><\/td>\n<\/tr>\n<\/tbody>\n<\/table>\n<\/div>\n<\/div><\/div><\/div><\/div><\/div>","protected":false},"excerpt":{"rendered":"<p>TURMA 2020 Bancas Defesas Online \u2013 Google Meeting 18\/07\/2022 14h OLGA MARA BUENO\u200b ESCOLARIZA\u00c7\u00c3O DE JOVENS E ADULTOS COM DEFICI\u00caNCIA INTELECTUAL: contribui\u00e7\u00f5es da Teoria Hist\u00f3rico-Cultural para o desenvolvimento pedag\u00f3gico Prof.\u00aa Dra. Rita de C\u00e1ssia da Silva Oliveira \u2013 UEPG Prof.\u00aa Dra. Vera Lucia Martiniak &#8211; UEPG Prof\u00aa Dr\u00aa Sonia Shima Barroco &#8211; UEM 19\/09\/2022 14h&nbsp;&hellip;<\/p>\n","protected":false},"author":692,"featured_media":0,"parent":0,"menu_order":0,"comment_status":"closed","ping_status":"closed","template":"","meta":[],"_links":{"self":[{"href":"https:\/\/www2.uepg.br\/profei\/wp-json\/wp\/v2\/pages\/842"}],"collection":[{"href":"https:\/\/www2.uepg.br\/profei\/wp-json\/wp\/v2\/pages"}],"about":[{"href":"https:\/\/www2.uepg.br\/profei\/wp-json\/wp\/v2\/types\/page"}],"author":[{"embeddable":true,"href":"https:\/\/www2.uepg.br\/profei\/wp-json\/wp\/v2\/users\/692"}],"replies":[{"embeddable":true,"href":"https:\/\/www2.uepg.br\/profei\/wp-json\/wp\/v2\/comments?post=842"}],"version-history":[{"count":24,"href":"https:\/\/www2.uepg.br\/profei\/wp-json\/wp\/v2\/pages\/842\/revisions"}],"predecessor-version":[{"id":1096,"href":"https:\/\/www2.uepg.br\/profei\/wp-json\/wp\/v2\/pages\/842\/revisions\/1096"}],"wp:attachment":[{"href":"https:\/\/www2.uepg.br\/profei\/wp-json\/wp\/v2\/media?parent=842"}],"curies":[{"name":"wp","href":"https:\/\/api.w.org\/{rel}","templated":true}]}}