{"id":11,"date":"2020-04-20T14:57:56","date_gmt":"2020-04-20T17:57:56","guid":{"rendered":"http:\/\/www2.uepg.br\/profhistoria\/?page_id=11"},"modified":"2025-08-29T19:14:35","modified_gmt":"2025-08-29T22:14:35","slug":"editais","status":"publish","type":"page","link":"https:\/\/www2.uepg.br\/profhistoria\/editais\/","title":{"rendered":"Editais"},"content":{"rendered":"<h2>EDITAL DE MESTRADO E DOUTORADO 2026<\/h2>\n<h3><strong>MESTRADO<\/strong><\/h3>\n<p>Est\u00e1 aberto o Edital, para sele\u00e7\u00e3o do Mestrado Profissional em Ensino de Hist\u00f3ria-UEPG, para ingresso em 2026.<\/p>\n<p><strong>Inscri\u00e7\u00f5es<\/strong>:<a href=\"https:\/\/econrio.com.br\/index.php\/course\/mestrado-profissional-em-ensino-de-historia-profhistoria-2026\/\"> https:\/\/econrio.com.br\/index.php\/course\/mestrado-profissional-em-ensino-de-historia-profhistoria-2026\/<\/a><\/p>\n<h3><strong>DOUTORADO<\/strong><\/h3>\n<p>Est\u00e1 aberto o Edital, para sele\u00e7\u00e3o do Doutorado Profissional em Ensino de Hist\u00f3ria-UEPG, para ingresso em 2026.<\/p>\n<p><strong>Inscri\u00e7\u00f5es<\/strong>: <a href=\"https:\/\/econrio.com.br\/index.php\/course\/doutorado-profissional-em-ensino-de-historia-profhistoria-2026\/\">https:\/\/econrio.com.br\/index.php\/course\/doutorado-profissional-em-ensino-de-historia-profhistoria-2026\/<\/a><\/p>\n<p>&nbsp;<\/p>\n<h1>EDITAL DE SELE\u00c7\u00c3O MESTRADO E DOUTORA 2025<\/h1>\n<p>Est\u00e1 aberto o edital para sele\u00e7\u00e3o do Mestrado e Doutorado Profissional em Ensino de Hist\u00f3ria-UEPG, para ingresso em 2025.<\/p>\n<p><strong>Inscri\u00e7\u00f5es:<\/strong> podem ser feitas atrav\u00e9s do site<a href=\"https:\/\/econrio.com.br\/index.php\/course\/selecao-profissional-em-ensino-de-historia-profhistoria-2025\/?fbclid=IwY2xjawFa9zhleHRuA2FlbQIxMAABHfF_gHz7nk_oGCUx1szPl9VaG9ocBqhEqyasYyeUGqUZwhNCMChOa7_OWA_aem_Uukm2WYJPnn8L-R24sO_Bg\"> https:\/\/econrio.com.br\/index.php\/course\/selecao-profissional-em-ensino-de-historia-profhistoria<\/a><\/p>\n<p><strong>N\u00famero Vagas na UEPG:<\/strong><\/p>\n<p>15 vagas Mestrado<\/p>\n<p>03 vagas Doutorado<\/p>\n<p><strong>Per\u00edodo de inscri\u00e7\u00e3o Mestrado:<\/strong> 20\/08\/2024 a 13\/11\/2024<\/p>\n<p><strong>Prova Mestrado:<\/strong> 08\/12\/2024 &#8211; na UEPG<\/p>\n<p><strong>Per\u00edodo de inscri\u00e7\u00e3o Doutorado:<\/strong> 20\/08\/2024 a 09\/10\/2024<\/p>\n<p><strong>Prova Doutorado:<\/strong> a Sele\u00e7\u00e3o do doutorado ser\u00e1 em tr\u00eas etapas: 1- An\u00e1lise e adequa\u00e7\u00e3o Projeto pela Comiss\u00e3o Local; 2- Prova oral sobre o Projeto pela Comiss\u00e3o Local; 3- Avalia\u00e7\u00e3o dos Projetos pela Comiss\u00e3o Nacional<\/p>\n<p><strong>In\u00edcio das aulas:<\/strong> mar\u00e7o de 2025<\/p>\n<p>O Mestrado e Doutorado Profissional em Ensino de Hist\u00f3ria &#8211; ProfHist\u00f3ria \u00e9 um Programa em rede, coordenado pela UFRJ e que re\u00fane 39 Institui\u00e7\u00f5es Polo em todo pa\u00eds, por isso a sele\u00e7\u00e3o \u00e9 nacional, com prova \u00fanica para todas as universidades.<\/p>\n<p>O ProfHist\u00f3ria \u00e9 destinado a professores e professoras de Hist\u00f3ria da Educa\u00e7\u00e3o B\u00e1sica, que atuam em qualquer etapa, da Educa\u00e7\u00e3o Infantil ao Ensino M\u00e9dio. Para participar os candidatos(as) devem comprovar atua\u00e7\u00e3o em sala de aula.<\/p>\n<p>Na UEPG as aulas do Mestrado s\u00e3o sempre \u00e0s quintas-feiras a noite e na sexta-feira manh\u00e3 e tarde. O Mestrado tem dura\u00e7\u00e3o de 24 meses, conforme normas da CAPES.<\/p>\n<p>O Doutorado contar\u00e1 com aulas presenciais \u00e0s quintas-feiras \u00e0 noite e sexta-feira manh\u00e3 e tarde, al\u00e9m de algumas disciplinas no formato remoto em rede. E tem dura\u00e7\u00e3o de 48 meses.<\/p>\n<p>Mais informa\u00e7\u00f5es podem ser encontradas aqui no site do Programa e na p\u00e1gina Nacional:\u00a0<a href=\"https:\/\/profhistoria.ufrj.br\/\">https:\/\/profhistoria.ufrj.br\/<\/a><\/p>\n<p>D\u00favidas podem ser enviadas pelo e-mail do Programa:\u00a0<a href=\"mailto:profhistoriauepg2017@gmail.com\">profhistoriauepg2017@gmail.com<\/a><\/p>\n<h1><\/h1>\n<h1>EDITAL DE CREDENCIAMENTO DE DOCENTES 2024<\/h1>\n<p>Encontra-se aberto o Edital de credenciamento de docentes permanentes para o Programa de Mestrado Profissional em Ensino de Hist\u00f3ria.<\/p>\n<p><strong>Inscri\u00e7\u00e3o<\/strong>: 15\/agosto a 08\/setembro\/2024<\/p>\n<p>O processo de credenciamento tem duas etapas, uma local e outra nacional. Os docentes inscritos tem seu curr\u00edculo avaliado pela CAL (Comiss\u00e3o Acad\u00eamica Local), as inscri\u00e7\u00f5es aprovadas s\u00e3o encaminhadas para a CAN (Comiss\u00e3o Acad\u00eamica Nacional). O resultado final deve ser divulgado em dezembro.<\/p>\n<p>Todos os detalhes da inscri\u00e7\u00e3o de docentes constam do Edital de Credenciamento de Docentes 2024.<\/p>\n<p>D\u00favidas podem entrar em contato via e-mail: profhist\u00f3riauepg2017@gmail.com<\/p>\n<p>Acesso aqui\u00a0<a href=\"http:\/\/www2.uepg.br\/profhistoria\/wp-content\/uploads\/sites\/179\/2024\/06\/Edital-Credenciamento-ProfHistoria-UEPG-2024-25.pdf\">Edital Credenciamento ProfHistoria UEPG 2024<\/a><\/p>\n<h1>EDITAL DE SELE\u00c7\u00c3O 2024<\/h1>\n<p>Est\u00e1 aberto o edital para sele\u00e7\u00e3o do Mestrado Profissional em Ensino de Hist\u00f3ria-UEPG, para ingresso em 2024.<\/p>\n<p><strong>Inscri\u00e7\u00f5es:<\/strong> podem ser feitas atrav\u00e9s do site <a href=\"https:\/\/www.econrio.com.br\/index.php\/course\/mestrado-profissional-em-ensino-de-historia-profhistoria-2024\/\">https:\/\/www.econrio.com.br\/index.php\/course\/mestrado-profissional-em-ensino-de-historia-profhistoria-2024\/\u00a0<\/a><\/p>\n<p><strong>N\u00famero Vagas na UEPG:<\/strong> 15 vagas<\/p>\n<p><strong>Per\u00edodo de inscri\u00e7\u00e3o:<\/strong> 22\/08\/2023 a 10\/10\/2023<\/p>\n<p><strong>Prova:<\/strong> 29\/10\/2023 &#8211; na UEPG<\/p>\n<p><strong>In\u00edcio das aulas:<\/strong> mar\u00e7o de 2024<\/p>\n<p>O Mestrado Profissional em Ensino de Hist\u00f3ria &#8211; ProfHist\u00f3ria \u00e9 um Programa em rede, coordenado pela UFRJ e que re\u00fane 39 Institui\u00e7\u00f5es Polo em todo pa\u00eds, por isso a sele\u00e7\u00e3o \u00e9 nacional, com prova \u00fanica no dia 06 de novembro.<\/p>\n<p>O ProfHist\u00f3ria \u00e9 destinado a professores e professoras de Hist\u00f3ria da Educa\u00e7\u00e3o B\u00e1sica, que atuam em qualquer etapa, da Educa\u00e7\u00e3o Infantil ao Ensino M\u00e9dio. Para participar os candidatos(as) devem comprovar atua\u00e7\u00e3o em sala de aula.<\/p>\n<p>Na UEPG as aulas do Mestrado s\u00e3o sempre \u00e0s quintas-feiras a noite e na sexta-feira manh\u00e3 e tarde. O Mestrado tem dura\u00e7\u00e3o de 24 meses, conforme normas da CAPES.<\/p>\n<p>Mais informa\u00e7\u00f5es podem ser encontradas aqui no site do Programa e na p\u00e1gina Nacional:\u00a0<a href=\"https:\/\/profhistoria.ufrj.br\/\">https:\/\/profhistoria.ufrj.br\/<\/a><\/p>\n<p>D\u00favidas podem ser enviadas pelo e-mail do Programa:\u00a0<a href=\"mailto:profhistoriauepg2017@gmail.com\">profhistoriauepg2017@gmail.com<\/a><\/p>\n<p>&nbsp;<\/p>\n<h2>EDITAL DE CREDENCIAMENTO DE DOCENTES 2023<\/h2>\n<p>Encontra-se aberto o Edital de credenciamento de docentes permanentes para o Programa de Mestrado Profissional em Ensino de Hist\u00f3ria.<\/p>\n<p><strong>Inscri\u00e7\u00e3o<\/strong>: 28\/07 a 31\/agosto\/2023<\/p>\n<p>O processo de credenciamento tem duas etapas, uma local e outra nacional. Os docentes inscritos tem seu curr\u00edculo avaliado pela CAL (Comiss\u00e3o Acad\u00eamica Local), as inscri\u00e7\u00f5es aprovadas s\u00e3o encaminhadas para a CAN (Comiss\u00e3o Acad\u00eamica Nacional). O resultado final deve ser divulgado no final de julho.<\/p>\n<p>Todos os detalhes da inscri\u00e7\u00e3o de docentes constam do Edital de Credenciamento de Docentes 2023.<\/p>\n<p>D\u00favidas podem entrar em contato via e-mail: profhist\u00f3riauepg2017@gmail.com<\/p>\n<p><a href=\"http:\/\/www2.uepg.br\/profhistoria\/wp-content\/uploads\/sites\/179\/2023\/08\/Edital-Credenciamento-2023-1.pdf\">Edital Credenciamento 2023<\/a><\/p>\n<p>&nbsp;<\/p>\n<p>&nbsp;<\/p>\n<h1>EDITAL DE SELE\u00c7\u00c3O 2023<\/h1>\n<p>Est\u00e1 aberto o edital para sele\u00e7\u00e3o do Mestrado Profissional em Ensino de Hist\u00f3ria-UEPG, para ingresso em 2023.<\/p>\n<p><strong>Inscri\u00e7\u00f5es:<\/strong>\u00a0podem ser feitas atrav\u00e9s do site\u00a0https:\/\/www.vestibular.uerj.br\/?page_id=12388<\/p>\n<p><strong>N\u00famero Vagas na UEPG:<\/strong>\u00a014 vagas<\/p>\n<p><strong>Per\u00edodo de inscri\u00e7\u00e3o:<\/strong>\u00a030\/08 a 06\/10\/2022<\/p>\n<p><strong>Prova:<\/strong>\u00a006\/11\/2021 &#8211; na UEPG<\/p>\n<p><strong>In\u00edcio das aulas:<\/strong>\u00a0mar\u00e7o de 2023<\/p>\n<p>O Mestrado Profissional em Ensino de Hist\u00f3ria &#8211; ProfHist\u00f3ria \u00e9 um Programa em rede, coordenado pela UFRJ e que re\u00fane 39 Institui\u00e7\u00f5es Polo em todo pa\u00eds, por isso a sele\u00e7\u00e3o \u00e9 nacional, com prova \u00fanica no dia 06 de novembro.<\/p>\n<p>O ProfHist\u00f3ria \u00e9 destinado a professores e professoras de Hist\u00f3ria da Educa\u00e7\u00e3o B\u00e1sica, que atuam em qualquer etapa, da Educa\u00e7\u00e3o Infantil ao Ensino M\u00e9dio. Para participar os candidatos(as) devem comprovar atua\u00e7\u00e3o em sala de aula.<\/p>\n<p>Na UEPG as aulas do Mestrado s\u00e3o sempre \u00e0s quintas-feiras a noite e na sexta-feira manh\u00e3 e tarde. O Mestrado tem dura\u00e7\u00e3o de 24 meses, conforme normas da CAPES.<\/p>\n<p>Mais informa\u00e7\u00f5es podem ser encontradas aqui no site do Programa e na p\u00e1gina Nacional:\u00a0<a href=\"https:\/\/profhistoria.ufrj.br\/\">https:\/\/profhistoria.ufrj.br\/<\/a><\/p>\n<p>D\u00favidas podem ser enviadas pelo e-mail do Programa:\u00a0<a href=\"mailto:profhistoriauepg2017@gmail.com\">profhistoriauepg2017@gmail.com<\/a><\/p>\n<p>&nbsp;<\/p>\n<p>&nbsp;<\/p>\n<h2>EDITAL DE CREDENCIAMENTO DE DOCENTES 2022<\/h2>\n<p>Encontra-se aberto o Edital de credenciamento de docentes permanentes para o Programa de Mestrado Profissional em Ensino de Hist\u00f3ria.<\/p>\n<p><strong>Inscri\u00e7\u00e3o<\/strong>: 18 a 28\/abril\/2022<\/p>\n<p>O processo de credenciamento tem duas etapas, uma local e outra nacional. Os docentes inscritos tem seu curr\u00edculo avaliado pela CAL (Comiss\u00e3o Acad\u00eamica Local), as inscri\u00e7\u00f5es aprovadas s\u00e3o encaminhadas para a CAN (Comiss\u00e3o Acad\u00eamica Nacional). O resultado final deve ser divulgado no final de julho.<\/p>\n<p>Todos os detalhes da inscri\u00e7\u00e3o de docentes constam do Edital de Credenciamento de Docentes 2022.<\/p>\n<p>D\u00favidas podem entrar em contato via e-mail: profhist\u00f3riauepg2017@gmail.com<\/p>\n<p><a href=\"http:\/\/www2.uepg.br\/profhistoria\/wp-content\/uploads\/sites\/179\/2022\/04\/Edital-Credenciamento-2022.pdf\">Edital Credenciamento 2022<\/a><\/p>\n<p>&nbsp;<\/p>\n<h2>EDITAL DE SELE\u00c7\u00c3O 2022<\/h2>\n<p>Est\u00e1 aberto o edital para sele\u00e7\u00e3o do Mestrado Profissional em Ensino de Hist\u00f3ria-UEPG, para ingresso em 2022.<\/p>\n<p><strong>Inscri\u00e7\u00f5es:<\/strong> podem ser feitas atrav\u00e9s do site <a href=\"http:\/\/econ.rio.br\/profhistoria\">econ.rio.br\/profhistoria<\/a><\/p>\n<p><strong>N\u00famero Vagas na UEPG:<\/strong> 15 vagas<\/p>\n<p><strong>Per\u00edodo de inscri\u00e7\u00e3o:<\/strong> 10\/09 a 27\/10\/2021<\/p>\n<p><strong>Prova:<\/strong> 07\/11\/2021<\/p>\n<p><strong>Resultado<\/strong>: 03\/12\/2021<\/p>\n<p><strong>In\u00edcio das aulas:<\/strong> fevereiro de 2022<\/p>\n<p>Este ano, devido a pandemia, a prova ser\u00e1 realizada de forma remota, todas as informa\u00e7\u00f5es est\u00e3o no edital dispon\u00edvel no site de inscri\u00e7\u00e3o.<\/p>\n<p>O Mestrado Profissional em Ensino de Hist\u00f3ria &#8211; ProfHist\u00f3ria \u00e9 um Programa em rede, coordenado pela UFRJ e que re\u00fane 39 Institui\u00e7\u00f5es Polo em todo pa\u00eds, por isso a sele\u00e7\u00e3o \u00e9 nacional, com prova \u00fanica no dia 07 de novembro.<\/p>\n<p>O ProfHist\u00f3ria \u00e9 destinado a professores e professoras de Hist\u00f3ria da Educa\u00e7\u00e3o B\u00e1sica, que atuam em qualquer etapa, da Educa\u00e7\u00e3o Infantil ao Ensino M\u00e9dio. Para participar os candidatos(as) devem comprovar atua\u00e7\u00e3o em sala de aula.<\/p>\n<p>Na UEPG as aulas do Mestrado s\u00e3o sempre \u00e0s quintas-feiras a noite e na sexta-feira manh\u00e3 e tarde. O Mestrado tem dura\u00e7\u00e3o de 24 meses, conforme normas da CAPES.<\/p>\n<p>Mais informa\u00e7\u00f5es podem ser encontradas aqui no site do Programa e na p\u00e1gina Nacional: <a href=\"https:\/\/profhistoria.ufrj.br\/\">https:\/\/profhistoria.ufrj.br\/<\/a><\/p>\n<p>D\u00favidas podem ser enviadas pelo e-mail do Programa: <a href=\"mailto:profhistoriauepg2017@gmail.com\">profhistoriauepg2017@gmail.com<\/a><\/p>\n<p>&nbsp;<\/p>\n<h4>EDITAL SELE\u00c7\u00c3O NACIONAL 2021<\/h4>\n<p>O edital de sele\u00e7\u00e3o 2021 foi suspenso em consequ\u00eancia da pandemia da Covid-19. Em breve teremos informa\u00e7\u00f5es sobre a sele\u00e7\u00e3o 2022, com provas no segundo semestre de 2021.<\/p>\n<h4><a href=\"https:\/\/profhistoria.ufrj.br\/uploads\/anexos_processo_seletivo\/5d4083eb521c3_Edital-Profhistoria-2020.pdf\">EDITAL SELE\u00c7\u00c3O NACIONAL 2020<\/a><\/h4>\n<p>&nbsp;<\/p>\n","protected":false},"excerpt":{"rendered":"<p>EDITAL DE MESTRADO E DOUTORADO 2026 MESTRADO Est\u00e1 aberto o Edital, para sele\u00e7\u00e3o do Mestrado Profissional em Ensino de Hist\u00f3ria-UEPG, para ingresso em 2026. Inscri\u00e7\u00f5es: https:\/\/econrio.com.br\/index.php\/course\/mestrado-profissional-em-ensino-de-historia-profhistoria-2026\/ DOUTORADO Est\u00e1 aberto o Edital, para sele\u00e7\u00e3o do Doutorado Profissional em Ensino de Hist\u00f3ria-UEPG, para ingresso em 2026. Inscri\u00e7\u00f5es: https:\/\/econrio.com.br\/index.php\/course\/doutorado-profissional-em-ensino-de-historia-profhistoria-2026\/ &nbsp; EDITAL DE SELE\u00c7\u00c3O MESTRADO E DOUTORA 2025 Est\u00e1&nbsp;&hellip;<\/p>\n","protected":false},"author":24,"featured_media":0,"parent":0,"menu_order":0,"comment_status":"closed","ping_status":"closed","template":"","meta":[],"_links":{"self":[{"href":"https:\/\/www2.uepg.br\/profhistoria\/wp-json\/wp\/v2\/pages\/11"}],"collection":[{"href":"https:\/\/www2.uepg.br\/profhistoria\/wp-json\/wp\/v2\/pages"}],"about":[{"href":"https:\/\/www2.uepg.br\/profhistoria\/wp-json\/wp\/v2\/types\/page"}],"author":[{"embeddable":true,"href":"https:\/\/www2.uepg.br\/profhistoria\/wp-json\/wp\/v2\/users\/24"}],"replies":[{"embeddable":true,"href":"https:\/\/www2.uepg.br\/profhistoria\/wp-json\/wp\/v2\/comments?post=11"}],"version-history":[{"count":44,"href":"https:\/\/www2.uepg.br\/profhistoria\/wp-json\/wp\/v2\/pages\/11\/revisions"}],"predecessor-version":[{"id":488,"href":"https:\/\/www2.uepg.br\/profhistoria\/wp-json\/wp\/v2\/pages\/11\/revisions\/488"}],"wp:attachment":[{"href":"https:\/\/www2.uepg.br\/profhistoria\/wp-json\/wp\/v2\/media?parent=11"}],"curies":[{"name":"wp","href":"https:\/\/api.w.org\/{rel}","templated":true}]}}