{"id":119,"date":"2021-03-30T13:02:27","date_gmt":"2021-03-30T16:02:27","guid":{"rendered":"https:\/\/www2.uepg.br\/profhistoria\/?page_id=119"},"modified":"2021-07-07T11:44:19","modified_gmt":"2021-07-07T14:44:19","slug":"apresentacao","status":"publish","type":"page","link":"https:\/\/www2.uepg.br\/profhistoria\/apresentacao\/","title":{"rendered":"Formul\u00e1rios"},"content":{"rendered":"<h3 style=\"text-align: left\"><strong>Aqui voc\u00ea encontra os formul\u00e1rios que vai precisar ao longo do curso:<\/strong><\/h3>\n<p>1-\u00a0<strong>APROVEITAMENTO DISCIPLINA ELETIVA<\/strong><\/p>\n<p>&nbsp;<\/p>\n<p><strong>2- VALIDA\u00c7\u00c3O L\u00cdNGUA ESTRANGEIRA<\/strong><\/p>\n<p>&nbsp;<\/p>\n<p><strong>3- AGENDAMENTO DE BANCA DE QUALIFICA\u00c7\u00c3O<\/strong><\/p>\n<p><a href=\"http:\/\/www2.uepg.br\/profhistoria\/wp-content\/uploads\/sites\/179\/2021\/05\/Solicitacao-Banca-Qualificacao-de-Dissertacao.doc\">Solicita\u00e7\u00e3o Banca Qualifica\u00e7\u00e3o de Disserta\u00e7\u00e3o<\/a><\/p>\n<p><strong>4- AGENDAMENTO DE BANCA DE DEFESA<\/strong><\/p>\n<p><a href=\"http:\/\/www2.uepg.br\/profhistoria\/wp-content\/uploads\/sites\/179\/2021\/05\/Solicitacao-Banca-Defesa-de-Dissertacao.doc\">Solicita\u00e7\u00e3o Banca Defesa de Disserta\u00e7\u00e3o<\/a><\/p>\n<p><strong>5- ENTREGA DA VERS\u00c3O FINAL DA DISSERTA\u00c7\u00c3O<\/strong><\/p>\n<p><a href=\"http:\/\/www2.uepg.br\/profhistoria\/wp-content\/uploads\/sites\/179\/2021\/05\/Termo-de-autorizacao-Biblioteca.docx\">Termo de autoriza\u00e7\u00e3o Biblioteca<\/a><\/p>\n<p><a href=\"http:\/\/www2.uepg.br\/profhistoria\/wp-content\/uploads\/sites\/179\/2021\/05\/Orientacoes-para-deposito-da-Dissertacao-Final.pdf\">Orienta\u00e7\u00f5es para dep\u00f3sito da Disserta\u00e7\u00e3o Final<\/a><\/p>\n<p><a href=\"https:\/\/deinfo.uepg.br\/~tcc\/doc\/Manual_ABNT_UEPG_2019.pdf\">Manual de normaliza\u00e7\u00e3o bibliogr\u00e1fica para trabalhos cient\u00edficos<\/a><\/p>\n<p>&nbsp;<\/p>\n","protected":false},"excerpt":{"rendered":"<p>Aqui voc\u00ea encontra os formul\u00e1rios que vai precisar ao longo do curso: 1-\u00a0APROVEITAMENTO DISCIPLINA ELETIVA &nbsp; 2- VALIDA\u00c7\u00c3O L\u00cdNGUA ESTRANGEIRA &nbsp; 3- AGENDAMENTO DE BANCA DE QUALIFICA\u00c7\u00c3O Solicita\u00e7\u00e3o Banca Qualifica\u00e7\u00e3o de Disserta\u00e7\u00e3o 4- AGENDAMENTO DE BANCA DE DEFESA Solicita\u00e7\u00e3o Banca Defesa de Disserta\u00e7\u00e3o 5- ENTREGA DA VERS\u00c3O FINAL DA DISSERTA\u00c7\u00c3O Termo de autoriza\u00e7\u00e3o Biblioteca Orienta\u00e7\u00f5es&nbsp;&hellip;<\/p>\n","protected":false},"author":305,"featured_media":0,"parent":0,"menu_order":0,"comment_status":"closed","ping_status":"closed","template":"","meta":[],"_links":{"self":[{"href":"https:\/\/www2.uepg.br\/profhistoria\/wp-json\/wp\/v2\/pages\/119"}],"collection":[{"href":"https:\/\/www2.uepg.br\/profhistoria\/wp-json\/wp\/v2\/pages"}],"about":[{"href":"https:\/\/www2.uepg.br\/profhistoria\/wp-json\/wp\/v2\/types\/page"}],"author":[{"embeddable":true,"href":"https:\/\/www2.uepg.br\/profhistoria\/wp-json\/wp\/v2\/users\/305"}],"replies":[{"embeddable":true,"href":"https:\/\/www2.uepg.br\/profhistoria\/wp-json\/wp\/v2\/comments?post=119"}],"version-history":[{"count":16,"href":"https:\/\/www2.uepg.br\/profhistoria\/wp-json\/wp\/v2\/pages\/119\/revisions"}],"predecessor-version":[{"id":364,"href":"https:\/\/www2.uepg.br\/profhistoria\/wp-json\/wp\/v2\/pages\/119\/revisions\/364"}],"wp:attachment":[{"href":"https:\/\/www2.uepg.br\/profhistoria\/wp-json\/wp\/v2\/media?parent=119"}],"curies":[{"name":"wp","href":"https:\/\/api.w.org\/{rel}","templated":true}]}}