{"id":139,"date":"2021-03-30T13:06:05","date_gmt":"2021-03-30T16:06:05","guid":{"rendered":"https:\/\/www2.uepg.br\/profhistoria\/?page_id=139"},"modified":"2021-06-11T15:52:45","modified_gmt":"2021-06-11T18:52:45","slug":"estrutura-curricular","status":"publish","type":"page","link":"https:\/\/www2.uepg.br\/profhistoria\/estrutura-curricular\/","title":{"rendered":"Estrutura Curricular e Disciplinas"},"content":{"rendered":"<p><strong>O CURSO<\/strong><\/p>\n<p><strong>\u00a0<\/strong><strong>Carga Hor\u00e1ria: <\/strong>420 horas ou 28 cr\u00e9ditos entre disciplinas obrigat\u00f3rias, disciplina eletiva, disciplinas optativas e Disserta\u00e7\u00e3o.<\/p>\n<p><strong>Dura\u00e7\u00e3o<\/strong>: 24 meses<\/p>\n<p><strong>ORGANIZA\u00c7\u00c3O DO CURR\u00cdCULO DO CURSO<\/strong><\/p>\n<table>\n<tbody>\n<tr>\n<td colspan=\"4\" width=\"595\"><strong>Dura\u00e7\u00e3o: 24 meses<\/strong><\/td>\n<\/tr>\n<tr>\n<td width=\"160\"><strong>1\u00ba Semestre<\/strong><\/td>\n<td width=\"151\"><strong>2\u00ba Semestre<\/strong><\/td>\n<td width=\"151\"><strong>3\u00ba Semestre<\/strong><\/td>\n<td width=\"132\"><strong>4\u00ba Semestre<\/strong><\/td>\n<\/tr>\n<tr>\n<td width=\"160\">&#8211; Teoria da Hist\u00f3ria (60h)<\/p>\n<p>&#8211; Hist\u00f3ria do Ensino de Hist\u00f3ria (60h)<\/p>\n<p>&#8211; Optativa I (60h)<\/td>\n<td width=\"151\">&#8211; Semin\u00e1rio de Pesquisa (60h)<\/p>\n<p>&#8211; Optativa II (60h)<\/td>\n<td width=\"151\">&#8211; Semin\u00e1rio Tutorial (45h)<\/p>\n<p>&#8211; Eletiva (45)<\/td>\n<td width=\"132\">-Disserta\u00e7\u00e3o (45h)<\/td>\n<\/tr>\n<\/tbody>\n<\/table>\n<p>&nbsp;<\/p>\n","protected":false},"excerpt":{"rendered":"<p>O CURSO \u00a0Carga Hor\u00e1ria: 420 horas ou 28 cr\u00e9ditos entre disciplinas obrigat\u00f3rias, disciplina eletiva, disciplinas optativas e Disserta\u00e7\u00e3o. Dura\u00e7\u00e3o: 24 meses ORGANIZA\u00c7\u00c3O DO CURR\u00cdCULO DO CURSO Dura\u00e7\u00e3o: 24 meses 1\u00ba Semestre 2\u00ba Semestre 3\u00ba Semestre 4\u00ba Semestre &#8211; Teoria da Hist\u00f3ria (60h) &#8211; Hist\u00f3ria do Ensino de Hist\u00f3ria (60h) &#8211; Optativa I (60h) &#8211; Semin\u00e1rio&nbsp;&hellip;<\/p>\n","protected":false},"author":305,"featured_media":0,"parent":0,"menu_order":0,"comment_status":"closed","ping_status":"closed","template":"","meta":[],"_links":{"self":[{"href":"https:\/\/www2.uepg.br\/profhistoria\/wp-json\/wp\/v2\/pages\/139"}],"collection":[{"href":"https:\/\/www2.uepg.br\/profhistoria\/wp-json\/wp\/v2\/pages"}],"about":[{"href":"https:\/\/www2.uepg.br\/profhistoria\/wp-json\/wp\/v2\/types\/page"}],"author":[{"embeddable":true,"href":"https:\/\/www2.uepg.br\/profhistoria\/wp-json\/wp\/v2\/users\/305"}],"replies":[{"embeddable":true,"href":"https:\/\/www2.uepg.br\/profhistoria\/wp-json\/wp\/v2\/comments?post=139"}],"version-history":[{"count":6,"href":"https:\/\/www2.uepg.br\/profhistoria\/wp-json\/wp\/v2\/pages\/139\/revisions"}],"predecessor-version":[{"id":297,"href":"https:\/\/www2.uepg.br\/profhistoria\/wp-json\/wp\/v2\/pages\/139\/revisions\/297"}],"wp:attachment":[{"href":"https:\/\/www2.uepg.br\/profhistoria\/wp-json\/wp\/v2\/media?parent=139"}],"curies":[{"name":"wp","href":"https:\/\/api.w.org\/{rel}","templated":true}]}}