{"id":145,"date":"2021-03-30T13:06:51","date_gmt":"2021-03-30T16:06:51","guid":{"rendered":"https:\/\/www2.uepg.br\/profhistoria\/?page_id=145"},"modified":"2021-06-14T21:51:05","modified_gmt":"2021-06-15T00:51:05","slug":"revista-de-historia-regional","status":"publish","type":"page","link":"https:\/\/www2.uepg.br\/profhistoria\/revista-de-historia-regional\/","title":{"rendered":"Revista de Hist\u00f3ria Regional"},"content":{"rendered":"<p>A Revista de Hist\u00f3ria Regional define-se como espa\u00e7o de divulga\u00e7\u00e3o de trabalhos que tenham enquadramento te\u00f3rico e metodol\u00f3gico dentro do campo de pesquisa em Hist\u00f3ria e Regi\u00e3o. Articulada ao debate epistemol\u00f3gico na hist\u00f3ria e nas ci\u00eancias sociais, a revista tem por objetivo discutir a historicidade das pr\u00e1ticas sociais e culturais, das constru\u00e7\u00f5es discursivas e da produ\u00e7\u00e3o de sentidos que, no tempo e no espa\u00e7o, resultam em distintos processos de regionaliza\u00e7\u00f5es. O peri\u00f3dico \u00e9 uma publica\u00e7\u00e3o do Departamento e do Programa de P\u00f3s-Gradua\u00e7\u00e3o em Hist\u00f3ria (Mestrado em Hist\u00f3ria, Cultura e Identidades) da Universidade Estadual de Ponta Grossa.<\/p>\n<p>Para acessar clique aqui\u00a0 <a href=\"https:\/\/revistas2.uepg.br\/index.php\/rhr\">Revista de Hist\u00f3ria Regional\u00a0<\/a><\/p>\n<p>&nbsp;<\/p>\n","protected":false},"excerpt":{"rendered":"<p>A Revista de Hist\u00f3ria Regional define-se como espa\u00e7o de divulga\u00e7\u00e3o de trabalhos que tenham enquadramento te\u00f3rico e metodol\u00f3gico dentro do campo de pesquisa em Hist\u00f3ria e Regi\u00e3o. Articulada ao debate epistemol\u00f3gico na hist\u00f3ria e nas ci\u00eancias sociais, a revista tem por objetivo discutir a historicidade das pr\u00e1ticas sociais e culturais, das constru\u00e7\u00f5es discursivas e da&nbsp;&hellip;<\/p>\n","protected":false},"author":305,"featured_media":0,"parent":0,"menu_order":0,"comment_status":"closed","ping_status":"closed","template":"","meta":[],"_links":{"self":[{"href":"https:\/\/www2.uepg.br\/profhistoria\/wp-json\/wp\/v2\/pages\/145"}],"collection":[{"href":"https:\/\/www2.uepg.br\/profhistoria\/wp-json\/wp\/v2\/pages"}],"about":[{"href":"https:\/\/www2.uepg.br\/profhistoria\/wp-json\/wp\/v2\/types\/page"}],"author":[{"embeddable":true,"href":"https:\/\/www2.uepg.br\/profhistoria\/wp-json\/wp\/v2\/users\/305"}],"replies":[{"embeddable":true,"href":"https:\/\/www2.uepg.br\/profhistoria\/wp-json\/wp\/v2\/comments?post=145"}],"version-history":[{"count":7,"href":"https:\/\/www2.uepg.br\/profhistoria\/wp-json\/wp\/v2\/pages\/145\/revisions"}],"predecessor-version":[{"id":339,"href":"https:\/\/www2.uepg.br\/profhistoria\/wp-json\/wp\/v2\/pages\/145\/revisions\/339"}],"wp:attachment":[{"href":"https:\/\/www2.uepg.br\/profhistoria\/wp-json\/wp\/v2\/media?parent=145"}],"curies":[{"name":"wp","href":"https:\/\/api.w.org\/{rel}","templated":true}]}}