{"id":301,"date":"2021-06-11T16:12:21","date_gmt":"2021-06-11T19:12:21","guid":{"rendered":"https:\/\/www2.uepg.br\/profhistoria\/?page_id=301"},"modified":"2025-11-17T22:14:38","modified_gmt":"2025-11-18T01:14:38","slug":"legislacao","status":"publish","type":"page","link":"https:\/\/www2.uepg.br\/profhistoria\/legislacao\/","title":{"rendered":"Legisla\u00e7\u00e3o"},"content":{"rendered":"<p>1- Novo <a href=\"http:\/\/www2.uepg.br\/profhistoria\/wp-content\/uploads\/sites\/179\/2024\/04\/Regimento-Mestrado-e-Doutorado-ProfHistoria-2023.pdf\">Regimento Mestrado e Doutorado ProfHist\u00f3ria 2023<\/a> &#8211; UEPG<\/p>\n<p>2-\u00a0<a href=\"http:\/\/www2.uepg.br\/profhistoria\/wp-content\/uploads\/sites\/179\/2021\/07\/REGIMENTO-GERAL.pdf\">REGIMENTO GERAL PROFHIST\u00d3RIA\u00a0<\/a><\/p>\n<p>O Regimento Geral tamb\u00e9m pode ser acessado no <a href=\"https:\/\/profhistoria.ufrj.br\/uploads\/regulamentos_formularios\/60db2a60d449d_REGIMENTO%20GERAL%20DO%20PROFHISTORIA.pdf\">site nacional do ProfHist\u00f3ria<\/a><\/p>\n<p>3 &#8211; <a href=\"https:\/\/www2.uepg.br\/profhistoria\/wp-content\/uploads\/sites\/179\/2021\/06\/Regimento-Interno-UEPG-Res.-005-de-17-03-2016.pdf\">REGIMENTO INTERNO<\/a> DO PROGRAMA DE P\u00d3SGRADUA\u00c7\u00c3O STRICTO SENSU <span class=\"fontstyle0\">\u2013 Mestrado Profissional em<br \/>\nHist\u00f3ria, Polo UEPG<\/span><\/p>\n<p><a href=\"http:\/\/www2.uepg.br\/profhistoria\/wp-content\/uploads\/sites\/179\/2021\/07\/Regimento-Interno-UEPG-Res.-005-de-17-03-2016.pdf\">Regimento Interno &#8211; UEPG Res. 005-de 17-03-2016<\/a>\u00a0 (esse documento foi substitu\u00eddo pelo novo regimento aprovado em 2023, dispon\u00edvel acima)<\/p>\n<p>4- <a href=\"https:\/\/www2.uepg.br\/propesp\/wp-content\/uploads\/sites\/41\/2019\/11\/2018-08-21_Resolucao-CEPE-043-RED.pdf\">REGULAMENTO DO REGIME DE EXERC\u00cdCIOS DOMICILIARES<\/a> &#8211;\u00a0para os discentes dos Cursos e Programas de P\u00f3s-Gradua\u00e7\u00e3o, da UEPG<\/p>\n<p>&#8211; <a href=\"https:\/\/deinfo.uepg.br\/~tcc\/doc\/Manual_ABNT_UEPG_2019.pdf\">MANUAL DE NORMALIZA\u00c7\u00c3O BIBLIOGR\u00c1FICA PARA TRABALHOS \u00a0CIENT\u00cdFICOS<\/a> &#8211; UEPG (4\u00aa Edi\u00e7\u00e3o)<\/p>\n<p>5- <a href=\"https:\/\/www.in.gov.br\/web\/dou\/-\/portaria-mec-n-398-de-29-de-maio-de-2025-633396773\">PORTARIA MEC N\u00ba 398, DE 29 DE MAIO DE 2025<\/a> &#8211; Portaria de Reconhecimento do ProfHist\u00f3ria<\/p>\n<p>Reconhecimento dos programas de p\u00f3s-gradua\u00e7\u00e3o stricto sensu em decorr\u00eancia da Avalia\u00e7\u00e3o Quadrienal de 2021 (2017-2020), nas reuni\u00f5es realizadas de 1\u00ba a 5 de agosto de 2022, de 8 a 12 de agosto de 2022, de 15 a 19 de agosto de 2022, e de 5 a 8 de dezembro de 2022 (215\u00aa, 216\u00aa, 217\u00aa e 218\u00aa Reuni\u00f5es do Conselho T\u00e9cnico-Cient\u00edfico da Educa\u00e7\u00e3o Superior da Coordena\u00e7\u00e3o de Aperfei\u00e7oamento de Pessoal de N\u00edvel Superior).<\/p>\n","protected":false},"excerpt":{"rendered":"<p>1- Novo Regimento Mestrado e Doutorado ProfHist\u00f3ria 2023 &#8211; UEPG 2-\u00a0REGIMENTO GERAL PROFHIST\u00d3RIA\u00a0 O Regimento Geral tamb\u00e9m pode ser acessado no site nacional do ProfHist\u00f3ria 3 &#8211; REGIMENTO INTERNO DO PROGRAMA DE P\u00d3SGRADUA\u00c7\u00c3O STRICTO SENSU \u2013 Mestrado Profissional em Hist\u00f3ria, Polo UEPG Regimento Interno &#8211; UEPG Res. 005-de 17-03-2016\u00a0 (esse documento foi substitu\u00eddo pelo novo&nbsp;&hellip;<\/p>\n","protected":false},"author":204,"featured_media":0,"parent":0,"menu_order":0,"comment_status":"closed","ping_status":"closed","template":"","meta":[],"_links":{"self":[{"href":"https:\/\/www2.uepg.br\/profhistoria\/wp-json\/wp\/v2\/pages\/301"}],"collection":[{"href":"https:\/\/www2.uepg.br\/profhistoria\/wp-json\/wp\/v2\/pages"}],"about":[{"href":"https:\/\/www2.uepg.br\/profhistoria\/wp-json\/wp\/v2\/types\/page"}],"author":[{"embeddable":true,"href":"https:\/\/www2.uepg.br\/profhistoria\/wp-json\/wp\/v2\/users\/204"}],"replies":[{"embeddable":true,"href":"https:\/\/www2.uepg.br\/profhistoria\/wp-json\/wp\/v2\/comments?post=301"}],"version-history":[{"count":6,"href":"https:\/\/www2.uepg.br\/profhistoria\/wp-json\/wp\/v2\/pages\/301\/revisions"}],"predecessor-version":[{"id":490,"href":"https:\/\/www2.uepg.br\/profhistoria\/wp-json\/wp\/v2\/pages\/301\/revisions\/490"}],"wp:attachment":[{"href":"https:\/\/www2.uepg.br\/profhistoria\/wp-json\/wp\/v2\/media?parent=301"}],"curies":[{"name":"wp","href":"https:\/\/api.w.org\/{rel}","templated":true}]}}