{"id":305,"date":"2021-06-11T16:13:16","date_gmt":"2021-06-11T19:13:16","guid":{"rendered":"https:\/\/www2.uepg.br\/profhistoria\/?page_id=305"},"modified":"2025-11-17T22:26:39","modified_gmt":"2025-11-18T01:26:39","slug":"dissertacoes-defendidas","status":"publish","type":"page","link":"https:\/\/www2.uepg.br\/profhistoria\/dissertacoes-defendidas\/","title":{"rendered":"Disserta\u00e7\u00f5es Defendidas"},"content":{"rendered":"<h4>Para acessar as disserta\u00e7\u00f5es clique no t\u00edtulo, o link\u00a0 ir\u00e1 para o reposit\u00f3rio de\u00a0 Teses e Disserta\u00e7\u00f5es da UEPG &#8211; TEDE\/UEPG<\/h4>\n<table style=\"height: 3353px\" width=\"1257\">\n<tbody>\n<tr>\n<td width=\"187\"><strong>MESTRANDO(A)<\/strong><\/td>\n<td width=\"201\"><strong>ORIENTADOR(A)<\/strong><\/td>\n<td width=\"95\"><strong>DATA DEFESA<\/strong><\/td>\n<td width=\"378\"><strong>T\u00cdTULO DISSERTA\u00c7\u00c3O &#8211; link<\/strong><\/td>\n<\/tr>\n<tr>\n<td width=\"187\"><strong>Allan Beckmann Costa<\/strong><\/td>\n<td width=\"201\">Prof. Dr. Luis Fernando Cerri<\/td>\n<td width=\"95\">13\/02\/2019<\/td>\n<td width=\"378\"><a href=\"http:\/\/tede2.uepg.br\/jspui\/handle\/prefix\/2938\">A cultura hist\u00f3rica e a escola: consci\u00eancia hist\u00f3rica de estudantes entre o escolar e o extraescolar &#8211; um estudo de caso em Curitiba-PR \u2013 PR<\/a><\/td>\n<\/tr>\n<tr>\n<td width=\"187\"><strong>Jana\u00edna Jaskiu<\/strong><\/td>\n<td width=\"201\">Prof\u00aa Dr\u00aa Angela Ribeiro Ferreira<\/td>\n<td width=\"95\">31\/08\/2018<\/td>\n<td width=\"378\"><a href=\"http:\/\/tede2.uepg.br\/jspui\/handle\/prefix\/2682\">Pap\u00e9is em revista: ensino de Hist\u00f3ria e as representa\u00e7\u00f5es de g\u00eanero na publicidade da revista O Cruzeiro (1930-1975)<\/a><\/td>\n<\/tr>\n<tr>\n<td width=\"187\"><strong>Paulo Reginaldo Chevonica Junior<\/strong><\/td>\n<td width=\"201\">Prof. Dr. Geyso Dongley Germinari<\/td>\n<td width=\"95\">03\/08\/2018<\/td>\n<td width=\"378\"><a href=\"http:\/\/tede2.uepg.br\/jspui\/handle\/prefix\/2669\">Educa\u00e7\u00e3o Hist\u00f3rica na pr\u00e1tica dos professores: o processo de ensino e aprendizagem a partir dos cursos de forma\u00e7\u00e3o continuada na SME de Curitiba<\/a><\/td>\n<\/tr>\n<tr>\n<td width=\"187\"><strong>Solange da Silva Pinto<\/strong><\/td>\n<td width=\"201\">Prof\u00aa Dr\u00aa Angela Ribeiro Ferreira<\/td>\n<td width=\"95\">29\/08\/2018<\/td>\n<td width=\"378\"><a href=\"http:\/\/tede2.uepg.br\/jspui\/handle\/prefix\/2663\">O debate de g\u00eanero no ensino de Hist\u00f3ria: mo\u00e7as para casar \u2013 representa\u00e7\u00f5es femininas nos processos crimes de sedu\u00e7\u00e3o em Ponta Grossa (1940-1970)<\/a><\/td>\n<\/tr>\n<tr>\n<td width=\"187\"><strong>Juliana Cristine Kapp de Oliveira Visnieski<\/strong><\/td>\n<td width=\"201\">Prof\u00aa Dr\u00aa Angela Ribeiro Ferreira<\/td>\n<td width=\"95\">10\/10\/2018<\/td>\n<td width=\"378\"><a href=\"http:\/\/tede2.uepg.br\/jspui\/handle\/prefix\/2705\">Belas prendadas e do lar: ensino de hist\u00f3ria e representa\u00e7\u00f5es femininas na coluna &#8220;O Assunto \u00e9 Mulher&#8221; do Jornal Gazeta de Palmeira (1976 \u2013 1982)<\/a><\/td>\n<\/tr>\n<tr>\n<td width=\"187\"><strong>Douglas William Gon\u00e7alves Rezende<\/strong><\/td>\n<td width=\"201\">Prof\u00aa Dr\u00aa Christiane Marques Szesz<\/td>\n<td width=\"95\">15\/02\/2019<\/td>\n<td width=\"378\"><a href=\"http:\/\/tede2.uepg.br\/jspui\/handle\/prefix\/3145\">Movimento Escola Sem Partido e a criminaliza\u00e7\u00e3o de pr\u00e1ticas docentes no Paran\u00e1 no in\u00edcio do s\u00e9culo XXI<\/a><\/td>\n<\/tr>\n<tr>\n<td width=\"187\"><strong>Marizete Kasiorowski\u00a0 Kolinski<\/strong><\/td>\n<td width=\"201\">Prof\u00aa Dr\u00aa Maura Regina Petruski<\/td>\n<td width=\"95\">19\/11\/2018<\/td>\n<td width=\"378\"><a href=\"http:\/\/tede2.uepg.br\/jspui\/handle\/prefix\/2742\">Imigra\u00e7\u00e3o polonesa na col\u00f4nia \u00c1gua Branca: usos e potencialidades pedag\u00f3gicas<\/a><\/td>\n<\/tr>\n<tr>\n<td width=\"187\"><strong>F\u00e1bio Maur\u00edcio Holzmann Maia<\/strong><\/td>\n<td width=\"201\">Prof. Dr. Paulo Eduardo Dias de Mello<\/td>\n<td width=\"95\">13\/12\/2018<\/td>\n<td width=\"378\"><a href=\"http:\/\/tede2.uepg.br\/jspui\/handle\/prefix\/2758\">Bandas de m\u00fasica &#8211; tradi\u00e7\u00e3o, identidade e hist\u00f3ria em Ponta Grossa: uma possibilidade para o ensino da hist\u00f3ria local<\/a><\/td>\n<\/tr>\n<tr>\n<td width=\"187\"><strong>Rafael de Castro Mehret<\/strong><\/td>\n<td width=\"201\">Prof. Dr. Niltonci B. Chaves<\/td>\n<td width=\"95\">28\/08\/2018<\/td>\n<td width=\"378\"><a href=\"http:\/\/tede2.uepg.br\/jspui\/handle\/prefix\/2704\">A Col\u00f4nia Cec\u00edlia enquanto elemento de an\u00e1lise para a compreens\u00e3o ha hist\u00f3ria local a partir do Jornal Gazeta de Palmeira: um recorte dos anos 1990 \u2013 1991 \/ 2003 \/ 2015 \u2013 2016. 2018<\/a><\/td>\n<\/tr>\n<tr>\n<td width=\"187\"><strong>Alana Rasinski de Mello<\/strong><\/td>\n<td width=\"201\">Prof\u00aa Dr\u00aa Angela Ribeiro Ferreira<\/td>\n<td width=\"95\">08\/12\/2020<\/td>\n<td width=\"378\"><a href=\"http:\/\/tede2.uepg.br\/jspui\/handle\/prefix\/3386\">&#8220;Que sabe dos homens e das mulheres&#8221;: o ensino de hist\u00f3ria a partir da representa\u00e7\u00e3o de g\u00eanero na coluna do jornal O Tibagi (1948-1950)<\/a><\/td>\n<\/tr>\n<tr>\n<td width=\"187\"><strong>Angela Caciano<\/strong><\/td>\n<td width=\"201\">Prof. Dr. Geyso Dongley Germinari<\/td>\n<td width=\"95\">30\/11\/2020<\/td>\n<td width=\"378\"><a href=\"http:\/\/tede2.uepg.br\/jspui\/handle\/prefix\/3303\">A forma\u00e7\u00e3o hist\u00f3rica humanista em J\u00f6rn R\u00fcsen: o livro did\u00e1tico em perspectiva<\/a><\/td>\n<\/tr>\n<tr>\n<td width=\"187\"><strong>Adilson Carlos de Lima<\/strong><\/td>\n<td width=\"201\">Prof. Dr. Jean Carlos Moreno<\/td>\n<td width=\"95\">06\/05\/2020<\/td>\n<td width=\"378\"><a href=\"http:\/\/tede2.uepg.br\/jspui\/handle\/prefix\/3153\">Fotografia, mem\u00f3ria e ensino de Hist\u00f3ria: trabalhadores do caf\u00e9 no interior paulista<\/a><\/td>\n<\/tr>\n<tr>\n<td width=\"187\"><strong>Alexandre Mazetto Vieira<\/strong><\/td>\n<td width=\"201\">Prof. Dr. Jean Carlos Moreno<\/td>\n<td width=\"95\">08\/05\/2020<\/td>\n<td width=\"378\"><a href=\"http:\/\/tede2.uepg.br\/jspui\/handle\/prefix\/3148\">Por um Ensino de Hist\u00f3ria Decolonial: Os Tupi Guarani do Alto Paranapanema<\/a><\/td>\n<\/tr>\n<tr>\n<td width=\"187\"><strong>Mariane de Melo Bueno<\/strong><\/td>\n<td width=\"201\">Prof. Dr. Jean Carlos Moreno<\/td>\n<td width=\"95\">04\/05\/2020<\/td>\n<td width=\"378\"><a href=\"http:\/\/tede2.uepg.br\/jspui\/handle\/prefix\/3147\">Minas de Carv\u00e3o em Figueira (PR): possibilidades de abordagem da Hist\u00f3ria Local no ensino de Hist\u00f3ria<\/a><\/td>\n<\/tr>\n<tr>\n<td width=\"187\"><strong>Guilherme Rodrigues<\/strong><\/td>\n<td width=\"201\">Prof\u00aa Dr\u00aa\u00a0 Silvana Maura Batista de Carvalho<\/p>\n<p>Prof\u00aa Dr\u00aa Maura Regina Petruski<\/td>\n<td width=\"95\">29\/042021<\/td>\n<td width=\"378\"><a href=\"http:\/\/tede2.uepg.br\/jspui\/handle\/prefix\/3411\">Entre o vis\u00edvel e o invis\u00edvel: um estudo sobre as Congadas da Lapa-PR<\/a><\/td>\n<\/tr>\n<tr>\n<td width=\"187\"><strong>Juliana Bombardelli<\/strong><\/td>\n<td width=\"201\">Prof\u00aa Dr\u00aa Angela Ribeiro Ferreira<\/td>\n<td width=\"95\">10\/05\/2021<\/td>\n<td width=\"378\"><a href=\"http:\/\/tede2.uepg.br\/jspui\/handle\/prefix\/3523\">Mulheres distintas: o ensino de Hist\u00f3ria e as representa\u00e7\u00f5es de g\u00eanero a partir do Jornal da Manh\u00e3 em Ponta Grossa (1954-1957)<\/a><\/td>\n<\/tr>\n<tr>\n<td width=\"187\"><strong>Denise Alves de Andrade Barbosa<\/strong><\/td>\n<td width=\"201\">Prof\u00aa Dr\u00aa Angela Ribeiro Ferreira<\/td>\n<td width=\"95\">10\/05\/2021<\/td>\n<td width=\"378\"><a href=\"http:\/\/tede2.uepg.br\/jspui\/handle\/prefix\/3535\">Protagonismo feminino na milit\u00e2ncia: ocupa\u00e7\u00e3o de escolas de S\u00e3o Paulo em 2015 e do Paran\u00e1 em 2016<\/a><\/td>\n<\/tr>\n<tr>\n<td width=\"187\"><strong>George Ramon Dimbarre<\/strong><\/td>\n<td width=\"201\">Prof\u00aa Dr\u00aa Maura Regina Petruski<\/p>\n<p>Prof\u00aa Dr\u00aa Janaina de Paula do Esp\u00edrito Santo\u00a0 (co-rientadora)<\/td>\n<td width=\"95\">31\/03\/2021<\/td>\n<td width=\"378\"><a href=\"http:\/\/tede2.uepg.br\/jspui\/handle\/prefix\/3501\">Jogos eletr\u00f4nicos e conceitos hist\u00f3ricos: uma investiga\u00e7\u00e3o a partir do Minecraft<\/a><\/td>\n<\/tr>\n<tr>\n<td width=\"187\"><strong>Maristela Sant\u2019Ana de Oliveira<\/strong><\/td>\n<td width=\"201\">Prof. Dr. Marco Antonio Stancik<\/td>\n<td width=\"95\">13\/05\/2020<\/td>\n<td width=\"378\"><a href=\"http:\/\/tede2.uepg.br\/jspui\/handle\/prefix\/3362\">Discursos e representa\u00e7\u00f5es sobre a cidade de Ponta Grossa na d\u00e9cada de 1930: as cr\u00f4nicas do jornal Di\u00e1rio dos Campos e o \u00c1lbum de 1936<\/a><\/td>\n<\/tr>\n<tr>\n<td width=\"187\"><strong>Lucas Camargo Tonatto<\/strong><\/td>\n<td width=\"201\">Prof. Dr. Paulo Eduardo Dias Melo<\/td>\n<td width=\"95\">31\/08\/2020<\/td>\n<td width=\"378\"><a href=\"http:\/\/tede2.uepg.br\/jspui\/handle\/prefix\/3344\">Di\u00e1logos entre conhecimento hist\u00f3rico e ensino religioso: representa\u00e7\u00f5es do Isl\u00e3 nos livros did\u00e1ticos de ensino religioso do estado do Paran\u00e1 (2006 \u2013 2013)<\/a><\/td>\n<\/tr>\n<tr>\n<td width=\"187\"><strong>Iara Luzia Sales da Luz Tizot<\/strong><\/td>\n<td width=\"201\">Prof\u00aa Dr\u00aa Christiane Marques Szesz<\/td>\n<td width=\"95\">10\/12\/2020<\/td>\n<td width=\"378\"><a href=\"http:\/\/tede2.uepg.br\/jspui\/handle\/prefix\/3413\">Verde e amarelo, sem foice sem martelo: ensino de Hist\u00f3ria a apartir das representa\u00e7\u00f5es do comunismo no Jornal da Manh\u00e3 de Ponta Grossa &#8211; 1964<\/a><\/td>\n<\/tr>\n<tr>\n<td width=\"187\"><strong>Elaine Aparecida Mayer<\/strong><\/td>\n<td width=\"201\">Prof. Dr. Luis Fernando Cerri<\/td>\n<td width=\"95\">31\/03\/2021<\/td>\n<td width=\"378\"><a href=\"http:\/\/tede2.uepg.br\/jspui\/handle\/prefix\/3496\">O Ensino de Hist\u00f3ria local nos anos iniciais do munic\u00edpio de Ponta Grossa: no caminho da princesa das crian\u00e7as<\/a><\/td>\n<\/tr>\n<tr>\n<td width=\"187\"><strong>Nelci Aparecida Ruth<\/strong><\/td>\n<td width=\"201\">Prof\u00aa. Dr\u00aa. Maura Regina Petruski<\/td>\n<td width=\"95\">05\/06\/2020<\/td>\n<td width=\"378\"><a href=\"http:\/\/tede2.uepg.br\/jspui\/handle\/prefix\/3183\">A Pra\u00e7a Marechal Floriano Peixoto \u2013 Espa\u00e7o de Constru\u00e7\u00e3o e Preserva\u00e7\u00e3o da Mem\u00f3ria da Cidade de Ponta Grossa<\/a><\/td>\n<\/tr>\n<tr>\n<td width=\"187\"><strong>Fl\u00e1vio Sebasti\u00e3o\u00a0 de Freitas<\/strong><\/td>\n<td width=\"201\">Prof\u00aa Dr\u00aa Christiane Marques Szesz<\/td>\n<td width=\"95\">06\/04\/2021<\/td>\n<td width=\"378\"><a href=\"http:\/\/tede2.uepg.br\/jspui\/handle\/prefix\/3412\">Ensino de Hist\u00f3ria e representa\u00e7\u00f5es de g\u00eanero nos classificados da Gazeta do Povo (1937-1946)<\/a><\/td>\n<\/tr>\n<tr>\n<td width=\"187\"><strong>Andr\u00e9a Moraes Lamin<\/strong><\/td>\n<td width=\"201\">Prof. Dr. Luis Fernando Cerri<\/td>\n<td width=\"95\">02\/04\/2021<\/td>\n<td width=\"378\"><a href=\"http:\/\/tede2.uepg.br\/jspui\/handle\/prefix\/3415\">Meninas diante da Hist\u00f3ria: g\u00eanero, participa\u00e7\u00e3o e viol\u00eancia &#8211; um estudo em Ponta Grossa, PR (2020)<\/a><\/td>\n<\/tr>\n<tr>\n<td width=\"187\"><strong>Daniel Bonin Barreto<\/strong><\/td>\n<td width=\"201\">Prof\u00aa Dr\u00aa Andrea Mazurok Schactae<\/td>\n<td width=\"95\">23\/02\/2021<\/td>\n<td width=\"378\"><a href=\"http:\/\/tede2.uepg.br\/jspui\/handle\/prefix\/3350\">O golpe civil-militar de 1964 no Jornal Tribuna de Itarar\u00e9: a imprensa como fonte para o Ensino de Hist\u00f3ria<\/a><\/td>\n<\/tr>\n<tr>\n<td width=\"187\"><strong>Jo\u00e3o Paulo da Rocha<\/strong><\/td>\n<td width=\"201\">Prof. Dr. Edson Armando Silva<\/td>\n<td width=\"95\">19\/03\/2021<\/td>\n<td width=\"378\"><a href=\"http:\/\/tede2.uepg.br\/jspui\/handle\/prefix\/3374\">O Ensino Religioso e a participa\u00e7\u00e3o do Professor de Hist\u00f3ria na efetiva\u00e7\u00e3o da Disciplina no Paran\u00e1<\/a><\/td>\n<\/tr>\n<tr>\n<td width=\"187\"><strong>Jos\u00e9 Alexandre da Silva<\/strong><\/td>\n<td width=\"201\">Prof\u00aa Dr\u00aa Christiane Marques Szesz<\/td>\n<td width=\"95\">29\/04\/2021<\/td>\n<td width=\"378\"><a href=\"http:\/\/tede2.uepg.br\/jspui\/handle\/prefix\/3409\">O ensino de Hist\u00f3ria a partir do cinema document\u00e1rio: possibilidades com O dia que durou 21 anos<\/a><\/td>\n<\/tr>\n<tr>\n<td width=\"187\"><strong>Luis Marcelo Santos<\/strong><\/td>\n<td width=\"201\">Prof\u00aa. Dr\u00aa. Maura Regina Petruski<\/td>\n<td width=\"95\">14\/10\/2021<\/td>\n<td width=\"378\"><a href=\"http:\/\/tede2.uepg.br\/jspui\/handle\/prefix\/3547\">Hist\u00f3ria e arqueologia Marajoara: possibilidades para o ensino de hist\u00f3ria ind\u00edgena<\/a><\/td>\n<\/tr>\n<tr>\n<td width=\"187\"><strong>Ione Patr\u00edcia Visnieski<\/strong><\/td>\n<td width=\"201\">Prof\u00aa Dr\u00aa Andrea Mazurok Schactae<\/td>\n<td width=\"95\">16\/12\/2021<\/td>\n<td width=\"378\"><a href=\"http:\/\/tede2.uepg.br\/jspui\/handle\/prefix\/3610\">Ensino de hist\u00f3ria e representa\u00e7\u00f5es dos femininos na umbanda:\u00a0 a uma an\u00e1lise a partir da revista espiritual de umbanda (2003 \u2013 2008)<\/a><\/td>\n<\/tr>\n<tr>\n<td width=\"187\"><strong>Elaine Lopes<\/strong><\/td>\n<td width=\"201\">Prof\u00aa Dr\u00aa Angela Ribeiro Ferreira<\/td>\n<td width=\"95\">07\/12\/2021<\/td>\n<td width=\"378\"><a href=\"http:\/\/tede2.uepg.br\/jspui\/handle\/prefix\/3599\">Mulheres negras no ensino de hist\u00f3ria do Brasil: a hist\u00f3ria de Maria Firmina dos Reis<\/a><\/td>\n<\/tr>\n<tr>\n<td width=\"187\"><strong>Luciane Corr\u00eaa<\/strong><\/td>\n<td width=\"201\">Prof\u00aa Dr\u00aa Angela Ribeiro Ferreira<\/td>\n<td width=\"95\">30\/05\/2022<\/td>\n<td width=\"378\"><a href=\"http:\/\/tede2.uepg.br\/jspui\/handle\/prefix\/3689\">As pr\u00e1ticas circulares como possibilidades para o debate de g\u00eanero, corpo e sexualidade nas aulas de Hist\u00f3ria<\/a><\/td>\n<\/tr>\n<tr>\n<td width=\"187\"><strong>Jhonatan Felipe Pereira Machado<\/strong><\/td>\n<td width=\"201\">Prof. Dr. Paulo Eduardo Dias Melo<\/td>\n<td width=\"95\">17\/12\/2021<\/td>\n<td width=\"378\"><a href=\"http:\/\/tede2.uepg.br\/jspui\/handle\/prefix\/3574\">Ensinar sobre o holocausto: uma proposta de visita ao Museu do Holocausto de Curitiba-PR<\/a><\/td>\n<\/tr>\n<tr>\n<td width=\"187\"><strong>Marlize de F\u00e1tima Cottet<\/strong><\/td>\n<td width=\"201\">Prof\u00aa Dr\u00aa Christiane Marques Szesz<\/td>\n<td width=\"95\">14\/04\/2022<\/td>\n<td width=\"378\"><a href=\"http:\/\/tede2.uepg.br\/jspui\/handle\/prefix\/3629\">Ensino de hist\u00f3ria, literatura e hist\u00f3ria em quadrinhos: representa\u00e7\u00f5es de g\u00eanero nos quadrinhos de Dom Casmurro de Machado de Assis<\/a><\/td>\n<\/tr>\n<tr>\n<td width=\"187\"><strong>Edislaine Terezinha Fernandes Vitoriano<\/strong><\/td>\n<td width=\"201\">Prof. Dr. Antonio Paulo Benatte<\/td>\n<td width=\"95\">01\/07\/2022<\/td>\n<td width=\"378\"><a href=\"http:\/\/tede2.uepg.br\/jspui\/handle\/prefix\/3697\">&#8220;O \u00edndio que mora na cabe\u00e7a dos iratienses&#8221;: uma proposi\u00e7\u00e3o did\u00e1tica para o trabalho com a hist\u00f3ria ind\u00edgena em Irati<\/a><\/td>\n<\/tr>\n<tr>\n<td width=\"187\"><strong>Joares de Paula Aires<\/strong><\/td>\n<td width=\"201\">Prof. Dr. Antonio Paulo Benatte<\/td>\n<td width=\"95\">27\/06\/2022<\/td>\n<td width=\"378\"><a href=\"http:\/\/tede2.uepg.br\/jspui\/handle\/prefix\/3716\">Ensino de hist\u00f3ria do Paran\u00e1 na educa\u00e7\u00e3o b\u00e1sica durante a primeira rep\u00fablica (1889-1930)<\/a><\/td>\n<\/tr>\n<tr>\n<td width=\"187\"><strong>Ana C\u00e9lia Choldys Felippi<\/strong><\/td>\n<td width=\"201\">Prof. Dr. Paulo Eduardo Dias Melo<\/td>\n<td width=\"95\">25\/04\/2022<\/td>\n<td width=\"378\"><a href=\"http:\/\/tede2.uepg.br\/jspui\/handle\/prefix\/3643\">Base Nacional Comum Curricular de Hist\u00f3ria no estado do Paran\u00e1: contexto de produ\u00e7\u00e3o e conte\u00fado prescrito<\/a><\/td>\n<\/tr>\n<tr>\n<td width=\"187\"><strong>Paulo Jos\u00e9 de Paiva<\/strong><\/td>\n<td width=\"201\">Prof. Dr. Jean Carlos Moreno<\/td>\n<td width=\"95\">02\/03\/2022<\/td>\n<td width=\"378\"><a href=\"http:\/\/tede2.uepg.br\/jspui\/handle\/prefix\/3607\">&#8220;Norte Pioneiro&#8221; e Salto do Itarar\u00e9: Hist\u00f3ria regional e local em sala de aula<\/a><\/td>\n<\/tr>\n<tr>\n<td width=\"187\"><strong>Ana Rubia Pedroso<\/strong><\/td>\n<td width=\"201\">Prof\u00aa Dr\u00aa Angela Ribeiro Ferreira<\/td>\n<td width=\"95\">27\/03\/2023<\/td>\n<td width=\"378\"><a href=\"http:\/\/tede2.uepg.br\/jspui\/handle\/prefix\/3887\">O poder da representatividade: os livros did\u00e1ticos de Hist\u00f3ria e as lutas femininas<\/a><\/td>\n<\/tr>\n<tr>\n<td width=\"187\"><strong>Ravail de Paula Oliveira<\/strong><\/td>\n<td width=\"201\">Prof. Dr. Antonio Paulo Benatte<\/td>\n<td width=\"95\">17\/04\/2023<\/td>\n<td width=\"378\"><a href=\"http:\/\/tede2.uepg.br\/jspui\/handle\/prefix\/3922\">As imagens n\u00e3o falam por si: o livro did\u00e1tico de Hist\u00f3ria e a Educa\u00e7\u00e3o das Rela\u00e7\u00f5es \u00c9tnico-Raciais no Estado do Paran\u00e1<\/a><\/td>\n<\/tr>\n<tr>\n<td width=\"187\"><strong>Priscielli do Carmo Rozo Cerdeira da Rosa<\/strong><\/td>\n<td width=\"201\">Prof\u00aa Dr\u00aa Angela Ribeiro Ferreira<\/td>\n<td width=\"95\">24\/05\/2023<\/td>\n<td width=\"378\"><a href=\"http:\/\/tede2.uepg.br\/jspui\/handle\/prefix\/3962\">O estudo de g\u00eanero na Base Nacional Comum Curricular de Hist\u00f3ria e no Curr\u00edculo da Rede Estadual Paranaense<\/a><\/td>\n<\/tr>\n<tr>\n<td width=\"187\"><strong>Jo\u00e3o Pedro Cioffi Pereira<\/strong><\/td>\n<td width=\"201\">Prof. Dr. Marco Antonio Stancik<\/td>\n<td width=\"95\">17\/05\/2023<\/td>\n<td width=\"378\"><a href=\"http:\/\/tede2.uepg.br\/jspui\/handle\/prefix\/4029\">Antissemitismo nos livros infantis da Alemanha nazista (1933-1945)<\/a><\/td>\n<\/tr>\n<tr>\n<td width=\"187\"><strong>\u00a0Marcus Vinicius do Nascimento<\/strong><\/td>\n<td width=\"201\">Prof. Dr. Paulo Eduardo Dias de Mello<\/td>\n<td width=\"95\">29\/04\/2022<\/td>\n<td width=\"378\"><a href=\"http:\/\/tede2.uepg.br\/jspui\/handle\/prefix\/3662\">A revolu\u00e7\u00e3o de 1930 em Itarar\u00e9: o cinema document\u00e1rio no ensino de hist\u00f3ria<\/a><\/td>\n<\/tr>\n<tr>\n<td width=\"187\"><strong>\u00a0<\/strong><strong style=\"font-family: inherit;font-size: inherit\">Eliana Holz<\/strong><\/td>\n<td width=\"201\">Prof. Dr. Jean Carlos Moreno<\/td>\n<td width=\"95\">27\/03\/2024<\/td>\n<td width=\"378\"><a href=\"http:\/\/tede2.uepg.br\/jspui\/handle\/prefix\/4213\">Hist\u00f3ria e cultura ind\u00edgena: uma proposta para o estudo dos Kaingang nas aulas de hist\u00f3ria do Paran\u00e1 para o Ensino M\u00e9dio<\/a><\/td>\n<\/tr>\n<\/tbody>\n<\/table>\n<table style=\"height: 1404px\" width=\"1258\">\n<tbody>\n<tr>\n<td width=\"187\"><strong>Grazyelli Cristina da Costa<\/strong><\/td>\n<td width=\"201\">Prof. Dr. Jean Carlos Moreno<\/td>\n<td width=\"95\">03\/05\/2024<\/td>\n<td width=\"378\"><a href=\"http:\/\/tede2.uepg.br\/jspui\/handle\/prefix\/4307\">Youtube e ensino de Hist\u00f3ria: pensando as narrativas sobre a independ\u00eancia do Brasil no Ensino Fundamental<\/a><\/td>\n<\/tr>\n<tr>\n<td width=\"187\"><strong>Fernanda Haffermann<\/strong><\/td>\n<td width=\"201\">Prof\u00aa. Dr\u00aa. Maura Regina Petruski<\/td>\n<td width=\"95\">20\/05\/2024<\/td>\n<td width=\"378\"><a href=\"http:\/\/tede2.uepg.br\/jspui\/handle\/prefix\/4292\">A forma\u00e7\u00e3o do Reino africano de Kush e o ensino de Hist\u00f3ria: uma proposta de trabalho atrav\u00e9s de jogos na plataforma Wordwall<\/a><\/td>\n<\/tr>\n<tr>\n<td width=\"187\"><strong>Fernanda Stockler<\/strong><\/td>\n<td width=\"201\">Prof. Dr. Paulo Eduardo Dias Melo<\/td>\n<td width=\"95\">19\/09\/2024<\/td>\n<td width=\"378\"><a href=\"http:\/\/tede2.uepg.br\/jspui\/handle\/prefix\/4416\">Povos ind\u00edgenas no ensino de Hist\u00f3ria Regional do Paran\u00e1: cole\u00e7\u00e3o did\u00e1tica Li\u00e7\u00f5es Curitibanas (1994)<\/a><\/td>\n<\/tr>\n<tr>\n<td width=\"187\"><strong>Rafael Schier Granado<\/strong><\/td>\n<td width=\"201\">Prof\u00aa Dr\u00aa Angela Ribeiro Ferreira<\/td>\n<td width=\"95\">09\/08\/2024<\/td>\n<td width=\"378\"><a href=\"http:\/\/tede2.uepg.br\/jspui\/handle\/prefix\/4404\">&#8220;Uma Opera\u00e7\u00e3o de seu Tempo&#8221;: os impactos da BNCC sobre os cap\u00edtulos te\u00f3ricos em livros did\u00e1ticos de Hist\u00f3ria do Ensino Fundamental<\/a><\/td>\n<\/tr>\n<tr>\n<td width=\"187\"><strong>Lorenna Rochinski<\/strong><\/td>\n<td width=\"201\">Prof\u00aa Dr\u00aa Angela Ribeiro Ferreira<\/td>\n<td width=\"95\">27\/08\/2024<\/td>\n<td width=\"378\"><a href=\"http:\/\/tede2.uepg.br\/jspui\/handle\/prefix\/4366\">Ecofeminismo na perspectiva de Ivone Gebara e as possibilidades para o ensino de Hist\u00f3ria<\/a><\/td>\n<\/tr>\n<tr>\n<td width=\"187\"><strong>Allan Jose Almeida Domingues<\/strong><\/td>\n<td width=\"201\">Prof\u00aa Dr\u00aa Christiane Marques Szesz<\/td>\n<td width=\"95\">08\/07\/2024<\/td>\n<td width=\"378\"><a href=\"http:\/\/tede2.uepg.br\/jspui\/handle\/prefix\/4323\">Representa\u00e7\u00f5es do humor pol\u00edtico na revista Fradim sobre a ditadura militar (1976-1978): o ensino de hist\u00f3ria atrav\u00e9s dos quadrinhos de Henfil<\/a><\/td>\n<\/tr>\n<tr>\n<td width=\"187\"><strong>Cristiane Acosta<\/strong><\/td>\n<td width=\"201\">Prof\u00aa. Dr\u00aa. Maura Regina Petruski<\/td>\n<td width=\"95\">17\/09\/2024<\/td>\n<td width=\"378\"><a href=\"http:\/\/tede2.uepg.br\/jspui\/handle\/prefix\/4393\">Jogar e aprender: o jogo como possibilidade metodol\u00f3gica para o ensino de hist\u00f3ria do patrim\u00f4nio cultural de Jaguaria\u00edva-PR<\/a><\/td>\n<\/tr>\n<tr>\n<td width=\"187\"><strong>Michelli Mulhbauer Duda<\/strong><\/td>\n<td width=\"201\">Prof. Dr. Marco Antonio Stancik<\/td>\n<td width=\"95\">28\/03\/2025<\/td>\n<td width=\"378\"><a href=\"http:\/\/tede2.uepg.br\/jspui\/handle\/prefix\/4589\">Representa\u00e7\u00f5es das mulheres em cart\u00f5es-postais franceses durante a Grande Guerra (1914- 1918): rupturas e perman\u00eancias hist\u00f3ricas<\/a><\/td>\n<\/tr>\n<tr>\n<td width=\"187\"><strong>Lucimara Aparecida Pena<\/strong><\/td>\n<td width=\"201\">Prof\u00aa Dr\u00aa Angela Ribeiro Ferreira<\/td>\n<td width=\"95\">25\/04\/2025<\/td>\n<td width=\"378\"><a href=\"http:\/\/tede2.uepg.br\/jspui\/handle\/prefix\/4638\">O ensino de hist\u00f3ria e o combate \u00e0 viol\u00eancia contra mulheres: reflex\u00f5es a partir de homic\u00eddios de mulheres em Ponta Grossa na primeira rep\u00fablica<\/a><\/td>\n<\/tr>\n<tr>\n<td width=\"187\"><strong>M\u00e1rio Cesar Ferreira<\/strong><\/td>\n<td width=\"201\">Prof. Dr. Edson Armando Silva<\/td>\n<td width=\"95\"><\/td>\n<td width=\"378\"><\/td>\n<\/tr>\n<tr>\n<td width=\"187\"><strong>\u00a0<\/strong><strong>Maria Paula Borba Bueno Moura<\/strong><\/td>\n<td width=\"201\">Prof\u00aa Georgiane Garabely Heil V\u00e1zquez<\/td>\n<td width=\"95\">23\/09\/2024<\/td>\n<td width=\"378\"><a href=\"http:\/\/tede2.uepg.br\/jspui\/handle\/prefix\/4677\">CORA\u00c7\u00c3O VALENTE! Personifica\u00e7\u00e3o de resist\u00eancia e luta pela democracia: Dilma Roussef e as representa\u00e7\u00f5es midi\u00e1ticas da revista VEJA durante o segundo mandato presidencial (2015-2016)<\/a><\/td>\n<\/tr>\n<tr>\n<td width=\"187\"><strong>\u00a0<\/strong><\/td>\n<td width=\"201\"><\/td>\n<td width=\"95\"><\/td>\n<td width=\"378\"><\/td>\n<\/tr>\n<tr>\n<td width=\"187\"><strong>\u00a0<\/strong><\/td>\n<td width=\"201\"><\/td>\n<td width=\"95\"><\/td>\n<td width=\"378\"><\/td>\n<\/tr>\n<tr>\n<td width=\"187\"><strong>\u00a0<\/strong><\/td>\n<td width=\"201\"><\/td>\n<td width=\"95\"><\/td>\n<td width=\"378\"><\/td>\n<\/tr>\n<tr>\n<td width=\"187\"><strong>\u00a0<\/strong><\/td>\n<td width=\"201\"><\/td>\n<td width=\"95\"><\/td>\n<td width=\"378\"><\/td>\n<\/tr>\n<tr>\n<td width=\"187\"><strong>\u00a0<\/strong><\/td>\n<td width=\"201\"><\/td>\n<td width=\"95\"><\/td>\n<td width=\"378\"><\/td>\n<\/tr>\n<tr>\n<td width=\"187\"><strong>\u00a0<\/strong><\/td>\n<td width=\"201\"><\/td>\n<td width=\"95\"><\/td>\n<td width=\"378\"><\/td>\n<\/tr>\n<tr>\n<td width=\"187\"><strong>\u00a0<\/strong><\/td>\n<td width=\"201\"><\/td>\n<td width=\"95\"><\/td>\n<td width=\"378\"><\/td>\n<\/tr>\n<\/tbody>\n<\/table>\n<p>&nbsp;<\/p>\n<p>&nbsp;<\/p>\n","protected":false},"excerpt":{"rendered":"<p>Para acessar as disserta\u00e7\u00f5es clique no t\u00edtulo, o link\u00a0 ir\u00e1 para o reposit\u00f3rio de\u00a0 Teses e Disserta\u00e7\u00f5es da UEPG &#8211; TEDE\/UEPG MESTRANDO(A) ORIENTADOR(A) DATA DEFESA T\u00cdTULO DISSERTA\u00c7\u00c3O &#8211; link Allan Beckmann Costa Prof. Dr. Luis Fernando Cerri 13\/02\/2019 A cultura hist\u00f3rica e a escola: consci\u00eancia hist\u00f3rica de estudantes entre o escolar e o extraescolar &#8211;&nbsp;&hellip;<\/p>\n","protected":false},"author":204,"featured_media":0,"parent":0,"menu_order":0,"comment_status":"closed","ping_status":"closed","template":"","meta":[],"_links":{"self":[{"href":"https:\/\/www2.uepg.br\/profhistoria\/wp-json\/wp\/v2\/pages\/305"}],"collection":[{"href":"https:\/\/www2.uepg.br\/profhistoria\/wp-json\/wp\/v2\/pages"}],"about":[{"href":"https:\/\/www2.uepg.br\/profhistoria\/wp-json\/wp\/v2\/types\/page"}],"author":[{"embeddable":true,"href":"https:\/\/www2.uepg.br\/profhistoria\/wp-json\/wp\/v2\/users\/204"}],"replies":[{"embeddable":true,"href":"https:\/\/www2.uepg.br\/profhistoria\/wp-json\/wp\/v2\/comments?post=305"}],"version-history":[{"count":26,"href":"https:\/\/www2.uepg.br\/profhistoria\/wp-json\/wp\/v2\/pages\/305\/revisions"}],"predecessor-version":[{"id":491,"href":"https:\/\/www2.uepg.br\/profhistoria\/wp-json\/wp\/v2\/pages\/305\/revisions\/491"}],"wp:attachment":[{"href":"https:\/\/www2.uepg.br\/profhistoria\/wp-json\/wp\/v2\/media?parent=305"}],"curies":[{"name":"wp","href":"https:\/\/api.w.org\/{rel}","templated":true}]}}