{"id":307,"date":"2021-06-11T16:13:37","date_gmt":"2021-06-11T19:13:37","guid":{"rendered":"https:\/\/www2.uepg.br\/profhistoria\/?page_id=307"},"modified":"2024-06-18T14:35:00","modified_gmt":"2024-06-18T17:35:00","slug":"grupos-de-pesquisas","status":"publish","type":"page","link":"https:\/\/www2.uepg.br\/profhistoria\/grupos-de-pesquisas\/","title":{"rendered":"Grupos de Pesquisas"},"content":{"rendered":"<h4>Os docentes do ProfHist\u00f3ria-UEPG est\u00e3o inseridos nos seguintes grupos de pesquisa do Diret\u00f3rio CNPq:<\/h4>\n<p><a href=\"http:\/\/dgp.cnpq.br\/dgp\/espelhogrupo\/325707\" target=\"_blank\" rel=\"noopener\">LAGEDIS<\/a> &#8211; Laborat\u00f3rio de Estudo de G\u00eanero, Diversidade, Inf\u00e2ncia e Subjetividades (Profas Angela R. Ferreira e Georgiane G. H. V\u00e1zquez)<\/p>\n<p><a href=\"http:\/\/dgp.cnpq.br\/dgp\/espelhogrupo\/7504259998436906\" target=\"_blank\" rel=\"noopener\">LEFOPEH<\/a> &#8211; Laborat\u00f3rio de Estudos sobre a Forma\u00e7\u00e3o de Professores e Ensino de Hist\u00f3ria (Paulo Mello, Angela R. Ferreira) &#8211; <a href=\"https:\/\/www2.uepg.br\/lefopeh\/\">Site do Grupo<\/a><\/p>\n<p><a href=\"http:\/\/dgp.cnpq.br\/dgp\/espelhogrupo\/8388775222651385\" target=\"_blank\" rel=\"noopener\">GECIG<\/a> &#8211; Grupo de Estudos de Cultura, Identidades e G\u00eanero (Andr\u00e9a Schactae)<\/p>\n<p><a href=\"http:\/\/dgp.cnpq.br\/dgp\/espelhogrupo\/571345\">Imagens, imagin\u00e1rios, representa\u00e7\u00f5es<\/a> \u00a0<strong>(Marco Stancik, Maura Petruski)<\/strong><\/p>\n<p><a href=\"http:\/\/dgp.cnpq.br\/dgp\/espelhogrupo\/19289\">Hist\u00f3ria Intelectual, Hist\u00f3ria dos Intelectuais e Historiografia<\/a>\u00a0 (Profa Christiane Szesz)<\/p>\n<p>&nbsp;<\/p>\n<h4>Os projetos de pesquisa dos docentes podem ser encontrados no lattes, o link est\u00e1 dispon\u00edvel no item &#8220;corpo docente&#8221;<\/h4>\n","protected":false},"excerpt":{"rendered":"<p>Os docentes do ProfHist\u00f3ria-UEPG est\u00e3o inseridos nos seguintes grupos de pesquisa do Diret\u00f3rio CNPq: LAGEDIS &#8211; Laborat\u00f3rio de Estudo de G\u00eanero, Diversidade, Inf\u00e2ncia e Subjetividades (Profas Angela R. Ferreira e Georgiane G. H. V\u00e1zquez) LEFOPEH &#8211; Laborat\u00f3rio de Estudos sobre a Forma\u00e7\u00e3o de Professores e Ensino de Hist\u00f3ria (Paulo Mello, Angela R. Ferreira) &#8211; Site&nbsp;&hellip;<\/p>\n","protected":false},"author":204,"featured_media":0,"parent":0,"menu_order":0,"comment_status":"closed","ping_status":"closed","template":"","meta":[],"_links":{"self":[{"href":"https:\/\/www2.uepg.br\/profhistoria\/wp-json\/wp\/v2\/pages\/307"}],"collection":[{"href":"https:\/\/www2.uepg.br\/profhistoria\/wp-json\/wp\/v2\/pages"}],"about":[{"href":"https:\/\/www2.uepg.br\/profhistoria\/wp-json\/wp\/v2\/types\/page"}],"author":[{"embeddable":true,"href":"https:\/\/www2.uepg.br\/profhistoria\/wp-json\/wp\/v2\/users\/204"}],"replies":[{"embeddable":true,"href":"https:\/\/www2.uepg.br\/profhistoria\/wp-json\/wp\/v2\/comments?post=307"}],"version-history":[{"count":7,"href":"https:\/\/www2.uepg.br\/profhistoria\/wp-json\/wp\/v2\/pages\/307\/revisions"}],"predecessor-version":[{"id":473,"href":"https:\/\/www2.uepg.br\/profhistoria\/wp-json\/wp\/v2\/pages\/307\/revisions\/473"}],"wp:attachment":[{"href":"https:\/\/www2.uepg.br\/profhistoria\/wp-json\/wp\/v2\/media?parent=307"}],"curies":[{"name":"wp","href":"https:\/\/api.w.org\/{rel}","templated":true}]}}