{"id":321,"date":"2021-06-11T16:52:07","date_gmt":"2021-06-11T19:52:07","guid":{"rendered":"https:\/\/www2.uepg.br\/profhistoria\/?page_id=321"},"modified":"2021-06-14T21:43:30","modified_gmt":"2021-06-15T00:43:30","slug":"revista-atelie-de-historia","status":"publish","type":"page","link":"https:\/\/www2.uepg.br\/profhistoria\/revista-atelie-de-historia\/","title":{"rendered":"Revista Ateli\u00ea de Hist\u00f3ria"},"content":{"rendered":"<p>A Revista Ateli\u00ea de Hist\u00f3ria UEPG se destina a publicar manuscritos de produ\u00e7\u00e3o discente, em fluxo cont\u00ednuo, dos Cursos ofertados pelo Departamento de Hist\u00f3ria da Universidade Estadual de Ponta Grossa, Paran\u00e1. Para acessar a p\u00e1gina da Revista <a href=\"https:\/\/revistas2.uepg.br\/index.php\/ahu\/index\">clique aqui.<\/a><\/p>\n","protected":false},"excerpt":{"rendered":"<p>A Revista Ateli\u00ea de Hist\u00f3ria UEPG se destina a publicar manuscritos de produ\u00e7\u00e3o discente, em fluxo cont\u00ednuo, dos Cursos ofertados pelo Departamento de Hist\u00f3ria da Universidade Estadual de Ponta Grossa, Paran\u00e1. Para acessar a p\u00e1gina da Revista clique aqui.<\/p>\n","protected":false},"author":204,"featured_media":0,"parent":0,"menu_order":0,"comment_status":"closed","ping_status":"closed","template":"","meta":[],"_links":{"self":[{"href":"https:\/\/www2.uepg.br\/profhistoria\/wp-json\/wp\/v2\/pages\/321"}],"collection":[{"href":"https:\/\/www2.uepg.br\/profhistoria\/wp-json\/wp\/v2\/pages"}],"about":[{"href":"https:\/\/www2.uepg.br\/profhistoria\/wp-json\/wp\/v2\/types\/page"}],"author":[{"embeddable":true,"href":"https:\/\/www2.uepg.br\/profhistoria\/wp-json\/wp\/v2\/users\/204"}],"replies":[{"embeddable":true,"href":"https:\/\/www2.uepg.br\/profhistoria\/wp-json\/wp\/v2\/comments?post=321"}],"version-history":[{"count":3,"href":"https:\/\/www2.uepg.br\/profhistoria\/wp-json\/wp\/v2\/pages\/321\/revisions"}],"predecessor-version":[{"id":337,"href":"https:\/\/www2.uepg.br\/profhistoria\/wp-json\/wp\/v2\/pages\/321\/revisions\/337"}],"wp:attachment":[{"href":"https:\/\/www2.uepg.br\/profhistoria\/wp-json\/wp\/v2\/media?parent=321"}],"curies":[{"name":"wp","href":"https:\/\/api.w.org\/{rel}","templated":true}]}}