{"id":323,"date":"2021-06-11T16:52:25","date_gmt":"2021-06-11T19:52:25","guid":{"rendered":"https:\/\/www2.uepg.br\/profhistoria\/?page_id=323"},"modified":"2021-06-15T14:19:29","modified_gmt":"2021-06-15T17:19:29","slug":"centro-de-documentacao-cdph","status":"publish","type":"page","link":"https:\/\/www2.uepg.br\/profhistoria\/centro-de-documentacao-cdph\/","title":{"rendered":"Centro de Documenta\u00e7\u00e3o &#8211; CDPH"},"content":{"rendered":"<p style=\"text-align: left\"><strong>O CDPH &#8211; Centro de Documenta\u00e7\u00e3o e Pesquisa Hist\u00f3rica<\/strong> foi criado em agosto de 1995\u00a0 com o recebimento da doa\u00e7\u00e3o do acervo documental e bibliogr\u00e1fico do Centro Cultural Euclides da Cunha, com intuito de preserva\u00e7\u00e3o documental e de propiciar o acesso \u00e0 pesquisa acad\u00eamica e \u00e0s atividades de ensino. Nos anos seguintes outros acervos de tem\u00e1ticas diversificadas foram focados no intuito de preserva\u00e7\u00e3o documental e recebidos em doa\u00e7\u00e3o. Em 1996, atrav\u00e9s de um projeto de pesquisa departamental viabilizou-se o acesso e o contato com fontes prim\u00e1rias produzidas pelo poder judici\u00e1rio local. E em mar\u00e7o de 1997, o F\u00f3rum de Ponta Grossa passa a guarda dos processos-crimes que transcorreram na 1\u00aa. Vara Criminal, entre 1884-1976 para a Sala do Acervo CCEC. No ano seguinte, recebeu o acervo documental e bibliogr\u00e1fico da biblioteca particular e acervo documental do Prof. Faris Michaele, fundador do Centro Cultural Euclides da Cunha. Nos anos posteriores, outras doa\u00e7\u00f5es de acervos significativos para a hist\u00f3ria local e regional foram encaminhadas para a Sala do Acervo e Sala de Documenta\u00e7\u00e3o Judici\u00e1ria. Em 2007, recebeu a doa\u00e7\u00e3o do acervo documental e fonogr\u00e1fico de Alceu Schwab. Em 2008, a doa\u00e7\u00e3o da cole\u00e7\u00e3o do jornal local \u201cJornal da Manh\u00e3\u201d, com publica\u00e7\u00f5es de agosto\/1954 a agosto\/2007.<\/p>\n<p>O CDPH est\u00e1 sediado no campus Uvaranas, no Bloco Did\u00e1tico de Hist\u00f3ria e Artes e \u00e9 aberto \u00e0 comunidade. Para conhecer mais <a href=\"https:\/\/www2.uepg.br\/cdph\/\" target=\"_blank\" rel=\"noopener\">clique aqui.<\/a><\/p>\n","protected":false},"excerpt":{"rendered":"<p>O CDPH &#8211; Centro de Documenta\u00e7\u00e3o e Pesquisa Hist\u00f3rica foi criado em agosto de 1995\u00a0 com o recebimento da doa\u00e7\u00e3o do acervo documental e bibliogr\u00e1fico do Centro Cultural Euclides da Cunha, com intuito de preserva\u00e7\u00e3o documental e de propiciar o acesso \u00e0 pesquisa acad\u00eamica e \u00e0s atividades de ensino. Nos anos seguintes outros acervos de&nbsp;&hellip;<\/p>\n","protected":false},"author":204,"featured_media":0,"parent":0,"menu_order":0,"comment_status":"closed","ping_status":"closed","template":"","meta":[],"_links":{"self":[{"href":"https:\/\/www2.uepg.br\/profhistoria\/wp-json\/wp\/v2\/pages\/323"}],"collection":[{"href":"https:\/\/www2.uepg.br\/profhistoria\/wp-json\/wp\/v2\/pages"}],"about":[{"href":"https:\/\/www2.uepg.br\/profhistoria\/wp-json\/wp\/v2\/types\/page"}],"author":[{"embeddable":true,"href":"https:\/\/www2.uepg.br\/profhistoria\/wp-json\/wp\/v2\/users\/204"}],"replies":[{"embeddable":true,"href":"https:\/\/www2.uepg.br\/profhistoria\/wp-json\/wp\/v2\/comments?post=323"}],"version-history":[{"count":4,"href":"https:\/\/www2.uepg.br\/profhistoria\/wp-json\/wp\/v2\/pages\/323\/revisions"}],"predecessor-version":[{"id":350,"href":"https:\/\/www2.uepg.br\/profhistoria\/wp-json\/wp\/v2\/pages\/323\/revisions\/350"}],"wp:attachment":[{"href":"https:\/\/www2.uepg.br\/profhistoria\/wp-json\/wp\/v2\/media?parent=323"}],"curies":[{"name":"wp","href":"https:\/\/api.w.org\/{rel}","templated":true}]}}