{"id":1112,"date":"2025-10-13T19:43:35","date_gmt":"2025-10-13T22:43:35","guid":{"rendered":"https:\/\/www2.uepg.br\/profmat\/?page_id=1112"},"modified":"2025-10-13T19:43:43","modified_gmt":"2025-10-13T22:43:43","slug":"local-do-exame-nacional-de-acesso-ena-2026","status":"publish","type":"page","link":"https:\/\/www2.uepg.br\/profmat\/local-do-exame-nacional-de-acesso-ena-2026\/","title":{"rendered":"Local do Exame Nacional de Acesso \u2013 ENA 2026"},"content":{"rendered":"<p>No s\u00e1bado, dia 01 de novembro de 2025, das 14h \u00e0s 17h (hor\u00e1rio de Bras\u00edlia), ser\u00e1 aplicado Exame Nacional de Acesso \u2013 ENA\u20132026 para ingresso no PROFMAT (UEPG) em 2026.<\/p>\n<p>A prova \u00e9 presencial e ocorrer\u00e1 na <strong>Sala <\/strong><strong>14<\/strong><strong> da Central de Salas de Aula<\/strong>, Campus Uvaranas \u2013 UEPG; acesso principal pela Av. General Carlos Cavalcanti, 4748 \u2013 Uvaranas, Ponta Grossa \u2013 CEP 84030-900; <a href=\"https:\/\/goo.gl\/maps\/gGBdwCFdspGcHYZn9\" target=\"_blank\" rel=\"noopener\">https:\/\/goo.gl\/maps\/gGBdwCFdspGcHYZn9<\/a><\/p>\n<p>\u00c9 recomendado que os candidatos cheguem ao local da prova com <strong>30 minutos de anteced\u00eancia;<\/strong> sendo 13h50 (hor\u00e1rio de Bras\u00edlia) \u00e9 o hor\u00e1rio limite para entrada na sala do Exame.<\/p>\n","protected":false},"excerpt":{"rendered":"<p>No s\u00e1bado, dia 01 de novembro de 2025, das 14h \u00e0s 17h (hor\u00e1rio de Bras\u00edlia), ser\u00e1 aplicado Exame Nacional de Acesso \u2013 ENA\u20132026 para ingresso no PROFMAT (UEPG) em 2026. A prova \u00e9 presencial e ocorrer\u00e1 na Sala 14 da Central de Salas de Aula, Campus Uvaranas \u2013 UEPG; acesso principal pela Av. General Carlos&nbsp;&hellip;<\/p>\n","protected":false},"author":851,"featured_media":0,"parent":0,"menu_order":0,"comment_status":"closed","ping_status":"closed","template":"","meta":[],"_links":{"self":[{"href":"https:\/\/www2.uepg.br\/profmat\/wp-json\/wp\/v2\/pages\/1112"}],"collection":[{"href":"https:\/\/www2.uepg.br\/profmat\/wp-json\/wp\/v2\/pages"}],"about":[{"href":"https:\/\/www2.uepg.br\/profmat\/wp-json\/wp\/v2\/types\/page"}],"author":[{"embeddable":true,"href":"https:\/\/www2.uepg.br\/profmat\/wp-json\/wp\/v2\/users\/851"}],"replies":[{"embeddable":true,"href":"https:\/\/www2.uepg.br\/profmat\/wp-json\/wp\/v2\/comments?post=1112"}],"version-history":[{"count":2,"href":"https:\/\/www2.uepg.br\/profmat\/wp-json\/wp\/v2\/pages\/1112\/revisions"}],"predecessor-version":[{"id":1114,"href":"https:\/\/www2.uepg.br\/profmat\/wp-json\/wp\/v2\/pages\/1112\/revisions\/1114"}],"wp:attachment":[{"href":"https:\/\/www2.uepg.br\/profmat\/wp-json\/wp\/v2\/media?parent=1112"}],"curies":[{"name":"wp","href":"https:\/\/api.w.org\/{rel}","templated":true}]}}