{"id":1172,"date":"2026-02-19T13:03:59","date_gmt":"2026-02-19T16:03:59","guid":{"rendered":"https:\/\/www2.uepg.br\/profmat\/?page_id=1172"},"modified":"2026-02-25T15:37:19","modified_gmt":"2026-02-25T18:37:19","slug":"chamada-para-a-selecao-de-bolsistas-para-alunos-do-profmat-uepg-2","status":"publish","type":"page","link":"https:\/\/www2.uepg.br\/profmat\/chamada-para-a-selecao-de-bolsistas-para-alunos-do-profmat-uepg-2\/","title":{"rendered":"Prorroga\u00e7\u00e3o dos prazos: CHAMADA PARA A SELE\u00c7\u00c3O DE BOLSISTAS PARA ALUNOS DO PROFMAT-UEPG"},"content":{"rendered":"<div id=\"panel-6-0-0-0\" class=\"so-panel widget widget_sow-editor panel-first-child\" data-index=\"0\">\n<div class=\"panel-widget-style panel-widget-style-for-6-0-0-0\">\n<div class=\"so-widget-sow-editor so-widget-sow-editor-base\">\n<div class=\"siteorigin-widget-tinymce textwidget\">\n<div class=\"post-content-single mdc-card\">\n<div class=\"post-content-inner\">\n<div class=\"col-padding\">\n<div id=\"panel-6-0-0-0\" class=\"so-panel widget widget_sow-editor panel-first-child\" data-index=\"0\">\n<div class=\"panel-widget-style panel-widget-style-for-6-0-0-0\">\n<div class=\"so-widget-sow-editor so-widget-sow-editor-base\">\n<div class=\"siteorigin-widget-tinymce textwidget\">\n<div class=\"post-content-single mdc-card\">\n<div class=\"post-content-inner\">\n<div class=\"col-padding\">\n<p>J\u00e1 est\u00e1 dispon\u00edvel o edital para solicita\u00e7\u00e3o de bolsa CAPES\/PROFMAT;<\/p>\n<p>Tr\u00eas bolsas para a <strong>turma de 2026<\/strong>: ver edital <a href=\"http:\/\/www2.uepg.br\/profmat\/wp-content\/uploads\/sites\/66\/2026\/02\/Prorrogacao-dos-prazos_Edital_01-2026-Chamada_CAPES_Bolsas_Turma2026.pdf\">Prorroga\u00e7\u00e3o dos prazos_Edital_01-2026-Chamada_CAPES_Bolsas_Turma2026<\/a><\/p>\n<\/div>\n<\/div>\n<\/div>\n<\/div>\n<\/div>\n<\/div>\n<\/div>\n<\/div>\n<\/div>\n<\/div>\n<\/div>\n<\/div>\n<\/div>\n<\/div>\n","protected":false},"excerpt":{"rendered":"<p>J\u00e1 est\u00e1 dispon\u00edvel o edital para solicita\u00e7\u00e3o de bolsa CAPES\/PROFMAT; Tr\u00eas bolsas para a turma de 2026: ver edital Prorroga\u00e7\u00e3o dos prazos_Edital_01-2026-Chamada_CAPES_Bolsas_Turma2026<\/p>\n","protected":false},"author":851,"featured_media":0,"parent":0,"menu_order":0,"comment_status":"closed","ping_status":"closed","template":"","meta":[],"_links":{"self":[{"href":"https:\/\/www2.uepg.br\/profmat\/wp-json\/wp\/v2\/pages\/1172"}],"collection":[{"href":"https:\/\/www2.uepg.br\/profmat\/wp-json\/wp\/v2\/pages"}],"about":[{"href":"https:\/\/www2.uepg.br\/profmat\/wp-json\/wp\/v2\/types\/page"}],"author":[{"embeddable":true,"href":"https:\/\/www2.uepg.br\/profmat\/wp-json\/wp\/v2\/users\/851"}],"replies":[{"embeddable":true,"href":"https:\/\/www2.uepg.br\/profmat\/wp-json\/wp\/v2\/comments?post=1172"}],"version-history":[{"count":3,"href":"https:\/\/www2.uepg.br\/profmat\/wp-json\/wp\/v2\/pages\/1172\/revisions"}],"predecessor-version":[{"id":1187,"href":"https:\/\/www2.uepg.br\/profmat\/wp-json\/wp\/v2\/pages\/1172\/revisions\/1187"}],"wp:attachment":[{"href":"https:\/\/www2.uepg.br\/profmat\/wp-json\/wp\/v2\/media?parent=1172"}],"curies":[{"name":"wp","href":"https:\/\/api.w.org\/{rel}","templated":true}]}}