{"id":38,"date":"2020-05-13T10:45:20","date_gmt":"2020-05-13T13:45:20","guid":{"rendered":"http:\/\/www2.uepg.br\/profmat\/?page_id=38"},"modified":"2025-03-14T11:32:25","modified_gmt":"2025-03-14T14:32:25","slug":"apresentacao","status":"publish","type":"page","link":"https:\/\/www2.uepg.br\/profmat\/apresentacao\/","title":{"rendered":"Apresenta\u00e7\u00e3o"},"content":{"rendered":"<h4 style=\"text-align: center\"><strong>O PROFMAT<\/strong><\/h4>\n<div class=\"entry-content\">\n<p>O\u00a0<strong>Mestrado Profissional em Matem\u00e1tica em Rede Nacional \u2013 PROFMAT <\/strong>\u00a0\u00e9 um curso de p\u00f3s-gradua\u00e7\u00e3o stricto sensu em Matem\u00e1tica, reconhecido e avaliado pela Capes, credenciado pelo Conselho Nacional de Educa\u00e7\u00e3o \u2013 CNE, validado pelo Minist\u00e9rio da Educa\u00e7\u00e3o, e conduzindo ao t\u00edtulo de Mestre em Matem\u00e1tica, \u00c1rea de Concentra\u00e7\u00e3o: Matem\u00e1tica na Educa\u00e7\u00e3o B\u00e1sica. \u00c9 um curso semipresencial, realizado por Institui\u00e7\u00f5es de Ensino Superior associadas em uma Rede Nacional e coordenado pela Comiss\u00e3o Acad\u00eamica Nacional, que opera sob a \u00e9gide da Diretoria da Sociedade Brasileira de Matem\u00e1tica (SBM), com apoio do Instituto de Matem\u00e1tica Pura e Aplicada (IMPA).<\/p>\n<h4 style=\"text-align: center\"><strong>FORMA\u00c7\u00c3O DE PROFESSORES DE MATEM\u00c1TICA<\/strong><\/h4>\n<p>O\u00a0<strong>PROFMAT<\/strong>\u00a0visa atender prioritariamente professores de Matem\u00e1tica em exerc\u00edcio na Educa\u00e7\u00e3o B\u00e1sica, especialmente de escolas p\u00fablicas, que busquem aprimoramento em sua forma\u00e7\u00e3o profissional, com \u00eanfase no dom\u00ednio aprofundado de conte\u00fado matem\u00e1tico relevante para sua doc\u00eancia.<\/p>\n<h4 style=\"text-align: center\"><strong>INGRESSO<\/strong><\/h4>\n<p>O <strong>PROFMAT<\/strong>\u00a0realiza sele\u00e7\u00f5es anuais, regulamentadas em edital que descrevem orienta\u00e7\u00f5es e informa\u00e7\u00f5es necess\u00e1rias para a realiza\u00e7\u00e3o do Exame Nacional de Acesso (ENA) ao programa.<\/p>\n<p>&nbsp;<\/p>\n<h4 style=\"text-align: center\"><strong>AVALIA\u00c7\u00c3O DA CAPES<\/strong><\/h4>\n<p>O\u00a0<strong>PROFMAT<\/strong>\u00a0foi recomendado pela CAPES, reconhecido pelo Conselho Nacional de Educa\u00e7\u00e3o \u2013 CNE e validado pelo Minist\u00e9rio da Educa\u00e7\u00e3o com nota 5 (nota m\u00e1xima para programas de mestrado).<\/p>\n<p><strong>\u00c1rea de avalia\u00e7\u00e3o:<\/strong> Ci\u00eancias e Humanidades para a Educa\u00e7\u00e3o B\u00e1sica<\/p>\n<p><strong>\u00c1rea de concentra\u00e7\u00e3o<\/strong>: Matem\u00e1tica na Educa\u00e7\u00e3o B\u00e1sica.<\/p>\n<p><strong><a href=\"https:\/\/profmat-sbm.org.br\/linhas-de-pesquisa\/\" target=\"_blank\" rel=\"noopener\">Linhas de pesquisa<\/a>:<\/strong><\/p>\n<p>i. Matem\u00e1tica na Educa\u00e7\u00e3o B\u00e1sica e suas Tecnologias;<br \/>\nii. Forma\u00e7\u00e3o de Professores de Matem\u00e1tica da Educa\u00e7\u00e3o B\u00e1sica;<br \/>\niii. Divulga\u00e7\u00e3o e Populariza\u00e7\u00e3o da Matem\u00e1tica da Educa\u00e7\u00e3o B\u00e1sica.<\/p>\n<p>&nbsp;<\/p>\n<p><strong>Modalidade<\/strong>: Mestrado Profissional<\/p>\n<h4 style=\"text-align: center\"><strong>PLANO NACIONAL DE EDUCA\u00c7\u00c3O<\/strong><\/h4>\n<p>O\u00a0<strong>PROFMAT<\/strong>\u00a0vem ao encontro do Plano Nacional de Educa\u00e7\u00e3o \u2013 PNE,\u00a0<a href=\"http:\/\/legislacao.planalto.gov.br\/legisla\/legislacao.nsf\/Viw_Identificacao\/lei%2013.005-2014?OpenDocument\">Lei N\u00ba 13.005<\/a>, de 25 junho de 2014, que coloca em sua Meta 16: formar, em n\u00edvel de p\u00f3s-gradua\u00e7\u00e3o, 50% (cinquenta por cento) dos professores da Educa\u00e7\u00e3o B\u00e1sica, at\u00e9 o \u00faltimo ano de vig\u00eancia deste PNE, e garantir a todos (as) os (as) profissionais da Educa\u00e7\u00e3o B\u00e1sica forma\u00e7\u00e3o continuada em sua \u00e1rea de atua\u00e7\u00e3o, considerando as necessidades, demandas e contextualiza\u00e7\u00f5es dos sistemas de ensino. Al\u00e9m disso, o PROFMAT tamb\u00e9m atende as metas 14, 17 e 18, que tratam respectivamente, elevar o n\u00famero de matr\u00edculas na p\u00f3s-gradua\u00e7\u00e3o\u00a0<em>stricto sensu<\/em>; valoriza\u00e7\u00e3o do professor; e plano de carreira.<\/p>\n<p>&nbsp;<\/p>\n<h4 style=\"text-align: center\"><strong>EXAME NACIONAL DE QUALIFICA\u00c7\u00c3O<\/strong><\/h4>\n<p>O\u00a0<strong>PROFMAT<\/strong>\u00a0possui Exame Nacional de Qualifica\u00e7\u00e3o (ENQ) que consiste em uma \u00fanica avalia\u00e7\u00e3o escrita, ofertada duas vezes por ano, com quest\u00f5es discursivas, envolvendo os conte\u00fados das quatro primeiras disciplinas obrigat\u00f3rias e elaborado pela Comiss\u00e3o Nacional de Avalia\u00e7\u00e3o dos Discentes. As provas do ENQ s\u00e3o digitalmente despersonalizadas e corrigidas no m\u00f3dulo de corre\u00e7\u00e3o\u00a0<em>online<\/em>\u00a0da plataforma de inform\u00e1tica do\u00a0<strong>PROFMAT<\/strong>.<\/p>\n<p>&nbsp;<\/p>\n<h4 style=\"text-align: center\"><strong>DISSERTA\u00c7\u00c3O<\/strong><\/h4>\n<p>A disserta\u00e7\u00e3o do\u00a0<strong>PROFMAT<\/strong>\u00a0versa sobre temas espec\u00edficos pertinentes ao curr\u00edculo de Matem\u00e1tica da Educa\u00e7\u00e3o B\u00e1sica com impacto na sala de aula.<\/p>\n<p>Os mais de 7.800 trabalhos de conclus\u00e3o de curso do PROFMAT encontram-se no s\u00edtio <a href=\"http:\/\/www.profmat-sbm.org.br\/dissertacoes\">http:\/\/www.profmat-sbm.org.br\/dissertacoes<\/a><\/p>\n<p>&nbsp;<\/p>\n<h4 style=\"text-align: center\"><strong>VIDEOAULAS<\/strong><\/h4>\n<p>O PROFMAT possui videoaulas dispon\u00edveis; acesse em <a href=\"https:\/\/profmat-sbm.org.br\/videoaulas-do-profmat\/\">https:\/\/profmat-sbm.org.br\/videoaulas-do-profmat\/<\/a><\/p>\n<\/div>\n<p>&nbsp;<\/p>\n<p>&nbsp;<\/p>\n","protected":false},"excerpt":{"rendered":"<p>O PROFMAT O\u00a0Mestrado Profissional em Matem\u00e1tica em Rede Nacional \u2013 PROFMAT \u00a0\u00e9 um curso de p\u00f3s-gradua\u00e7\u00e3o stricto sensu em Matem\u00e1tica, reconhecido e avaliado pela Capes, credenciado pelo Conselho Nacional de Educa\u00e7\u00e3o \u2013 CNE, validado pelo Minist\u00e9rio da Educa\u00e7\u00e3o, e conduzindo ao t\u00edtulo de Mestre em Matem\u00e1tica, \u00c1rea de Concentra\u00e7\u00e3o: Matem\u00e1tica na Educa\u00e7\u00e3o B\u00e1sica. \u00c9 um&nbsp;&hellip;<\/p>\n","protected":false},"author":24,"featured_media":0,"parent":0,"menu_order":0,"comment_status":"closed","ping_status":"closed","template":"","meta":[],"_links":{"self":[{"href":"https:\/\/www2.uepg.br\/profmat\/wp-json\/wp\/v2\/pages\/38"}],"collection":[{"href":"https:\/\/www2.uepg.br\/profmat\/wp-json\/wp\/v2\/pages"}],"about":[{"href":"https:\/\/www2.uepg.br\/profmat\/wp-json\/wp\/v2\/types\/page"}],"author":[{"embeddable":true,"href":"https:\/\/www2.uepg.br\/profmat\/wp-json\/wp\/v2\/users\/24"}],"replies":[{"embeddable":true,"href":"https:\/\/www2.uepg.br\/profmat\/wp-json\/wp\/v2\/comments?post=38"}],"version-history":[{"count":21,"href":"https:\/\/www2.uepg.br\/profmat\/wp-json\/wp\/v2\/pages\/38\/revisions"}],"predecessor-version":[{"id":931,"href":"https:\/\/www2.uepg.br\/profmat\/wp-json\/wp\/v2\/pages\/38\/revisions\/931"}],"wp:attachment":[{"href":"https:\/\/www2.uepg.br\/profmat\/wp-json\/wp\/v2\/media?parent=38"}],"curies":[{"name":"wp","href":"https:\/\/api.w.org\/{rel}","templated":true}]}}