{"id":40,"date":"2020-05-13T10:46:39","date_gmt":"2020-05-13T13:46:39","guid":{"rendered":"http:\/\/www2.uepg.br\/profmat\/?page_id=40"},"modified":"2025-06-09T16:02:46","modified_gmt":"2025-06-09T19:02:46","slug":"corpo-docente","status":"publish","type":"page","link":"https:\/\/www2.uepg.br\/profmat\/corpo-docente\/","title":{"rendered":"Corpo Docente"},"content":{"rendered":"<table class=\"table table-striped table-bordered\" style=\"font-size: 16px\">\n<tbody>\n<tr class=\"info\">\n<th colspan=\"3\"><strong>Professores Permanentes<\/strong><\/th>\n<\/tr>\n<tr class=\"info\">\n<th><strong>Professor<\/strong><\/th>\n<th><strong>Linha de Pesquisa<\/strong><\/th>\n<th><strong>E-mail<\/strong><\/th>\n<\/tr>\n<tr>\n<td>Airton Kist<\/td>\n<td>Matem\u00e1tica na Educa\u00e7\u00e3o B\u00e1sica e suas Tecnologias<\/td>\n<td>\u00a0<a href=\"mailto:kist@uepg.br\" target=\"_blank\" rel=\"noopener\">kist@uepg.br<\/a><\/td>\n<\/tr>\n<tr>\n<td>Elisangela dos Santos Meza<\/td>\n<td>Forma\u00e7\u00e3o\u00a0de Professores\u00a0de Matem\u00e1tica da Educa\u00e7\u00e3o B\u00e1sica<br \/>\nDivulga\u00e7\u00e3o e Populariza\u00e7\u00e3o da Matem\u00e1tica da Educa\u00e7\u00e3o B\u00e1sica<\/td>\n<td>emeza@uepg.br<\/td>\n<\/tr>\n<tr>\n<td>Fabiane de Oliveira<\/td>\n<td>Matem\u00e1tica na Educa\u00e7\u00e3o B\u00e1sica e suas Tecnologias<br \/>\nForma\u00e7\u00e3o\u00a0<span class=\"il\">de<\/span>\u00a0Professores\u00a0<span class=\"il\">de<\/span>\u00a0Matem\u00e1tica da Educa\u00e7\u00e3o B\u00e1sica<\/td>\n<td>fabiane1910@yahoo.com.br<\/td>\n<\/tr>\n<tr>\n<td>Giuliano Gadioli La Guardia<\/td>\n<td>Matem\u00e1tica na Educa\u00e7\u00e3o B\u00e1sica e suas Tecnologias<\/td>\n<td>gguardia@uepg.br<\/td>\n<\/tr>\n<tr>\n<td>Jocemar de Quadros Chagas<\/td>\n<td>Divulga\u00e7\u00e3o e Populariza\u00e7\u00e3o da Matem\u00e1tica da Educa\u00e7\u00e3o B\u00e1sica<\/td>\n<td>jocemarchagas@gmail.com<\/td>\n<\/tr>\n<tr>\n<td>Jos\u00e9 Trobia<\/td>\n<td>Matem\u00e1tica na Educa\u00e7\u00e3o B\u00e1sica e suas Tecnologias<br \/>\nForma\u00e7\u00e3o\u00a0<span class=\"il\">de<\/span>\u00a0Professores\u00a0<span class=\"il\">de<\/span>\u00a0Matem\u00e1tica da Educa\u00e7\u00e3o B\u00e1sica<\/td>\n<td>jtrobia@uepg.br<\/td>\n<\/tr>\n<tr>\n<td>Leonardo Pires<\/td>\n<td>Matem\u00e1tica na Educa\u00e7\u00e3o B\u00e1sica e suas Tecnologias<\/td>\n<td>lpires@uepg.br<\/td>\n<\/tr>\n<tr>\n<td>Marciano Pereira<\/td>\n<td>Matem\u00e1tica na Educa\u00e7\u00e3o B\u00e1sica e suas Tecnologias<br \/>\nForma\u00e7\u00e3o\u00a0<span class=\"il\">de<\/span>\u00a0Professores\u00a0<span class=\"il\">de<\/span>\u00a0Matem\u00e1tica da Educa\u00e7\u00e3o B\u00e1sica<\/td>\n<td>marciano@uepg.br<\/td>\n<\/tr>\n<tr>\n<td>Marcos Cal\u00e7ada<\/td>\n<td>Matem\u00e1tica na Educa\u00e7\u00e3o B\u00e1sica e suas Tecnologias<br \/>\nForma\u00e7\u00e3o\u00a0<span class=\"il\">de<\/span>\u00a0Professores\u00a0<span class=\"il\">de<\/span>\u00a0Matem\u00e1tica da Educa\u00e7\u00e3o B\u00e1sica<\/td>\n<td>mcalcada@gmail.com<\/td>\n<\/tr>\n<tr>\n<td>Marcos Teixeira Alves<\/td>\n<td>Forma\u00e7\u00e3o\u00a0<span class=\"il\">de<\/span>\u00a0Professores\u00a0<span class=\"il\">de<\/span> Matem\u00e1tica da Educa\u00e7\u00e3o B\u00e1sica;<br \/>\nDivulga\u00e7\u00e3o e Populariza\u00e7\u00e3o da Matem\u00e1tica da Educa\u00e7\u00e3o B\u00e1sica<\/td>\n<td>mtmarcos@gmail.com<\/td>\n<\/tr>\n<tr>\n<td>Scheila Valechenski Biehl<\/td>\n<td>Matem\u00e1tica na Educa\u00e7\u00e3o B\u00e1sica e suas Tecnologias<br \/>\nForma\u00e7\u00e3o\u00a0<span class=\"il\">de<\/span>\u00a0Professores\u00a0<span class=\"il\">de<\/span>\u00a0Matem\u00e1tica da Educa\u00e7\u00e3o B\u00e1sica<\/td>\n<td>scheilabiehl08@gmail.com<\/td>\n<\/tr>\n<tr>\n<td>Wanderley Aparecido Cerniauskas<\/td>\n<td>Matem\u00e1tica na Educa\u00e7\u00e3o B\u00e1sica e suas Tecnologias<\/td>\n<td>wanderley@uepg.br<\/td>\n<\/tr>\n<tr>\n<td><\/td>\n<td><\/td>\n<td><\/td>\n<\/tr>\n<\/tbody>\n<\/table>\n","protected":false},"excerpt":{"rendered":"<p>Professores Permanentes Professor Linha de Pesquisa E-mail Airton Kist Matem\u00e1tica na Educa\u00e7\u00e3o B\u00e1sica e suas Tecnologias \u00a0kist@uepg.br Elisangela dos Santos Meza Forma\u00e7\u00e3o\u00a0de Professores\u00a0de Matem\u00e1tica da Educa\u00e7\u00e3o B\u00e1sica Divulga\u00e7\u00e3o e Populariza\u00e7\u00e3o da Matem\u00e1tica da Educa\u00e7\u00e3o B\u00e1sica emeza@uepg.br Fabiane de Oliveira Matem\u00e1tica na Educa\u00e7\u00e3o B\u00e1sica e suas Tecnologias Forma\u00e7\u00e3o\u00a0de\u00a0Professores\u00a0de\u00a0Matem\u00e1tica da Educa\u00e7\u00e3o B\u00e1sica fabiane1910@yahoo.com.br Giuliano Gadioli La Guardia&nbsp;&hellip;<\/p>\n","protected":false},"author":24,"featured_media":0,"parent":0,"menu_order":0,"comment_status":"closed","ping_status":"closed","template":"","meta":[],"_links":{"self":[{"href":"https:\/\/www2.uepg.br\/profmat\/wp-json\/wp\/v2\/pages\/40"}],"collection":[{"href":"https:\/\/www2.uepg.br\/profmat\/wp-json\/wp\/v2\/pages"}],"about":[{"href":"https:\/\/www2.uepg.br\/profmat\/wp-json\/wp\/v2\/types\/page"}],"author":[{"embeddable":true,"href":"https:\/\/www2.uepg.br\/profmat\/wp-json\/wp\/v2\/users\/24"}],"replies":[{"embeddable":true,"href":"https:\/\/www2.uepg.br\/profmat\/wp-json\/wp\/v2\/comments?post=40"}],"version-history":[{"count":13,"href":"https:\/\/www2.uepg.br\/profmat\/wp-json\/wp\/v2\/pages\/40\/revisions"}],"predecessor-version":[{"id":979,"href":"https:\/\/www2.uepg.br\/profmat\/wp-json\/wp\/v2\/pages\/40\/revisions\/979"}],"wp:attachment":[{"href":"https:\/\/www2.uepg.br\/profmat\/wp-json\/wp\/v2\/media?parent=40"}],"curies":[{"name":"wp","href":"https:\/\/api.w.org\/{rel}","templated":true}]}}