{"id":49,"date":"2020-05-13T11:37:03","date_gmt":"2020-05-13T14:37:03","guid":{"rendered":"http:\/\/www2.uepg.br\/profmat\/?page_id=49"},"modified":"2026-02-17T20:27:10","modified_gmt":"2026-02-17T23:27:10","slug":"documentos","status":"publish","type":"page","link":"https:\/\/www2.uepg.br\/profmat\/documentos\/","title":{"rendered":"Documentos"},"content":{"rendered":"<div id=\"pl-49\" class=\"panel-layout\">\n<div id=\"pg-49-0\" class=\"panel-grid panel-no-style\">\n<div id=\"pgc-49-0-0\" class=\"panel-grid-cell\" data-weight=\"1\">\n<div id=\"panel-49-0-0-0\" class=\"so-panel widget widget_sow-editor panel-first-child panel-last-child\" data-index=\"0\">\n<div class=\"so-widget-sow-editor so-widget-sow-editor-base\">\n<div class=\"siteorigin-widget-tinymce textwidget\">\n<h4><strong>CALEND\u00c1RIO ACAD\u00caMICO DO PROFMAT-UEPG<\/strong><\/h4>\n<p><a href=\"http:\/\/www2.uepg.br\/profmat\/wp-content\/uploads\/sites\/66\/2025\/12\/Calendario-Academico-de-2026.pdf\" target=\"_blank\" rel=\"noopener\">Calend\u00e1rio Acad\u00eamico de 2026<\/a><\/p>\n<h4><strong>SOLICITA\u00c7\u00d5ES AO COLEGIADO\u00a0<\/strong><\/h4>\n<p><strong>Instru\u00e7\u00f5es: <\/strong>todas as solicita\u00e7\u00f5es dever\u00e3o ser protocoladas via SEI (https:\/\/sei.uepg.br\/), e endere\u00e7adas ao Colegiado do PPG-PROFMAT, devidamente instru\u00eddas.<\/p>\n<\/div>\n<\/div>\n<\/div>\n<\/div>\n<\/div>\n<\/div>\n<div id=\"pl-49\" class=\"panel-layout\">\n<div id=\"pg-49-0\" class=\"panel-grid panel-no-style\">\n<div id=\"pgc-49-0-0\" class=\"panel-grid-cell\" data-weight=\"1\">\n<div id=\"panel-49-0-0-0\" class=\"so-panel widget widget_sow-editor panel-first-child panel-last-child\" data-index=\"0\">\n<div class=\"so-widget-sow-editor so-widget-sow-editor-base\">\n<div class=\"siteorigin-widget-tinymce textwidget\">\n<ul>\n<li><a href=\"http:\/\/www2.uepg.br\/profmat\/wp-content\/uploads\/sites\/66\/2020\/05\/Requerimento.pdf\" target=\"_blank\" rel=\"noopener noreferrer\">Requerimento<\/a><\/li>\n<li><a href=\"http:\/\/www2.uepg.br\/profmat\/wp-content\/uploads\/sites\/66\/2020\/05\/Comunicado-da-designacao-do-professor-orientador.pdf\" target=\"_blank\" rel=\"noopener noreferrer\">Comunicado<\/a>\u00a0da designa\u00e7\u00e3o do professor orientador<\/li>\n<li><a href=\"http:\/\/www2.uepg.br\/profmat\/wp-content\/uploads\/sites\/66\/2023\/10\/Formulario-de-defesa.pdf\" target=\"_blank\" rel=\"noopener noreferrer\">Protocolo de Solicita\u00e7\u00e3o de Defesa<\/a><\/li>\n<\/ul>\n<h4><\/h4>\n<\/div>\n<h4><strong>REGULAMENTO E NORMAS ATUAIS<\/strong><\/h4>\n<ul>\n<li>Vers\u00e3o Atual do <a href=\"http:\/\/www2.uepg.br\/profmat\/wp-content\/uploads\/sites\/66\/2024\/12\/regulamento-PROFMAT-UEPG-2024.pdf\" target=\"_blank\" rel=\"noopener\">Regimento Intero do PPG-PROFMAT-UEPG<\/a> (alterado pela RESOLU\u00c7\u00c3O CEPE &#8211; N\u00ba 2024.43)<\/li>\n<\/ul>\n<\/div>\n<ul>\n<li><a href=\"https:\/\/sistemas.uepg.br\/producao\/reitoria\/documentos\/1202016-07-1923.pdf\" target=\"_blank\" rel=\"noopener noreferrer\">Regulamento Geral<\/a>\u00a0dos PPG Stricto Sensu da UEPG (Resolucao CEPE 020\/2016)<\/li>\n<li><a href=\"https:\/\/sistemas.uepg.br\/producao\/reitoria\/documentos\/1302016-09-2723.pdf\">Regulamento de Orienta\u00e7\u00e3o de Disserta\u00e7\u00e3o de Mestrado<\/a>\u00a0(Resolu\u00e7\u00e3o CEPE 030\/2016)<\/li>\n<\/ul>\n<div class=\"so-widget-sow-editor so-widget-sow-editor-base\">\n<div class=\"siteorigin-widget-tinymce textwidget\">\n<ul>\n<li><a href=\"http:\/\/www.profmat-sbm.org.br\/index.php\/funcionamento\/regimento\" target=\"_blank\" rel=\"noopener noreferrer\">Regimento<\/a>\u00a0Nacional do PROFMAT<\/li>\n<li><a href=\"http:\/\/www.profmat-sbm.org.br\/index.php\/funcionamento\/normas\" target=\"_blank\" rel=\"noopener noreferrer\">Normas<\/a> Acad\u00eamicas Nacionais do PROFMAT<\/li>\n<\/ul>\n<\/div>\n<ul>\n<li><a href=\"http:\/\/www2.uepg.br\/profmat\/wp-content\/uploads\/sites\/66\/2026\/02\/EDITAL-No-22-PARA-CONCESSAO-DE-BOLSAS-DE-ESTUDOS-CAPES_PROFMAT_TURMA-2026.pdf\" target=\"_blank\" rel=\"noopener\">Normas para Concess\u00e3o de Bolsa CAPES (Turma 2026).<\/a><\/li>\n<li><a href=\"https:\/\/profmat-sbm.org.br\/normas-para-concessao-de-bolsa-capes-termo-de-compromisso\/\" target=\"_blank\" rel=\"noopener\">Normas para Concess\u00e3o de Bolsa CAPES (anteriores)<\/a>.<\/li>\n<\/ul>\n<p>&nbsp;<\/p>\n<h4><strong>REGULAMENTOS ANTIGOS<\/strong><\/h4>\n<div class=\"siteorigin-widget-tinymce textwidget\">\n<ul>\n<li><a href=\"http:\/\/www2.uepg.br\/profmat\/wp-content\/uploads\/sites\/66\/2020\/05\/Resolu\u00e7\u00e3oCEPE028.pdf\" target=\"_blank\" rel=\"noopener noreferrer\">Regimento Interno<\/a>\u00a0do PPG-PROFMAT (Resolu\u00e7\u00e3o CEPE 028\/2015)<\/li>\n<li><a href=\"https:\/\/sistemas.uepg.br\/producao\/reitoria\/documentos\/1582018-10-2323.pdf\">Regulamento PPG-PROFMAT<\/a>\u00a0(Resolu\u00e7\u00e3o CEPE 058\/2018)<\/li>\n<\/ul>\n<\/div>\n<p>&nbsp;<\/p>\n<h4><strong>DISSERTA\u00c7\u00c3O<\/strong><\/h4>\n<div class=\"siteorigin-widget-tinymce textwidget\">\n<p>Template de Disserta\u00e7\u00e3o no <em><a href=\"https:\/\/drive.google.com\/file\/d\/1mQHoU3jsybjUIw_TH5vy_P5aYF5yXqL1\/view?usp=sharing\" target=\"_blank\" rel=\"noopener noreferrer\">LaTeX<\/a><\/em>, <a href=\"http:\/\/www2.uepg.br\/profmat\/wp-content\/uploads\/sites\/66\/2020\/07\/Logo_PROFMAT.png\" target=\"_blank\" rel=\"noopener noreferrer\">Logo<\/a> do PROFMAT e arquivo em <a href=\"http:\/\/www2.uepg.br\/profmat\/wp-content\/uploads\/sites\/66\/2020\/07\/Template_Dissertacao_PROFMAT.pdf\" target=\"_blank\" rel=\"noopener noreferrer\">pdf<\/a>.<\/p>\n<p><a href=\"https:\/\/ri.uepg.br\/riuepg\/bitstream\/handle\/123456789\/901\/Manual-5-ed-digital%20%282%29.pdf?sequence=4\" target=\"_blank\" rel=\"noopener\">Manual de Normaliza\u00e7\u00e3o <\/a>Bibliogr\u00e1fica para Trabalhos Cient\u00edficos &#8211; BICEN &#8211; 2023<\/p>\n<p>&nbsp;<\/p>\n<\/div>\n<\/div>\n<\/div>\n<\/div>\n<\/div>\n<\/div>\n","protected":false},"excerpt":{"rendered":"<p>CALEND\u00c1RIO ACAD\u00caMICO DO PROFMAT-UEPG Calend\u00e1rio Acad\u00eamico de 2026 SOLICITA\u00c7\u00d5ES AO COLEGIADO\u00a0 Instru\u00e7\u00f5es: todas as solicita\u00e7\u00f5es dever\u00e3o ser protocoladas via SEI (https:\/\/sei.uepg.br\/), e endere\u00e7adas ao Colegiado do PPG-PROFMAT, devidamente instru\u00eddas. Requerimento Comunicado\u00a0da designa\u00e7\u00e3o do professor orientador Protocolo de Solicita\u00e7\u00e3o de Defesa REGULAMENTO E NORMAS ATUAIS Vers\u00e3o Atual do Regimento Intero do PPG-PROFMAT-UEPG (alterado pela RESOLU\u00c7\u00c3O CEPE&nbsp;&hellip;<\/p>\n","protected":false},"author":24,"featured_media":0,"parent":0,"menu_order":0,"comment_status":"closed","ping_status":"closed","template":"","meta":[],"_links":{"self":[{"href":"https:\/\/www2.uepg.br\/profmat\/wp-json\/wp\/v2\/pages\/49"}],"collection":[{"href":"https:\/\/www2.uepg.br\/profmat\/wp-json\/wp\/v2\/pages"}],"about":[{"href":"https:\/\/www2.uepg.br\/profmat\/wp-json\/wp\/v2\/types\/page"}],"author":[{"embeddable":true,"href":"https:\/\/www2.uepg.br\/profmat\/wp-json\/wp\/v2\/users\/24"}],"replies":[{"embeddable":true,"href":"https:\/\/www2.uepg.br\/profmat\/wp-json\/wp\/v2\/comments?post=49"}],"version-history":[{"count":26,"href":"https:\/\/www2.uepg.br\/profmat\/wp-json\/wp\/v2\/pages\/49\/revisions"}],"predecessor-version":[{"id":1152,"href":"https:\/\/www2.uepg.br\/profmat\/wp-json\/wp\/v2\/pages\/49\/revisions\/1152"}],"wp:attachment":[{"href":"https:\/\/www2.uepg.br\/profmat\/wp-json\/wp\/v2\/media?parent=49"}],"curies":[{"name":"wp","href":"https:\/\/api.w.org\/{rel}","templated":true}]}}