{"id":55,"date":"2020-05-13T11:37:40","date_gmt":"2020-05-13T14:37:40","guid":{"rendered":"http:\/\/www2.uepg.br\/profmat\/?page_id=55"},"modified":"2022-07-29T11:49:55","modified_gmt":"2022-07-29T14:49:55","slug":"links","status":"publish","type":"page","link":"https:\/\/www2.uepg.br\/profmat\/links\/","title":{"rendered":"Links"},"content":{"rendered":"<p>Tenha acesso ao guia de d\u00favidas, aos alunos, quanto aos diversos processos a serem gerados durante a vida acad\u00eamica clicando <a href=\"https:\/\/www2.uepg.br\/propesp\/pos-graduacao\/secretaria-academica-stricto-sensu\/\" target=\"_blank\" rel=\"noopener\">aqui<\/a>.<\/p>\n<p>Planeje seu ingresso no PROFMAT; veja quais s\u00e3o as normas vigentes clicando <a href=\"https:\/\/profmat-sbm.org.br\/normas-academicas-do-profmat\/\" target=\"_blank\" rel=\"noopener\">aqui<\/a>.<\/p>\n<p><a href=\"http:\/\/pmo.sbm.org.br\" target=\"_blank\" rel=\"noopener noreferrer\">Revista Professor de Matem\u00e1tica Online\u00a0(PMO).<\/a><\/p>\n<p><a href=\"http:\/\/moodle.profmat-sbm.org.br\/\" target=\"_blank\" rel=\"noopener noreferrer\">Programa\u00e7\u00e3o acad\u00eamica.<\/a><\/p>\n<p><a href=\"http:\/\/www.profmat-sbm.org.br\/dissertacoes\" target=\"_blank\" rel=\"noopener noreferrer\">Acesso a Biblioteca Digital do PROFMAT<\/a><\/p>\n<p>&nbsp;<\/p>\n","protected":false},"excerpt":{"rendered":"<p>Tenha acesso ao guia de d\u00favidas, aos alunos, quanto aos diversos processos a serem gerados durante a vida acad\u00eamica clicando aqui. Planeje seu ingresso no PROFMAT; veja quais s\u00e3o as normas vigentes clicando aqui. Revista Professor de Matem\u00e1tica Online\u00a0(PMO). Programa\u00e7\u00e3o acad\u00eamica. Acesso a Biblioteca Digital do PROFMAT &nbsp;<\/p>\n","protected":false},"author":24,"featured_media":0,"parent":0,"menu_order":0,"comment_status":"closed","ping_status":"closed","template":"","meta":[],"_links":{"self":[{"href":"https:\/\/www2.uepg.br\/profmat\/wp-json\/wp\/v2\/pages\/55"}],"collection":[{"href":"https:\/\/www2.uepg.br\/profmat\/wp-json\/wp\/v2\/pages"}],"about":[{"href":"https:\/\/www2.uepg.br\/profmat\/wp-json\/wp\/v2\/types\/page"}],"author":[{"embeddable":true,"href":"https:\/\/www2.uepg.br\/profmat\/wp-json\/wp\/v2\/users\/24"}],"replies":[{"embeddable":true,"href":"https:\/\/www2.uepg.br\/profmat\/wp-json\/wp\/v2\/comments?post=55"}],"version-history":[{"count":10,"href":"https:\/\/www2.uepg.br\/profmat\/wp-json\/wp\/v2\/pages\/55\/revisions"}],"predecessor-version":[{"id":443,"href":"https:\/\/www2.uepg.br\/profmat\/wp-json\/wp\/v2\/pages\/55\/revisions\/443"}],"wp:attachment":[{"href":"https:\/\/www2.uepg.br\/profmat\/wp-json\/wp\/v2\/media?parent=55"}],"curies":[{"name":"wp","href":"https:\/\/api.w.org\/{rel}","templated":true}]}}