{"id":57,"date":"2020-05-13T11:41:07","date_gmt":"2020-05-13T14:41:07","guid":{"rendered":"http:\/\/www2.uepg.br\/profmat\/?page_id=57"},"modified":"2026-03-13T10:00:29","modified_gmt":"2026-03-13T13:00:29","slug":"contato","status":"publish","type":"page","link":"https:\/\/www2.uepg.br\/profmat\/contato\/","title":{"rendered":"Contato"},"content":{"rendered":"<h4 style=\"text-align: center\"><strong>A Secretaria do PPG PROFMAT-UEPG funciona junto a\u00a0Secretaria Setorial P\u00f3s Gradua\u00e7\u00e3o \u2013 Forma\u00e7\u00e3o de Professores<\/strong><\/h4>\n<p style=\"text-align: center\"><strong>Secretaria Setorial P\u00f3s Gradua\u00e7\u00e3o \u2013 Forma\u00e7\u00e3o de Professores<\/strong><\/p>\n<p style=\"text-align: center\"><strong>Secret\u00e1ria Administrativa: Anelise Resnizek Diniz<\/strong><\/p>\n<p class=\"m_3149770524383267616lead\" style=\"text-align: center\">Telefone: (42) 2102-8676<\/p>\n<p class=\"m_3149770524383267616lead\" style=\"text-align: center\">Ramal: 8676<\/p>\n<p class=\"m_3149770524383267616lead\" style=\"text-align: center\">E-mail:\u00a0<a href=\"mailto:sspgfp@uepg.br\" target=\"_blank\" rel=\"noopener noreferrer\">ardiniz@uepg.br<\/a><\/p>\n<p style=\"text-align: center\"><strong>Endere\u00e7o<\/strong><\/p>\n<p class=\"m_3149770524383267616lead\" style=\"text-align: center\">Secretaria Setorial da P\u00f3s Gradua\u00e7\u00e3o \u2013 Forma\u00e7\u00e3o de Professores<br \/>\nAv. Carlos Cavalcanti, 4748, Bloco PDE, Sala 09<br \/>\nUvaranas, Ponta Grossa \u2013 Paran\u00e1<br \/>\nCEP 84030-900<\/p>\n<p class=\"m_3149770524383267616lead\" style=\"text-align: center\">E-mail: <a href=\"mailto:profmat_uepg@uepg.br\" target=\"_blank\" rel=\"noopener\">profmat_uepg@uepg.br<\/a><\/p>\n<p class=\"m_3149770524383267616lead\" style=\"text-align: center\"><strong>Hor\u00e1rio de Funcionamento:<\/strong><br \/>\nSegunda \u00e0 Sexta, das 08:15h \u00e0s 17:00h<\/p>\n<p>&nbsp;<\/p>\n<div class=\"text-center\" style=\"text-align: center\">\n<h4 style=\"text-align: center\"><strong>Coordena\u00e7\u00e3o do PPG\u00a0 PROFMAT-UEPG<\/strong><\/h4>\n<p style=\"text-align: center\"><strong>Endere\u00e7o<\/strong><\/p>\n<p style=\"text-align: center\"><strong>Coordena\u00e7\u00e3o do PPG PROFMAT-UEPG<\/strong><br \/>\nAv. Carlos Cavalcanti, 4748, Bloco L, Sala 106A<br \/>\nUvaranas, Ponta Grossa \u2013 Paran\u00e1<br \/>\nCEP 84030-900<\/p>\n<p>&nbsp;<\/p>\n<\/div>\n<p style=\"text-align: center\"><strong>Coordenador<\/strong><\/p>\n<div class=\"text-center\" style=\"text-align: center\">\n<p style=\"text-align: center\">Prof. Dr. Jos\u00e9 Trobia<br \/>\nE-mail: <a href=\"mailto:wanderley@gmail.com\">jtrobia@uepg.br<\/a><\/p>\n<p style=\"text-align: center\"><strong>Coordenador Adjunto<\/strong><\/p>\n<p style=\"text-align: center\">Prof. Dr. Wanderley Aparecido Cerniauskas<\/p>\n<p>E-mail: <a href=\"mailto:wanderley@uepg.br\" target=\"_blank\" rel=\"noopener\">wanderley@uepg.br<\/a><\/p>\n<\/div>\n<h4 style=\"text-align: center\"><\/h4>\n<div class=\"text-center\" style=\"text-align: center\">\n<h4 style=\"text-align: center\"><strong>Colegiado de curso<\/strong><\/h4>\n<p style=\"text-align: center\"><strong>Docentes<\/strong><\/p>\n<p style=\"text-align: center\">Prof. Dr. Jos\u00e9 Trobia<br \/>\nE-mail: <a href=\"mailto:jtrobia@uepg.br\" target=\"_blank\" rel=\"noopener\">jtrobia@uepg.br<\/a><\/p>\n<p style=\"text-align: center\">Prof. Dr. Wanderley Aparecido Cerniauskas<br \/>\nE-mail:\u00a0<a href=\"mailto:wanderley@gmail.com\">wanderley@uepg.br<\/a><\/p>\n<p style=\"text-align: center\">Prof. Dr. Airton Kist<br \/>\nE-mail: <a href=\"mailto:marciano@gmail.com\" target=\"_blank\" rel=\"noopener\">kist@uepg.br<\/a><\/p>\n<p style=\"text-align: center\">Prof. Dra. Scheila Valechenski Biehl<br \/>\nE-mail: <a href=\"mailto:scheilabiehl08@gmail.com\">scheilabiehl08@gmail.com<\/a><\/p>\n<p style=\"text-align: center\"><strong>Representante discente<\/strong><\/p>\n<p>Talita Favoretto<br \/>\nE-mail: <a href=\"mailto:talita_fvoretto@yahoo.com.br\" target=\"_blank\" rel=\"noopener\">talita_fvoretto@yahoo.com.br<\/a><\/p>\n<p>&nbsp;<\/p>\n<\/div>\n<div class=\"row\">\n<div class=\"col-lg-12\">\n<p style=\"text-align: center\"><strong>Programa de P\u00f3s-Gradua\u00e7\u00e3o STRICTO SENSU, coordenado pela Sociedade Brasileira de Matem\u00e1tica, para aprimoramento da forma\u00e7\u00e3o profissional de professores da Educa\u00e7\u00e3o B\u00e1sica.<\/strong><\/p>\n<\/div>\n<\/div>\n<div class=\"row\">\n<div class=\"col-lg-12\">\n<p style=\"text-align: center\">Mais informa\u00e7\u00f5es sobre a <strong>Coordena\u00e7\u00e3o Nacional<\/strong> no site\u00a0<a href=\"http:\/\/www.profmat-sbm.org.br\/\" target=\"_blank\" rel=\"noopener noreferrer\">http:\/\/www.profmat-sbm.org.br<\/a><\/p>\n<\/div>\n<\/div>\n<div class=\"row\"><\/div>\n","protected":false},"excerpt":{"rendered":"<p>A Secretaria do PPG PROFMAT-UEPG funciona junto a\u00a0Secretaria Setorial P\u00f3s Gradua\u00e7\u00e3o \u2013 Forma\u00e7\u00e3o de Professores Secretaria Setorial P\u00f3s Gradua\u00e7\u00e3o \u2013 Forma\u00e7\u00e3o de Professores Secret\u00e1ria Administrativa: Anelise Resnizek Diniz Telefone: (42) 2102-8676 Ramal: 8676 E-mail:\u00a0ardiniz@uepg.br Endere\u00e7o Secretaria Setorial da P\u00f3s Gradua\u00e7\u00e3o \u2013 Forma\u00e7\u00e3o de Professores Av. Carlos Cavalcanti, 4748, Bloco PDE, Sala 09 Uvaranas, Ponta Grossa&nbsp;&hellip;<\/p>\n","protected":false},"author":24,"featured_media":0,"parent":0,"menu_order":0,"comment_status":"closed","ping_status":"closed","template":"","meta":[],"_links":{"self":[{"href":"https:\/\/www2.uepg.br\/profmat\/wp-json\/wp\/v2\/pages\/57"}],"collection":[{"href":"https:\/\/www2.uepg.br\/profmat\/wp-json\/wp\/v2\/pages"}],"about":[{"href":"https:\/\/www2.uepg.br\/profmat\/wp-json\/wp\/v2\/types\/page"}],"author":[{"embeddable":true,"href":"https:\/\/www2.uepg.br\/profmat\/wp-json\/wp\/v2\/users\/24"}],"replies":[{"embeddable":true,"href":"https:\/\/www2.uepg.br\/profmat\/wp-json\/wp\/v2\/comments?post=57"}],"version-history":[{"count":24,"href":"https:\/\/www2.uepg.br\/profmat\/wp-json\/wp\/v2\/pages\/57\/revisions"}],"predecessor-version":[{"id":1218,"href":"https:\/\/www2.uepg.br\/profmat\/wp-json\/wp\/v2\/pages\/57\/revisions\/1218"}],"wp:attachment":[{"href":"https:\/\/www2.uepg.br\/profmat\/wp-json\/wp\/v2\/media?parent=57"}],"curies":[{"name":"wp","href":"https:\/\/api.w.org\/{rel}","templated":true}]}}