{"id":626,"date":"2023-06-30T13:11:17","date_gmt":"2023-06-30T16:11:17","guid":{"rendered":"https:\/\/www2.uepg.br\/prorh\/?page_id=626"},"modified":"2025-03-20T14:29:15","modified_gmt":"2025-03-20T17:29:15","slug":"equipe","status":"publish","type":"page","link":"https:\/\/www2.uepg.br\/progesp\/equipe\/","title":{"rendered":"EQUIPE"},"content":{"rendered":"<div id=\"pl-626\"  class=\"panel-layout\" ><div id=\"pg-626-0\"  class=\"panel-grid panel-no-style\" ><div id=\"pgc-626-0-0\"  class=\"panel-grid-cell\" ><div id=\"panel-626-0-0-0\" class=\"so-panel widget widget_sow-accordion panel-first-child\" data-index=\"0\" ><div id=\"equipe\" class=\"panel-widget-style panel-widget-style-for-626-0-0-0\" ><div\n\t\t\t\n\t\t\tclass=\"so-widget-sow-accordion so-widget-sow-accordion-default-78a29d98814b-626\"\n\t\t\t\n\t\t><h3 class=\"widget-title\">Equipe PROGESP<\/h3><div>\n\t<div class=\"sow-accordion\">\n\t\t\t<div class=\"sow-accordion-panel sow-accordion-panel-open\"\n\t\t\t data-anchor=\"pr%c3%b3-reitor\">\n\t\t\t\t<div class=\"sow-accordion-panel-header-container\" role=\"heading\" aria-level=\"2\">\n\t\t\t\t\t<div class=\"sow-accordion-panel-header\" tabindex=\"0\" role=\"button\" id=\"accordion-label-pr%c3%b3-reitor\" aria-controls=\"accordion-content-pr%c3%b3-reitor\" aria-expanded=\"true\">\n\t\t\t\t\t\t<div class=\"sow-accordion-title sow-accordion-title-icon-left\">\n\t\t\t\t\t\t\t\t\t\t\t\t\t\tPR\u00d3-REITOR\t\t\t\t\t\t\t\t\t\t\t\t\t<\/div>\n\t\t\t\t\t\t<div class=\"sow-accordion-open-close-button\">\n\t\t\t\t\t\t\t<div class=\"sow-accordion-open-button\">\n\t\t\t\t\t\t\t\t<span class=\"sow-icon-ionicons\" data-sow-icon=\"&#xf218;\"\n\t\t \n\t\taria-hidden=\"true\"><\/span>\t\t\t\t\t\t\t<\/div>\n\t\t\t\t\t\t\t<div class=\"sow-accordion-close-button\">\n\t\t\t\t\t\t\t\t<span class=\"sow-icon-ionicons\" data-sow-icon=\"&#xf209;\"\n\t\t \n\t\taria-hidden=\"true\"><\/span>\t\t\t\t\t\t\t<\/div>\n\t\t\t\t\t\t<\/div>\n\t\t\t\t\t<\/div>\n\t\t\t\t<\/div>\n\n\t\t\t<div\n\t\t\t\tclass=\"sow-accordion-panel-content\"\n\t\t\t\trole=\"region\"\n\t\t\t\taria-labelledby=\"accordion-label-pr%c3%b3-reitor\"\n\t\t\t\tid=\"accordion-content-pr%c3%b3-reitor\"\n\t\t\t\t\t\t\t>\n\t\t\t\t<div class=\"sow-accordion-panel-border\" tabindex=\"0\">\n\t\t\t\t\t<p style=\"text-align: center\">Eliane de F\u00e1tima Rauski<br \/>\nRAMAL - <span data-sheets-value=\"{&quot;1&quot;:3,&quot;3&quot;:3219}\" data-sheets-userformat=\"{&quot;2&quot;:4737,&quot;3&quot;:{&quot;1&quot;:0},&quot;10&quot;:0,&quot;12&quot;:0,&quot;15&quot;:&quot;\\&quot;Times New Roman\\&quot;&quot;}\">3219<\/span><\/p>\n<p style=\"text-align: center\">\n<\/p>\t\t\t\t<\/div>\n\t\t\t<\/div>\n\t\t<\/div>\n\t\t\t<div class=\"sow-accordion-panel sow-accordion-panel-open\"\n\t\t\t data-anchor=\"secret%c3%a1ria\">\n\t\t\t\t<div class=\"sow-accordion-panel-header-container\" role=\"heading\" aria-level=\"2\">\n\t\t\t\t\t<div class=\"sow-accordion-panel-header\" tabindex=\"0\" role=\"button\" id=\"accordion-label-secret%c3%a1ria\" aria-controls=\"accordion-content-secret%c3%a1ria\" aria-expanded=\"true\">\n\t\t\t\t\t\t<div class=\"sow-accordion-title sow-accordion-title-icon-left\">\n\t\t\t\t\t\t\t\t\t\t\t\t\t\tSECRET\u00c1RIA\t\t\t\t\t\t\t\t\t\t\t\t\t<\/div>\n\t\t\t\t\t\t<div class=\"sow-accordion-open-close-button\">\n\t\t\t\t\t\t\t<div class=\"sow-accordion-open-button\">\n\t\t\t\t\t\t\t\t<span class=\"sow-icon-ionicons\" data-sow-icon=\"&#xf218;\"\n\t\t \n\t\taria-hidden=\"true\"><\/span>\t\t\t\t\t\t\t<\/div>\n\t\t\t\t\t\t\t<div class=\"sow-accordion-close-button\">\n\t\t\t\t\t\t\t\t<span class=\"sow-icon-ionicons\" data-sow-icon=\"&#xf209;\"\n\t\t \n\t\taria-hidden=\"true\"><\/span>\t\t\t\t\t\t\t<\/div>\n\t\t\t\t\t\t<\/div>\n\t\t\t\t\t<\/div>\n\t\t\t\t<\/div>\n\n\t\t\t<div\n\t\t\t\tclass=\"sow-accordion-panel-content\"\n\t\t\t\trole=\"region\"\n\t\t\t\taria-labelledby=\"accordion-label-secret%c3%a1ria\"\n\t\t\t\tid=\"accordion-content-secret%c3%a1ria\"\n\t\t\t\t\t\t\t>\n\t\t\t\t<div class=\"sow-accordion-panel-border\" tabindex=\"0\">\n\t\t\t\t\t<p style=\"text-align: center\">Jesuana K\u00fcster de Azevedo<br \/>\nRAMAL - 3219<\/p>\n\t\t\t\t<\/div>\n\t\t\t<\/div>\n\t\t<\/div>\n\t\t\t<div class=\"sow-accordion-panel sow-accordion-panel-open\"\n\t\t\t data-anchor=\"diretoria-de-cargos-e-remunera%c3%a7%c3%b5es\">\n\t\t\t\t<div class=\"sow-accordion-panel-header-container\" role=\"heading\" aria-level=\"2\">\n\t\t\t\t\t<div class=\"sow-accordion-panel-header\" tabindex=\"0\" role=\"button\" id=\"accordion-label-diretoria-de-cargos-e-remunera%c3%a7%c3%b5es\" aria-controls=\"accordion-content-diretoria-de-cargos-e-remunera%c3%a7%c3%b5es\" aria-expanded=\"true\">\n\t\t\t\t\t\t<div class=\"sow-accordion-title sow-accordion-title-icon-left\">\n\t\t\t\t\t\t\t\t\t\t\t\t\t\tDIRETORIA DE CARGOS E REMUNERA\u00c7\u00d5ES\t\t\t\t\t\t\t\t\t\t\t\t\t<\/div>\n\t\t\t\t\t\t<div class=\"sow-accordion-open-close-button\">\n\t\t\t\t\t\t\t<div class=\"sow-accordion-open-button\">\n\t\t\t\t\t\t\t\t<span class=\"sow-icon-ionicons\" data-sow-icon=\"&#xf218;\"\n\t\t \n\t\taria-hidden=\"true\"><\/span>\t\t\t\t\t\t\t<\/div>\n\t\t\t\t\t\t\t<div class=\"sow-accordion-close-button\">\n\t\t\t\t\t\t\t\t<span class=\"sow-icon-ionicons\" data-sow-icon=\"&#xf209;\"\n\t\t \n\t\taria-hidden=\"true\"><\/span>\t\t\t\t\t\t\t<\/div>\n\t\t\t\t\t\t<\/div>\n\t\t\t\t\t<\/div>\n\t\t\t\t<\/div>\n\n\t\t\t<div\n\t\t\t\tclass=\"sow-accordion-panel-content\"\n\t\t\t\trole=\"region\"\n\t\t\t\taria-labelledby=\"accordion-label-diretoria-de-cargos-e-remunera%c3%a7%c3%b5es\"\n\t\t\t\tid=\"accordion-content-diretoria-de-cargos-e-remunera%c3%a7%c3%b5es\"\n\t\t\t\t\t\t\t>\n\t\t\t\t<div class=\"sow-accordion-panel-border\" tabindex=\"0\">\n\t\t\t\t\t<p style=\"text-align: center\">Joel de Oliveira Correia Junior \u2013 <strong>DIRETOR<\/strong><\/p>\n<p style=\"text-align: center\">RAMAL - 3255<\/p>\n<h5 class=\"p1\" style=\"text-align: center\"><b>DIVIS\u00c3O DA POL\u00cdTICA DOCENTE<\/b><\/h5>\n<p class=\"p1\" style=\"text-align: center\">Celso Ferreira dos Santos - FONE 2102-8919<\/p>\n<h5 class=\"p1\" style=\"text-align: center\"><b>DIVIS\u00c3O DE CARREIRAS<\/b><\/h5>\n<p class=\"p1\" style=\"text-align: center\">Miriam Malinoski - RAMAL 3439<\/p>\n<p class=\"p3\" style=\"text-align: center\">Thatiane Flavia Rosa - FONE <span class=\"s1\">2102-8646<\/span><\/p>\n<h5 class=\"p1\" style=\"text-align: center\"><b>SUPERVIS\u00c3O DE DESENVOLVIMENTO DE CARREIRAS<\/b><\/h5>\n<p class=\"p1\" style=\"text-align: center\">Andrea Fermino Gon\u00e7alves - RAMAL 3422<\/p>\n<h5 class=\"p4\" style=\"text-align: center\"><b>DIVIS\u00c3O DE DOCUMENTA\u00c7\u00c3O E APOSENTADORIA<\/b><\/h5>\n<p class=\"p1\" style=\"text-align: center\">Rute Tramontin da Silveira - RAMAL 3217<\/p>\n<h5 class=\"p1\" style=\"text-align: center\"><b>DIVIS\u00c3O DE PAGAMENTOS<\/b><\/h5>\n<p class=\"p1\" style=\"text-align: center\">Rodrigo Mateus da Silva \u2013 FONE 2102-8658<\/p>\n<h5 class=\"p1\" style=\"text-align: center\"><b>SUPERVIS\u00c3O DE PROCESSAMENTO DA FOLHA DE PAGAMENTO<\/b><\/h5>\n<p class=\"p1\" style=\"text-align: center\">Renan Azambuja \u2013 RAMAL 3216<\/p>\n<h5 class=\"p1\" style=\"text-align: center\"><b>SUPERVIS\u00c3O DE CONTROLE DO PONTO<\/b><\/h5>\n<p class=\"p1\" style=\"text-align: center\">Angelita Folmer \u2013 FONE 2102-8659<\/p>\n\t\t\t\t<\/div>\n\t\t\t<\/div>\n\t\t<\/div>\n\t\t\t<div class=\"sow-accordion-panel sow-accordion-panel-open\"\n\t\t\t data-anchor=\"diretoria-de-provimento-e-concurso\">\n\t\t\t\t<div class=\"sow-accordion-panel-header-container\" role=\"heading\" aria-level=\"2\">\n\t\t\t\t\t<div class=\"sow-accordion-panel-header\" tabindex=\"0\" role=\"button\" id=\"accordion-label-diretoria-de-provimento-e-concurso\" aria-controls=\"accordion-content-diretoria-de-provimento-e-concurso\" aria-expanded=\"true\">\n\t\t\t\t\t\t<div class=\"sow-accordion-title sow-accordion-title-icon-left\">\n\t\t\t\t\t\t\t\t\t\t\t\t\t\tDIRETORIA DE PROVIMENTO E CONCURSO\t\t\t\t\t\t\t\t\t\t\t\t\t<\/div>\n\t\t\t\t\t\t<div class=\"sow-accordion-open-close-button\">\n\t\t\t\t\t\t\t<div class=\"sow-accordion-open-button\">\n\t\t\t\t\t\t\t\t<span class=\"sow-icon-ionicons\" data-sow-icon=\"&#xf218;\"\n\t\t \n\t\taria-hidden=\"true\"><\/span>\t\t\t\t\t\t\t<\/div>\n\t\t\t\t\t\t\t<div class=\"sow-accordion-close-button\">\n\t\t\t\t\t\t\t\t<span class=\"sow-icon-ionicons\" data-sow-icon=\"&#xf209;\"\n\t\t \n\t\taria-hidden=\"true\"><\/span>\t\t\t\t\t\t\t<\/div>\n\t\t\t\t\t\t<\/div>\n\t\t\t\t\t<\/div>\n\t\t\t\t<\/div>\n\n\t\t\t<div\n\t\t\t\tclass=\"sow-accordion-panel-content\"\n\t\t\t\trole=\"region\"\n\t\t\t\taria-labelledby=\"accordion-label-diretoria-de-provimento-e-concurso\"\n\t\t\t\tid=\"accordion-content-diretoria-de-provimento-e-concurso\"\n\t\t\t\t\t\t\t>\n\t\t\t\t<div class=\"sow-accordion-panel-border\" tabindex=\"0\">\n\t\t\t\t\t<p style=\"text-align: center\">Edson Luiz Batista Maia \u2013 <strong>DIRETOR <\/strong><\/p>\n<p style=\"text-align: center\">RAMAL - 3259<\/p>\n<h5 class=\"p1\" style=\"text-align: center\"><b>DIVIS\u00c3O DE CONCURSO E PROCESSOS SELETIVOS<\/b><\/h5>\n<p class=\"p1\" style=\"text-align: center\">Graziela de F\u00e1tima Rocha \u2013 RAMAL 3732<\/p>\n<h5 class=\"p1\" style=\"text-align: center\"><b>DIVIS\u00c3O DE PROVIMENTO<\/b><\/h5>\n<p class=\"p1\" style=\"text-align: center\">Maria de Lourdes Massucato Cerri \u2013 RAMAL 3302<\/p>\n<p class=\"p1\" style=\"text-align: center\">Elisete Lisboa Pereira da Silva \u2013 RAMAL 3302<\/p>\n<p class=\"p1\" style=\"text-align: center\">Tatyane Mendes Carvalho \u2013 <span class=\"s1\"><b>EST\u00c1GIO<\/b><\/span> - RAMAL 3732<\/p>\n<p style=\"text-align: center\">\n<\/p>\t\t\t\t<\/div>\n\t\t\t<\/div>\n\t\t<\/div>\n\t\t\t<div class=\"sow-accordion-panel sow-accordion-panel-open\"\n\t\t\t data-anchor=\"diretoria-de-qualidade-de-vida-no-trabalho\">\n\t\t\t\t<div class=\"sow-accordion-panel-header-container\" role=\"heading\" aria-level=\"2\">\n\t\t\t\t\t<div class=\"sow-accordion-panel-header\" tabindex=\"0\" role=\"button\" id=\"accordion-label-diretoria-de-qualidade-de-vida-no-trabalho\" aria-controls=\"accordion-content-diretoria-de-qualidade-de-vida-no-trabalho\" aria-expanded=\"true\">\n\t\t\t\t\t\t<div class=\"sow-accordion-title sow-accordion-title-icon-left\">\n\t\t\t\t\t\t\t\t\t\t\t\t\t\tDIRETORIA DE QUALIDADE DE VIDA NO TRABALHO\t\t\t\t\t\t\t\t\t\t\t\t\t<\/div>\n\t\t\t\t\t\t<div class=\"sow-accordion-open-close-button\">\n\t\t\t\t\t\t\t<div class=\"sow-accordion-open-button\">\n\t\t\t\t\t\t\t\t<span class=\"sow-icon-ionicons\" data-sow-icon=\"&#xf218;\"\n\t\t \n\t\taria-hidden=\"true\"><\/span>\t\t\t\t\t\t\t<\/div>\n\t\t\t\t\t\t\t<div class=\"sow-accordion-close-button\">\n\t\t\t\t\t\t\t\t<span class=\"sow-icon-ionicons\" data-sow-icon=\"&#xf209;\"\n\t\t \n\t\taria-hidden=\"true\"><\/span>\t\t\t\t\t\t\t<\/div>\n\t\t\t\t\t\t<\/div>\n\t\t\t\t\t<\/div>\n\t\t\t\t<\/div>\n\n\t\t\t<div\n\t\t\t\tclass=\"sow-accordion-panel-content\"\n\t\t\t\trole=\"region\"\n\t\t\t\taria-labelledby=\"accordion-label-diretoria-de-qualidade-de-vida-no-trabalho\"\n\t\t\t\tid=\"accordion-content-diretoria-de-qualidade-de-vida-no-trabalho\"\n\t\t\t\t\t\t\t>\n\t\t\t\t<div class=\"sow-accordion-panel-border\" tabindex=\"0\">\n\t\t\t\t\t<p class=\"p1\" style=\"text-align: center\">Paulo Cesar Machado Lemos \u2013 <b>DIRETOR<\/b><\/p>\n<p class=\"p1\" style=\"text-align: center\">FONE - 2102-8652<\/p>\n<h5 class=\"p1\" style=\"text-align: center\"><b>DIVIS\u00c3O DE TREINAMENTO E DESENVOLVIMENTO<\/b><\/h5>\n<p class=\"p1\" style=\"text-align: center\">\n<h5 class=\"p1\" style=\"text-align: center\"><b>DIVIS\u00c3O DE ENGENHARIA DE SEGURAN\u00c7A E MEDICINA DO TRABALHO\/SESMT<\/b><\/h5>\n<\/p>\n<p class=\"p1\" style=\"text-align: center\">Luiz Carlos Lavalle Filho \u2013 RAMAL 3215<\/p>\n<p class=\"p1\" style=\"text-align: center\">Erika Camargo Custodio \u2013 RAMAL 3215<\/p>\n<p style=\"text-align: center\">Jozia Ribeiro do Nascimento - RAMAL 3467<\/p>\n<p style=\"text-align: center\">Laudinir da Rosa - RAMAL 3467<\/p>\n<h5 class=\"p1\" style=\"text-align: center\"><b>DIVIS\u00c3O DE ASSIST\u00caNCIA E PROMO\u00c7\u00c3O SOCIAL<\/b><\/h5>\n<h6 class=\"p1\" style=\"text-align: center\"><b>DIVIS\u00c3O DE SA\u00daDE<\/b><\/h6>\n<p class=\"p1\" style=\"text-align: center\">Juc\u00e9lia de F\u00e1tima dos Anjos \u2013 RAMAL 3744<\/p>\n<h5 class=\"p1\" style=\"text-align: center\"><b>AMBULAT\u00d3RIO CAMPUS UVARANAS<\/b><\/h5>\n<p class=\"p3\" style=\"text-align: center\">Chryslaine Alves Pereira \u2013 RAMAL 3746<\/p>\n<p class=\"p3\" style=\"text-align: center\">Rosana do Rosario dos Santos \u2013 RAMAL 3756<\/p>\n<p class=\"p4\" style=\"text-align: center\"><span class=\"s1\">S\u00f4nia Cristina Agostinho \u2013 RAMAL 3746<\/span><\/p>\n<p class=\"p3\" style=\"text-align: center\">Gabriela dos Santos de Miranda \u2013 RAMAL 3790<\/p>\n<p class=\"p3\" style=\"text-align: center\">Geraldo Sanson de Castilho \u2013 RAMAL 3790<\/p>\n<h5 class=\"p1\" style=\"text-align: center\"><b>AMBULAT\u00d3RIO CAMPUS CENTRAL<\/b><\/h5>\n<p class=\"p3\" style=\"text-align: center\">Jo\u00e3o Iran Marcondes Ribas<\/p>\n<p class=\"p3\" style=\"text-align: center\">Jos\u00e9lia de F\u00e1tima Sequinel<br \/>\nMarly Elizabeth VenskeMargraf<br \/>\nVanda Lubczyk<\/p>\n<p class=\"p4\" style=\"text-align: center\"><span class=\"s1\">RAMAL 3469 ou RAMAL 3702<\/span><\/p>\n<h5 class=\"p1\" style=\"text-align: center\"><b>AMBULAT\u00d3RIO DE SA\u00daDE INTEGRATIVA E PSICOSSOCIAL-ASI<\/b><\/h5>\n<p class=\"p1\" style=\"text-align: center\">Milene Zanoni da Silva \u2013 FONE 2102-8916<\/p>\n<p class=\"p1\" style=\"text-align: center\">Cleunice Castorina de Souza \u2013 FONE 2102-8916<\/p>\n\t\t\t\t<\/div>\n\t\t\t<\/div>\n\t\t<\/div>\n\t\t\t<div class=\"sow-accordion-panel sow-accordion-panel-open\"\n\t\t\t data-anchor=\"diretoria-de-cargos-e-remunera%c3%a7%c3%b5es-dos-hospitais-universit%c3%a1rios\">\n\t\t\t\t<div class=\"sow-accordion-panel-header-container\" role=\"heading\" aria-level=\"2\">\n\t\t\t\t\t<div class=\"sow-accordion-panel-header\" tabindex=\"0\" role=\"button\" id=\"accordion-label-diretoria-de-cargos-e-remunera%c3%a7%c3%b5es-dos-hospitais-universit%c3%a1rios\" aria-controls=\"accordion-content-diretoria-de-cargos-e-remunera%c3%a7%c3%b5es-dos-hospitais-universit%c3%a1rios\" aria-expanded=\"true\">\n\t\t\t\t\t\t<div class=\"sow-accordion-title sow-accordion-title-icon-left\">\n\t\t\t\t\t\t\t\t\t\t\t\t\t\tDIRETORIA DE CARGOS E REMUNERA\u00c7\u00d5ES DOS HOSPITAIS UNIVERSIT\u00c1RIOS\t\t\t\t\t\t\t\t\t\t\t\t\t<\/div>\n\t\t\t\t\t\t<div class=\"sow-accordion-open-close-button\">\n\t\t\t\t\t\t\t<div class=\"sow-accordion-open-button\">\n\t\t\t\t\t\t\t\t<span class=\"sow-icon-ionicons\" data-sow-icon=\"&#xf218;\"\n\t\t \n\t\taria-hidden=\"true\"><\/span>\t\t\t\t\t\t\t<\/div>\n\t\t\t\t\t\t\t<div class=\"sow-accordion-close-button\">\n\t\t\t\t\t\t\t\t<span class=\"sow-icon-ionicons\" data-sow-icon=\"&#xf209;\"\n\t\t \n\t\taria-hidden=\"true\"><\/span>\t\t\t\t\t\t\t<\/div>\n\t\t\t\t\t\t<\/div>\n\t\t\t\t\t<\/div>\n\t\t\t\t<\/div>\n\n\t\t\t<div\n\t\t\t\tclass=\"sow-accordion-panel-content\"\n\t\t\t\trole=\"region\"\n\t\t\t\taria-labelledby=\"accordion-label-diretoria-de-cargos-e-remunera%c3%a7%c3%b5es-dos-hospitais-universit%c3%a1rios\"\n\t\t\t\tid=\"accordion-content-diretoria-de-cargos-e-remunera%c3%a7%c3%b5es-dos-hospitais-universit%c3%a1rios\"\n\t\t\t\t\t\t\t>\n\t\t\t\t<div class=\"sow-accordion-panel-border\" tabindex=\"0\">\n\t\t\t\t\t<p class=\"p1\" style=\"text-align: center\">Juciane Linhares de Lara \u2013 <b>DIRETORA<\/b><\/p>\n<p class=\"p1\" style=\"text-align: center\">RAMAL - 8375<\/p>\n\n<h5 class=\"p1\" style=\"text-align: center\"><b>DIVIS\u00c3O DE PAGAMENTO<\/b><\/h5>\n<p class=\"p1\" style=\"text-align: center\">Joanir Chaves Junior \u2013 RAMAL 8871<\/p>\n\n<h5 class=\"p1\" style=\"text-align: center\"><b>DIVIS\u00c3O DE CREDENCIAMENTOS E TERCERIZA\u00c7\u00d5ES<\/b><\/h5>\n<p class=\"p1\" style=\"text-align: center\">Juciane Linhares de Lara \u2013 RAMAL 8375<\/p>\n\n<h5 class=\"p1\" style=\"text-align: center\">DIVIS\u00c3O DE CREDENCIAMENTO E CONTRATOS<\/h5>\n<p class=\"p1\" style=\"text-align: center\">Kauany Ingles Rodrigues\nErick Sebastian de Mello\nFernanda Camargo Garre Nogueira\nMaria Isabela Lievore Leoni\nSusana Antoneli Ferreira Da Noslene\nFranciele Bordinhao Monegati\u00a0da\u00a0Silva<\/p>\n&nbsp;\n<p style=\"text-align: center\">Ramal - 8376<\/p>\t\t\t\t<\/div>\n\t\t\t<\/div>\n\t\t<\/div>\n\t\t<\/div>\n<\/div>\n<\/div><\/div><\/div><div id=\"panel-626-0-0-1\" class=\"so-panel widget widget_sow-image panel-last-child\" data-index=\"1\" ><div id=\"organograma\" class=\"panel-widget-style panel-widget-style-for-626-0-0-1\" ><div\n\t\t\t\n\t\t\tclass=\"so-widget-sow-image so-widget-sow-image-default-e17c88a107a0-626\"\n\t\t\t\n\t\t>\n<h3 class=\"widget-title\">Organograma PROGESP<\/h3>\n<div class=\"sow-image-container\">\n\t\t<img src=\"https:\/\/www2.uepg.br\/progesp\/wp-content\/uploads\/sites\/39\/2023\/07\/image1-1.png\" width=\"972\" height=\"557\" sizes=\"(max-width: 972px) 100vw, 972px\" title=\"Organograma PROGESP\" alt=\"\" loading=\"lazy\" \t\tclass=\"so-widget-image\"\/>\n\t<\/div>\n\n<\/div><\/div><\/div><\/div><\/div><\/div>","protected":false},"excerpt":{"rendered":"<p>Equipe PROGESP PR\u00d3-REITOR Eliane de F\u00e1tima Rauski RAMAL &#8211; 3219 SECRET\u00c1RIA Jesuana K\u00fcster de Azevedo RAMAL &#8211; 3219 DIRETORIA DE CARGOS E REMUNERA\u00c7\u00d5ES Joel de Oliveira Correia Junior \u2013 DIRETOR RAMAL &#8211; 3255 DIVIS\u00c3O DA POL\u00cdTICA DOCENTE Celso Ferreira dos Santos &#8211; FONE 2102-8919 DIVIS\u00c3O DE CARREIRAS Miriam Malinoski &#8211; RAMAL 3439 Thatiane Flavia Rosa&nbsp;&hellip;<\/p>\n","protected":false},"author":384,"featured_media":0,"parent":0,"menu_order":0,"comment_status":"closed","ping_status":"closed","template":"","meta":[],"_links":{"self":[{"href":"https:\/\/www2.uepg.br\/progesp\/wp-json\/wp\/v2\/pages\/626"}],"collection":[{"href":"https:\/\/www2.uepg.br\/progesp\/wp-json\/wp\/v2\/pages"}],"about":[{"href":"https:\/\/www2.uepg.br\/progesp\/wp-json\/wp\/v2\/types\/page"}],"author":[{"embeddable":true,"href":"https:\/\/www2.uepg.br\/progesp\/wp-json\/wp\/v2\/users\/384"}],"replies":[{"embeddable":true,"href":"https:\/\/www2.uepg.br\/progesp\/wp-json\/wp\/v2\/comments?post=626"}],"version-history":[{"count":27,"href":"https:\/\/www2.uepg.br\/progesp\/wp-json\/wp\/v2\/pages\/626\/revisions"}],"predecessor-version":[{"id":1031,"href":"https:\/\/www2.uepg.br\/progesp\/wp-json\/wp\/v2\/pages\/626\/revisions\/1031"}],"wp:attachment":[{"href":"https:\/\/www2.uepg.br\/progesp\/wp-json\/wp\/v2\/media?parent=626"}],"curies":[{"name":"wp","href":"https:\/\/api.w.org\/{rel}","templated":true}]}}