{"id":7,"date":"2019-10-08T08:26:56","date_gmt":"2019-10-08T11:26:56","guid":{"rendered":"http:\/\/www2.uepg.br\/prorh\/?page_id=7"},"modified":"2022-10-07T14:53:20","modified_gmt":"2022-10-07T17:53:20","slug":"pro-reitoria","status":"publish","type":"page","link":"https:\/\/www2.uepg.br\/progesp\/pro-reitoria\/","title":{"rendered":"PR\u00d3-REITORIA"},"content":{"rendered":"<div id=\"pl-7\"  class=\"panel-layout\" ><div id=\"pg-7-0\"  class=\"panel-grid panel-no-style\" ><div id=\"pgc-7-0-0\"  class=\"panel-grid-cell\" ><div id=\"panel-7-0-0-0\" class=\"so-panel widget widget_sow-editor panel-first-child\" data-index=\"0\" ><div\n\t\t\t\n\t\t\tclass=\"so-widget-sow-editor so-widget-sow-editor-base\"\n\t\t\t\n\t\t>\n<div class=\"siteorigin-widget-tinymce textwidget\">\n\t<h3 style=\"text-align: center\"><strong>MISS\u00c3O DA PRORH<\/strong><\/h3>\n<p style=\"text-align: center\">Promover sistema de gest\u00e3o de pessoas com o objetivo de contar com recursos humanos motivados e comprometidos com as estrat\u00e9gias e metas da Institui\u00e7\u00e3o.<\/p>\n<div id=\"equipe\"><\/div>\n<p style=\"text-align: center\">Zelar pelos princ\u00edpios de administra\u00e7\u00e3o de recursos humanos com vistas ao tratamento justo dos servidores e ao aprimoramento das rela\u00e7\u00f5es humanas no trabalho.<\/p>\n<p>&nbsp;<\/p>\n<h3 style=\"text-align: center\"><strong>EQUIPE<\/strong><\/h3>\n<hr \/>\n<p style=\"text-align: center\">Eliane de F\u00e1tima Rauski<br \/>\nPr\u00f3-Reitora\/PRORH<br \/>\n(42) 3220-3219<\/p>\n<hr \/>\n<div class=\"equipe\" style=\"text-align: center\">\n<p>Gilmar Batista Mazurek<br \/>\nAssessoria\/PRORH<br \/>\n(42) 3220-3267<\/p>\n<hr \/>\n<\/div>\n<div class=\"equipe\" style=\"text-align: center\">\n<p>Amanda de Mello Silva Rodrigues<br \/>\nDiretoria de Qualidade de Vida no Trabalho\/PRORH<br \/>\n(42) 3220-3745<\/p>\n<hr \/>\n<\/div>\n<div class=\"equipe\" style=\"text-align: center\">\n<p>Andrea Fermino Gon\u00e7alves<br \/>\nDivis\u00e3o de Carreiras\/PRORH<br \/>\n(42) 3220-3422<\/p>\n<hr \/>\n<\/div>\n<div class=\"equipe\" style=\"text-align: center\">\n<p>Angelita Folmer<br \/>\nDivis\u00e3o de Carreiras\/PRORH<br \/>\n(42) 2102-8646<\/p>\n<hr \/>\n<\/div>\n<div class=\"equipe\" style=\"text-align: center\">\n<p>Celso Ferreira dos Santos<br \/>\nDiretoria de Cargos e Sal\u00e1rios\/PRORH<br \/>\n(42) 21018919<\/p>\n<hr \/>\n<\/div>\n<div class=\"equipe\" style=\"text-align: center\">\n<p>Edson Luiz Batista Maia<br \/>\nDiretoria de Provimento e Concurso\/PRORH<br \/>\n(42) 3220-3259<\/p>\n<hr \/>\n<\/div>\n<div class=\"equipe\" style=\"text-align: center\">\n<p>Elisete Lisboa Pereira da Silva<\/p>\n<p>Divis\u00e3o de Provimento\/PRORH<\/p>\n<\/div>\n<div class=\"equipe\" style=\"text-align: center\">\n<p>(42) 3220-3218<\/p>\n<hr \/>\n<\/div>\n<div class=\"equipe\" style=\"text-align: center\">\n<p>Estela Baldani Pinto<br \/>\nDiretoria de Qualidade de Vida no Trabalho\/PRORH<br \/>\n(42) 3220-3745<\/p>\n<hr \/>\n<\/div>\n<div class=\"equipe\" style=\"text-align: center\">\n<p>Graziela de Fatima Rocha<br \/>\nDivis\u00e3o de Concurso\/DPC\/PRORH<br \/>\n(42) 3220-3732<\/p>\n<hr \/>\n<\/div>\n<div class=\"equipe\" style=\"text-align: center\">\n<p>Jesuana Kuster de Azevedo<br \/>\nSecretaria\/PRORH<br \/>\n(42) 3220-3219<\/p>\n<hr \/>\n<\/div>\n<div class=\"equipe\" style=\"text-align: center\">\n<p>Jeverson Machado do Nascimento<br \/>\nDiretoria de Qualidade de Vida no Trabalho\/PRORH<br \/>\n(42) 3220-3745<\/p>\n<hr \/>\n<\/div>\n<div class=\"equipe\" style=\"text-align: center\">\n<p>Jo\u00e3o Iran Marcondes Ribas<br \/>\nAmbulat\u00f3rio Centro\/PRORH<br \/>\n(42) 3220-3746<\/p>\n<hr \/>\n<\/div>\n<div class=\"equipe\" style=\"text-align: center\">\n<p>Joel de Oliveira Correia Junior<br \/>\nDiretoria de Cargos e Sal\u00e1rios\/PRORH<br \/>\n(42) 3220-3217<\/p>\n<hr \/>\n<\/div>\n<div class=\"equipe\" style=\"text-align: center\">\n<p>Jozia Ribeiro do Nascimento<br \/>\nSe\u00e7\u00e3o de Engenharia de Seguran\u00e7a e Medicina do Trabalho\/PRORH<br \/>\n(42) 3220-3215<\/p>\n<hr \/>\n<\/div>\n<div class=\"equipe\" style=\"text-align: center\">\n<p>Juc\u00e9lia de F\u00e1tima dos Anjos<br \/>\nSe\u00e7\u00e3o de Engenharia de Seguran\u00e7a e Medicina do Trabalho\/PRORH<br \/>\n(42) 3220-3215<\/p>\n<hr \/>\n<\/div>\n<div class=\"equipe\" style=\"text-align: center\">\n<p>Laudinir da Rosa<br \/>\nSe\u00e7\u00e3o de Engenharia de Seguran\u00e7a e Medicina do Trabalho\/PRORH<br \/>\n(42) 3220-3215<\/p>\n<hr \/>\n<\/div>\n<div class=\"equipe\" style=\"text-align: center\">\n<p>Luiz Carlos Lavalle Filho<\/p>\n<\/div>\n<div class=\"equipe\" style=\"text-align: center\">\n<p>Se\u00e7\u00e3o de Engenharia de Seguran\u00e7a e Medicina do Trabalho\/PRORH<br \/>\n(42) 3220-3215<\/p>\n<\/div>\n<div class=\"equipe\" style=\"text-align: center\">\n<hr \/>\n<\/div>\n<div class=\"equipe\" style=\"text-align: center\">\n<p>Maria de Lourdes Massucato Cerri<br \/>\nDivis\u00e3o de Provimento\/DPC\/PRORH<br \/>\n(42) 3220-3218<\/p>\n<hr \/>\n<\/div>\n<div class=\"equipe\" style=\"text-align: center\">\n<p>Marly Elizabeth Venske Margraf<br \/>\nAmbulat\u00f3rio Centro\/PRORH<br \/>\n(42) 3220-3746<\/p>\n<hr \/>\n<\/div>\n<div class=\"equipe\" style=\"text-align: center\">\n<p>Maur\u00edcio Mayrinck Falc\u00e3o<br \/>\nAmbulat\u00f3rio Centro\/PRORH<br \/>\n(42) 3220-3746<\/p>\n<hr \/>\n<\/div>\n<div class=\"equipe\" style=\"text-align: center\">\n<p>Michelle Mercer Alves<br \/>\nDivis\u00e3o de Provimento\/DPC\/PRORH<br \/>\n(42) 3220-3218<\/p>\n<hr \/>\n<\/div>\n<div class=\"equipe\" style=\"text-align: center\">\n<p>Miriam Malinoski<br \/>\nDivis\u00e3o de Carreiras\/PRORH<br \/>\n(42) 3220-3439<\/p>\n<\/div>\n<div class=\"equipe\" style=\"text-align: center\">\n<hr \/>\n<\/div>\n<div class=\"equipe\" style=\"text-align: center\">\n<p>Rodrigo Mateus da Silva<\/p>\n<\/div>\n<div class=\"equipe\" style=\"text-align: center\">\n<p>Divis\u00e3o de Pagamento\/PRORH<br \/>\n(42) 3220-3216<\/p>\n<hr \/>\n<\/div>\n<div class=\"equipe\" style=\"text-align: center\">\n<p>Roselene de Oliveira Leffler<br \/>\nDivis\u00e3o de Carreiras\/PRORH<br \/>\n(42) 3220-3217<\/p>\n<hr \/>\n<\/div>\n<div class=\"equipe\" style=\"text-align: center\">\n<p>Rute Tramontin da Silveira<br \/>\nDivis\u00e3o de Carreiras\/PRORH<br \/>\n(42) 3220-3217<\/p>\n<p>&nbsp;<\/p>\n<\/div>\n<div class=\"equipe\" style=\"text-align: center\">\n<p>Sonia Aparecida G. dos Santos<br \/>\nServi\u00e7o Social\/PRORH<br \/>\n(42) 3220-3702<\/p>\n<\/div>\n<p>______________________________________________________________________________-__________________________________<\/p>\n<p style=\"text-align: center\">Tatyane Mendes Carvalho<br \/>\nDiretoria de Provimento e Concurso\/PRORH<br \/>\n(42) 3220-3732<\/p>\n<div class=\"equipe\" style=\"text-align: center\">\n<hr \/>\n<\/div>\n<div class=\"equipe\" style=\"text-align: center\">Vanda Lubczyk<\/div>\n<div class=\"equipe\" style=\"text-align: center\">\n<p>Ambulat\u00f3rio Centro\/PRORH<br \/>\n(42) 3220-3746<\/p>\n<hr \/>\n<\/div>\n<div class=\"equipe\" style=\"text-align: center\">\n<p>Vladimir Mobilis<br \/>\nSe\u00e7\u00e3o de Desenvolvimento\/PRORH<br \/>\n(42) 3220-3214<\/p>\n<hr \/>\n<\/div>\n<div id=\"organograma\"><\/div>\n<div class=\"equipe\" style=\"text-align: center\">Zilmara Antunes<br \/>\nSe\u00e7\u00e3o de Engenharia de Seguran\u00e7a e Medicina do Trabalho\/PRORH<br \/>\n(42) 3220-3215<\/div>\n<div>\n<hr \/>\n<\/div>\n<h3><strong>ORGANOGRAMA<\/strong><\/h3>\n<\/div>\n<\/div><\/div><div id=\"panel-7-0-0-1\" class=\"so-panel widget widget_sow-image panel-last-child\" data-index=\"1\" ><div\n\t\t\t\n\t\t\tclass=\"so-widget-sow-image so-widget-sow-image-default-6b88c04c1f9b-7\"\n\t\t\t\n\t\t>\n\n<div class=\"sow-image-container\">\n\t\t<img src=\"https:\/\/www2.uepg.br\/progesp\/wp-content\/uploads\/sites\/39\/2020\/09\/WhatsApp_Image_2020-09-25_at_15.34.06.jpeg\" width=\"1075\" height=\"601\" srcset=\"https:\/\/www2.uepg.br\/progesp\/wp-content\/uploads\/sites\/39\/2020\/09\/WhatsApp_Image_2020-09-25_at_15.34.06.jpeg 1075w, https:\/\/www2.uepg.br\/progesp\/wp-content\/uploads\/sites\/39\/2020\/09\/WhatsApp_Image_2020-09-25_at_15.34.06-300x168.jpeg 300w, https:\/\/www2.uepg.br\/progesp\/wp-content\/uploads\/sites\/39\/2020\/09\/WhatsApp_Image_2020-09-25_at_15.34.06-1024x572.jpeg 1024w, https:\/\/www2.uepg.br\/progesp\/wp-content\/uploads\/sites\/39\/2020\/09\/WhatsApp_Image_2020-09-25_at_15.34.06-768x429.jpeg 768w\" sizes=\"(max-width: 1075px) 100vw, 1075px\" alt=\"Organograma PRORH\" loading=\"lazy\" \t\tclass=\"so-widget-image\"\/>\n\t<\/div>\n\n<\/div><\/div><\/div><\/div><\/div>","protected":false},"excerpt":{"rendered":"<p>MISS\u00c3O DA PRORH Promover sistema de gest\u00e3o de pessoas com o objetivo de contar com recursos humanos motivados e comprometidos com as estrat\u00e9gias e metas da Institui\u00e7\u00e3o. Zelar pelos princ\u00edpios de administra\u00e7\u00e3o de recursos humanos com vistas ao tratamento justo dos servidores e ao aprimoramento das rela\u00e7\u00f5es humanas no trabalho. &nbsp; EQUIPE Eliane de F\u00e1tima&nbsp;&hellip;<\/p>\n","protected":false},"author":24,"featured_media":0,"parent":0,"menu_order":0,"comment_status":"closed","ping_status":"closed","template":"","meta":[],"_links":{"self":[{"href":"https:\/\/www2.uepg.br\/progesp\/wp-json\/wp\/v2\/pages\/7"}],"collection":[{"href":"https:\/\/www2.uepg.br\/progesp\/wp-json\/wp\/v2\/pages"}],"about":[{"href":"https:\/\/www2.uepg.br\/progesp\/wp-json\/wp\/v2\/types\/page"}],"author":[{"embeddable":true,"href":"https:\/\/www2.uepg.br\/progesp\/wp-json\/wp\/v2\/users\/24"}],"replies":[{"embeddable":true,"href":"https:\/\/www2.uepg.br\/progesp\/wp-json\/wp\/v2\/comments?post=7"}],"version-history":[{"count":14,"href":"https:\/\/www2.uepg.br\/progesp\/wp-json\/wp\/v2\/pages\/7\/revisions"}],"predecessor-version":[{"id":601,"href":"https:\/\/www2.uepg.br\/progesp\/wp-json\/wp\/v2\/pages\/7\/revisions\/601"}],"wp:attachment":[{"href":"https:\/\/www2.uepg.br\/progesp\/wp-json\/wp\/v2\/media?parent=7"}],"curies":[{"name":"wp","href":"https:\/\/api.w.org\/{rel}","templated":true}]}}