{"id":776,"date":"2023-07-14T11:31:57","date_gmt":"2023-07-14T14:31:57","guid":{"rendered":"https:\/\/www2.uepg.br\/progesp\/?page_id=776"},"modified":"2023-07-14T11:35:07","modified_gmt":"2023-07-14T14:35:07","slug":"missao","status":"publish","type":"page","link":"https:\/\/www2.uepg.br\/progesp\/missao\/","title":{"rendered":"MISS\u00c3O PROGESP"},"content":{"rendered":"<div id=\"pl-776\"  class=\"panel-layout\" ><div id=\"pg-776-0\"  class=\"panel-grid panel-no-style\" ><div id=\"pgc-776-0-0\"  class=\"panel-grid-cell\" ><div id=\"panel-776-0-0-0\" class=\"so-panel widget widget_sow-editor panel-first-child panel-last-child\" data-index=\"0\" ><div\n\t\t\t\n\t\t\tclass=\"so-widget-sow-editor so-widget-sow-editor-base\"\n\t\t\t\n\t\t><h3 class=\"widget-title\">Miss\u00e3o<\/h3>\n<div class=\"siteorigin-widget-tinymce textwidget\">\n\t<p class=\"\" style=\"text-align: left;font-size:20px\">Promover sistema de gest\u00e3o com o objetivo de contar com pessoas motivadas e comprometidas com as estrat\u00e9gias e metas da Institui\u00e7\u00e3o. Zelar pelos princ\u00edpios da administra\u00e7\u00e3o p\u00fablica, com vistas ao tratamento justo dos servidores e ao aprimoramento das rela\u00e7\u00f5es humanas no trabalho.<\/p>\n<\/div>\n<\/div><\/div><\/div><\/div><\/div>","protected":false},"excerpt":{"rendered":"<p>Promover sistema de gest\u00e3o com o objetivo de contar com pessoas motivadas e comprometidas com as estrat\u00e9gias e metas da Institui\u00e7\u00e3o. Zelar pelos princ\u00edpios da administra\u00e7\u00e3o p\u00fablica, com vistas ao tratamento justo dos servidores e ao aprimoramento das rela\u00e7\u00f5es humanas no trabalho.<\/p>\n","protected":false},"author":384,"featured_media":0,"parent":0,"menu_order":0,"comment_status":"closed","ping_status":"closed","template":"","meta":[],"_links":{"self":[{"href":"https:\/\/www2.uepg.br\/progesp\/wp-json\/wp\/v2\/pages\/776"}],"collection":[{"href":"https:\/\/www2.uepg.br\/progesp\/wp-json\/wp\/v2\/pages"}],"about":[{"href":"https:\/\/www2.uepg.br\/progesp\/wp-json\/wp\/v2\/types\/page"}],"author":[{"embeddable":true,"href":"https:\/\/www2.uepg.br\/progesp\/wp-json\/wp\/v2\/users\/384"}],"replies":[{"embeddable":true,"href":"https:\/\/www2.uepg.br\/progesp\/wp-json\/wp\/v2\/comments?post=776"}],"version-history":[{"count":9,"href":"https:\/\/www2.uepg.br\/progesp\/wp-json\/wp\/v2\/pages\/776\/revisions"}],"predecessor-version":[{"id":787,"href":"https:\/\/www2.uepg.br\/progesp\/wp-json\/wp\/v2\/pages\/776\/revisions\/787"}],"wp:attachment":[{"href":"https:\/\/www2.uepg.br\/progesp\/wp-json\/wp\/v2\/media?parent=776"}],"curies":[{"name":"wp","href":"https:\/\/api.w.org\/{rel}","templated":true}]}}