{"id":789,"date":"2023-07-17T09:55:36","date_gmt":"2023-07-17T12:55:36","guid":{"rendered":"https:\/\/www2.uepg.br\/progesp\/?page_id=789"},"modified":"2024-12-18T09:21:32","modified_gmt":"2024-12-18T12:21:32","slug":"codigo-de-etica-uepg","status":"publish","type":"page","link":"https:\/\/www2.uepg.br\/progesp\/codigo-de-etica-uepg\/","title":{"rendered":"C\u00f3digo de \u00e9tica UEPG"},"content":{"rendered":"<div id=\"pl-789\"  class=\"panel-layout\" ><div id=\"pg-789-0\"  class=\"panel-grid panel-no-style\" ><div id=\"pgc-789-0-0\"  class=\"panel-grid-cell\" ><div id=\"panel-789-0-0-0\" class=\"so-panel widget widget_sow-editor panel-first-child panel-last-child\" data-index=\"0\" ><div\n\t\t\t\n\t\t\tclass=\"so-widget-sow-editor so-widget-sow-editor-base\"\n\t\t\t\n\t\t>\n<div class=\"siteorigin-widget-tinymce textwidget\">\n\t<p><a href=\"http:\/\/www2.uepg.br\/progesp\/wp-content\/uploads\/sites\/39\/2023\/07\/Co\u0301digo-de-e\u0301tica-UEPG.pdf\">Co\u0301digo de e\u0301tica UEPG - RESOLU\u00c7\u00c3O UNIV - N\u00ba 2023.13<\/a><\/p>\n<p>&nbsp;<\/p>\n<p><a href=\"http:\/\/www2.uepg.br\/progesp\/wp-content\/uploads\/sites\/39\/2024\/12\/ALTERACAO-CODIGO-DE-ETICA-Resolucao-UNIV.pdf\">ALTERA\u00c7\u00c3O C\u00d3DIGO DE \u00c9TICA Resolu\u00e7\u00e3o UNIV<\/a><\/p>\n<\/div>\n<\/div><\/div><\/div><\/div><\/div>","protected":false},"excerpt":{"rendered":"<p>Co\u0301digo de e\u0301tica UEPG &#8211; RESOLU\u00c7\u00c3O UNIV &#8211; N\u00ba 2023.13 &nbsp; ALTERA\u00c7\u00c3O C\u00d3DIGO DE \u00c9TICA Resolu\u00e7\u00e3o UNIV<\/p>\n","protected":false},"author":384,"featured_media":0,"parent":0,"menu_order":0,"comment_status":"closed","ping_status":"closed","template":"","meta":[],"_links":{"self":[{"href":"https:\/\/www2.uepg.br\/progesp\/wp-json\/wp\/v2\/pages\/789"}],"collection":[{"href":"https:\/\/www2.uepg.br\/progesp\/wp-json\/wp\/v2\/pages"}],"about":[{"href":"https:\/\/www2.uepg.br\/progesp\/wp-json\/wp\/v2\/types\/page"}],"author":[{"embeddable":true,"href":"https:\/\/www2.uepg.br\/progesp\/wp-json\/wp\/v2\/users\/384"}],"replies":[{"embeddable":true,"href":"https:\/\/www2.uepg.br\/progesp\/wp-json\/wp\/v2\/comments?post=789"}],"version-history":[{"count":3,"href":"https:\/\/www2.uepg.br\/progesp\/wp-json\/wp\/v2\/pages\/789\/revisions"}],"predecessor-version":[{"id":1023,"href":"https:\/\/www2.uepg.br\/progesp\/wp-json\/wp\/v2\/pages\/789\/revisions\/1023"}],"wp:attachment":[{"href":"https:\/\/www2.uepg.br\/progesp\/wp-json\/wp\/v2\/media?parent=789"}],"curies":[{"name":"wp","href":"https:\/\/api.w.org\/{rel}","templated":true}]}}