{"id":10152,"date":"2026-01-21T10:35:33","date_gmt":"2026-01-21T13:35:33","guid":{"rendered":"https:\/\/www2.uepg.br\/prograd\/?page_id=10152"},"modified":"2026-02-13T09:23:58","modified_gmt":"2026-02-13T12:23:58","slug":"matricula-veteranosas-ead","status":"publish","type":"page","link":"https:\/\/www2.uepg.br\/prograd\/matricula-veteranosas-ead\/","title":{"rendered":"Matricula Veteranos(as) EaD"},"content":{"rendered":"<div id=\"pl-10152\"  class=\"panel-layout\" ><div id=\"pg-10152-0\"  class=\"panel-grid panel-no-style\" ><div id=\"pgc-10152-0-0\"  class=\"panel-grid-cell\" ><div id=\"panel-10152-0-0-0\" class=\"so-panel widget widget_sow-tabs panel-first-child\" data-index=\"0\" ><div class=\"panel-widget-style panel-widget-style-for-10152-0-0-0\" ><div\n\t\t\t\n\t\t\tclass=\"so-widget-sow-tabs so-widget-sow-tabs-default-79412f1a53f3-10152\"\n\t\t\t\n\t\t><h3 class=\"widget-title\">PER\u00cdODOS<\/h3><div class=\"sow-tabs\">\n\t<div class=\"sow-tabs-tab-container\" role=\"tablist\">\n\t\t<\/div>\n\t\n\t<div class=\"sow-tabs-panel-container\">\n\t\t<\/div>\n<\/div>\n<\/div><\/div><\/div><div id=\"panel-10152-0-0-1\" class=\"so-panel widget widget_sow-tabs\" data-index=\"1\" ><div class=\"panel-widget-style panel-widget-style-for-10152-0-0-1\" ><div\n\t\t\t\n\t\t\tclass=\"so-widget-sow-tabs so-widget-sow-tabs-default-79412f1a53f3-10152\"\n\t\t\t\n\t\t><h3 class=\"widget-title\">2026\/1<\/h3><div class=\"sow-tabs\">\n\t<div class=\"sow-tabs-tab-container\" role=\"tablist\">\n\t\t<\/div>\n\t\n\t<div class=\"sow-tabs-panel-container\">\n\t\t<\/div>\n<\/div>\n<\/div><\/div><\/div><div id=\"panel-10152-0-0-2\" class=\"so-panel widget widget_sow-editor panel-last-child\" data-index=\"2\" ><div class=\"panel-widget-style panel-widget-style-for-10152-0-0-2\" ><div\n\t\t\t\n\t\t\tclass=\"so-widget-sow-editor so-widget-sow-editor-base\"\n\t\t\t\n\t\t>\n<div class=\"siteorigin-widget-tinymce textwidget\">\n\t<p style=\"text-align: center\"><span style=\"color: #0000ff\"><b>PROCESSO DE MATR\u00cdCULAS DE VETERANOS(AS) EaD<\/b><\/span><\/p>\n<p style=\"text-align: center\"><span style=\"color: #0000ff\"><b>1\u00ba SEMESTRE LETIVO DE 2026<\/b><\/span><\/p>\n<p>&nbsp;<\/p>\n<p style=\"text-align: center\"><span style=\"color: #0000ff\">\u00a0<a style=\"color: #0000ff\" href=\"https:\/\/www2.uepg.br\/prograd\/wp-content\/uploads\/sites\/19\/2026\/01\/SEI_UEPG-2956649-Ordem-de-Servico_ead2026-1.pdf\" target=\"_blank\" rel=\"noopener\">ORDEM DE SERVI\u00c7O PROGRAD-DIAC N\u00ba 001\/2026<\/a><\/span><\/p>\n<p>&nbsp;<\/p>\n<p style=\"text-align: center\">O\u00a0<i>link\u00a0<\/i>para matr\u00edculas ser\u00e1 disponibilizado nesta p\u00e1gina conforme cronograma abaixo<\/p>\n<p style=\"text-align: center\">-------------------------------------------------------------<\/p>\n<p>&nbsp;<\/p>\n<h3 style=\"text-align: center\"><span style=\"color: #0000ff\">ATEN\u00c7\u00c3O <\/span><\/h3>\n<h3 style=\"text-align: center\"><span style=\"color: #0000ff\">PRAZO PRORROGADO<\/span><\/h3>\n<p>&nbsp;<\/p>\n<p style=\"text-align: center\"><span style=\"color: #0000ff\"><b>ETAPA \u00daNICA<\/b><\/span><\/p>\n<p style=\"text-align: center\"><b>In\u00edcio:\u00a0<\/b>a partir das 10h de 09\/02\/2026<br \/>\n<b>T\u00e9rmino:\u00a0<\/b>at\u00e9 as 22h de 20\/02\/2026<\/p>\n<p style=\"text-align: center\">-------------------------------------------------------------<\/p>\n<h3><\/h3>\n<h3 style=\"text-align: center\"><span style=\"color: #0000ff\"><b>SISTEMA DE MATR\u00cdCULA<\/b><\/span><\/h3>\n<p>&nbsp;<\/p>\n<h3 style=\"text-align: center\"><span style=\"color: #0000ff\"><b><a href=\"https:\/\/cadmo.apps.uepg.br\/\" target=\"_blank\" rel=\"noopener\">ACESSAR AQUI<\/a> <\/b><\/span><\/h3>\n<h3 style=\"text-align: center\"><span style=\"color: #0000ff\"><b>(Clicar em Rematr\u00edcula de Veteranos )<\/b><\/span><\/h3>\n<p>&nbsp;<\/p>\n<p class=\"Texto_Justificado_Recuo_Primeira_Linha\"><strong>Para realizar sua matr\u00edcula:<\/strong><\/p>\n<p class=\"Texto_Justificado\">1. Clique no link ACESSAR AQUI.<\/p>\n<p class=\"Texto_Justificado\">2. Clique em rematricula de veteranos,<\/p>\n<p class=\"Texto_Justificado\">3. Informe seu RA e insira sua senha,<\/p>\n<p class=\"Texto_Justificado\">4. Leia atentamente o termo e Salve<\/p>\n<p class=\"Texto_Justificado\">5. Ap\u00f3s salve as telas das disciplina dispon\u00edveis para seu Curso e semestre.<\/p>\n<p>&nbsp;<\/p>\n<p>&nbsp;<\/p>\n<p>&nbsp;<\/p>\n<p style=\"text-align: center\"><b>ATEN\u00c7\u00c3O:<\/b><span style=\"font-weight: 400\">\u00a0<\/span><\/p>\n<p style=\"text-align: center\"><span style=\"font-weight: 400\">Caso n\u00e3o apare\u00e7am todas as disciplinas dispon\u00edveis (apenas disciplinas regulares), o(a) acad\u00eamico(a) dever\u00e1 abrir <\/span><a href=\"https:\/\/sisei.apps.uepg.br\/protocolo-digital\/geral\"><b>protocolo digital no SEI<\/b><\/a><span style=\"font-weight: 400\">, informando <\/span><b>RA, curso e polo<\/b><span style=\"font-weight: 400\">, e solicitar a matr\u00edcula.<\/span><\/p>\n<p style=\"text-align: center\"><span style=\"font-weight: 400\">As disciplinas em <\/span><b>reoferta<\/b><span style=\"font-weight: 400\"> ser\u00e3o disponibilizadas pela <\/span><b>Coordena\u00e7\u00e3o do Curso<\/b><span style=\"font-weight: 400\">, conforme viabilidade e autoriza\u00e7\u00e3o do <\/span><b>NUTEAD<\/b><span style=\"font-weight: 400\"> e da <\/span><b>CAPES<\/b><span style=\"font-weight: 400\">.<\/span><\/p>\n<p style=\"text-align: center\">-------------------------------------------------------------<\/p>\n<p>&nbsp;<\/p>\n<p style=\"text-align: center\"><b>Reaberturas de Curso e transfer\u00eancias de polo, ser\u00e3o analisadas at\u00e9 a data de 13\/02\/2026,\u00a0<\/b><\/p>\n<p style=\"text-align: center\"><a href=\"https:\/\/sisei.apps.uepg.br\/protocolo-digital\/geral\" target=\"_blank\" rel=\"noopener\"><b>via Protocolo Digital SEI\u00a0\u00a0<\/b><\/a><\/p>\n<p>&nbsp;<\/p>\n<p style=\"text-align: center\">\n<\/div>\n<\/div><\/div><\/div><\/div><\/div><\/div>","protected":false},"excerpt":{"rendered":"<p>PROCESSO DE MATR\u00cdCULAS DE VETERANOS(AS) EaD 1\u00ba SEMESTRE LETIVO DE 2026 &nbsp; \u00a0ORDEM DE SERVI\u00c7O PROGRAD-DIAC N\u00ba 001\/2026 &nbsp; O\u00a0link\u00a0para matr\u00edculas ser\u00e1 disponibilizado nesta p\u00e1gina conforme cronograma abaixo &#8212;&#8212;&#8212;&#8212;&#8212;&#8212;&#8212;&#8212;&#8212;&#8212;&#8212;&#8212;&#8212;&#8212;&#8212;&#8212;&#8212;&#8212;&#8212;&#8212;- &nbsp; ATEN\u00c7\u00c3O PRAZO PRORROGADO &nbsp; ETAPA \u00daNICA In\u00edcio:\u00a0a partir das 10h de 09\/02\/2026 T\u00e9rmino:\u00a0at\u00e9 as 22h de 20\/02\/2026 &#8212;&#8212;&#8212;&#8212;&#8212;&#8212;&#8212;&#8212;&#8212;&#8212;&#8212;&#8212;&#8212;&#8212;&#8212;&#8212;&#8212;&#8212;&#8212;&#8212;- SISTEMA DE MATR\u00cdCULA &nbsp; ACESSAR AQUI (Clicar&nbsp;&hellip;<\/p>\n","protected":false},"author":121,"featured_media":0,"parent":0,"menu_order":0,"comment_status":"closed","ping_status":"closed","template":"","meta":[],"_links":{"self":[{"href":"https:\/\/www2.uepg.br\/prograd\/wp-json\/wp\/v2\/pages\/10152"}],"collection":[{"href":"https:\/\/www2.uepg.br\/prograd\/wp-json\/wp\/v2\/pages"}],"about":[{"href":"https:\/\/www2.uepg.br\/prograd\/wp-json\/wp\/v2\/types\/page"}],"author":[{"embeddable":true,"href":"https:\/\/www2.uepg.br\/prograd\/wp-json\/wp\/v2\/users\/121"}],"replies":[{"embeddable":true,"href":"https:\/\/www2.uepg.br\/prograd\/wp-json\/wp\/v2\/comments?post=10152"}],"version-history":[{"count":70,"href":"https:\/\/www2.uepg.br\/prograd\/wp-json\/wp\/v2\/pages\/10152\/revisions"}],"predecessor-version":[{"id":10304,"href":"https:\/\/www2.uepg.br\/prograd\/wp-json\/wp\/v2\/pages\/10152\/revisions\/10304"}],"wp:attachment":[{"href":"https:\/\/www2.uepg.br\/prograd\/wp-json\/wp\/v2\/media?parent=10152"}],"curies":[{"name":"wp","href":"https:\/\/api.w.org\/{rel}","templated":true}]}}