{"id":1067,"date":"2019-06-27T14:24:13","date_gmt":"2019-06-27T17:24:13","guid":{"rendered":"http:\/\/www2.uepg.br\/prograd\/?page_id=1067"},"modified":"2026-04-08T10:20:38","modified_gmt":"2026-04-08T13:20:38","slug":"equipe","status":"publish","type":"page","link":"https:\/\/www2.uepg.br\/prograd\/equipe\/","title":{"rendered":"Equipe"},"content":{"rendered":"<table width=\"623\">\n<tbody>\n<tr>\n<td style=\"text-align: center\" width=\"623\"><strong>PR\u00d3-REITOR DE GRADUA\u00c7\u00c3O<\/strong><\/td>\n<\/tr>\n<tr>\n<td style=\"text-align: center\">Miguel Archanjo de Freitas Junior<\/td>\n<\/tr>\n<tr>\n<td style=\"text-align: center\"><strong>Secretaria (42)3220-3701<\/strong><\/td>\n<\/tr>\n<tr>\n<td style=\"text-align: center\">Claudia A. M. Wonsowicz<\/td>\n<\/tr>\n<tr>\n<td style=\"text-align: center\"><strong>DIRETORIA ACAD\u00caMICA &#8211; DIAC<\/strong><\/td>\n<\/tr>\n<tr>\n<td style=\"text-align: center\">Anderson Santos Costa<\/td>\n<\/tr>\n<tr>\n<td style=\"text-align: center\"><strong>Divis\u00e3o de Matr\u00edcula &#8211; Presencial &#8211; DIVMP\u00a0 (42) 3220-3705<\/strong><\/td>\n<\/tr>\n<tr>\n<td style=\"text-align: center\">Abel Josinei de Arruda<\/td>\n<\/tr>\n<tr>\n<td style=\"text-align: center\">Se\u00e7\u00e3o de Controle Acad\u00eamico<\/td>\n<\/tr>\n<tr>\n<td style=\"text-align: center\">Antonio Rafael dos Santos Avila<\/td>\n<\/tr>\n<tr>\n<td style=\"text-align: center\">Agna Cristina de Souza<\/td>\n<\/tr>\n<tr>\n<td style=\"text-align: center\">Lais Helena Domingues<\/td>\n<\/tr>\n<tr>\n<td style=\"text-align: center\">Leonardo Chibinski<\/td>\n<\/tr>\n<tr>\n<td style=\"text-align: center\"><strong>Divis\u00e3o de Matr\u00edcula e Acompanhamento Acad\u00eamico &#8211; EAD &#8211; DIVMD (42)3220-3722<\/strong><\/td>\n<\/tr>\n<tr>\n<td style=\"text-align: center\">Joanice de J. Kuster de Azevedo<\/td>\n<\/tr>\n<tr>\n<td style=\"text-align: center\">Edenilce Leuch Machado<\/td>\n<\/tr>\n<tr>\n<td style=\"text-align: center\">Karoline Tanello da Silva<\/td>\n<\/tr>\n<tr>\n<td style=\"text-align: center\"><strong>Central de salas &#8211; CSA (42)3220-3182<\/strong><\/td>\n<\/tr>\n<tr>\n<td style=\"text-align: center\">\u00a0Luciana Cristina de Oliveira<\/td>\n<\/tr>\n<tr>\n<td style=\"text-align: center\">\u00a0Ana Kochan<\/td>\n<\/tr>\n<tr>\n<td style=\"text-align: center\"><strong>DIRETORIA ADMINISTRATIVA &#8211; DIADM (42)3220-3708<\/strong><\/td>\n<\/tr>\n<tr>\n<td style=\"text-align: center\">Rodrigo\u00a0 Simionato<\/td>\n<\/tr>\n<tr>\n<td style=\"text-align: center\"><strong>Divis\u00e3o de Regula\u00e7\u00e3o e Programas Acad\u00eamicos<\/strong><\/td>\n<\/tr>\n<tr>\n<td style=\"text-align: center\">Jo\u00e3o M\u00e1rcio D. Inglez<\/td>\n<\/tr>\n<tr>\n<td style=\"text-align: center\">(42)3220-3711<\/td>\n<\/tr>\n<tr>\n<td style=\"text-align: center\">Stefanie Koch da Rocha<\/td>\n<\/tr>\n<tr>\n<td style=\"text-align: center\">(42)3220-3709<\/td>\n<\/tr>\n<tr>\n<td style=\"text-align: center\"><strong>Registro Geral &#8211; Diplomas (42) 3220-3719<\/strong><\/td>\n<\/tr>\n<tr>\n<td style=\"text-align: center\">Jo\u00e3o Paulo G. de Andrade<\/td>\n<\/tr>\n<tr>\n<td style=\"text-align: center\"><strong>DIRETORIA DE ENSINO &#8211; DIREN (42)3220-3714<\/strong><\/td>\n<\/tr>\n<tr>\n<td style=\"text-align: center\">Cristiane Aparecida Woytichoski<\/td>\n<\/tr>\n<tr>\n<td style=\"text-align: center\" width=\"623\"><strong>Divis\u00e3o de Projetos Pedag\u00f3gicos e Atividades Acad\u00eamicas\u00a0(Programas e Curr\u00edculos) (42)3220-3716<\/strong><\/td>\n<\/tr>\n<tr>\n<td style=\"text-align: center\">Arielle Cristina Tozetto<\/td>\n<\/tr>\n<tr>\n<td style=\"text-align: center\" width=\"623\"><strong>Se\u00e7\u00e3o de Est\u00e1gios<\/strong><\/td>\n<\/tr>\n<tr>\n<td style=\"text-align: center\">Ana Ap\u00aa R. Santana da Roza<\/td>\n<\/tr>\n<tr>\n<td style=\"text-align: center\">(42)3220-3224<\/td>\n<\/tr>\n<tr>\n<td style=\"text-align: center\">Elisabeth Ribeiro Batista<\/td>\n<\/tr>\n<tr>\n<td style=\"text-align: center\">Ilza Ap\u00aa de Matos<\/td>\n<\/tr>\n<tr>\n<td style=\"text-align: center\">Allan do E. Santo Machado<\/td>\n<\/tr>\n<tr>\n<td style=\"text-align: center\">(42)3220-3715 \/ (42)3220-3723<\/td>\n<\/tr>\n<\/tbody>\n<\/table>\n","protected":false},"excerpt":{"rendered":"<p>PR\u00d3-REITOR DE GRADUA\u00c7\u00c3O Miguel Archanjo de Freitas Junior Secretaria (42)3220-3701 Claudia A. M. Wonsowicz DIRETORIA ACAD\u00caMICA &#8211; DIAC Anderson Santos Costa Divis\u00e3o de Matr\u00edcula &#8211; Presencial &#8211; DIVMP\u00a0 (42) 3220-3705 Abel Josinei de Arruda Se\u00e7\u00e3o de Controle Acad\u00eamico Antonio Rafael dos Santos Avila Agna Cristina de Souza Lais Helena Domingues Leonardo Chibinski Divis\u00e3o de Matr\u00edcula&nbsp;&hellip;<\/p>\n","protected":false},"author":24,"featured_media":0,"parent":0,"menu_order":0,"comment_status":"closed","ping_status":"closed","template":"","meta":[],"_links":{"self":[{"href":"https:\/\/www2.uepg.br\/prograd\/wp-json\/wp\/v2\/pages\/1067"}],"collection":[{"href":"https:\/\/www2.uepg.br\/prograd\/wp-json\/wp\/v2\/pages"}],"about":[{"href":"https:\/\/www2.uepg.br\/prograd\/wp-json\/wp\/v2\/types\/page"}],"author":[{"embeddable":true,"href":"https:\/\/www2.uepg.br\/prograd\/wp-json\/wp\/v2\/users\/24"}],"replies":[{"embeddable":true,"href":"https:\/\/www2.uepg.br\/prograd\/wp-json\/wp\/v2\/comments?post=1067"}],"version-history":[{"count":47,"href":"https:\/\/www2.uepg.br\/prograd\/wp-json\/wp\/v2\/pages\/1067\/revisions"}],"predecessor-version":[{"id":10572,"href":"https:\/\/www2.uepg.br\/prograd\/wp-json\/wp\/v2\/pages\/1067\/revisions\/10572"}],"wp:attachment":[{"href":"https:\/\/www2.uepg.br\/prograd\/wp-json\/wp\/v2\/media?parent=1067"}],"curies":[{"name":"wp","href":"https:\/\/api.w.org\/{rel}","templated":true}]}}