{"id":1155,"date":"2019-08-30T16:33:05","date_gmt":"2019-08-30T19:33:05","guid":{"rendered":"http:\/\/www2.uepg.br\/prograd\/?page_id=1155"},"modified":"2025-06-26T15:04:53","modified_gmt":"2025-06-26T18:04:53","slug":"reconhecimento-de-cursos","status":"publish","type":"page","link":"https:\/\/www2.uepg.br\/prograd\/reconhecimento-de-cursos\/","title":{"rendered":"Reconhecimento de Cursos"},"content":{"rendered":"<div id=\"pl-1155\"  class=\"panel-layout\" ><div id=\"pg-1155-0\"  class=\"panel-grid panel-no-style\" ><div id=\"pgc-1155-0-0\"  class=\"panel-grid-cell\" ><div id=\"panel-1155-0-0-0\" class=\"so-panel widget widget_sow-editor panel-first-child panel-last-child\" data-index=\"0\" ><div\n\t\t\t\n\t\t\tclass=\"so-widget-sow-editor so-widget-sow-editor-base\"\n\t\t\t\n\t\t>\n<div class=\"siteorigin-widget-tinymce textwidget\">\n\t<p>A <strong>Diretoria Administrativa<\/strong> da PROGRAD (DIADM) entrar\u00e1 em contato com os coordenadores de curso, seguindo as planilhas abaixo, para solicitar os documentos necess\u00e1rios para a <strong>Renova\u00e7\u00e3o de Reconhecimento de Curso.<\/strong><\/p>\n<p style=\"text-align: left;\">A Delibera\u00e7\u00e3o do Conselho Estadual de Ensino do Paran\u00e1 n\u00ba01\/2017 - fixa as normas para as Institui\u00e7\u00f5es de Educa\u00e7\u00e3o Superior mantidas pelo Poder P\u00fablico Estadual e Municipal do Estado do Paran\u00e1, disp\u00f5e sobre o exerc\u00edcio das fun\u00e7\u00f5es de regula\u00e7\u00e3o, supervis\u00e3o e avalia\u00e7\u00e3o de seus cursos.<\/p>\n<p>&nbsp;<\/p>\n<\/div>\n<\/div><\/div><\/div><\/div><div id=\"pg-1155-1\"  class=\"panel-grid panel-no-style\" ><div id=\"pgc-1155-1-0\"  class=\"panel-grid-cell\" ><div id=\"panel-1155-1-0-0\" class=\"so-panel widget widget_sow-features panel-first-child panel-last-child\" data-index=\"1\" ><div\n\t\t\t\n\t\t\tclass=\"so-widget-sow-features so-widget-sow-features-default-3e1df4eb5341-1155\"\n\t\t\t\n\t\t>\n<div class=\"sow-features-list sow-features-responsive\">\n\n\t\t\t\t\t\t<div\n\t\t\t\tclass=\"sow-features-feature sow-icon-container-position-top \"\n\t\t\t\tstyle=\"display: flex; flex-direction: column; float: left; width: 33.333%;\"\n\t\t\t>\n\n\t\t\t\t\t\t\t\t\t<a\n\t\t\t\t\t\thref=\"https:\/\/www2.uepg.br\/prograd\/autorizacao-e-reconhecimento-de-cursos\/\"\n\t\t\t\t\t\t\t\t\t\t\t>\n\t\t\t\t\t\t\t\t<div\n\t\t\t\t\tclass=\"sow-icon-container sow-container-rounded-hex\"\n                    style=\"color: #0f2c64; \"\n\t\t\t\t\ttitle=\"Autoriza\u00e7\u00e3o e Reconhecimento de Cursos\">\n\t\t\t\t\t<span class=\"sow-icon-fontawesome sow-fas\" data-sow-icon=\"&#xf5a2;\"\n\t\tstyle=\"font-size: 36px; color: #ef6b5e\" \n\t\taria-hidden=\"true\"><\/span>\t\t\t\t<\/div>\n\t\t\t\t\t\t\t\t\t<\/a>\n\t\t\t\t\n\t\t\t\t<div class=\"textwidget\">\n\t\t\t\t\t\t\t\t\t\t\t<h4>\n\t\t\t\t\t\t\t\t\t\t\t\t\t\t\t<a\n\t\t\t\t\t\t\t\t\thref=\"https:\/\/www2.uepg.br\/prograd\/autorizacao-e-reconhecimento-de-cursos\/\"\n\t\t\t\t\t\t\t\t\t\t\t\t\t\t\t\t\t>\n\t\t\t\t\t\t\t\n\t\t\t\t\t\t\tAutoriza\u00e7\u00e3o e Reconhecimento de Cursos\t\t\t\t\t\t\t\t\t\t\t\t\t\t\t<\/a>\n\t\t\t\t\t\t\t\t\t\t\t\t\t<\/h4>\n\t\t\t\t\t\n\t\t\t\t\t\n\t\t\t\t\t\t\t\t\t<\/div>\n\t\t\t\t\t\t\t<\/div>\n\n\t\t\t\t\t<div\n\t\t\t\tclass=\"sow-features-feature sow-icon-container-position-top \"\n\t\t\t\tstyle=\"display: flex; flex-direction: column; float: left; width: 33.333%;\"\n\t\t\t>\n\n\t\t\t\t\t\t\t\t\t<a\n\t\t\t\t\t\thref=\"https:\/\/www2.uepg.br\/prograd\/datas-para-renovacao-de-reconhecimento-de-cursos\/\"\n\t\t\t\t\t\t\t\t\t\t\t>\n\t\t\t\t\t\t\t\t<div\n\t\t\t\t\tclass=\"sow-icon-container sow-container-rounded-hex\"\n                    style=\"color: #1240e8; \"\n\t\t\t\t\ttitle=\"Datas para Renova\u00e7\u00e3o de Reconhecimento de Cursos\">\n\t\t\t\t\t<span class=\"sow-icon-fontawesome sow-fas\" data-sow-icon=\"&#xf274;\"\n\t\tstyle=\"font-size: 36px; color: #ef6b5e\" \n\t\taria-hidden=\"true\"><\/span>\t\t\t\t<\/div>\n\t\t\t\t\t\t\t\t\t<\/a>\n\t\t\t\t\n\t\t\t\t<div class=\"textwidget\">\n\t\t\t\t\t\t\t\t\t\t\t<h4>\n\t\t\t\t\t\t\t\t\t\t\t\t\t\t\t<a\n\t\t\t\t\t\t\t\t\thref=\"https:\/\/www2.uepg.br\/prograd\/datas-para-renovacao-de-reconhecimento-de-cursos\/\"\n\t\t\t\t\t\t\t\t\t\t\t\t\t\t\t\t\t>\n\t\t\t\t\t\t\t\n\t\t\t\t\t\t\tDatas para Renova\u00e7\u00e3o de Reconhecimento de Cursos\t\t\t\t\t\t\t\t\t\t\t\t\t\t\t<\/a>\n\t\t\t\t\t\t\t\t\t\t\t\t\t<\/h4>\n\t\t\t\t\t\n\t\t\t\t\t\n\t\t\t\t\t\t\t\t\t<\/div>\n\t\t\t\t\t\t\t<\/div>\n\n\t\t\t\t\t<div\n\t\t\t\tclass=\"sow-features-feature sow-icon-container-position-top \"\n\t\t\t\tstyle=\"display: flex; flex-direction: column; float: left; width: 33.333%;\"\n\t\t\t>\n\n\t\t\t\t\t\t\t\t\t<a\n\t\t\t\t\t\thref=\"https:\/\/www2.uepg.br\/prograd\/vencimento-das-renovacoes-de-reconhecimento-de-curso\/\"\n\t\t\t\t\t\t\t\t\t\t\t>\n\t\t\t\t\t\t\t\t<div\n\t\t\t\t\tclass=\"sow-icon-container sow-container-rounded-hex\"\n                    style=\"color: #6992ea; \"\n\t\t\t\t\ttitle=\"Vencimento das Renova\u00e7\u00f5es de Reconhecimento de Curso\">\n\t\t\t\t\t<span class=\"sow-icon-fontawesome sow-fas\" data-sow-icon=\"&#xf017;\"\n\t\tstyle=\"font-size: 36px; color: #ef6b5e\" \n\t\taria-hidden=\"true\"><\/span>\t\t\t\t<\/div>\n\t\t\t\t\t\t\t\t\t<\/a>\n\t\t\t\t\n\t\t\t\t<div class=\"textwidget\">\n\t\t\t\t\t\t\t\t\t\t\t<h4>\n\t\t\t\t\t\t\t\t\t\t\t\t\t\t\t<a\n\t\t\t\t\t\t\t\t\thref=\"https:\/\/www2.uepg.br\/prograd\/vencimento-das-renovacoes-de-reconhecimento-de-curso\/\"\n\t\t\t\t\t\t\t\t\t\t\t\t\t\t\t\t\t>\n\t\t\t\t\t\t\t\n\t\t\t\t\t\t\tVencimento das Renova\u00e7\u00f5es de Reconhecimento de Curso\t\t\t\t\t\t\t\t\t\t\t\t\t\t\t<\/a>\n\t\t\t\t\t\t\t\t\t\t\t\t\t<\/h4>\n\t\t\t\t\t\n\t\t\t\t\t\n\t\t\t\t\t\t\t\t\t<\/div>\n\t\t\t\t\t\t\t<\/div>\n\n\t\t\t\t\t<div\n\t\t\t\tclass=\"sow-features-feature sow-icon-container-position-top sow-features-feature-last-row\"\n\t\t\t\tstyle=\"display: flex; flex-direction: column; float: left; width: 33.333%;\"\n\t\t\t>\n\n\t\t\t\t\t\t\t\t\t<a\n\t\t\t\t\t\thref=\"https:\/\/www2.uepg.br\/prograd\/autorizacao-e-reconhecimento-de-cursos\/\"\n\t\t\t\t\t\t\t\t\t\t\t>\n\t\t\t\t\t\t\t\t<div\n\t\t\t\t\tclass=\"sow-icon-container sow-container-rounded-hex\"\n                    style=\"color: #0f2c64; \"\n\t\t\t\t\ttitle=\"Autoriza\u00e7\u00e3o e Reconhecimento de Cursos\">\n\t\t\t\t\t<span class=\"sow-icon-fontawesome sow-fas\" data-sow-icon=\"&#xf5a2;\"\n\t\tstyle=\"font-size: 36px; color: #ef6b5e\" \n\t\taria-hidden=\"true\"><\/span>\t\t\t\t<\/div>\n\t\t\t\t\t\t\t\t\t<\/a>\n\t\t\t\t\n\t\t\t\t<div class=\"textwidget\">\n\t\t\t\t\t\t\t\t\t\t\t<h4>\n\t\t\t\t\t\t\t\t\t\t\t\t\t\t\t<a\n\t\t\t\t\t\t\t\t\thref=\"https:\/\/www2.uepg.br\/prograd\/autorizacao-e-reconhecimento-de-cursos\/\"\n\t\t\t\t\t\t\t\t\t\t\t\t\t\t\t\t\t>\n\t\t\t\t\t\t\t\n\t\t\t\t\t\t\tAutoriza\u00e7\u00e3o e Reconhecimento de Cursos\t\t\t\t\t\t\t\t\t\t\t\t\t\t\t<\/a>\n\t\t\t\t\t\t\t\t\t\t\t\t\t<\/h4>\n\t\t\t\t\t\n\t\t\t\t\t\n\t\t\t\t\t\t\t\t\t<\/div>\n\t\t\t\t\t\t\t<\/div>\n\n\t\t\t\n<\/div>\n<\/div><\/div><\/div><\/div><\/div>","protected":false},"excerpt":{"rendered":"<p>A Diretoria Administrativa da PROGRAD (DIADM) entrar\u00e1 em contato com os coordenadores de curso, seguindo as planilhas abaixo, para solicitar os documentos necess\u00e1rios para a Renova\u00e7\u00e3o de Reconhecimento de Curso. A Delibera\u00e7\u00e3o do Conselho Estadual de Ensino do Paran\u00e1 n\u00ba01\/2017 &#8211; fixa as normas para as Institui\u00e7\u00f5es de Educa\u00e7\u00e3o Superior mantidas pelo Poder P\u00fablico Estadual&nbsp;&hellip;<\/p>\n","protected":false},"author":24,"featured_media":4128,"parent":0,"menu_order":0,"comment_status":"closed","ping_status":"closed","template":"","meta":[],"_links":{"self":[{"href":"https:\/\/www2.uepg.br\/prograd\/wp-json\/wp\/v2\/pages\/1155"}],"collection":[{"href":"https:\/\/www2.uepg.br\/prograd\/wp-json\/wp\/v2\/pages"}],"about":[{"href":"https:\/\/www2.uepg.br\/prograd\/wp-json\/wp\/v2\/types\/page"}],"author":[{"embeddable":true,"href":"https:\/\/www2.uepg.br\/prograd\/wp-json\/wp\/v2\/users\/24"}],"replies":[{"embeddable":true,"href":"https:\/\/www2.uepg.br\/prograd\/wp-json\/wp\/v2\/comments?post=1155"}],"version-history":[{"count":15,"href":"https:\/\/www2.uepg.br\/prograd\/wp-json\/wp\/v2\/pages\/1155\/revisions"}],"predecessor-version":[{"id":9699,"href":"https:\/\/www2.uepg.br\/prograd\/wp-json\/wp\/v2\/pages\/1155\/revisions\/9699"}],"wp:featuredmedia":[{"embeddable":true,"href":"https:\/\/www2.uepg.br\/prograd\/wp-json\/wp\/v2\/media\/4128"}],"wp:attachment":[{"href":"https:\/\/www2.uepg.br\/prograd\/wp-json\/wp\/v2\/media?parent=1155"}],"curies":[{"name":"wp","href":"https:\/\/api.w.org\/{rel}","templated":true}]}}