{"id":211,"date":"2019-05-30T14:55:54","date_gmt":"2019-05-30T17:55:54","guid":{"rendered":"http:\/\/www2.uepg.br\/prograd\/?page_id=211"},"modified":"2019-12-12T16:09:28","modified_gmt":"2019-12-12T19:09:28","slug":"nucleo-docente-estruturante","status":"publish","type":"page","link":"https:\/\/www2.uepg.br\/prograd\/nucleo-docente-estruturante\/","title":{"rendered":"N\u00facleo Docente Estruturante"},"content":{"rendered":"<p>O N\u00facleo Docente Estruturante (NDE) de um Curso de Gradua\u00e7\u00e3o constitui-se de um grupo de docentes, com atribui\u00e7\u00f5es acad\u00eamicas de acompanhamento, atuante no processo de concep\u00e7\u00e3o, consolida\u00e7\u00e3o e cont\u00ednua atualiza\u00e7\u00e3o do projeto pedag\u00f3gico de curso.<br \/>\nO Regulamento do N\u00facleo Docente Estruturante dos Cursos de Gradua\u00e7\u00e3o da UEPG est\u00e1 descrito na <a href=\"http:\/\/www2.uepg.br\/prograd\/wp-content\/uploads\/sites\/19\/2019\/05\/resolu\u00e7\u00e3o-cepe-024-de-22-de-maio-de-2013.pdf\" target=\"_blank\" rel=\"noopener noreferrer\">RESOLU\u00c7\u00c3O CEPE N\u00ba 229 DE 18 DE NOVEMBRO DE 1997.<\/a><\/p>\n<h4 style=\"padding-left: 40px\">Cursos de Gradua\u00e7\u00e3o:<\/h4>\n<p style=\"padding-left: 40px\">AGRONOMIA &#8211; <a href=\"http:\/\/www2.uepg.br\/prograd\/wp-content\/uploads\/sites\/19\/2019\/05\/Port83_Agronomia.pdf\" target=\"_blank\" rel=\"noopener noreferrer\">PORTARIA R. No 83 DE 27 DE MAR\u00c7O DE 2014.<\/a><\/p>\n<p style=\"padding-left: 40px\">ADMINISTRA\u00c7\u00c3O &#8211; <a href=\"http:\/\/www2.uepg.br\/prograd\/wp-content\/uploads\/sites\/19\/2019\/05\/NDE-Port465-curso-de-administra\u00e7\u00e3o.pdf\" target=\"_blank\" rel=\"noopener noreferrer\">PORTARIA R. No 465 DE 5 DE DEZEMBRO DE 2013.<\/a><\/p>\n<p style=\"padding-left: 40px\">BACHARELADO EM EDUCA\u00c7\u00c3O F\u00cdSICA \u2013 <a href=\"http:\/\/www2.uepg.br\/prograd\/wp-content\/uploads\/sites\/19\/2019\/05\/NDE-Port341-curso-de-educ-f\u00edsica.pdf\" target=\"_blank\" rel=\"noopener noreferrer\">PORTARIA R. No 341 DE 23 DE AGOSTO DE 2013.<\/a><\/p>\n<p style=\"padding-left: 40px\">CI\u00caNCIAS CONT\u00c1BEIS \u2013 <a href=\"http:\/\/www2.uepg.br\/prograd\/wp-content\/uploads\/sites\/19\/2019\/05\/NDE-Port385-curso-de-ci\u00eancias-cont\u00e1beis.pdf\" target=\"_blank\" rel=\"noopener noreferrer\">PORTARIA R. No 385 DE 19 DE SETEMBRO DE 2013.<\/a><\/p>\n<p style=\"padding-left: 40px\">DIREITO \u2013 <a href=\"http:\/\/www2.uepg.br\/prograd\/wp-content\/uploads\/sites\/19\/2019\/05\/NDE-Port295-curso-de-direito.pdf\" target=\"_blank\" rel=\"noopener noreferrer\">PORTARIA R. No 295 DE 23 DE JULHO DE 2013.<\/a><\/p>\n<p style=\"padding-left: 40px\">ENFERMAGEM \u2013 <a href=\"http:\/\/www2.uepg.br\/prograd\/wp-content\/uploads\/sites\/19\/2019\/05\/NDE-Port330-curso-de-enfermagem.pdf\" target=\"_blank\" rel=\"noopener noreferrer\">PORTARIA R. No 330 DE 15 DE AGOSTO DE 2013.<\/a><\/p>\n<p style=\"padding-left: 40px\">ENGENHARIA DE ALIMENTOS \u2013 <a href=\"http:\/\/www2.uepg.br\/prograd\/wp-content\/uploads\/sites\/19\/2019\/05\/Portaria-R.-n\u00ba-53_Alimentos1.pdf\" target=\"_blank\" rel=\"noopener noreferrer\">PORTARIA R. No 53 DE 13 DE MAR\u00c7O DE 2014.<\/a><\/p>\n<p style=\"padding-left: 40px\">ENGENHARIA DE MATERIAIS \u2013 <a href=\"http:\/\/www2.uepg.br\/prograd\/wp-content\/uploads\/sites\/19\/2019\/05\/Port112_materiais.pdf\" target=\"_blank\" rel=\"noopener noreferrer\">PORTARIA R. No 112 DE 15 DE ABRIL DE 2014.<\/a><\/p>\n<p style=\"padding-left: 40px\">FARM\u00c1CIA \u2013 <a href=\"http:\/\/www2.uepg.br\/prograd\/wp-content\/uploads\/sites\/19\/2019\/05\/NDE-Port325-curso-de-farmacia.pdf\" target=\"_blank\" rel=\"noopener noreferrer\">PORTARIA R. No 325 DE 12 DE AGOSTO DE 2013.<\/a><\/p>\n<p style=\"padding-left: 40px\">LICENCIATURA EM ARTES VISUAIS \u2013 <a href=\"http:\/\/www2.uepg.br\/prograd\/wp-content\/uploads\/sites\/19\/2019\/05\/NDE-Port367-curso-artes-visuais.pdf\" target=\"_blank\" rel=\"noopener noreferrer\">PORTARIA R. No 367 DE 9 DE SETEMBRO DE 2013.<\/a><\/p>\n<p style=\"padding-left: 40px\">MEDICINA \u2013 <a href=\"http:\/\/www2.uepg.br\/prograd\/wp-content\/uploads\/sites\/19\/2019\/05\/Port72_medicina.pdf\" target=\"_blank\" rel=\"noopener noreferrer\">PORTARIA R. No 72 DE 24 DE MAR\u00c7O DE 2014.<\/a><\/p>\n<p style=\"padding-left: 40px\">ODONTOLOGIA \u2013 <a href=\"http:\/\/www2.uepg.br\/prograd\/wp-content\/uploads\/sites\/19\/2019\/05\/NDE-Port293-curso-de-odontologia.pdf\" target=\"_blank\" rel=\"noopener noreferrer\">PORTARIA R. No 293 DE 23 DE JULHO DE 2013.<\/a><\/p>\n<p style=\"padding-left: 40px\">PEDAGOGIA \u2013 <a href=\"http:\/\/www2.uepg.br\/prograd\/wp-content\/uploads\/sites\/19\/2019\/05\/Port412_pedagogia.pdf\" target=\"_blank\" rel=\"noopener noreferrer\">PORTARIA R. No 412 DE 10 DE OUTUBRO DE 2013.<\/a><\/p>\n<p style=\"padding-left: 40px\">SERVI\u00c7O SOCIAL \u2013 <a href=\"http:\/\/www2.uepg.br\/prograd\/wp-content\/uploads\/sites\/19\/2019\/05\/NDE-Port294-curso-de-servi\u00e7o-social.pdf\" target=\"_blank\" rel=\"noopener noreferrer\">PORTARIA R. No 294 DE 23 DE JULHO DE 2013.<\/a><\/p>\n<p style=\"padding-left: 40px\">ZOOTECNIA \u2013 <a href=\"http:\/\/www2.uepg.br\/prograd\/wp-content\/uploads\/sites\/19\/2019\/05\/Port75_Zootecnia.pdf\" target=\"_blank\" rel=\"noopener noreferrer\">PORTARIA R. No 75 DE 25 DE MAR\u00c7O DE 2014.<\/a><\/p>\n<p>&nbsp;<\/p>\n","protected":false},"excerpt":{"rendered":"<p>O N\u00facleo Docente Estruturante (NDE) de um Curso de Gradua\u00e7\u00e3o constitui-se de um grupo de docentes, com atribui\u00e7\u00f5es acad\u00eamicas de acompanhamento, atuante no processo de concep\u00e7\u00e3o, consolida\u00e7\u00e3o e cont\u00ednua atualiza\u00e7\u00e3o do projeto pedag\u00f3gico de curso. O Regulamento do N\u00facleo Docente Estruturante dos Cursos de Gradua\u00e7\u00e3o da UEPG est\u00e1 descrito na RESOLU\u00c7\u00c3O CEPE N\u00ba 229 DE&nbsp;&hellip;<\/p>\n","protected":false},"author":24,"featured_media":0,"parent":0,"menu_order":0,"comment_status":"closed","ping_status":"closed","template":"","meta":[],"_links":{"self":[{"href":"https:\/\/www2.uepg.br\/prograd\/wp-json\/wp\/v2\/pages\/211"}],"collection":[{"href":"https:\/\/www2.uepg.br\/prograd\/wp-json\/wp\/v2\/pages"}],"about":[{"href":"https:\/\/www2.uepg.br\/prograd\/wp-json\/wp\/v2\/types\/page"}],"author":[{"embeddable":true,"href":"https:\/\/www2.uepg.br\/prograd\/wp-json\/wp\/v2\/users\/24"}],"replies":[{"embeddable":true,"href":"https:\/\/www2.uepg.br\/prograd\/wp-json\/wp\/v2\/comments?post=211"}],"version-history":[{"count":8,"href":"https:\/\/www2.uepg.br\/prograd\/wp-json\/wp\/v2\/pages\/211\/revisions"}],"predecessor-version":[{"id":216,"href":"https:\/\/www2.uepg.br\/prograd\/wp-json\/wp\/v2\/pages\/211\/revisions\/216"}],"wp:attachment":[{"href":"https:\/\/www2.uepg.br\/prograd\/wp-json\/wp\/v2\/media?parent=211"}],"curies":[{"name":"wp","href":"https:\/\/api.w.org\/{rel}","templated":true}]}}