{"id":3546,"date":"2021-10-05T09:30:02","date_gmt":"2021-10-05T12:30:02","guid":{"rendered":"https:\/\/www2.uepg.br\/prograd\/?page_id=3546"},"modified":"2026-03-25T15:44:36","modified_gmt":"2026-03-25T18:44:36","slug":"transferencia-externa-presencial","status":"publish","type":"page","link":"https:\/\/www2.uepg.br\/prograd\/transferencia-externa-presencial\/","title":{"rendered":"Transfer\u00eancias Externas Presencial"},"content":{"rendered":"<div id=\"pl-3546\"  class=\"panel-layout\" ><div id=\"pg-3546-0\"  class=\"panel-grid panel-no-style\" ><div id=\"pgc-3546-0-0\"  class=\"panel-grid-cell\" ><div id=\"panel-3546-0-0-0\" class=\"so-panel widget widget_sow-editor panel-first-child panel-last-child\" data-index=\"0\" ><div\n\t\t\t\n\t\t\tclass=\"so-widget-sow-editor so-widget-sow-editor-base\"\n\t\t\t\n\t\t>\n<div class=\"siteorigin-widget-tinymce textwidget\">\n\t<p class=\"Texto_Justificado_Recuo_Primeira_Linha\">1. Para ingresso em nossa Institui\u00e7\u00e3o, a Universidade Estadual de Ponta Grossa (UEPG) possibilita tamb\u00e9m a Transfer\u00eancia Externa de acad\u00eamicos(as) de outras institui\u00e7\u00f5es de Ensino Superior, para preenchimento de vagas existentes no mesmo curso de gradua\u00e7\u00e3o do(a) candidato(a). Essas vagas s\u00e3o estabelecidas em Manual espec\u00edfico, o qual cont\u00e9m crit\u00e9rios e normas pertinentes.<\/p>\n<p class=\"Texto_Justificado_Recuo_Primeira_Linha\">2. Nas datas estabelecidas em ORDEM DE SERVI\u00c7O referente a RESOLU\u00c7\u00c3O UNIV do Calend\u00e1rio Universit\u00e1rio, relativo ao ano letivo corrente,\u00a0a PROGRAD publica o Manual de Transfer\u00eancias Externas,\u00a0contendo o n\u00famero de vagas destinadas a cada curso, com a indica\u00e7\u00e3o da s\u00e9rie, turno e Campi. Este\u00a0Manual tamb\u00e9m orienta sobre a documenta\u00e7\u00e3o necess\u00e1ria e os procedimentos a serem adotados pelos candidatos no ingresso por Transfer\u00eancia.<\/p>\n<p class=\"Texto_Justificado_Recuo_Primeira_Linha\">3.\u00a0 UEPG considera v\u00e1lidos, para todos os efeitos, somente os Editais\/Manuais publicados no site oficial da Institui\u00e7\u00e3o. Portanto, as informa\u00e7\u00f5es e orienta\u00e7\u00f5es relativas \u00e0 Transfer\u00eancia Externa se d\u00e3o \u00fanica e exclusivamente atrav\u00e9s dos Editais e\/ou Manuais publicados no site oficial da Pr\u00f3 Reitoria de Gradua\u00e7\u00e3o. Voc\u00ea poder\u00e1 acompanhar o edital com informa\u00e7\u00f5es sobre Transfer\u00eancia de anos anteriores logo abaixo nesta mesma p\u00e1gina.<\/p>\n<p class=\"Texto_Justificado_Recuo_Primeira_Linha\">4.\u00a0\u00c9 v\u00e1lido ressaltar que as vagas destinadas a Transfer\u00eancias Externas dependem de diferentes fatores, os quais fogem do controle do interessado, como por exemplo o n\u00famero Total de Matriculados no Curso, entre outros (TMC= n\u00ba de ingressantes no Curso-PSS\/Vestibular X quantidade de s\u00e9ries do curso).<\/p>\n<p class=\"Texto_Justificado_Recuo_Primeira_Linha\">5. Sendo assim, sugerimos que caso haja interesse em ingressar em nossa Institui\u00e7\u00e3o, voc\u00ea tamb\u00e9m realize sua inscri\u00e7\u00e3o em nosso Vestibular, aumentando assim as suas chances de tornar-se acad\u00eamico(a) da UEPG. Acesse o\u00a0<i>link<\/i>\u00a0<a href=\"https:\/\/cps.uepg.br\/inicio\/\" target=\"_blank\" rel=\"noopener\">https:\/\/cps.uepg.br\/inicio\/<\/a>,\u00a0\u00a0para obter mais informa\u00e7\u00f5es.<\/p>\n<p>&nbsp;<\/p>\n<\/div>\n<\/div><\/div><\/div><\/div><div id=\"pg-3546-1\"  class=\"panel-grid panel-no-style\" ><div id=\"pgc-3546-1-0\"  class=\"panel-grid-cell\" ><div id=\"panel-3546-1-0-0\" class=\"so-panel widget widget_sow-accordion panel-first-child panel-last-child\" data-index=\"1\" ><div\n\t\t\t\n\t\t\tclass=\"so-widget-sow-accordion so-widget-sow-accordion-default-cfe741d4f49c-3546\"\n\t\t\t\n\t\t><h3 class=\"widget-title\">Editais:<\/h3><div>\n\t<div class=\"sow-accordion\">\n\t\t\t<div class=\"sow-accordion-panel sow-accordion-panel-open\"\n\t\t\t data-anchor=\"2026\">\n\t\t\t\t<div class=\"sow-accordion-panel-header-container\" role=\"heading\" aria-level=\"2\">\n\t\t\t\t\t<div class=\"sow-accordion-panel-header\" tabindex=\"0\" role=\"button\" id=\"accordion-label-2026\" aria-controls=\"accordion-content-2026\" aria-expanded=\"true\">\n\t\t\t\t\t\t<div class=\"sow-accordion-title sow-accordion-title-icon-left\">\n\t\t\t\t\t\t\t\t\t\t\t\t\t\t2026\t\t\t\t\t\t\t\t\t\t\t\t\t<\/div>\n\t\t\t\t\t\t<div class=\"sow-accordion-open-close-button\">\n\t\t\t\t\t\t\t<div class=\"sow-accordion-open-button\">\n\t\t\t\t\t\t\t\t<span class=\"sow-icon-ionicons\" data-sow-icon=\"&#xf218;\"\n\t\t \n\t\taria-hidden=\"true\"><\/span>\t\t\t\t\t\t\t<\/div>\n\t\t\t\t\t\t\t<div class=\"sow-accordion-close-button\">\n\t\t\t\t\t\t\t\t<span class=\"sow-icon-ionicons\" data-sow-icon=\"&#xf209;\"\n\t\t \n\t\taria-hidden=\"true\"><\/span>\t\t\t\t\t\t\t<\/div>\n\t\t\t\t\t\t<\/div>\n\t\t\t\t\t<\/div>\n\t\t\t\t<\/div>\n\n\t\t\t<div\n\t\t\t\tclass=\"sow-accordion-panel-content\"\n\t\t\t\trole=\"region\"\n\t\t\t\taria-labelledby=\"accordion-label-2026\"\n\t\t\t\tid=\"accordion-content-2026\"\n\t\t\t\t\t\t\t>\n\t\t\t\t<div class=\"sow-accordion-panel-border\" tabindex=\"0\">\n\t\t\t\t\t<p style=\"text-align: center\"><span style=\"color: #0000ff\"><a style=\"color: #0000ff\" href=\"http:\/\/www2.uepg.br\/prograd\/wp-content\/uploads\/sites\/19\/2026\/02\/SEI_UEPG-2990101-Edital-3.pdf\">Manual de Transfer\u00eancias Externas 2026<\/a><\/span><\/p>\n<p style=\"text-align: center\"><strong><span style=\"color: #000000\">\u21d2 Leia atentamente o Manual de Transfer\u00eancias Externas 2026, dispon\u00edvel no link acima.<\/span><\/strong><\/p>\n<p style=\"text-align: center\">________________________________________________________________________________<\/p>\n<p style=\"text-align: center\"><strong><a href=\"http:\/\/www2.uepg.br\/prograd\/wp-content\/uploads\/sites\/19\/2026\/03\/SEI_UEPG-3030012-Edital2-2.pdf\" target=\"_blank\" rel=\"noopener\">Transfer\u00eancias Externas 2026 - Resultado - Retifica\u00e7\u00e3o (Cronograma)<\/a><\/strong><\/p>\n<p style=\"text-align: center\">________________________________________________________________________________<\/p>\n<p>&nbsp;<\/p>\n<p>&nbsp;<\/p>\n<p style=\"text-align: center\">\n<\/p>\t\t\t\t<\/div>\n\t\t\t<\/div>\n\t\t<\/div>\n\t\t\t<div class=\"sow-accordion-panel\"\n\t\t\t data-anchor=\"2025\">\n\t\t\t\t<div class=\"sow-accordion-panel-header-container\" role=\"heading\" aria-level=\"2\">\n\t\t\t\t\t<div class=\"sow-accordion-panel-header\" tabindex=\"0\" role=\"button\" id=\"accordion-label-2025\" aria-controls=\"accordion-content-2025\" aria-expanded=\"false\">\n\t\t\t\t\t\t<div class=\"sow-accordion-title sow-accordion-title-icon-left\">\n\t\t\t\t\t\t\t\t\t\t\t\t\t\t2025\t\t\t\t\t\t\t\t\t\t\t\t\t<\/div>\n\t\t\t\t\t\t<div class=\"sow-accordion-open-close-button\">\n\t\t\t\t\t\t\t<div class=\"sow-accordion-open-button\">\n\t\t\t\t\t\t\t\t<span class=\"sow-icon-ionicons\" data-sow-icon=\"&#xf218;\"\n\t\t \n\t\taria-hidden=\"true\"><\/span>\t\t\t\t\t\t\t<\/div>\n\t\t\t\t\t\t\t<div class=\"sow-accordion-close-button\">\n\t\t\t\t\t\t\t\t<span class=\"sow-icon-ionicons\" data-sow-icon=\"&#xf209;\"\n\t\t \n\t\taria-hidden=\"true\"><\/span>\t\t\t\t\t\t\t<\/div>\n\t\t\t\t\t\t<\/div>\n\t\t\t\t\t<\/div>\n\t\t\t\t<\/div>\n\n\t\t\t<div\n\t\t\t\tclass=\"sow-accordion-panel-content\"\n\t\t\t\trole=\"region\"\n\t\t\t\taria-labelledby=\"accordion-label-2025\"\n\t\t\t\tid=\"accordion-content-2025\"\n\t\t\t\tstyle=\"display: none;\"\t\t\t>\n\t\t\t\t<div class=\"sow-accordion-panel-border\" tabindex=\"0\">\n\t\t\t\t\t<p>Aten\u00e7\u00e3o todos(as) os(as) Candidatos(as) interessados(as). Providencie e digitalize seus documentos pessoais e de escolaridade conforme sua op\u00e7\u00e3o de escolha . (<a href=\"http:\/\/www2.uepg.br\/prograd\/wp-content\/uploads\/sites\/19\/2025\/01\/MANUAL-DE-TRANSFERENCIAS-EXTERNAS-PARA-OS-CURSOS-PRESENCIAIS-2025.pdf\" target=\"_blank\" rel=\"noopener\">vide item 4 do MANUAL<\/a>)<\/p>\n<p style=\"text-align: center\"><a href=\"https:\/\/www2.uepg.br\/prograd\/wp-content\/uploads\/sites\/19\/2025\/01\/MANUAL-DE-TRANSFERENCIAS-EXTERNAS-PARA-OS-CURSOS-PRESENCIAIS-2025.pdf\" target=\"_blank\" rel=\"noopener\"><strong>Manual de Transfer\u00eancias Externas para os Cursos Presenciais 2025<\/strong><\/a><\/p>\n<p style=\"text-align: center\">(LEITURA OBRIGAT\u00d3RIA)<\/p>\n<p style=\"text-align: center\">-------------------------------------------------------------<\/p>\n<p style=\"text-align: center\"><a href=\"http:\/\/www2.uepg.br\/prograd\/wp-content\/uploads\/sites\/19\/2025\/02\/EDITAL-PRORROGACAO-DO-PRAZO-DE-INSCRICAO-DO-PROCESSO-DE-TRANSFERENCIAS.pdf\" target=\"_blank\" rel=\"noopener\"><strong>EDITAL PRORROGA\u00c7\u00c3O DO PRAZO DE INSCRI\u00c7\u00c3O DO PROCESSO DE TRANSFER\u00caNCIAS<\/strong><\/a><\/p>\n<p style=\"text-align: center\">Prazo de inscri\u00e7\u00e3o a partir das 10:00 horas do dia 06\/02\/2025 at\u00e9 \u00e0s 23:59 horas do dia 23\/02\/2025<\/p>\n<p style=\"text-align: center\">INSCRI\u00c7\u00d5ES ENCERRADAS<\/p>\n<p style=\"text-align: center\"><strong><a href=\"http:\/\/www2.uepg.br\/prograd\/wp-content\/uploads\/sites\/19\/2025\/02\/Edital-de-Resultado-Transferencias-Externas-2025.pdf\" target=\"_blank\" rel=\"noopener\">EDITAL DE RESULTADO<\/a><\/strong><\/p>\n<p style=\"text-align: center\">\n<\/p>\t\t\t\t<\/div>\n\t\t\t<\/div>\n\t\t<\/div>\n\t\t\t<div class=\"sow-accordion-panel\"\n\t\t\t data-anchor=\"2024\">\n\t\t\t\t<div class=\"sow-accordion-panel-header-container\" role=\"heading\" aria-level=\"2\">\n\t\t\t\t\t<div class=\"sow-accordion-panel-header\" tabindex=\"0\" role=\"button\" id=\"accordion-label-2024\" aria-controls=\"accordion-content-2024\" aria-expanded=\"false\">\n\t\t\t\t\t\t<div class=\"sow-accordion-title sow-accordion-title-icon-left\">\n\t\t\t\t\t\t\t\t\t\t\t\t\t\t2024\t\t\t\t\t\t\t\t\t\t\t\t\t<\/div>\n\t\t\t\t\t\t<div class=\"sow-accordion-open-close-button\">\n\t\t\t\t\t\t\t<div class=\"sow-accordion-open-button\">\n\t\t\t\t\t\t\t\t<span class=\"sow-icon-ionicons\" data-sow-icon=\"&#xf218;\"\n\t\t \n\t\taria-hidden=\"true\"><\/span>\t\t\t\t\t\t\t<\/div>\n\t\t\t\t\t\t\t<div class=\"sow-accordion-close-button\">\n\t\t\t\t\t\t\t\t<span class=\"sow-icon-ionicons\" data-sow-icon=\"&#xf209;\"\n\t\t \n\t\taria-hidden=\"true\"><\/span>\t\t\t\t\t\t\t<\/div>\n\t\t\t\t\t\t<\/div>\n\t\t\t\t\t<\/div>\n\t\t\t\t<\/div>\n\n\t\t\t<div\n\t\t\t\tclass=\"sow-accordion-panel-content\"\n\t\t\t\trole=\"region\"\n\t\t\t\taria-labelledby=\"accordion-label-2024\"\n\t\t\t\tid=\"accordion-content-2024\"\n\t\t\t\tstyle=\"display: none;\"\t\t\t>\n\t\t\t\t<div class=\"sow-accordion-panel-border\" tabindex=\"0\">\n\t\t\t\t\t<p>Aten\u00e7\u00e3o todos(as) os(as) Candidatos(as) interessados(as). Providencie e digitalize seus documentos pessoais e de escolaridade conforme sua op\u00e7\u00e3o de escolha (vide <a href=\"https:\/\/www2.uepg.br\/prograd\/wp-content\/uploads\/sites\/19\/2024\/03\/Edital-de-Transferencias-Externas-Presencial-2024.pdf\" target=\"_blank\" rel=\"noopener\">item 4 do MANUAL<\/a>).<\/p>\n<p style=\"text-align: center\">\n<\/p><p style=\"text-align: center\"><a href=\"http:\/\/www2.uepg.br\/prograd\/wp-content\/uploads\/sites\/19\/2024\/03\/Edital-de-Transferencias-Externas-Presencial-2024.pdf\" target=\"_blank\" rel=\"noopener\">MANUAL DE TRANSFER\u00caNCIAS EXTERNAS PARA OS CURSOS PRESENCIAIS 2024\u00a0<\/a><\/p>\n<p style=\"text-align: center\">(LEITURA OBRIGAT\u00d3RIA)<\/p>\n<p style=\"text-align: center\">-------------------------------------------------------------<\/p>\n<p style=\"text-align: center\"><a href=\"http:\/\/www2.uepg.br\/prograd\/wp-content\/uploads\/sites\/19\/2024\/03\/EDITAL-DE-RESULTADO-TRANSFERENCIAS-EXTERNAS-2024.pdf\" target=\"_blank\" rel=\"noopener\">EDITAL DE RESULTADO- TRANSFER\u00caNCIAS EXTERNAS PARA OS CURSOS PRESENCIAIS 2024<\/a><\/p>\n<p style=\"text-align: center\">INSCRI\u00c7\u00d5ES ENCERRADAS<\/p>\n<p style=\"text-align: center\">\u00a0A partir das 10:00 horas do dia 14\/03\/2024 \u00e0s 17:00 horas do dia 18\/03\/2024<\/p>\n<p style=\"text-align: center\">-------------------------------------------------------------<\/p>\n<p>&nbsp;<\/p>\n\t\t\t\t<\/div>\n\t\t\t<\/div>\n\t\t<\/div>\n\t\t\t<div class=\"sow-accordion-panel\"\n\t\t\t data-anchor=\"2023\">\n\t\t\t\t<div class=\"sow-accordion-panel-header-container\" role=\"heading\" aria-level=\"2\">\n\t\t\t\t\t<div class=\"sow-accordion-panel-header\" tabindex=\"0\" role=\"button\" id=\"accordion-label-2023\" aria-controls=\"accordion-content-2023\" aria-expanded=\"false\">\n\t\t\t\t\t\t<div class=\"sow-accordion-title sow-accordion-title-icon-left\">\n\t\t\t\t\t\t\t\t\t\t\t\t\t\t2023\t\t\t\t\t\t\t\t\t\t\t\t\t<\/div>\n\t\t\t\t\t\t<div class=\"sow-accordion-open-close-button\">\n\t\t\t\t\t\t\t<div class=\"sow-accordion-open-button\">\n\t\t\t\t\t\t\t\t<span class=\"sow-icon-ionicons\" data-sow-icon=\"&#xf218;\"\n\t\t \n\t\taria-hidden=\"true\"><\/span>\t\t\t\t\t\t\t<\/div>\n\t\t\t\t\t\t\t<div class=\"sow-accordion-close-button\">\n\t\t\t\t\t\t\t\t<span class=\"sow-icon-ionicons\" data-sow-icon=\"&#xf209;\"\n\t\t \n\t\taria-hidden=\"true\"><\/span>\t\t\t\t\t\t\t<\/div>\n\t\t\t\t\t\t<\/div>\n\t\t\t\t\t<\/div>\n\t\t\t\t<\/div>\n\n\t\t\t<div\n\t\t\t\tclass=\"sow-accordion-panel-content\"\n\t\t\t\trole=\"region\"\n\t\t\t\taria-labelledby=\"accordion-label-2023\"\n\t\t\t\tid=\"accordion-content-2023\"\n\t\t\t\tstyle=\"display: none;\"\t\t\t>\n\t\t\t\t<div class=\"sow-accordion-panel-border\" tabindex=\"0\">\n\t\t\t\t\t<p>&nbsp;<\/p>\n<p><strong><a href=\"http:\/\/www2.uepg.br\/prograd\/wp-content\/uploads\/sites\/19\/2023\/05\/RESULTADO-FINAL-DO-PROCESSO-DE-TRANSFERENCIAS-EXTERNAS-PARA-O-ANO-LETIVO-DE-2023.pdf\" target=\"_blank\" rel=\"noopener\">RESULTADO FINAL DO PROCESSO DE TRANSFER\u00caNCIAS EXTERNAS PARA O ANO LETIVO DE 2023<\/a><\/strong><\/p>\n<p><strong><a href=\"http:\/\/www2.uepg.br\/prograd\/wp-content\/uploads\/sites\/19\/2023\/04\/EDITAL-DE-TRANSFERENCIA-EXTERNA-2023.pdf\" target=\"_blank\" rel=\"noopener\">MANUAL DE TRANSFER\u00caNCIA EXTERNA 2023<\/a><\/strong><\/p>\n<p><strong><a href=\"http:\/\/www2.uepg.br\/prograd\/wp-content\/uploads\/sites\/19\/2023\/03\/PRORROGRACAO-DO-MANUAL-DE-TRANSFERENCIA-EXTERNA-2023.pdf\" target=\"_blank\" rel=\"noopener\">PRORROGRA\u00c7\u00c3O DO MANUAL DE TRANSFER\u00caNCIA EXTERNA 2023<\/a><\/strong><\/p>\n\t\t\t\t<\/div>\n\t\t\t<\/div>\n\t\t<\/div>\n\t\t\t<div class=\"sow-accordion-panel\"\n\t\t\t data-anchor=\"2022\">\n\t\t\t\t<div class=\"sow-accordion-panel-header-container\" role=\"heading\" aria-level=\"2\">\n\t\t\t\t\t<div class=\"sow-accordion-panel-header\" tabindex=\"0\" role=\"button\" id=\"accordion-label-2022\" aria-controls=\"accordion-content-2022\" aria-expanded=\"false\">\n\t\t\t\t\t\t<div class=\"sow-accordion-title sow-accordion-title-icon-left\">\n\t\t\t\t\t\t\t\t\t\t\t\t\t\t2022\t\t\t\t\t\t\t\t\t\t\t\t\t<\/div>\n\t\t\t\t\t\t<div class=\"sow-accordion-open-close-button\">\n\t\t\t\t\t\t\t<div class=\"sow-accordion-open-button\">\n\t\t\t\t\t\t\t\t<span class=\"sow-icon-ionicons\" data-sow-icon=\"&#xf218;\"\n\t\t \n\t\taria-hidden=\"true\"><\/span>\t\t\t\t\t\t\t<\/div>\n\t\t\t\t\t\t\t<div class=\"sow-accordion-close-button\">\n\t\t\t\t\t\t\t\t<span class=\"sow-icon-ionicons\" data-sow-icon=\"&#xf209;\"\n\t\t \n\t\taria-hidden=\"true\"><\/span>\t\t\t\t\t\t\t<\/div>\n\t\t\t\t\t\t<\/div>\n\t\t\t\t\t<\/div>\n\t\t\t\t<\/div>\n\n\t\t\t<div\n\t\t\t\tclass=\"sow-accordion-panel-content\"\n\t\t\t\trole=\"region\"\n\t\t\t\taria-labelledby=\"accordion-label-2022\"\n\t\t\t\tid=\"accordion-content-2022\"\n\t\t\t\tstyle=\"display: none;\"\t\t\t>\n\t\t\t\t<div class=\"sow-accordion-panel-border\" tabindex=\"0\">\n\t\t\t\t\t<p style=\"text-align: center\"><a href=\"http:\/\/www2.uepg.br\/prograd\/wp-content\/uploads\/sites\/19\/2022\/05\/SEI_UEPG-0994616-MANUAL-2022-TRANSFERENCIAS-EXTERNAS-PRESENCIAL.pdf\" target=\"_blank\" rel=\"noopener\">MANUAL DE TRANSFER\u00caNCIAS EXTERNAS 2022<\/a><\/p>\n<p style=\"text-align: center\"><strong><a href=\"http:\/\/www2.uepg.br\/prograd\/wp-content\/uploads\/sites\/19\/2022\/06\/SEI_UEPG-1001271-Edital_Resultado_transferencia-externa.pdf\" target=\"_blank\" rel=\"noopener\">RESULTADO FINAL DO PROCESSO DE TRANSFER\u00caNCIAS EXTERNAS PARA O ANO LETIVO DE 2022<\/a><\/strong><\/p>\n<p style=\"text-align: center\">\n<\/p>\t\t\t\t<\/div>\n\t\t\t<\/div>\n\t\t<\/div>\n\t\t\t<div class=\"sow-accordion-panel\"\n\t\t\t data-anchor=\"2021\">\n\t\t\t\t<div class=\"sow-accordion-panel-header-container\" role=\"heading\" aria-level=\"2\">\n\t\t\t\t\t<div class=\"sow-accordion-panel-header\" tabindex=\"0\" role=\"button\" id=\"accordion-label-2021\" aria-controls=\"accordion-content-2021\" aria-expanded=\"false\">\n\t\t\t\t\t\t<div class=\"sow-accordion-title sow-accordion-title-icon-left\">\n\t\t\t\t\t\t\t\t\t\t\t\t\t\t2021\t\t\t\t\t\t\t\t\t\t\t\t\t<\/div>\n\t\t\t\t\t\t<div class=\"sow-accordion-open-close-button\">\n\t\t\t\t\t\t\t<div class=\"sow-accordion-open-button\">\n\t\t\t\t\t\t\t\t<span class=\"sow-icon-ionicons\" data-sow-icon=\"&#xf218;\"\n\t\t \n\t\taria-hidden=\"true\"><\/span>\t\t\t\t\t\t\t<\/div>\n\t\t\t\t\t\t\t<div class=\"sow-accordion-close-button\">\n\t\t\t\t\t\t\t\t<span class=\"sow-icon-ionicons\" data-sow-icon=\"&#xf209;\"\n\t\t \n\t\taria-hidden=\"true\"><\/span>\t\t\t\t\t\t\t<\/div>\n\t\t\t\t\t\t<\/div>\n\t\t\t\t\t<\/div>\n\t\t\t\t<\/div>\n\n\t\t\t<div\n\t\t\t\tclass=\"sow-accordion-panel-content\"\n\t\t\t\trole=\"region\"\n\t\t\t\taria-labelledby=\"accordion-label-2021\"\n\t\t\t\tid=\"accordion-content-2021\"\n\t\t\t\tstyle=\"display: none;\"\t\t\t>\n\t\t\t\t<div class=\"sow-accordion-panel-border\" tabindex=\"0\">\n\t\t\t\t\t<p><a href=\"http:\/\/www2.uepg.br\/prograd\/wp-content\/uploads\/sites\/19\/2021\/07\/Edital-No-2021.32-Transferencias-Externas-2021.pdf\">09\/07\/2021- EDITAL N\u00ba 2021.312- RESULTADO DAS TRANSFER\u00caNCIAS EXTERNAS 2021<\/a><\/p>\n<p><a href=\"http:\/\/www2.uepg.br\/prograd\/wp-content\/uploads\/sites\/19\/2021\/05\/Transferencias-Externas-Presencial..pdf\">26\/05\/2021- MANUAL DE TRANSFER\u00caNCIAS EXTERNAS PRESENCIAL 2021<\/a><\/p>\n<p>&nbsp;<\/p>\n\t\t\t\t<\/div>\n\t\t\t<\/div>\n\t\t<\/div>\n\t\t\t<div class=\"sow-accordion-panel\"\n\t\t\t data-anchor=\"2020\">\n\t\t\t\t<div class=\"sow-accordion-panel-header-container\" role=\"heading\" aria-level=\"2\">\n\t\t\t\t\t<div class=\"sow-accordion-panel-header\" tabindex=\"0\" role=\"button\" id=\"accordion-label-2020\" aria-controls=\"accordion-content-2020\" aria-expanded=\"false\">\n\t\t\t\t\t\t<div class=\"sow-accordion-title sow-accordion-title-icon-left\">\n\t\t\t\t\t\t\t\t\t\t\t\t\t\t2020\t\t\t\t\t\t\t\t\t\t\t\t\t<\/div>\n\t\t\t\t\t\t<div class=\"sow-accordion-open-close-button\">\n\t\t\t\t\t\t\t<div class=\"sow-accordion-open-button\">\n\t\t\t\t\t\t\t\t<span class=\"sow-icon-ionicons\" data-sow-icon=\"&#xf218;\"\n\t\t \n\t\taria-hidden=\"true\"><\/span>\t\t\t\t\t\t\t<\/div>\n\t\t\t\t\t\t\t<div class=\"sow-accordion-close-button\">\n\t\t\t\t\t\t\t\t<span class=\"sow-icon-ionicons\" data-sow-icon=\"&#xf209;\"\n\t\t \n\t\taria-hidden=\"true\"><\/span>\t\t\t\t\t\t\t<\/div>\n\t\t\t\t\t\t<\/div>\n\t\t\t\t\t<\/div>\n\t\t\t\t<\/div>\n\n\t\t\t<div\n\t\t\t\tclass=\"sow-accordion-panel-content\"\n\t\t\t\trole=\"region\"\n\t\t\t\taria-labelledby=\"accordion-label-2020\"\n\t\t\t\tid=\"accordion-content-2020\"\n\t\t\t\tstyle=\"display: none;\"\t\t\t>\n\t\t\t\t<div class=\"sow-accordion-panel-border\" tabindex=\"0\">\n\t\t\t\t\t<p><a href=\"http:\/\/www2.uepg.br\/prograd\/wp-content\/uploads\/sites\/19\/2020\/03\/TRANSF_EXTERNAS_PRESENCIAL-202O-RESULTADO-FINAL-EDITAL-016-2020.pdf\">05\/03\/2020 - Edital 016\/2020 - RESULTADO FINAL\u00a0<\/a><\/p>\n<p><a href=\"http:\/\/www2.uepg.br\/prograd\/wp-content\/uploads\/sites\/19\/2020\/02\/edital-de-vagas-transfer%C3%AAncias-2020-1.pdf\">20\/02\/2020 -\u00a0Edital n\u00ba 012\/2020- Transfer\u00eancias<\/a><\/p>\n<p>&nbsp;<\/p>\n<p>&nbsp;<\/p>\n\t\t\t\t<\/div>\n\t\t\t<\/div>\n\t\t<\/div>\n\t\t\t<div class=\"sow-accordion-panel\"\n\t\t\t data-anchor=\"anteriores\">\n\t\t\t\t<div class=\"sow-accordion-panel-header-container\" role=\"heading\" aria-level=\"2\">\n\t\t\t\t\t<div class=\"sow-accordion-panel-header\" tabindex=\"0\" role=\"button\" id=\"accordion-label-anteriores\" aria-controls=\"accordion-content-anteriores\" aria-expanded=\"false\">\n\t\t\t\t\t\t<div class=\"sow-accordion-title sow-accordion-title-icon-left\">\n\t\t\t\t\t\t\t\t\t\t\t\t\t\tAnteriores\t\t\t\t\t\t\t\t\t\t\t\t\t<\/div>\n\t\t\t\t\t\t<div class=\"sow-accordion-open-close-button\">\n\t\t\t\t\t\t\t<div class=\"sow-accordion-open-button\">\n\t\t\t\t\t\t\t\t<span class=\"sow-icon-ionicons\" data-sow-icon=\"&#xf218;\"\n\t\t \n\t\taria-hidden=\"true\"><\/span>\t\t\t\t\t\t\t<\/div>\n\t\t\t\t\t\t\t<div class=\"sow-accordion-close-button\">\n\t\t\t\t\t\t\t\t<span class=\"sow-icon-ionicons\" data-sow-icon=\"&#xf209;\"\n\t\t \n\t\taria-hidden=\"true\"><\/span>\t\t\t\t\t\t\t<\/div>\n\t\t\t\t\t\t<\/div>\n\t\t\t\t\t<\/div>\n\t\t\t\t<\/div>\n\n\t\t\t<div\n\t\t\t\tclass=\"sow-accordion-panel-content\"\n\t\t\t\trole=\"region\"\n\t\t\t\taria-labelledby=\"accordion-label-anteriores\"\n\t\t\t\tid=\"accordion-content-anteriores\"\n\t\t\t\tstyle=\"display: none;\"\t\t\t>\n\t\t\t\t<div class=\"sow-accordion-panel-border\" tabindex=\"0\">\n\t\t\t\t\t<p>15\/02\/2019-\u00a0<a href=\"http:\/\/www2.uepg.br\/prograd\/wp-content\/uploads\/sites\/19\/2019\/06\/edital-transfer%C3%AAncias-resultado-2019-1.pdf\" target=\"_blank\" rel=\"noopener noreferrer\">Edital N\u00b0 007\/2019 - Resultado transfer\u00eancias<\/a><\/p>\n<p>25\/01\/2019-\u00a0<a href=\"http:\/\/www2.uepg.br\/prograd\/wp-content\/uploads\/sites\/19\/2019\/06\/edital-de-vagas-transfer%C3%AAncias-n.%C2%BA-001-2019-VAGAS-1.pdf\" target=\"_blank\" rel=\"noopener noreferrer\">Edital n\u00b0 001\/2019 - Transfer\u00eancias<\/a><\/p>\n<p>14\/11\/2018-\u00a0<a href=\"http:\/\/www2.uepg.br\/prograd\/wp-content\/uploads\/sites\/19\/2019\/06\/Transfer%C3%AAncias-2019-Boletim.pdf\" target=\"_blank\" rel=\"noopener noreferrer\">Boletim Informativo para Transfer\u00eancias 2019<\/a><\/p>\n<p>16\/02\/2018-\u00a0<a href=\"http:\/\/www2.uepg.br\/prograd\/wp-content\/uploads\/sites\/19\/2019\/06\/edital-transfer%C3%AAncias-resultado-2018-1.pdf\" target=\"_blank\" rel=\"noopener noreferrer\">Edital N\u00b0 006\/2018 - Resultado transfer\u00eancias<\/a><\/p>\n<p>22\/01\/2018-\u00a0<a href=\"http:\/\/www2.uepg.br\/prograd\/wp-content\/uploads\/sites\/19\/2019\/06\/edital-de-vagas-transfer%C3%AAncias-n.%C2%BA-001-2018-VAGAS.pdf\" target=\"_blank\" rel=\"noopener noreferrer\">Edital N\u00ba 001\/2018 \u2013 Vagas para transfer\u00eancia<\/a><\/p>\n<p>16\/11\/2017-\u00a0<a href=\"http:\/\/www2.uepg.br\/prograd\/wp-content\/uploads\/sites\/19\/2019\/06\/Transfer%C3%AAncias-2018-Boletim.pdf\" target=\"_blank\" rel=\"noopener noreferrer\">Boletim Informativo para Transfer\u00eancias 2018<\/a><\/p>\n<p>03\/03\/2017-\u00a0<a href=\"http:\/\/www2.uepg.br\/prograd\/wp-content\/uploads\/sites\/19\/2019\/06\/edital-transfer%C3%AAncias-resultado-2017.pdf\" target=\"_blank\" rel=\"noopener noreferrer\">EDITAL N.\u00ba 006\/2017 \u2013 RESULTADO TRANSFER\u00caNCIAS<\/a><\/p>\n<p>16\/11\/2017-\u00a0<a href=\"http:\/\/www2.uepg.br\/prograd\/wp-content\/uploads\/sites\/19\/2019\/06\/Transfer%C3%AAncias-2018-Boletim.pdf\" target=\"_blank\" rel=\"noopener noreferrer\">Boletim Informativo para Transfer\u00eancias 2018<\/a><\/p>\n<p>03\/03\/2017-\u00a0<a href=\"http:\/\/www2.uepg.br\/prograd\/wp-content\/uploads\/sites\/19\/2019\/06\/edital-transfer%C3%AAncias-resultado-2017.pdf\" target=\"_blank\" rel=\"noopener noreferrer\">EDITAL N.\u00ba 006\/2017 \u2013 RESULTADO TRANSFER\u00caNCIAS<\/a><\/p>\n<p>13\/02\/2017-\u00a0<a href=\"http:\/\/www2.uepg.br\/prograd\/wp-content\/uploads\/sites\/19\/2019\/06\/edital-de-vagas-transfer%C3%AAncias-n.%C2%BA-001-2017-VAGAS-2.pdf\" target=\"_blank\" rel=\"noopener noreferrer\">Edital de vagas transfer\u00eancias n.\u00ba 001-2017<\/a><\/p>\n<p>05\/02\/2016-\u00a0<a href=\"http:\/\/www2.uepg.br\/prograd\/wp-content\/uploads\/sites\/19\/2019\/06\/edital-de-vagas-transfer%C3%AAncias-n.%C2%BA-001-2016-VAGAS.pdf\" target=\"_blank\" rel=\"noopener noreferrer\">Edital de vagas transfer\u00eancias n.\u00ba 001-2016 - VAGAS<\/a><\/p>\n<p>19\/01\/2015-\u00a0<a href=\"http:\/\/www2.uepg.br\/prograd\/wp-content\/uploads\/sites\/19\/2019\/06\/edital-de-vagas-transfer%C3%AAncias-n.%C2%BA-001-2015-VAGAS.pdf\" target=\"_blank\" rel=\"noopener noreferrer\">Edital de vagas transfer\u00eancias externas presenciais n.\u00ba 001-2015 \u2013 VAGAS<\/a><\/p>\n<p>10\/11\/2014-\u00a0<a href=\"http:\/\/www2.uepg.br\/prograd\/wp-content\/uploads\/sites\/19\/2019\/06\/044.pdf\" target=\"_blank\" rel=\"noopener noreferrer\">Resolu\u00e7\u00e3o que regulamenta as Transfer\u00eancias Externas do presencial<\/a><\/p>\n<p>20\/10\/2014-\u00a0<a href=\"http:\/\/www2.uepg.br\/prograd\/wp-content\/uploads\/sites\/19\/2019\/06\/Transfer%C3%AAncias-2015-Boletim.pdf\" target=\"_blank\" rel=\"noopener noreferrer\">Boletim Informativo para Transfer\u00eancias 2015<\/a><\/p>\n<p>&nbsp;<\/p>\n\t\t\t\t<\/div>\n\t\t\t<\/div>\n\t\t<\/div>\n\t\t<\/div>\n<\/div>\n<\/div><\/div><\/div><\/div><\/div>","protected":false},"excerpt":{"rendered":"<p>1. Para ingresso em nossa Institui\u00e7\u00e3o, a Universidade Estadual de Ponta Grossa (UEPG) possibilita tamb\u00e9m a Transfer\u00eancia Externa de acad\u00eamicos(as) de outras institui\u00e7\u00f5es de Ensino Superior, para preenchimento de vagas existentes no mesmo curso de gradua\u00e7\u00e3o do(a) candidato(a). Essas vagas s\u00e3o estabelecidas em Manual espec\u00edfico, o qual cont\u00e9m crit\u00e9rios e normas pertinentes. 2. Nas datas&nbsp;&hellip;<\/p>\n","protected":false},"author":24,"featured_media":0,"parent":0,"menu_order":0,"comment_status":"closed","ping_status":"closed","template":"","meta":[],"_links":{"self":[{"href":"https:\/\/www2.uepg.br\/prograd\/wp-json\/wp\/v2\/pages\/3546"}],"collection":[{"href":"https:\/\/www2.uepg.br\/prograd\/wp-json\/wp\/v2\/pages"}],"about":[{"href":"https:\/\/www2.uepg.br\/prograd\/wp-json\/wp\/v2\/types\/page"}],"author":[{"embeddable":true,"href":"https:\/\/www2.uepg.br\/prograd\/wp-json\/wp\/v2\/users\/24"}],"replies":[{"embeddable":true,"href":"https:\/\/www2.uepg.br\/prograd\/wp-json\/wp\/v2\/comments?post=3546"}],"version-history":[{"count":75,"href":"https:\/\/www2.uepg.br\/prograd\/wp-json\/wp\/v2\/pages\/3546\/revisions"}],"predecessor-version":[{"id":10555,"href":"https:\/\/www2.uepg.br\/prograd\/wp-json\/wp\/v2\/pages\/3546\/revisions\/10555"}],"wp:attachment":[{"href":"https:\/\/www2.uepg.br\/prograd\/wp-json\/wp\/v2\/media?parent=3546"}],"curies":[{"name":"wp","href":"https:\/\/api.w.org\/{rel}","templated":true}]}}