{"id":3551,"date":"2021-10-05T10:58:37","date_gmt":"2021-10-05T13:58:37","guid":{"rendered":"https:\/\/www2.uepg.br\/prograd\/?page_id=3551"},"modified":"2025-06-24T07:54:42","modified_gmt":"2025-06-24T10:54:42","slug":"transferencias-externas-ead","status":"publish","type":"page","link":"https:\/\/www2.uepg.br\/prograd\/transferencias-externas-ead\/","title":{"rendered":"Transfer\u00eancias Externas EAD"},"content":{"rendered":"<div id=\"pl-3551\"  class=\"panel-layout\" ><div id=\"pg-3551-0\"  class=\"panel-grid panel-no-style\" ><div id=\"pgc-3551-0-0\"  class=\"panel-grid-cell\" ><div id=\"panel-3551-0-0-0\" class=\"so-panel widget widget_sow-editor panel-first-child panel-last-child\" data-index=\"0\" ><div\n\t\t\t\n\t\t\tclass=\"so-widget-sow-editor so-widget-sow-editor-base\"\n\t\t\t\n\t\t>\n<div class=\"siteorigin-widget-tinymce textwidget\">\n\t<p class=\"Texto_Justificado_Recuo_Primeira_Linha\">1. Para ingresso em nossa Institui\u00e7\u00e3o, a Universidade Estadual de Ponta Grossa (UEPG) possibilita tamb\u00e9m a Transfer\u00eancia Externa de acad\u00eamicos(as) de outras institui\u00e7\u00f5es de Ensino Superior, para preenchimento de vagas existentes no mesmo curso de gradua\u00e7\u00e3o do(a) candidato(a). Essas vagas s\u00e3o estabelecidas em Manual espec\u00edfico, o qual cont\u00e9m crit\u00e9rios e normas pertinentes.<\/p>\n<p class=\"Texto_Justificado_Recuo_Primeira_Linha\">2. Nas datas estabelecidas em ORDEM DE SERVI\u00c7O referente a RESOLU\u00c7\u00c3O UNIV do Calend\u00e1rio Universit\u00e1rio, relativo ao ano letivo corrente,\u00a0a PROGRAD publica o Manual de Transfer\u00eancias Externas,\u00a0contendo o n\u00famero de vagas destinadas a cada curso, com a indica\u00e7\u00e3o da s\u00e9rie, turno e Campi. Este\u00a0Manual tamb\u00e9m orienta sobre a documenta\u00e7\u00e3o necess\u00e1ria e os procedimentos a serem adotados pelos candidatos no ingresso por Transfer\u00eancia.<\/p>\n<p class=\"Texto_Justificado_Recuo_Primeira_Linha\">3.\u00a0 UEPG considera v\u00e1lidos, para todos os efeitos, somente os Editais\/Manuais publicados no site oficial da Institui\u00e7\u00e3o. Portanto, as informa\u00e7\u00f5es e orienta\u00e7\u00f5es relativas \u00e0 Transfer\u00eancia Externa se d\u00e3o \u00fanica e exclusivamente atrav\u00e9s dos Editais e\/ou Manuais publicados no site oficial da Pr\u00f3 Reitoria de Gradua\u00e7\u00e3o. Voc\u00ea poder\u00e1 acompanhar o edital com informa\u00e7\u00f5es sobre Transfer\u00eancia de anos anteriores logo abaixo nesta mesma p\u00e1gina.<\/p>\n<p class=\"Texto_Justificado_Recuo_Primeira_Linha\">4.\u00a0\u00c9 v\u00e1lido ressaltar que as vagas destinadas a Transfer\u00eancias Externas dependem de diferentes fatores, os quais fogem do controle do interessado, como por exemplo o n\u00famero Total de Matriculados no Curso, entre outros (TMC= n\u00ba de ingressantes no Curso-PSS\/Vestibular X quantidade de s\u00e9ries do curso).<\/p>\n<p class=\"Texto_Justificado_Recuo_Primeira_Linha\">5. Sendo assim, sugerimos que caso haja interesse em ingressar em nossa Institui\u00e7\u00e3o, voc\u00ea tamb\u00e9m realize sua inscri\u00e7\u00e3o em nosso Vestibular, aumentando assim as suas chances de tornar-se acad\u00eamico(a) da UEPG. Acesse o\u00a0<i>link<\/i>\u00a0<a href=\"https:\/\/cps.uepg.br\/inicio\/\" target=\"_blank\" rel=\"noopener\">https:\/\/cps.uepg.br\/inicio\/<\/a>,\u00a0\u00a0para obter mais informa\u00e7\u00f5es.<\/p>\n<p>&nbsp;<\/p>\n<\/div>\n<\/div><\/div><\/div><\/div><div id=\"pg-3551-1\"  class=\"panel-grid panel-no-style\" ><div id=\"pgc-3551-1-0\"  class=\"panel-grid-cell\" ><div id=\"panel-3551-1-0-0\" class=\"so-panel widget widget_sow-accordion panel-first-child panel-last-child\" data-index=\"1\" ><div\n\t\t\t\n\t\t\tclass=\"so-widget-sow-accordion so-widget-sow-accordion-default-cfe741d4f49c-3551\"\n\t\t\t\n\t\t><h3 class=\"widget-title\">Editais:<\/h3><div>\n\t<div class=\"sow-accordion\">\n\t\t\t<div class=\"sow-accordion-panel sow-accordion-panel-open\"\n\t\t\t data-anchor=\"20252\">\n\t\t\t\t<div class=\"sow-accordion-panel-header-container\" role=\"heading\" aria-level=\"2\">\n\t\t\t\t\t<div class=\"sow-accordion-panel-header\" tabindex=\"0\" role=\"button\" id=\"accordion-label-20252\" aria-controls=\"accordion-content-20252\" aria-expanded=\"true\">\n\t\t\t\t\t\t<div class=\"sow-accordion-title sow-accordion-title-icon-left\">\n\t\t\t\t\t\t\t\t\t\t\t\t\t\t2025\/2\t\t\t\t\t\t\t\t\t\t\t\t\t<\/div>\n\t\t\t\t\t\t<div class=\"sow-accordion-open-close-button\">\n\t\t\t\t\t\t\t<div class=\"sow-accordion-open-button\">\n\t\t\t\t\t\t\t\t<span class=\"sow-icon-ionicons\" data-sow-icon=\"&#xf218;\"\n\t\t \n\t\taria-hidden=\"true\"><\/span>\t\t\t\t\t\t\t<\/div>\n\t\t\t\t\t\t\t<div class=\"sow-accordion-close-button\">\n\t\t\t\t\t\t\t\t<span class=\"sow-icon-ionicons\" data-sow-icon=\"&#xf209;\"\n\t\t \n\t\taria-hidden=\"true\"><\/span>\t\t\t\t\t\t\t<\/div>\n\t\t\t\t\t\t<\/div>\n\t\t\t\t\t<\/div>\n\t\t\t\t<\/div>\n\n\t\t\t<div\n\t\t\t\tclass=\"sow-accordion-panel-content\"\n\t\t\t\trole=\"region\"\n\t\t\t\taria-labelledby=\"accordion-label-20252\"\n\t\t\t\tid=\"accordion-content-20252\"\n\t\t\t\t\t\t\t>\n\t\t\t\t<div class=\"sow-accordion-panel-border\" tabindex=\"0\">\n\t\t\t\t\t<p style=\"text-align: center\"><span style=\"color: #0000ff\"><b>Cursos:<\/b><\/span><\/p>\n<p style=\"text-align: center\"><span style=\"font-weight: 400\">Licenciatura em Computa\u00e7\u00e3o, Licenciatura em Educa\u00e7\u00e3o F\u00edsica, Licenciatura em Geografia, Licenciatura em Letras Portugu\u00eas\/Espanhol e Licenciatura em Matem\u00e1tica e Licenciatura em Pedagogia.<\/span><\/p>\n<p><span style=\"font-weight: 400\">\u00a0<\/span><\/p>\n<p style=\"text-align: center\"><span style=\"color: #0000ff\">RESULTADO<em> (Aguardem)<\/em><\/span><\/p>\n<p><span style=\"font-weight: 400\">\u00a0<\/span><\/p>\n<p>&nbsp;<\/p>\n<p>&nbsp;<\/p>\n<p style=\"text-align: center\"><span style=\"font-weight: 400\">EDITAIS ANTERIORES<\/span><\/p>\n<p style=\"text-align: center\"><a href=\"https:\/\/www2.uepg.br\/prograd\/wp-content\/uploads\/sites\/19\/2025\/05\/SEI_UEPG-2552833-Edital_TRANSfexterna_ead_2025.pdf_DEFINITIVO.pdf\" target=\"_blank\" rel=\"noopener\">MANUAL DE TRANSFER\u00caNCIA EXTERNA EaD 2025<\/a><\/p>\n<p>&nbsp;<\/p>\n<p>&nbsp;<\/p>\n<p style=\"text-align: center\">DIVIS\u00c3O DE MATR\u00cdCULA EaD<\/p>\n<p style=\"text-align: center\"><span style=\"font-weight: 400\">DIRETORIA ACAD\u00caMICA<\/span><\/p>\n<p style=\"text-align: center\"><span style=\"font-weight: 400\">PROGRAD - UEPG<\/span><\/p>\n\t\t\t\t<\/div>\n\t\t\t<\/div>\n\t\t<\/div>\n\t\t\t<div class=\"sow-accordion-panel\"\n\t\t\t data-anchor=\"20242\">\n\t\t\t\t<div class=\"sow-accordion-panel-header-container\" role=\"heading\" aria-level=\"2\">\n\t\t\t\t\t<div class=\"sow-accordion-panel-header\" tabindex=\"0\" role=\"button\" id=\"accordion-label-20242\" aria-controls=\"accordion-content-20242\" aria-expanded=\"false\">\n\t\t\t\t\t\t<div class=\"sow-accordion-title sow-accordion-title-icon-left\">\n\t\t\t\t\t\t\t\t\t\t\t\t\t\t2024\/2\t\t\t\t\t\t\t\t\t\t\t\t\t<\/div>\n\t\t\t\t\t\t<div class=\"sow-accordion-open-close-button\">\n\t\t\t\t\t\t\t<div class=\"sow-accordion-open-button\">\n\t\t\t\t\t\t\t\t<span class=\"sow-icon-ionicons\" data-sow-icon=\"&#xf218;\"\n\t\t \n\t\taria-hidden=\"true\"><\/span>\t\t\t\t\t\t\t<\/div>\n\t\t\t\t\t\t\t<div class=\"sow-accordion-close-button\">\n\t\t\t\t\t\t\t\t<span class=\"sow-icon-ionicons\" data-sow-icon=\"&#xf209;\"\n\t\t \n\t\taria-hidden=\"true\"><\/span>\t\t\t\t\t\t\t<\/div>\n\t\t\t\t\t\t<\/div>\n\t\t\t\t\t<\/div>\n\t\t\t\t<\/div>\n\n\t\t\t<div\n\t\t\t\tclass=\"sow-accordion-panel-content\"\n\t\t\t\trole=\"region\"\n\t\t\t\taria-labelledby=\"accordion-label-20242\"\n\t\t\t\tid=\"accordion-content-20242\"\n\t\t\t\tstyle=\"display: none;\"\t\t\t>\n\t\t\t\t<div class=\"sow-accordion-panel-border\" tabindex=\"0\">\n\t\t\t\t\t<h2 style=\"text-align: center\"><strong><span style=\"color: #3366ff\">TRANSFER\u00caNCIA EXTERNA EaD 2024<\/span><\/strong><\/h2>\n<p>&nbsp;<\/p>\n<h2 style=\"text-align: center\"><\/h2>\n<h2 style=\"text-align: center\"><strong><span style=\"color: #3366ff\">Cursos:<\/span><\/strong><\/h2>\n<h3 style=\"text-align: center\"><span style=\"color: #3366ff\"> Licenciatura em Computa\u00e7\u00e3o, Licenciatura em Geografia, Licenciatura em Letras Portugu\u00eas\/Espanhol e Licenciatura em Matem\u00e1tica.<\/span><\/h3>\n<p>&nbsp;<\/p>\n<p>&nbsp;<\/p>\n<p>&nbsp;<\/p>\n<p>&nbsp;<\/p>\n<h3 style=\"text-align: center\"><\/h3>\n<h2 style=\"text-align: center\"><\/h2>\n<p>&nbsp;<\/p>\n<h3 style=\"text-align: center\"><a href=\"https:\/\/www2.uepg.br\/prograd\/wp-content\/uploads\/sites\/19\/2024\/07\/SEI_UEPG-2103862-Editalresultado_transfexterna2024.pdf\" target=\"_blank\" rel=\"noopener\"><strong><span style=\"color: #3366ff\"><em>RESULTADO TRANSFER\u00caNCIA EXTERNA EaD 2024\u00a0<\/em><\/span><\/strong><\/a><\/h3>\n<h3 style=\"text-align: center\"><span style=\"color: #3366ff\">Leia com aten\u00e7\u00e3o<\/span><\/h3>\n<p>&nbsp;<\/p>\n<p>&nbsp;<\/p>\n<p>&nbsp;<\/p>\n<p>&nbsp;<\/p>\n<p>&nbsp;<\/p>\n<p>&nbsp;<\/p>\n<p>&nbsp;<\/p>\n<p style=\"text-align: center\"><span style=\"color: #3366ff\">EDITAIS ANTERIORES<\/span><\/p>\n<p style=\"text-align: center\"><a href=\"https:\/\/www2.uepg.br\/prograd\/wp-content\/uploads\/sites\/19\/2024\/06\/SEI_UEPG-1958453-Edital_transfexterna_2024_1.pdf\">MANUAL DE TRANSFER\u00caNCIA EXTERNA EaD\u00a0 2024<\/a><\/p>\n<p>&nbsp;<\/p>\n<p>&nbsp;<\/p>\n<p>&nbsp;<\/p>\n<p>&nbsp;<\/p>\n<h3 style=\"text-align: center\"><span style=\"color: #3366ff\">DIVIS\u00c3O DE MATR\u00cdCULA EaD<\/span><\/h3>\n<p style=\"text-align: center\"><span style=\"color: #3366ff\"><strong>DIRETORIA ACAD\u00caMICA<\/strong><\/span><\/p>\n<p style=\"text-align: center\"><span style=\"color: #3366ff\"><strong>PR\u00d3-REITORIA DE GRADUA\u00c7\u00c3O<\/strong><\/span><\/p>\n\t\t\t\t<\/div>\n\t\t\t<\/div>\n\t\t<\/div>\n\t\t\t<div class=\"sow-accordion-panel\"\n\t\t\t data-anchor=\"2023\">\n\t\t\t\t<div class=\"sow-accordion-panel-header-container\" role=\"heading\" aria-level=\"2\">\n\t\t\t\t\t<div class=\"sow-accordion-panel-header\" tabindex=\"0\" role=\"button\" id=\"accordion-label-2023\" aria-controls=\"accordion-content-2023\" aria-expanded=\"false\">\n\t\t\t\t\t\t<div class=\"sow-accordion-title sow-accordion-title-icon-left\">\n\t\t\t\t\t\t\t\t\t\t\t\t\t\t2023\t\t\t\t\t\t\t\t\t\t\t\t\t<\/div>\n\t\t\t\t\t\t<div class=\"sow-accordion-open-close-button\">\n\t\t\t\t\t\t\t<div class=\"sow-accordion-open-button\">\n\t\t\t\t\t\t\t\t<span class=\"sow-icon-ionicons\" data-sow-icon=\"&#xf218;\"\n\t\t \n\t\taria-hidden=\"true\"><\/span>\t\t\t\t\t\t\t<\/div>\n\t\t\t\t\t\t\t<div class=\"sow-accordion-close-button\">\n\t\t\t\t\t\t\t\t<span class=\"sow-icon-ionicons\" data-sow-icon=\"&#xf209;\"\n\t\t \n\t\taria-hidden=\"true\"><\/span>\t\t\t\t\t\t\t<\/div>\n\t\t\t\t\t\t<\/div>\n\t\t\t\t\t<\/div>\n\t\t\t\t<\/div>\n\n\t\t\t<div\n\t\t\t\tclass=\"sow-accordion-panel-content\"\n\t\t\t\trole=\"region\"\n\t\t\t\taria-labelledby=\"accordion-label-2023\"\n\t\t\t\tid=\"accordion-content-2023\"\n\t\t\t\tstyle=\"display: none;\"\t\t\t>\n\t\t\t\t<div class=\"sow-accordion-panel-border\" tabindex=\"0\">\n\t\t\t\t\t<h3><\/h3>\n<h1 style=\"text-align: center\"><span style=\"color: #0000ff\"><span style=\"font-weight: 400\">TRANSFER\u00caNCIA EXTERNA EaD<\/span> <span style=\"font-weight: 400\">2023<\/span><\/span><\/h1>\n<h2 style=\"text-align: center\"><span style=\"font-weight: 400;color: #0000ff\">\u00a0<\/span><\/h2>\n<h3 style=\"text-align: center\"><span style=\"font-weight: 400;color: #0000ff\">Curso: Bacharelado em Administra\u00e7\u00e3o P\u00fablica\u00a0<\/span><\/h3>\n<h3 style=\"text-align: center\"><span style=\"font-weight: 400;color: #0000ff\">Polos: (Bandeirantes, Faxinal, Ibaiti, Paranagu\u00e1 e Pontal do Paran\u00e1)<\/span><\/h3>\n<h3 style=\"text-align: center\"><span style=\"font-weight: 400;color: #0000ff\">\u00a0<\/span><\/h3>\n<h2><\/h2>\n<h2 style=\"text-align: center\"><span style=\"color: #3366ff\"><em> <a style=\"color: #3366ff\" href=\"http:\/\/www2.uepg.br\/prograd\/wp-content\/uploads\/sites\/19\/2023\/07\/SEI_UEPG-1526009-Edital_resultado_transferencia2023-2.pdf\">Edital_Resultado_transferencia 2023 (Clique Aqui)<\/a><\/em><\/span><\/h2>\n<p><span style=\"font-weight: 400\">\u00a0<\/span><\/p>\n<p><span style=\"font-weight: 400\">\u00a0<\/span><\/p>\n<p><span style=\"font-weight: 400\">\u00a0<\/span><\/p>\n<p><span style=\"font-weight: 400\">\u00a0<\/span><\/p>\n<p><span style=\"font-weight: 400\">\u00a0<\/span><\/p>\n<h3 style=\"text-align: center\"><span style=\"color: #0000ff\">Editais Anteriores:<\/span><\/h3>\n<p>&nbsp;<\/p>\n<p style=\"text-align: center\"><span style=\"color: #0000ff\"><a style=\"color: #0000ff\" href=\"https:\/\/www2.uepg.br\/prograd\/wp-content\/uploads\/sites\/19\/2023\/06\/SEI_UEPG-1476905-Edital_transf_assinado.pdf\" target=\"_blank\" rel=\"noopener\">EDITAL PROGRAD-DIAC - N\u00ba 2023.438<\/a><\/span><\/p>\n\t\t\t\t<\/div>\n\t\t\t<\/div>\n\t\t<\/div>\n\t\t\t<div class=\"sow-accordion-panel\"\n\t\t\t data-anchor=\"2022\">\n\t\t\t\t<div class=\"sow-accordion-panel-header-container\" role=\"heading\" aria-level=\"2\">\n\t\t\t\t\t<div class=\"sow-accordion-panel-header\" tabindex=\"0\" role=\"button\" id=\"accordion-label-2022\" aria-controls=\"accordion-content-2022\" aria-expanded=\"false\">\n\t\t\t\t\t\t<div class=\"sow-accordion-title sow-accordion-title-icon-left\">\n\t\t\t\t\t\t\t\t\t\t\t\t\t\t2022\t\t\t\t\t\t\t\t\t\t\t\t\t<\/div>\n\t\t\t\t\t\t<div class=\"sow-accordion-open-close-button\">\n\t\t\t\t\t\t\t<div class=\"sow-accordion-open-button\">\n\t\t\t\t\t\t\t\t<span class=\"sow-icon-ionicons\" data-sow-icon=\"&#xf218;\"\n\t\t \n\t\taria-hidden=\"true\"><\/span>\t\t\t\t\t\t\t<\/div>\n\t\t\t\t\t\t\t<div class=\"sow-accordion-close-button\">\n\t\t\t\t\t\t\t\t<span class=\"sow-icon-ionicons\" data-sow-icon=\"&#xf209;\"\n\t\t \n\t\taria-hidden=\"true\"><\/span>\t\t\t\t\t\t\t<\/div>\n\t\t\t\t\t\t<\/div>\n\t\t\t\t\t<\/div>\n\t\t\t\t<\/div>\n\n\t\t\t<div\n\t\t\t\tclass=\"sow-accordion-panel-content\"\n\t\t\t\trole=\"region\"\n\t\t\t\taria-labelledby=\"accordion-label-2022\"\n\t\t\t\tid=\"accordion-content-2022\"\n\t\t\t\tstyle=\"display: none;\"\t\t\t>\n\t\t\t\t<div class=\"sow-accordion-panel-border\" tabindex=\"0\">\n\t\t\t\t\t<p><a href=\"https:\/\/www2.uepg.br\/\/prograd\/wp-content\/uploads\/sites\/19\/2020\/12\/SEI_UEPG-0373534-Edital_transferencia.pdf\">18\/01\/2022<\/a>-\u00a0<a href=\"https:\/\/www2.uepg.br\/prograd\/wp-content\/uploads\/sites\/19\/2022\/02\/SEI_UEPG-0888128-Edital_transferencia_resultadofinal-1.pdf\" target=\"_blank\" rel=\"noopener\">Edital N\u00b0 \u00ba 2022.55 - ResultadoVagas Transfer\u00eancias EAD 2022<\/a><\/p>\n<p><a href=\"https:\/\/www2.uepg.br\/\/prograd\/wp-content\/uploads\/sites\/19\/2020\/12\/SEI_UEPG-0373534-Edital_transferencia.pdf\">14\/01\/2022<\/a>-\u00a0<a href=\"https:\/\/www2.uepg.br\/prograd\/wp-content\/uploads\/sites\/19\/2022\/01\/SEI_UEPG-0742752-Edital-transfexterna-ead-2022.pdf\" target=\"_blank\" rel=\"noopener\">Edital N\u00b0 \u00ba 2021.459 - Vagas Transfer\u00eancias EAD 2022<\/a><\/p>\n\t\t\t\t<\/div>\n\t\t\t<\/div>\n\t\t<\/div>\n\t\t\t<div class=\"sow-accordion-panel\"\n\t\t\t data-anchor=\"2021\">\n\t\t\t\t<div class=\"sow-accordion-panel-header-container\" role=\"heading\" aria-level=\"2\">\n\t\t\t\t\t<div class=\"sow-accordion-panel-header\" tabindex=\"0\" role=\"button\" id=\"accordion-label-2021\" aria-controls=\"accordion-content-2021\" aria-expanded=\"false\">\n\t\t\t\t\t\t<div class=\"sow-accordion-title sow-accordion-title-icon-left\">\n\t\t\t\t\t\t\t\t\t\t\t\t\t\t2021\t\t\t\t\t\t\t\t\t\t\t\t\t<\/div>\n\t\t\t\t\t\t<div class=\"sow-accordion-open-close-button\">\n\t\t\t\t\t\t\t<div class=\"sow-accordion-open-button\">\n\t\t\t\t\t\t\t\t<span class=\"sow-icon-ionicons\" data-sow-icon=\"&#xf218;\"\n\t\t \n\t\taria-hidden=\"true\"><\/span>\t\t\t\t\t\t\t<\/div>\n\t\t\t\t\t\t\t<div class=\"sow-accordion-close-button\">\n\t\t\t\t\t\t\t\t<span class=\"sow-icon-ionicons\" data-sow-icon=\"&#xf209;\"\n\t\t \n\t\taria-hidden=\"true\"><\/span>\t\t\t\t\t\t\t<\/div>\n\t\t\t\t\t\t<\/div>\n\t\t\t\t\t<\/div>\n\t\t\t\t<\/div>\n\n\t\t\t<div\n\t\t\t\tclass=\"sow-accordion-panel-content\"\n\t\t\t\trole=\"region\"\n\t\t\t\taria-labelledby=\"accordion-label-2021\"\n\t\t\t\tid=\"accordion-content-2021\"\n\t\t\t\tstyle=\"display: none;\"\t\t\t>\n\t\t\t\t<div class=\"sow-accordion-panel-border\" tabindex=\"0\">\n\t\t\t\t\t<p><a href=\"https:\/\/www2.uepg.br\/\/prograd\/wp-content\/uploads\/sites\/19\/2020\/12\/SEI_UEPG-0373534-Edital_transferencia.pdf\">16\/12\/2020<\/a>-\u00a0<a href=\"https:\/\/www2.uepg.br\/\/prograd\/wp-content\/uploads\/sites\/19\/2020\/12\/SEI_UEPG-0373534-Edital_transferencia.pdf\">Edital N\u00b0 65\/2020 - Vagas Transfer\u00eancias EAD 2021<\/a><\/p>\n<p><a href=\"https:\/\/www2.uepg.br\/\/prograd\/wp-content\/uploads\/sites\/19\/2020\/12\/SEI_UEPG-0373534-Edital_transferencia.pdf\">28\/01\/2021<\/a>-\u00a0<a href=\"https:\/\/www2.uepg.br\/\/prograd\/wp-content\/uploads\/sites\/19\/2021\/01\/SEI_UEPG-0392486-Edital_transferencia-externaEaD.pdf\">Edital N\u00b0 66\/2021 - Retifica\u00e7\u00e3o de Edital Vagas Transfer\u00eancias EAD 2021<\/a><\/p>\n<p>&nbsp;<\/p>\n\t\t\t\t<\/div>\n\t\t\t<\/div>\n\t\t<\/div>\n\t\t\t<div class=\"sow-accordion-panel\"\n\t\t\t data-anchor=\"2020\">\n\t\t\t\t<div class=\"sow-accordion-panel-header-container\" role=\"heading\" aria-level=\"2\">\n\t\t\t\t\t<div class=\"sow-accordion-panel-header\" tabindex=\"0\" role=\"button\" id=\"accordion-label-2020\" aria-controls=\"accordion-content-2020\" aria-expanded=\"false\">\n\t\t\t\t\t\t<div class=\"sow-accordion-title sow-accordion-title-icon-left\">\n\t\t\t\t\t\t\t\t\t\t\t\t\t\t2020\t\t\t\t\t\t\t\t\t\t\t\t\t<\/div>\n\t\t\t\t\t\t<div class=\"sow-accordion-open-close-button\">\n\t\t\t\t\t\t\t<div class=\"sow-accordion-open-button\">\n\t\t\t\t\t\t\t\t<span class=\"sow-icon-ionicons\" data-sow-icon=\"&#xf218;\"\n\t\t \n\t\taria-hidden=\"true\"><\/span>\t\t\t\t\t\t\t<\/div>\n\t\t\t\t\t\t\t<div class=\"sow-accordion-close-button\">\n\t\t\t\t\t\t\t\t<span class=\"sow-icon-ionicons\" data-sow-icon=\"&#xf209;\"\n\t\t \n\t\taria-hidden=\"true\"><\/span>\t\t\t\t\t\t\t<\/div>\n\t\t\t\t\t\t<\/div>\n\t\t\t\t\t<\/div>\n\t\t\t\t<\/div>\n\n\t\t\t<div\n\t\t\t\tclass=\"sow-accordion-panel-content\"\n\t\t\t\trole=\"region\"\n\t\t\t\taria-labelledby=\"accordion-label-2020\"\n\t\t\t\tid=\"accordion-content-2020\"\n\t\t\t\tstyle=\"display: none;\"\t\t\t>\n\t\t\t\t<div class=\"sow-accordion-panel-border\" tabindex=\"0\">\n\t\t\t\t\t<p>22\/01\/2020 -\u00a0<a href=\"http:\/\/www2.uepg.br\/prograd\/wp-content\/uploads\/sites\/19\/2020\/02\/edital_vagas-transfer%C3%AAncias_EaD_resultado_2020-01-02-2020.pdf\">Edital N\u00b0 007\/2020 - Resultado transfer\u00eancias externas EAD 2020<\/a><\/p>\n<p>10\/01\/2020-\u00a0<a href=\"http:\/\/www2.uepg.br\/prograd\/wp-content\/uploads\/sites\/19\/2020\/01\/edital-de-vagas-transfer%C3%AAncias_2020_10-01-2020-versao-final-convertido-1.pdf\">Edital N\u00b0 001\/2020 - Vagas Transfer\u00eancias EAD 2020<\/a><\/p>\n<p>08\/01\/2020-\u00a0<a href=\"http:\/\/www2.uepg.br\/prograd\/wp-content\/uploads\/sites\/19\/2020\/01\/Bolhetim_Trasnfer%C3%AAncias-_EaD_2020.PDF-1.pdf\">Boletim 001\/2020- Transfer\u00eancias- Externas EAD-2020<\/a><\/p>\n\t\t\t\t<\/div>\n\t\t\t<\/div>\n\t\t<\/div>\n\t\t\t<div class=\"sow-accordion-panel\"\n\t\t\t data-anchor=\"anteriores\">\n\t\t\t\t<div class=\"sow-accordion-panel-header-container\" role=\"heading\" aria-level=\"2\">\n\t\t\t\t\t<div class=\"sow-accordion-panel-header\" tabindex=\"0\" role=\"button\" id=\"accordion-label-anteriores\" aria-controls=\"accordion-content-anteriores\" aria-expanded=\"false\">\n\t\t\t\t\t\t<div class=\"sow-accordion-title sow-accordion-title-icon-left\">\n\t\t\t\t\t\t\t\t\t\t\t\t\t\tAnteriores\t\t\t\t\t\t\t\t\t\t\t\t\t<\/div>\n\t\t\t\t\t\t<div class=\"sow-accordion-open-close-button\">\n\t\t\t\t\t\t\t<div class=\"sow-accordion-open-button\">\n\t\t\t\t\t\t\t\t<span class=\"sow-icon-ionicons\" data-sow-icon=\"&#xf218;\"\n\t\t \n\t\taria-hidden=\"true\"><\/span>\t\t\t\t\t\t\t<\/div>\n\t\t\t\t\t\t\t<div class=\"sow-accordion-close-button\">\n\t\t\t\t\t\t\t\t<span class=\"sow-icon-ionicons\" data-sow-icon=\"&#xf209;\"\n\t\t \n\t\taria-hidden=\"true\"><\/span>\t\t\t\t\t\t\t<\/div>\n\t\t\t\t\t\t<\/div>\n\t\t\t\t\t<\/div>\n\t\t\t\t<\/div>\n\n\t\t\t<div\n\t\t\t\tclass=\"sow-accordion-panel-content\"\n\t\t\t\trole=\"region\"\n\t\t\t\taria-labelledby=\"accordion-label-anteriores\"\n\t\t\t\tid=\"accordion-content-anteriores\"\n\t\t\t\tstyle=\"display: none;\"\t\t\t>\n\t\t\t\t<div class=\"sow-accordion-panel-border\" tabindex=\"0\">\n\t\t\t\t\t<p>15\/02\/2019-\u00a0<a href=\"http:\/\/www2.uepg.br\/prograd\/wp-content\/uploads\/sites\/19\/2019\/06\/Edital006_vagas-transfer%C3%AAncias_EaD_resultado_2019.pdf\" target=\"_blank\" rel=\"noopener noreferrer\">Edital 006\/2019_vagas transfer\u00eancias_EaD_resultado_2019<\/a><\/p>\n<p>18\/12\/2018-\u00a0<a href=\"http:\/\/www2.uepg.br\/prograd\/wp-content\/uploads\/sites\/19\/2019\/06\/edital-de-vagas-transfer%C3%AAncias_2018.pdf\" target=\"_blank\" rel=\"noopener noreferrer\">Edital N\u00b039 - Vagas Transfer\u00eancias EAD 2019<\/a><\/p>\n<p>07\/11\/2018-\u00a0<a href=\"http:\/\/www2.uepg.br\/prograd\/wp-content\/uploads\/sites\/19\/2019\/06\/Boletim004_Transfer%C3%AAncias-_EaD_2019.pdf\" target=\"_blank\" rel=\"noopener noreferrer\">Boletim 004\/18_Transfer\u00eancias-Externas_EAD-2019<\/a><\/p>\n<p>21\/02\/2018-\u00a0<a href=\"http:\/\/www2.uepg.br\/prograd\/wp-content\/uploads\/sites\/19\/2019\/06\/edital09_vagas-transfer%C3%AAncias_EaD_resultado_2018.pdf\" target=\"_blank\" rel=\"noopener noreferrer\">Edital N\u00b0 009\/2018 - Resultado transfer\u00eancias externas EAD<\/a><\/p>\n<p>20\/12\/2017-\u00a0<a href=\"http:\/\/www2.uepg.br\/prograd\/wp-content\/uploads\/sites\/19\/2019\/06\/Edital52_vagas-transfer%C3%AAncias_EaD_2018-2.pdf\" target=\"_blank\" rel=\"noopener noreferrer\">Edital N\u00b052 - Vagas Transfer\u00eancias EAD 2018<\/a><\/p>\n<p>21\/11\/2017-\u00a0<a href=\"http:\/\/www2.uepg.br\/prograd\/wp-content\/uploads\/sites\/19\/2019\/06\/Boletim_Transfer%C3%AAncias-201811.pdf\" target=\"_blank\" rel=\"noopener noreferrer\">Boletim 004\/17_Transfer\u00eancias-Externas_EAD-2018<\/a><\/p>\n<p>16\/12\/2016-\u00a0<a href=\"http:\/\/www2.uepg.br\/prograd\/wp-content\/uploads\/sites\/19\/2019\/06\/edital-de-vagas-transfer%C3%AAncias_16-12-2016.pdf\" target=\"_blank\" rel=\"noopener noreferrer\">Edital n.\u00ba 56\/2016 - Vagas para transfer\u00eancias externas EaD - ano letivo de 2017<\/a><\/p>\n\t\t\t\t<\/div>\n\t\t\t<\/div>\n\t\t<\/div>\n\t\t<\/div>\n<\/div>\n<\/div><\/div><\/div><\/div><\/div>","protected":false},"excerpt":{"rendered":"<p>1. Para ingresso em nossa Institui\u00e7\u00e3o, a Universidade Estadual de Ponta Grossa (UEPG) possibilita tamb\u00e9m a Transfer\u00eancia Externa de acad\u00eamicos(as) de outras institui\u00e7\u00f5es de Ensino Superior, para preenchimento de vagas existentes no mesmo curso de gradua\u00e7\u00e3o do(a) candidato(a). Essas vagas s\u00e3o estabelecidas em Manual espec\u00edfico, o qual cont\u00e9m crit\u00e9rios e normas pertinentes. 2. Nas datas&nbsp;&hellip;<\/p>\n","protected":false},"author":24,"featured_media":3751,"parent":0,"menu_order":0,"comment_status":"closed","ping_status":"closed","template":"","meta":[],"_links":{"self":[{"href":"https:\/\/www2.uepg.br\/prograd\/wp-json\/wp\/v2\/pages\/3551"}],"collection":[{"href":"https:\/\/www2.uepg.br\/prograd\/wp-json\/wp\/v2\/pages"}],"about":[{"href":"https:\/\/www2.uepg.br\/prograd\/wp-json\/wp\/v2\/types\/page"}],"author":[{"embeddable":true,"href":"https:\/\/www2.uepg.br\/prograd\/wp-json\/wp\/v2\/users\/24"}],"replies":[{"embeddable":true,"href":"https:\/\/www2.uepg.br\/prograd\/wp-json\/wp\/v2\/comments?post=3551"}],"version-history":[{"count":61,"href":"https:\/\/www2.uepg.br\/prograd\/wp-json\/wp\/v2\/pages\/3551\/revisions"}],"predecessor-version":[{"id":9688,"href":"https:\/\/www2.uepg.br\/prograd\/wp-json\/wp\/v2\/pages\/3551\/revisions\/9688"}],"wp:featuredmedia":[{"embeddable":true,"href":"https:\/\/www2.uepg.br\/prograd\/wp-json\/wp\/v2\/media\/3751"}],"wp:attachment":[{"href":"https:\/\/www2.uepg.br\/prograd\/wp-json\/wp\/v2\/media?parent=3551"}],"curies":[{"name":"wp","href":"https:\/\/api.w.org\/{rel}","templated":true}]}}