{"id":3559,"date":"2021-10-05T14:53:17","date_gmt":"2021-10-05T17:53:17","guid":{"rendered":"https:\/\/www2.uepg.br\/prograd\/?page_id=3559"},"modified":"2026-02-23T15:43:39","modified_gmt":"2026-02-23T18:43:39","slug":"vagas-remanescentes-ead","status":"publish","type":"page","link":"https:\/\/www2.uepg.br\/prograd\/vagas-remanescentes-ead\/","title":{"rendered":"Vagas Remanescentes EAD"},"content":{"rendered":"<div id=\"pl-3559\"  class=\"panel-layout\" ><div id=\"pg-3559-0\"  class=\"panel-grid panel-no-style\" ><div id=\"pgc-3559-0-0\"  class=\"panel-grid-cell\" ><div id=\"panel-3559-0-0-0\" class=\"so-panel widget widget_sow-accordion panel-first-child panel-last-child\" data-index=\"0\" ><div\n\t\t\t\n\t\t\tclass=\"so-widget-sow-accordion so-widget-sow-accordion-default-cfe741d4f49c-3559\"\n\t\t\t\n\t\t><h3 class=\"widget-title\">Editais:<\/h3><div>\n\t<div class=\"sow-accordion\">\n\t\t\t<div class=\"sow-accordion-panel\"\n\t\t\t data-anchor=\"2%c2%ba-vestibular-ead2025\">\n\t\t\t\t<div class=\"sow-accordion-panel-header-container\" role=\"heading\" aria-level=\"2\">\n\t\t\t\t\t<div class=\"sow-accordion-panel-header\" tabindex=\"0\" role=\"button\" id=\"accordion-label-2%c2%ba-vestibular-ead2025\" aria-controls=\"accordion-content-2%c2%ba-vestibular-ead2025\" aria-expanded=\"false\">\n\t\t\t\t\t\t<div class=\"sow-accordion-title sow-accordion-title-icon-left\">\n\t\t\t\t\t\t\t\t\t\t\t\t\t\t2\u00ba VESTIBULAR EaD\/2025\t\t\t\t\t\t\t\t\t\t\t\t\t<\/div>\n\t\t\t\t\t\t<div class=\"sow-accordion-open-close-button\">\n\t\t\t\t\t\t\t<div class=\"sow-accordion-open-button\">\n\t\t\t\t\t\t\t\t<span class=\"sow-icon-ionicons\" data-sow-icon=\"&#xf218;\"\n\t\t \n\t\taria-hidden=\"true\"><\/span>\t\t\t\t\t\t\t<\/div>\n\t\t\t\t\t\t\t<div class=\"sow-accordion-close-button\">\n\t\t\t\t\t\t\t\t<span class=\"sow-icon-ionicons\" data-sow-icon=\"&#xf209;\"\n\t\t \n\t\taria-hidden=\"true\"><\/span>\t\t\t\t\t\t\t<\/div>\n\t\t\t\t\t\t<\/div>\n\t\t\t\t\t<\/div>\n\t\t\t\t<\/div>\n\n\t\t\t<div\n\t\t\t\tclass=\"sow-accordion-panel-content\"\n\t\t\t\trole=\"region\"\n\t\t\t\taria-labelledby=\"accordion-label-2%c2%ba-vestibular-ead2025\"\n\t\t\t\tid=\"accordion-content-2%c2%ba-vestibular-ead2025\"\n\t\t\t\tstyle=\"display: none;\"\t\t\t>\n\t\t\t\t<div class=\"sow-accordion-panel-border\" tabindex=\"0\">\n\t\t\t\t\t<p style=\"text-align: center\"><span style=\"color: #0000ff\">2\u00ba<b>\u00a0VESTIBULAR EaD 2025<\/b><\/span><\/p>\n<p style=\"text-align: center\"><span style=\"color: #0000ff\"><b>\u00a0<\/b><\/span><\/p>\n<p style=\"text-align: center\"><span style=\"color: #0000ff\">Curso:<\/span> Tecnologia em Produ\u00e7\u00e3o Cultural<\/p>\n<p>&nbsp;<\/p>\n<h4 style=\"text-align: center\"><span style=\"color: #0000ff\"><em><a style=\"color: #0000ff\" href=\"http:\/\/www2.uepg.br\/prograd\/wp-content\/uploads\/sites\/19\/2025\/08\/SEI_UEPG-2731607-Edital-1.pdf\" target=\"_blank\" rel=\"noopener\">RESULTADO DE VAGAS REMANESCENTES<\/a><\/em><\/span><\/h4>\n<p>&nbsp;<\/p>\n<p>&nbsp;<\/p>\n<p style=\"text-align: center\">EDITAIS ANTERIORES<\/p>\n<p style=\"text-align: center\"><a href=\"https:\/\/www2.uepg.br\/prograd\/wp-content\/uploads\/sites\/19\/2025\/08\/SEI_UEPG-2723388-Edital_vagas-remanescentes-2vestibular.pdf_13-08-2025.pdf\" target=\"_blank\" rel=\"noopener\">Manual de Vagas Remanescentes<\/a><\/p>\n<p>&nbsp;<\/p>\n<p>&nbsp;<\/p>\n<p style=\"text-align: center\">Divis\u00e3o de Matr\u00edcula EaD<\/p>\n<p style=\"text-align: center\">Diretoria Acad\u00eamica<\/p>\n<p style=\"text-align: center\">PROGRAD - UEPG<\/p>\n<p>&nbsp;<\/p>\n<p>&nbsp;<\/p>\n<p style=\"text-align: center\">\n<\/p>\t\t\t\t<\/div>\n\t\t\t<\/div>\n\t\t<\/div>\n\t\t\t<div class=\"sow-accordion-panel\"\n\t\t\t data-anchor=\"1%c2%ba-vestibular-ead-2025\">\n\t\t\t\t<div class=\"sow-accordion-panel-header-container\" role=\"heading\" aria-level=\"2\">\n\t\t\t\t\t<div class=\"sow-accordion-panel-header\" tabindex=\"0\" role=\"button\" id=\"accordion-label-1%c2%ba-vestibular-ead-2025\" aria-controls=\"accordion-content-1%c2%ba-vestibular-ead-2025\" aria-expanded=\"false\">\n\t\t\t\t\t\t<div class=\"sow-accordion-title sow-accordion-title-icon-left\">\n\t\t\t\t\t\t\t\t\t\t\t\t\t\t1\u00ba VESTIBULAR EaD 2025\t\t\t\t\t\t\t\t\t\t\t\t\t<\/div>\n\t\t\t\t\t\t<div class=\"sow-accordion-open-close-button\">\n\t\t\t\t\t\t\t<div class=\"sow-accordion-open-button\">\n\t\t\t\t\t\t\t\t<span class=\"sow-icon-ionicons\" data-sow-icon=\"&#xf218;\"\n\t\t \n\t\taria-hidden=\"true\"><\/span>\t\t\t\t\t\t\t<\/div>\n\t\t\t\t\t\t\t<div class=\"sow-accordion-close-button\">\n\t\t\t\t\t\t\t\t<span class=\"sow-icon-ionicons\" data-sow-icon=\"&#xf209;\"\n\t\t \n\t\taria-hidden=\"true\"><\/span>\t\t\t\t\t\t\t<\/div>\n\t\t\t\t\t\t<\/div>\n\t\t\t\t\t<\/div>\n\t\t\t\t<\/div>\n\n\t\t\t<div\n\t\t\t\tclass=\"sow-accordion-panel-content\"\n\t\t\t\trole=\"region\"\n\t\t\t\taria-labelledby=\"accordion-label-1%c2%ba-vestibular-ead-2025\"\n\t\t\t\tid=\"accordion-content-1%c2%ba-vestibular-ead-2025\"\n\t\t\t\tstyle=\"display: none;\"\t\t\t>\n\t\t\t\t<div class=\"sow-accordion-panel-border\" tabindex=\"0\">\n\t\t\t\t\t<p style=\"text-align: center\"><span style=\"color: #0000ff\">1\u00ba<b>\u00a0VESTIBULAR EaD 2025<\/b><\/span><\/p>\n<p style=\"text-align: center\"><b>\u00a0<\/b><\/p>\n<p style=\"text-align: center\"><strong>Cursos<\/strong>: Lic. em Computa\u00e7\u00e3o, Lic. em Geografia, Lic. em Letras Portugu\u00eas\/Espanhol, Lic. em Matem\u00e1tica, Tecn\u00f3logo em Gest\u00e3o Hospitalar, e Tecn\u00f3logo em Seguran\u00e7a P\u00fablica<\/p>\n<p>&nbsp;<\/p>\n<h4 style=\"text-align: center\"><span style=\"color: #0000ff\"><b>ATEN\u00c7\u00c3O\u00a0<\/b><\/span><\/h4>\n<p style=\"text-align: center\"><a href=\"https:\/\/www2.uepg.br\/prograd\/wp-content\/uploads\/sites\/19\/2025\/04\/SEI_UEPG-2523479-Edital_VR_EAD2025-1.pdf\" target=\"_blank\" rel=\"noopener\"><strong>EDITAL DE <span style=\"color: #0000ff\">RESULTADO<\/span> VAGAS REMANESCENTES EaD 2025<\/strong>\u00a0<\/a><\/p>\n<p>&nbsp;<\/p>\n<p style=\"text-align: center\"><a href=\"https:\/\/www2.uepg.br\/prograd\/wp-content\/uploads\/sites\/19\/2025\/04\/SEI_UEPG-2499750-Edital_VREaD_2025-1.pdf\" target=\"_blank\" rel=\"noopener\"><strong>MANUAL DE VAGAS REMANESCENTES 2025<\/strong><\/a><\/p>\n<p>&nbsp;<\/p>\n<p style=\"text-align: center\">___________________________________<\/p>\n<p style=\"text-align: center\"><strong>Inscri\u00e7\u00f5es Encerradas<\/strong><\/p>\n<p>&nbsp;<\/p>\n<h4 style=\"text-align: center\"><\/h4>\n<p>&nbsp;<\/p>\n<p>&nbsp;<\/p>\n<p style=\"text-align: center\">Divis\u00e3o de Matr\u00edcula EaD<\/p>\n<p style=\"text-align: center\">Diretoria Acad\u00eamica<\/p>\n<p style=\"text-align: center\">PROGRAD - UEPG<\/p>\n\t\t\t\t<\/div>\n\t\t\t<\/div>\n\t\t<\/div>\n\t\t\t<div class=\"sow-accordion-panel\"\n\t\t\t data-anchor=\"1%c2%ba-vestibular-uepg-ead-2024\">\n\t\t\t\t<div class=\"sow-accordion-panel-header-container\" role=\"heading\" aria-level=\"2\">\n\t\t\t\t\t<div class=\"sow-accordion-panel-header\" tabindex=\"0\" role=\"button\" id=\"accordion-label-1%c2%ba-vestibular-uepg-ead-2024\" aria-controls=\"accordion-content-1%c2%ba-vestibular-uepg-ead-2024\" aria-expanded=\"false\">\n\t\t\t\t\t\t<div class=\"sow-accordion-title sow-accordion-title-icon-left\">\n\t\t\t\t\t\t\t\t\t\t\t\t\t\t1\u00ba VESTIBULAR UEPG EAD 2024\t\t\t\t\t\t\t\t\t\t\t\t\t<\/div>\n\t\t\t\t\t\t<div class=\"sow-accordion-open-close-button\">\n\t\t\t\t\t\t\t<div class=\"sow-accordion-open-button\">\n\t\t\t\t\t\t\t\t<span class=\"sow-icon-ionicons\" data-sow-icon=\"&#xf218;\"\n\t\t \n\t\taria-hidden=\"true\"><\/span>\t\t\t\t\t\t\t<\/div>\n\t\t\t\t\t\t\t<div class=\"sow-accordion-close-button\">\n\t\t\t\t\t\t\t\t<span class=\"sow-icon-ionicons\" data-sow-icon=\"&#xf209;\"\n\t\t \n\t\taria-hidden=\"true\"><\/span>\t\t\t\t\t\t\t<\/div>\n\t\t\t\t\t\t<\/div>\n\t\t\t\t\t<\/div>\n\t\t\t\t<\/div>\n\n\t\t\t<div\n\t\t\t\tclass=\"sow-accordion-panel-content\"\n\t\t\t\trole=\"region\"\n\t\t\t\taria-labelledby=\"accordion-label-1%c2%ba-vestibular-uepg-ead-2024\"\n\t\t\t\tid=\"accordion-content-1%c2%ba-vestibular-uepg-ead-2024\"\n\t\t\t\tstyle=\"display: none;\"\t\t\t>\n\t\t\t\t<div class=\"sow-accordion-panel-border\" tabindex=\"0\">\n\t\t\t\t\t<h2 style=\"text-align: center\"><span style=\"color: #0000ff\">1\u00ba VESTIBULAR EaD UEPG 2024<\/span><\/h2>\n<p>&nbsp;<\/p>\n<p>&nbsp;<\/p>\n<h3 style=\"text-align: center\"><span style=\"color: #0000ff\">CURSO: TECNOLOGIA EM GEST\u00c3O HOSPITALAR - Polo Ortigueira<\/span><\/h3>\n<p>&nbsp;<\/p>\n<p>&nbsp;<\/p>\n<p>&nbsp;<\/p>\n<h3 style=\"text-align: center\"><span style=\"color: #0000ff\"><b><a href=\"http:\/\/www2.uepg.br\/prograd\/wp-content\/uploads\/sites\/19\/2024\/05\/SEI_UEPG-1999502-Edital_resultado_VR_2024.pdf\" target=\"_blank\" rel=\"noopener\">RESULTADO VAGAS REMANESCENTES<\/a>\u00a0<\/b><\/span><\/h3>\n<h4 style=\"text-align: center\"><span style=\"color: #3366ff\">(Contendo os Registros Acad\u00eamicos (RAs)<\/span><\/h4>\n<h4 style=\"text-align: center\"><\/h4>\n<h2 style=\"text-align: center\"><span style=\"color: #0000ff\">Aten\u00e7\u00e3o<\/span><\/h2>\n<h4 style=\"text-align: center\"><span style=\"color: #3366ff\"><strong>Os acessos aos ambientes virtuais dar-se-\u00e3o a partir de 2(dois) dias letivos ap\u00f3s a divulga\u00e7\u00e3o do presente edital.<\/strong><\/span><\/h4>\n<h4 style=\"text-align: center\"><\/h4>\n<p>&nbsp;<\/p>\n<p>&nbsp;<\/p>\n<p>&nbsp;<\/p>\n<p>&nbsp;<\/p>\n<p style=\"text-align: center\"><span style=\"color: #0000ff\">EDITAIS ANTERIORES<\/span><\/p>\n<h4 style=\"text-align: center\"><span style=\"color: #3366ff\"><b><a style=\"color: #3366ff\" href=\"https:\/\/www2.uepg.br\/prograd\/wp-content\/uploads\/sites\/19\/2024\/05\/SEI_UEPG-1982218-Edital_VR_EaD_2024.pdf\" target=\"_blank\" rel=\"noopener\">MANUAL DE VAGAS REMANESCENTES<\/a>\u00a0<\/b><\/span><\/h4>\n<p>&nbsp;<\/p>\n<p>&nbsp;<\/p>\n<p>&nbsp;<\/p>\n<p>&nbsp;<\/p>\n<p>&nbsp;<\/p>\n<p>&nbsp;<\/p>\n<p style=\"text-align: center\"><span style=\"color: #3366ff\">Pr\u00f3-Reitoria de Gradua\u00e7\u00e3o<\/span><\/p>\n<p style=\"text-align: center\"><span style=\"color: #3366ff\">Diretoria Acad\u00eamica<\/span><\/p>\n<p style=\"text-align: center\"><span style=\"color: #3366ff\">Divis\u00e3o de Matr\u00edcula EaD<\/span><\/p>\n<p style=\"text-align: center\">\n<\/p>\t\t\t\t<\/div>\n\t\t\t<\/div>\n\t\t<\/div>\n\t\t\t<div class=\"sow-accordion-panel\"\n\t\t\t data-anchor=\"2%c2%ba-vestibular-uepg-ead-2023\">\n\t\t\t\t<div class=\"sow-accordion-panel-header-container\" role=\"heading\" aria-level=\"2\">\n\t\t\t\t\t<div class=\"sow-accordion-panel-header\" tabindex=\"0\" role=\"button\" id=\"accordion-label-2%c2%ba-vestibular-uepg-ead-2023\" aria-controls=\"accordion-content-2%c2%ba-vestibular-uepg-ead-2023\" aria-expanded=\"false\">\n\t\t\t\t\t\t<div class=\"sow-accordion-title sow-accordion-title-icon-left\">\n\t\t\t\t\t\t\t\t\t\t\t\t\t\t2\u00ba  VESTIBULAR UEPG EAD 2023\t\t\t\t\t\t\t\t\t\t\t\t\t<\/div>\n\t\t\t\t\t\t<div class=\"sow-accordion-open-close-button\">\n\t\t\t\t\t\t\t<div class=\"sow-accordion-open-button\">\n\t\t\t\t\t\t\t\t<span class=\"sow-icon-ionicons\" data-sow-icon=\"&#xf218;\"\n\t\t \n\t\taria-hidden=\"true\"><\/span>\t\t\t\t\t\t\t<\/div>\n\t\t\t\t\t\t\t<div class=\"sow-accordion-close-button\">\n\t\t\t\t\t\t\t\t<span class=\"sow-icon-ionicons\" data-sow-icon=\"&#xf209;\"\n\t\t \n\t\taria-hidden=\"true\"><\/span>\t\t\t\t\t\t\t<\/div>\n\t\t\t\t\t\t<\/div>\n\t\t\t\t\t<\/div>\n\t\t\t\t<\/div>\n\n\t\t\t<div\n\t\t\t\tclass=\"sow-accordion-panel-content\"\n\t\t\t\trole=\"region\"\n\t\t\t\taria-labelledby=\"accordion-label-2%c2%ba-vestibular-uepg-ead-2023\"\n\t\t\t\tid=\"accordion-content-2%c2%ba-vestibular-uepg-ead-2023\"\n\t\t\t\tstyle=\"display: none;\"\t\t\t>\n\t\t\t\t<div class=\"sow-accordion-panel-border\" tabindex=\"0\">\n\t\t\t\t\t<h1 style=\"text-align: center\"><strong><span style=\"color: #3366ff\">2\u00ba VESTIBULAR UEPG EaD 2023<\/span><\/strong><\/h1>\n<p>&nbsp;<\/p>\n<h4 style=\"text-align: center\"><span style=\"font-weight: 400;color: #3366ff\">CURSOS: LIC. EM EDUCA\u00c7\u00c3O F\u00cdSICA, LIC. EM LETRAS PORTUGU\u00caS\/ESPANHOL, LIC. EM PEDAGOGIA, TECNOLOGIA EM MINERA\u00c7\u00c3O E TECONOLOGIA EM PRODU\u00c7\u00c3O CULTURAL<\/span><\/h4>\n<p>&nbsp;<\/p>\n<p>&nbsp;<\/p>\n<p>&nbsp;<\/p>\n<h2 style=\"text-align: center\"><a href=\"https:\/\/www2.uepg.br\/prograd\/wp-content\/uploads\/sites\/19\/2024\/03\/SEI_UEPG-1885684-Edital_complementar_VREaD_2024.pdf\" target=\"_blank\" rel=\"noopener\"><span style=\"color: #3366ff\"><b>EDITAL COMPLEMENTAR DE RESULTADOS DAS VAGAS REMANESCENTES EaD\/2024\u00a0<\/b><\/span><\/a><\/h2>\n<h4 style=\"text-align: center\"><span style=\"color: #3366ff\">(Contendo os Registros Acad\u00eamicos (RAs)<\/span><\/h4>\n<h4><\/h4>\n<h3><\/h3>\n<h2 style=\"text-align: center\"><span style=\"color: #3366ff\">Aten\u00e7\u00e3o<\/span><\/h2>\n<h4 style=\"text-align: center\"><span style=\"color: #3366ff\"><strong>Os acessos aos ambientes virtuais dar-se-\u00e3o a partir de 2(dois) dias letivos ap\u00f3s a divulga\u00e7\u00e3o do presente edital.<\/strong><\/span><\/h4>\n<p>&nbsp;<\/p>\n<p>&nbsp;<\/p>\n<p>&nbsp;<\/p>\n<p>&nbsp;<\/p>\n<h3 style=\"text-align: center\"><\/h3>\n<p>&nbsp;<\/p>\n<h3 style=\"text-align: center\"><span style=\"color: #3366ff\"><strong>EDITAIS ANTERIORES<\/strong><\/span><\/h3>\n<p>&nbsp;<\/p>\n<h5 style=\"text-align: center\"><span style=\"color: #3366ff\"><strong><a href=\"https:\/\/www2.uepg.br\/prograd\/wp-content\/uploads\/sites\/19\/2024\/02\/SEI_UEPG-1831881-Edital_VR_EAD_2024.pdf\" target=\"_blank\" rel=\"noopener\">MANUAL DE VAGAS REMANESCENTES EaD 2024<\/a><\/strong><\/span><\/h5>\n<h5 style=\"text-align: center\"><a href=\"https:\/\/www2.uepg.br\/prograd\/wp-content\/uploads\/sites\/19\/2024\/03\/SEI_UEPG-1869815-Edital_resultado-vagas-remanescentesEaD.pdf\" target=\"_blank\" rel=\"noopener\"><span style=\"color: #3366ff\"><strong>RESULTADO DE VAGAS REMANESCENTES EaD 2024<\/strong><\/span><\/a><\/h5>\n<p>&nbsp;<\/p>\n<p>&nbsp;<\/p>\n<p>&nbsp;<\/p>\n<p>&nbsp;<\/p>\n<p>&nbsp;<\/p>\n<p>&nbsp;<\/p>\n<p style=\"text-align: center\"><span style=\"color: #3366ff\">DIVIS\u00c3O DE MATR\u00cdCULA EaD<\/span><\/p>\n<p style=\"text-align: center\"><span style=\"color: #3366ff\">DIRETORIA ACAD\u00caMICA<\/span><\/p>\n<p style=\"text-align: center\"><span style=\"color: #3366ff\">PR\u00d3-REITORIA DE GRADUA\u00c7\u00c3O<\/span><\/p>\n\t\t\t\t<\/div>\n\t\t\t<\/div>\n\t\t<\/div>\n\t\t\t<div class=\"sow-accordion-panel\"\n\t\t\t data-anchor=\"1%c2%ba-vestibular-uepg-ead-2023\">\n\t\t\t\t<div class=\"sow-accordion-panel-header-container\" role=\"heading\" aria-level=\"2\">\n\t\t\t\t\t<div class=\"sow-accordion-panel-header\" tabindex=\"0\" role=\"button\" id=\"accordion-label-1%c2%ba-vestibular-uepg-ead-2023\" aria-controls=\"accordion-content-1%c2%ba-vestibular-uepg-ead-2023\" aria-expanded=\"false\">\n\t\t\t\t\t\t<div class=\"sow-accordion-title sow-accordion-title-icon-left\">\n\t\t\t\t\t\t\t\t\t\t\t\t\t\t1\u00ba VESTIBULAR UEPG EAD 2023\t\t\t\t\t\t\t\t\t\t\t\t\t<\/div>\n\t\t\t\t\t\t<div class=\"sow-accordion-open-close-button\">\n\t\t\t\t\t\t\t<div class=\"sow-accordion-open-button\">\n\t\t\t\t\t\t\t\t<span class=\"sow-icon-ionicons\" data-sow-icon=\"&#xf218;\"\n\t\t \n\t\taria-hidden=\"true\"><\/span>\t\t\t\t\t\t\t<\/div>\n\t\t\t\t\t\t\t<div class=\"sow-accordion-close-button\">\n\t\t\t\t\t\t\t\t<span class=\"sow-icon-ionicons\" data-sow-icon=\"&#xf209;\"\n\t\t \n\t\taria-hidden=\"true\"><\/span>\t\t\t\t\t\t\t<\/div>\n\t\t\t\t\t\t<\/div>\n\t\t\t\t\t<\/div>\n\t\t\t\t<\/div>\n\n\t\t\t<div\n\t\t\t\tclass=\"sow-accordion-panel-content\"\n\t\t\t\trole=\"region\"\n\t\t\t\taria-labelledby=\"accordion-label-1%c2%ba-vestibular-uepg-ead-2023\"\n\t\t\t\tid=\"accordion-content-1%c2%ba-vestibular-uepg-ead-2023\"\n\t\t\t\tstyle=\"display: none;\"\t\t\t>\n\t\t\t\t<div class=\"sow-accordion-panel-border\" tabindex=\"0\">\n\t\t\t\t\t<h2 style=\"text-align: center\"><span style=\"font-weight: 400;color: #3366ff\">1\u00ba VESTIBULAR UEPG EaD 2023<\/span><\/h2>\n<p>&nbsp;<\/p>\n<h4 style=\"text-align: center\"><span style=\"font-weight: 400;color: #3366ff\">CURSOS: TECNOLOGIA EM MINERA\u00c7\u00c3O E TECONOLOGIA EM GEST\u00c3O HOSPITALAR<\/span><\/h4>\n<p>&nbsp;<\/p>\n<p>&nbsp;<\/p>\n<p>&nbsp;<\/p>\n<h3 style=\"text-align: center\"><a href=\"https:\/\/www2.uepg.br\/prograd\/wp-content\/uploads\/sites\/19\/2023\/10\/SEI_UEPG-1654169-Edital_resultados_VR-1VESTIBULAR-UEPG-EAD.pdf\" target=\"_blank\" rel=\"noopener\"><span style=\"color: #3366ff\"><b>VAGAS REMANESCENTES RESULTADO FINAL (Clique AQUI)<\/b><\/span><\/a><\/h3>\n<p>&nbsp;<\/p>\n<h3><\/h3>\n<p>&nbsp;<\/p>\n<p>&nbsp;<\/p>\n<p>&nbsp;<\/p>\n<p>&nbsp;<\/p>\n<p>&nbsp;<\/p>\n<p style=\"text-align: center\"><span style=\"color: #3366ff\">DIVIS\u00c3O DE MATR\u00cdCULA EaD<\/span><\/p>\n<p style=\"text-align: center\"><span style=\"color: #3366ff\">DIRETORIA ACAD\u00caMICA<\/span><\/p>\n<p style=\"text-align: center\"><span style=\"color: #3366ff\">PR\u00d3-REITORIA DE GRADUA\u00c7\u00c3O<\/span><\/p>\n\t\t\t\t<\/div>\n\t\t\t<\/div>\n\t\t<\/div>\n\t\t\t<div class=\"sow-accordion-panel\"\n\t\t\t data-anchor=\"20232-vestibular-unificado-uepg\">\n\t\t\t\t<div class=\"sow-accordion-panel-header-container\" role=\"heading\" aria-level=\"2\">\n\t\t\t\t\t<div class=\"sow-accordion-panel-header\" tabindex=\"0\" role=\"button\" id=\"accordion-label-20232-vestibular-unificado-uepg\" aria-controls=\"accordion-content-20232-vestibular-unificado-uepg\" aria-expanded=\"false\">\n\t\t\t\t\t\t<div class=\"sow-accordion-title sow-accordion-title-icon-left\">\n\t\t\t\t\t\t\t\t\t\t\t\t\t\t2023\/2  VESTIBULAR UNIFICADO UEPG\t\t\t\t\t\t\t\t\t\t\t\t\t<\/div>\n\t\t\t\t\t\t<div class=\"sow-accordion-open-close-button\">\n\t\t\t\t\t\t\t<div class=\"sow-accordion-open-button\">\n\t\t\t\t\t\t\t\t<span class=\"sow-icon-ionicons\" data-sow-icon=\"&#xf218;\"\n\t\t \n\t\taria-hidden=\"true\"><\/span>\t\t\t\t\t\t\t<\/div>\n\t\t\t\t\t\t\t<div class=\"sow-accordion-close-button\">\n\t\t\t\t\t\t\t\t<span class=\"sow-icon-ionicons\" data-sow-icon=\"&#xf209;\"\n\t\t \n\t\taria-hidden=\"true\"><\/span>\t\t\t\t\t\t\t<\/div>\n\t\t\t\t\t\t<\/div>\n\t\t\t\t\t<\/div>\n\t\t\t\t<\/div>\n\n\t\t\t<div\n\t\t\t\tclass=\"sow-accordion-panel-content\"\n\t\t\t\trole=\"region\"\n\t\t\t\taria-labelledby=\"accordion-label-20232-vestibular-unificado-uepg\"\n\t\t\t\tid=\"accordion-content-20232-vestibular-unificado-uepg\"\n\t\t\t\tstyle=\"display: none;\"\t\t\t>\n\t\t\t\t<div class=\"sow-accordion-panel-border\" tabindex=\"0\">\n\t\t\t\t\t<h3 style=\"text-align: center\"><span style=\"font-weight: 400;color: #3366ff\">1\u00ba e 2\u00ba VESTIBULAR UNIFICADO EaD 2023<\/span><\/h3>\n<p>&nbsp;<\/p>\n<h3 style=\"text-align: center\"><\/h3>\n<h4 style=\"text-align: center\"><span style=\"font-weight: 400;color: #3366ff\">CURSOS: LICENCIATURA EM COMPUTA\u00c7\u00c3O, LICENCIATURA EM GEOGRAFIA, LICENCIATURA EM LETRAS PORTUGU\u00caS\/ESPANHOL E LICENCIATURA EM MATEM\u00c1TICA<\/span><\/h4>\n<h3 style=\"text-align: center\"><\/h3>\n<p>&nbsp;<\/p>\n<h4 style=\"text-align: center\"><a href=\"http:\/\/www2.uepg.br\/prograd\/wp-content\/uploads\/sites\/19\/2023\/08\/SEI_UEPG-1590531-Edital_EDITALRESULTADOS_VAGASREMANESCENTES_2023.pdf\" target=\"_blank\" rel=\"noopener\"><span style=\"color: #3366ff\"><b>VAGAS REMANESCENTES RESULTADO FINAL (Clique AQUI)<\/b><\/span><\/a><\/h4>\n<h4 style=\"text-align: center\"><\/h4>\n<p>&nbsp;<\/p>\n<p>&nbsp;<\/p>\n<h4 style=\"text-align: center\"><\/h4>\n<h4 style=\"text-align: center\"><\/h4>\n<h4><\/h4>\n<p>&nbsp;<\/p>\n<h5 style=\"text-align: center\"><span style=\"font-weight: 400;color: #3366ff\">EDITAIS ANTERIORES<\/span><\/h5>\n<h4 style=\"text-align: center\"><span style=\"color: #3366ff\"><span style=\"font-weight: 400\">\u00a0<\/span><a style=\"color: #3366ff\" href=\"https:\/\/www2.uepg.br\/prograd\/wp-content\/uploads\/sites\/19\/2023\/08\/SEI_UEPG-1554774-Edital_VAGASREMANESCENTES_2VESTIBULAR-1.pdf\"><span style=\"font-weight: 400\">MANUAL DE MATR\u00cdCULA DE VAGAS REMANESCENTES EaD 2023<\/span><\/a><\/span><\/h4>\n\t\t\t\t<\/div>\n\t\t\t<\/div>\n\t\t<\/div>\n\t\t\t<div class=\"sow-accordion-panel\"\n\t\t\t data-anchor=\"20231-vestibular-unificado-uepg\">\n\t\t\t\t<div class=\"sow-accordion-panel-header-container\" role=\"heading\" aria-level=\"2\">\n\t\t\t\t\t<div class=\"sow-accordion-panel-header\" tabindex=\"0\" role=\"button\" id=\"accordion-label-20231-vestibular-unificado-uepg\" aria-controls=\"accordion-content-20231-vestibular-unificado-uepg\" aria-expanded=\"false\">\n\t\t\t\t\t\t<div class=\"sow-accordion-title sow-accordion-title-icon-left\">\n\t\t\t\t\t\t\t\t\t\t\t\t\t\t2023\/1 VESTIBULAR UNIFICADO UEPG\t\t\t\t\t\t\t\t\t\t\t\t\t<\/div>\n\t\t\t\t\t\t<div class=\"sow-accordion-open-close-button\">\n\t\t\t\t\t\t\t<div class=\"sow-accordion-open-button\">\n\t\t\t\t\t\t\t\t<span class=\"sow-icon-ionicons\" data-sow-icon=\"&#xf218;\"\n\t\t \n\t\taria-hidden=\"true\"><\/span>\t\t\t\t\t\t\t<\/div>\n\t\t\t\t\t\t\t<div class=\"sow-accordion-close-button\">\n\t\t\t\t\t\t\t\t<span class=\"sow-icon-ionicons\" data-sow-icon=\"&#xf209;\"\n\t\t \n\t\taria-hidden=\"true\"><\/span>\t\t\t\t\t\t\t<\/div>\n\t\t\t\t\t\t<\/div>\n\t\t\t\t\t<\/div>\n\t\t\t\t<\/div>\n\n\t\t\t<div\n\t\t\t\tclass=\"sow-accordion-panel-content\"\n\t\t\t\trole=\"region\"\n\t\t\t\taria-labelledby=\"accordion-label-20231-vestibular-unificado-uepg\"\n\t\t\t\tid=\"accordion-content-20231-vestibular-unificado-uepg\"\n\t\t\t\tstyle=\"display: none;\"\t\t\t>\n\t\t\t\t<div class=\"sow-accordion-panel-border\" tabindex=\"0\">\n\t\t\t\t\t<h2 style=\"text-align: center\"><span style=\"color: #0000ff\">1\u00ba VESTIBULAR UNIFICADO EaD 2023<\/span><\/h2>\n<p>&nbsp;<\/p>\n<h5 style=\"text-align: center\"><span style=\"color: #0000ff\">CURSOS: LICENCIATURA EM MATEM\u00c1TICA, TECNOLOGIA EM GEST\u00c3O P\u00daBLICA E TECNOLOGIA EM SEGURAN\u00c7A P\u00daBLICA<\/span><\/h5>\n<p>&nbsp;<\/p>\n<h2 style=\"text-align: center\"><a href=\"http:\/\/www2.uepg.br\/prograd\/wp-content\/uploads\/sites\/19\/2023\/06\/SEI_UEPG-1487883-Edital_VR_assinado.pdf\">RESULTADO VAGAS REMANESCENTES EaD 2023 (Novo)<\/a><\/h2>\n<p>&nbsp;<\/p>\n<h3 style=\"text-align: center\"><b>(<\/b><a href=\"https:\/\/www2.uepg.br\/prograd\/wp-content\/uploads\/sites\/19\/2023\/05\/SEI_UEPG-1459664-Edital_vagas-remanescentes-29-05-2023_corridigo.pdf\"><b><i>Manual<\/i><\/b><\/a><b>)<\/b><\/h3>\n<p>&nbsp;<\/p>\n<p>&nbsp;<\/p>\n<p>&nbsp;<\/p>\n<p>&nbsp;<\/p>\n<p>&nbsp;<\/p>\n<p>&nbsp;<\/p>\n<h5 style=\"text-align: center\"><span style=\"font-weight: 400\">DIVIS\u00c3O DE MATR\u00cdCULA\u00a0 EaD<\/span><\/h5>\n<h5 style=\"text-align: center\"><span style=\"font-weight: 400\">DIRETORIA ACAD\u00caMICA<\/span><\/h5>\n<h5 style=\"text-align: center\"><span style=\"font-weight: 400\">PROGRAD - UEPG<\/span><\/h5>\n\t\t\t\t<\/div>\n\t\t\t<\/div>\n\t\t<\/div>\n\t\t\t<div class=\"sow-accordion-panel\"\n\t\t\t data-anchor=\"2020\">\n\t\t\t\t<div class=\"sow-accordion-panel-header-container\" role=\"heading\" aria-level=\"2\">\n\t\t\t\t\t<div class=\"sow-accordion-panel-header\" tabindex=\"0\" role=\"button\" id=\"accordion-label-2020\" aria-controls=\"accordion-content-2020\" aria-expanded=\"false\">\n\t\t\t\t\t\t<div class=\"sow-accordion-title sow-accordion-title-icon-left\">\n\t\t\t\t\t\t\t\t\t\t\t\t\t\t2020\t\t\t\t\t\t\t\t\t\t\t\t\t<\/div>\n\t\t\t\t\t\t<div class=\"sow-accordion-open-close-button\">\n\t\t\t\t\t\t\t<div class=\"sow-accordion-open-button\">\n\t\t\t\t\t\t\t\t<span class=\"sow-icon-ionicons\" data-sow-icon=\"&#xf218;\"\n\t\t \n\t\taria-hidden=\"true\"><\/span>\t\t\t\t\t\t\t<\/div>\n\t\t\t\t\t\t\t<div class=\"sow-accordion-close-button\">\n\t\t\t\t\t\t\t\t<span class=\"sow-icon-ionicons\" data-sow-icon=\"&#xf209;\"\n\t\t \n\t\taria-hidden=\"true\"><\/span>\t\t\t\t\t\t\t<\/div>\n\t\t\t\t\t\t<\/div>\n\t\t\t\t\t<\/div>\n\t\t\t\t<\/div>\n\n\t\t\t<div\n\t\t\t\tclass=\"sow-accordion-panel-content\"\n\t\t\t\trole=\"region\"\n\t\t\t\taria-labelledby=\"accordion-label-2020\"\n\t\t\t\tid=\"accordion-content-2020\"\n\t\t\t\tstyle=\"display: none;\"\t\t\t>\n\t\t\t\t<div class=\"sow-accordion-panel-border\" tabindex=\"0\">\n\t\t\t\t\t\t\t\t\t<\/div>\n\t\t\t<\/div>\n\t\t<\/div>\n\t\t\t<div class=\"sow-accordion-panel\"\n\t\t\t data-anchor=\"anteriores\">\n\t\t\t\t<div class=\"sow-accordion-panel-header-container\" role=\"heading\" aria-level=\"2\">\n\t\t\t\t\t<div class=\"sow-accordion-panel-header\" tabindex=\"0\" role=\"button\" id=\"accordion-label-anteriores\" aria-controls=\"accordion-content-anteriores\" aria-expanded=\"false\">\n\t\t\t\t\t\t<div class=\"sow-accordion-title sow-accordion-title-icon-left\">\n\t\t\t\t\t\t\t\t\t\t\t\t\t\tAnteriores\t\t\t\t\t\t\t\t\t\t\t\t\t<\/div>\n\t\t\t\t\t\t<div class=\"sow-accordion-open-close-button\">\n\t\t\t\t\t\t\t<div class=\"sow-accordion-open-button\">\n\t\t\t\t\t\t\t\t<span class=\"sow-icon-ionicons\" data-sow-icon=\"&#xf218;\"\n\t\t \n\t\taria-hidden=\"true\"><\/span>\t\t\t\t\t\t\t<\/div>\n\t\t\t\t\t\t\t<div class=\"sow-accordion-close-button\">\n\t\t\t\t\t\t\t\t<span class=\"sow-icon-ionicons\" data-sow-icon=\"&#xf209;\"\n\t\t \n\t\taria-hidden=\"true\"><\/span>\t\t\t\t\t\t\t<\/div>\n\t\t\t\t\t\t<\/div>\n\t\t\t\t\t<\/div>\n\t\t\t\t<\/div>\n\n\t\t\t<div\n\t\t\t\tclass=\"sow-accordion-panel-content\"\n\t\t\t\trole=\"region\"\n\t\t\t\taria-labelledby=\"accordion-label-anteriores\"\n\t\t\t\tid=\"accordion-content-anteriores\"\n\t\t\t\tstyle=\"display: none;\"\t\t\t>\n\t\t\t\t<div class=\"sow-accordion-panel-border\" tabindex=\"0\">\n\t\t\t\t\t<p>Em breve mais informa\u00e7\u00f5es.<\/p>\n<p>&nbsp;<\/p>\n\t\t\t\t<\/div>\n\t\t\t<\/div>\n\t\t<\/div>\n\t\t<\/div>\n<\/div>\n<\/div><\/div><\/div><\/div><\/div>","protected":false},"excerpt":{"rendered":"<p>Editais: 2\u00ba VESTIBULAR EaD\/2025 2\u00ba\u00a0VESTIBULAR EaD 2025 \u00a0 Curso: Tecnologia em Produ\u00e7\u00e3o Cultural &nbsp; RESULTADO DE VAGAS REMANESCENTES &nbsp; &nbsp; EDITAIS ANTERIORES Manual de Vagas Remanescentes &nbsp; &nbsp; Divis\u00e3o de Matr\u00edcula EaD Diretoria Acad\u00eamica PROGRAD &#8211; UEPG &nbsp; &nbsp; 1\u00ba VESTIBULAR EaD 2025 1\u00ba\u00a0VESTIBULAR EaD 2025 \u00a0 Cursos: Lic. em Computa\u00e7\u00e3o, Lic. em Geografia, Lic.&nbsp;&hellip;<\/p>\n","protected":false},"author":24,"featured_media":3751,"parent":0,"menu_order":0,"comment_status":"closed","ping_status":"closed","template":"","meta":[],"_links":{"self":[{"href":"https:\/\/www2.uepg.br\/prograd\/wp-json\/wp\/v2\/pages\/3559"}],"collection":[{"href":"https:\/\/www2.uepg.br\/prograd\/wp-json\/wp\/v2\/pages"}],"about":[{"href":"https:\/\/www2.uepg.br\/prograd\/wp-json\/wp\/v2\/types\/page"}],"author":[{"embeddable":true,"href":"https:\/\/www2.uepg.br\/prograd\/wp-json\/wp\/v2\/users\/24"}],"replies":[{"embeddable":true,"href":"https:\/\/www2.uepg.br\/prograd\/wp-json\/wp\/v2\/comments?post=3559"}],"version-history":[{"count":172,"href":"https:\/\/www2.uepg.br\/prograd\/wp-json\/wp\/v2\/pages\/3559\/revisions"}],"predecessor-version":[{"id":10354,"href":"https:\/\/www2.uepg.br\/prograd\/wp-json\/wp\/v2\/pages\/3559\/revisions\/10354"}],"wp:featuredmedia":[{"embeddable":true,"href":"https:\/\/www2.uepg.br\/prograd\/wp-json\/wp\/v2\/media\/3751"}],"wp:attachment":[{"href":"https:\/\/www2.uepg.br\/prograd\/wp-json\/wp\/v2\/media?parent=3559"}],"curies":[{"name":"wp","href":"https:\/\/api.w.org\/{rel}","templated":true}]}}