{"id":3611,"date":"2021-10-19T15:01:27","date_gmt":"2021-10-19T18:01:27","guid":{"rendered":"https:\/\/www2.uepg.br\/prograd\/?page_id=3611"},"modified":"2021-11-08T09:30:25","modified_gmt":"2021-11-08T12:30:25","slug":"quem-somos","status":"publish","type":"page","link":"https:\/\/www2.uepg.br\/prograd\/quem-somos\/","title":{"rendered":"Quem Somos"},"content":{"rendered":"<h5>Todas as atividades da PROGRAD est\u00e3o divididas entre as suas Diretorias conforme:<\/h5>\n<p><a href=\"https:\/\/www2.uepg.br\/prograd\/diretoria-academica\/\"><strong>Diretoria Acad\u00eamica \u2013 DIACAD<\/strong><\/a><\/p>\n<p>Tem por finalidade assessorar a Pr\u00f3-Reitora de Gradua\u00e7\u00e3o, acompanhar, supervisionar, coordenar e estimular o planejamento e a execu\u00e7\u00e3o das atividades das suas Divis\u00f5es e Se\u00e7\u00f5es, desenvolvidas para o atendimento aos alunos, como registro acad\u00eamico e matr\u00edcula de calouros e veteranos, transfer\u00eancias de turno, reabertura e trancamento de curso, monitoria, atualiza\u00e7\u00e3o e aprendizagem did\u00e1tica, expedi\u00e7\u00e3o de documentos diversos, manuten\u00e7\u00e3o dos dados dos alunos no sistema de controle acad\u00eamico tanto dos cursos presenciais como os cursos \u00e0 dist\u00e2ncia, assessoria aos Diretores de Setor, professores, coordenadores e demais \u00f3rg\u00e3os da UEPG e ao p\u00fablico em geral, para orienta\u00e7\u00e3o e encaminhamento a outros setores quando for o caso, responsabilizando-se pelo calend\u00e1rio acad\u00eamico, Programa Paranaense de Mobilidade Discente e Transfer\u00eancias Externas de rotina.<\/p>\n<p>&nbsp;<\/p>\n<p><a href=\"https:\/\/www2.uepg.br\/prograd\/diretoria-administrativa\/\"><strong>Diretoria Administrativa \u2013 DIADM<\/strong><\/a><\/p>\n<p>A Diretoria Administrativa tem como atribui\u00e7\u00f5es assessorar a Pr\u00f3-Reitora de Gradua\u00e7\u00e3o na atualiza\u00e7\u00e3o da legisla\u00e7\u00e3o referente\u00a0 \u00e0s atividades da PROGRAD, supervisionar o preparo da documenta\u00e7\u00e3o para as solenidades de cola\u00e7\u00e3o de grau bem como a elabora\u00e7\u00e3o e execu\u00e7\u00e3o das atividades pertinentes \u00e0 expedi\u00e7\u00e3o\u00a0 e registro dos diplomas dos graduados, presta\u00e7\u00e3o de apoio aos \u00f3rg\u00e3os colegiados da Institui\u00e7\u00e3o no que concerne a detalhes sobre gradua\u00e7\u00e3o, expedi\u00e7\u00e3o, recebimento e encaminhamento de documentos acad\u00eamicos da Institui\u00e7\u00e3o. \u00c9 respons\u00e1vel pela implementa\u00e7\u00e3o e fomento de programas especiais perante os \u00f3rg\u00e3os superiores do governo federal e do governo estadual, efetuando o controle administrativo. \u00c9 de responsabilidade da Diretoria tamb\u00e9m, o controle administrativo dos estudantes-conv\u00eanio de gradua\u00e7\u00e3o.<\/p>\n<p>&nbsp;<\/p>\n<p><a href=\"https:\/\/www2.uepg.br\/prograd\/diretoria-de-ensino\/\"><strong>Diretoria de Ensino \u2013 DIREN<\/strong><\/a><\/p>\n<p>A Diretoria de Ensino tem como atribui\u00e7\u00f5es assessorar a Pr\u00f3-Reitora de Gradua\u00e7\u00e3o no desenvolvimento de suas atividades, gerenciar as atividades da Se\u00e7\u00e3o de Est\u00e1gio e da Divis\u00e3o de Projetos Pedag\u00f3gicos e Atividades Acad\u00eamicas relacionadas com os cursos de gradua\u00e7\u00e3o ofertados nas modalidades presencial e a dist\u00e2ncia no \u00e2mbito dos est\u00e1gios curriculares obrigat\u00f3rios e n\u00e3o obrigat\u00f3rios, programa de tutoria discente, projetos e programas integrados ensino\/pesquisa e ensino\/extens\u00e3o, conv\u00eanios com empresas\/escolas para realiza\u00e7\u00e3o de est\u00e1gios curriculares, banco de programas das disciplinas dos cursos de gradua\u00e7\u00e3o, projetos pedag\u00f3gicos de cursos de gradua\u00e7\u00e3o, cadastro de curr\u00edculos dos cursos de gradua\u00e7\u00e3o no sistema acad\u00eamico, regulamentos dos trabalhos de conclus\u00e3o de cursos dos cursos de gradua\u00e7\u00e3o, processos de reconhecimento e renova\u00e7\u00e3o de reconhecimento dos cursos de gradua\u00e7\u00e3o , atualiza\u00e7\u00e3o anual do Cat\u00e1logo Geral e de Cursos de Gradua\u00e7\u00e3o da UEPG.<\/p>\n<p>&nbsp;<\/p>\n<h5>Conta a PROGRAD, ainda, com as seguintes comiss\u00f5es:<\/h5>\n<p><strong>Comiss\u00e3o de Coordena\u00e7\u00e3o Geral das Licenciaturas \u2013 COPELIC<\/strong><\/p>\n<p>Respons\u00e1vel por propor e acompanhar a adapta\u00e7\u00e3o dos cursos de Licenciatura da Institui\u00e7\u00e3o \u00e0s Diretrizes Curriculares Nacionais, para a forma\u00e7\u00e3o de professores da educa\u00e7\u00e3o b\u00e1sica, em n\u00edvel superior, em curso de gradua\u00e7\u00e3o plena, apoiando e acompanhando os Colegiados de Curso nas mudan\u00e7as curriculares que se julgarem necess\u00e1rias.<\/p>\n<p>&nbsp;<\/p>\n<p><strong>Comiss\u00e3o Universidade para os \u00cdndios \u2013 CUIA<\/strong><\/p>\n<p>Respons\u00e1vel pelo acompanhamento e pela avalia\u00e7\u00e3o sistem\u00e1tica do processo geral de inclus\u00e3o e de perman\u00eancia na Universidade dos estudantes ind\u00edgenas.<\/p>\n<p>&nbsp;<\/p>\n<p><strong>Comiss\u00e3o Permanente de Sele\u00e7\u00e3o \u2013 CPS<\/strong><\/p>\n<p>\u00c9 respons\u00e1vel pela execu\u00e7\u00e3o, planejamento, coordena\u00e7\u00e3o dos concursos vestibulares, concursos internos da UEPG, e outros concursos encomendados por Prefeituras de Munic\u00edpios e demais \u00f3rg\u00e3os p\u00fablicos nas esferas estaduais e municipais.<\/p>\n<hr \/>\n<p>&nbsp;<\/p>\n<div id=\"missao\"><\/div>\n<div><\/div>\n<div><\/div>\n<div><\/div>\n<h3>Miss\u00e3o<\/h3>\n<blockquote><p>A PROGRAD em a\u00e7\u00e3o articulada com coordenadores de cursos, docentes e discentes, tem por miss\u00e3o a dire\u00e7\u00e3o, coordena\u00e7\u00e3o e controle de atividades relativas \u00e0 gradua\u00e7\u00e3o e cursos sequenciais \u2013 presenciais e \u00e0 dist\u00e2ncia, visando o crescimento institucional, a qualidade de ensino e a promo\u00e7\u00e3o de docentes e discentes para sua qualifica\u00e7\u00e3o profissional e pessoal.<\/p><\/blockquote>\n","protected":false},"excerpt":{"rendered":"<p>Todas as atividades da PROGRAD est\u00e3o divididas entre as suas Diretorias conforme: Diretoria Acad\u00eamica \u2013 DIACAD Tem por finalidade assessorar a Pr\u00f3-Reitora de Gradua\u00e7\u00e3o, acompanhar, supervisionar, coordenar e estimular o planejamento e a execu\u00e7\u00e3o das atividades das suas Divis\u00f5es e Se\u00e7\u00f5es, desenvolvidas para o atendimento aos alunos, como registro acad\u00eamico e matr\u00edcula de calouros e&nbsp;&hellip;<\/p>\n","protected":false},"author":24,"featured_media":148,"parent":0,"menu_order":0,"comment_status":"closed","ping_status":"closed","template":"","meta":[],"_links":{"self":[{"href":"https:\/\/www2.uepg.br\/prograd\/wp-json\/wp\/v2\/pages\/3611"}],"collection":[{"href":"https:\/\/www2.uepg.br\/prograd\/wp-json\/wp\/v2\/pages"}],"about":[{"href":"https:\/\/www2.uepg.br\/prograd\/wp-json\/wp\/v2\/types\/page"}],"author":[{"embeddable":true,"href":"https:\/\/www2.uepg.br\/prograd\/wp-json\/wp\/v2\/users\/24"}],"replies":[{"embeddable":true,"href":"https:\/\/www2.uepg.br\/prograd\/wp-json\/wp\/v2\/comments?post=3611"}],"version-history":[{"count":2,"href":"https:\/\/www2.uepg.br\/prograd\/wp-json\/wp\/v2\/pages\/3611\/revisions"}],"predecessor-version":[{"id":3613,"href":"https:\/\/www2.uepg.br\/prograd\/wp-json\/wp\/v2\/pages\/3611\/revisions\/3613"}],"wp:featuredmedia":[{"embeddable":true,"href":"https:\/\/www2.uepg.br\/prograd\/wp-json\/wp\/v2\/media\/148"}],"wp:attachment":[{"href":"https:\/\/www2.uepg.br\/prograd\/wp-json\/wp\/v2\/media?parent=3611"}],"curies":[{"name":"wp","href":"https:\/\/api.w.org\/{rel}","templated":true}]}}