{"id":3712,"date":"2021-10-29T08:50:19","date_gmt":"2021-10-29T11:50:19","guid":{"rendered":"https:\/\/www2.uepg.br\/prograd\/?page_id=3712"},"modified":"2021-12-14T19:48:47","modified_gmt":"2021-12-14T22:48:47","slug":"complementacao","status":"publish","type":"page","link":"https:\/\/www2.uepg.br\/prograd\/complementacao\/","title":{"rendered":"Complementa\u00e7\u00e3o"},"content":{"rendered":"<div id=\"pl-3712\"  class=\"panel-layout\" ><div id=\"pg-3712-0\"  class=\"panel-grid panel-no-style\" ><div id=\"pgc-3712-0-0\"  class=\"panel-grid-cell\" ><div id=\"panel-3712-0-0-0\" class=\"so-panel widget widget_sow-accordion panel-first-child panel-last-child\" data-index=\"0\" ><div\n\t\t\t\n\t\t\tclass=\"so-widget-sow-accordion so-widget-sow-accordion-default-cfe741d4f49c-3712\"\n\t\t\t\n\t\t><div>\n\t<div class=\"sow-accordion\">\n\t\t\t<div class=\"sow-accordion-panel\"\n\t\t\t data-anchor=\"complementa%c3%a7%c3%a3o-para-o-curso-de-gradua%c3%a7%c3%a3o-de-licenciatura-em-pedagogia\">\n\t\t\t\t<div class=\"sow-accordion-panel-header-container\" role=\"heading\" aria-level=\"2\">\n\t\t\t\t\t<div class=\"sow-accordion-panel-header\" tabindex=\"0\" role=\"button\" id=\"accordion-label-complementa%c3%a7%c3%a3o-para-o-curso-de-gradua%c3%a7%c3%a3o-de-licenciatura-em-pedagogia\" aria-controls=\"accordion-content-complementa%c3%a7%c3%a3o-para-o-curso-de-gradua%c3%a7%c3%a3o-de-licenciatura-em-pedagogia\" aria-expanded=\"false\">\n\t\t\t\t\t\t<div class=\"sow-accordion-title sow-accordion-title-icon-left\">\n\t\t\t\t\t\t\t\t\t\t\t\t\t\tCOMPLEMENTA\u00c7\u00c3O PARA O CURSO DE GRADUA\u00c7\u00c3O DE LICENCIATURA EM PEDAGOGIA\t\t\t\t\t\t\t\t\t\t\t\t\t<\/div>\n\t\t\t\t\t\t<div class=\"sow-accordion-open-close-button\">\n\t\t\t\t\t\t\t<div class=\"sow-accordion-open-button\">\n\t\t\t\t\t\t\t\t<span class=\"sow-icon-ionicons\" data-sow-icon=\"&#xf218;\"\n\t\t \n\t\taria-hidden=\"true\"><\/span>\t\t\t\t\t\t\t<\/div>\n\t\t\t\t\t\t\t<div class=\"sow-accordion-close-button\">\n\t\t\t\t\t\t\t\t<span class=\"sow-icon-ionicons\" data-sow-icon=\"&#xf209;\"\n\t\t \n\t\taria-hidden=\"true\"><\/span>\t\t\t\t\t\t\t<\/div>\n\t\t\t\t\t\t<\/div>\n\t\t\t\t\t<\/div>\n\t\t\t\t<\/div>\n\n\t\t\t<div\n\t\t\t\tclass=\"sow-accordion-panel-content\"\n\t\t\t\trole=\"region\"\n\t\t\t\taria-labelledby=\"accordion-label-complementa%c3%a7%c3%a3o-para-o-curso-de-gradua%c3%a7%c3%a3o-de-licenciatura-em-pedagogia\"\n\t\t\t\tid=\"accordion-content-complementa%c3%a7%c3%a3o-para-o-curso-de-gradua%c3%a7%c3%a3o-de-licenciatura-em-pedagogia\"\n\t\t\t\tstyle=\"display: none;\"\t\t\t>\n\t\t\t\t<div class=\"sow-accordion-panel-border\" tabindex=\"0\">\n\t\t\t\t\t<p>&nbsp;<\/p>\n<h3 style=\"text-align: center\"><span style=\"color: #3366ff\"><strong>MANUAL DE COMPLEMENTA\u00c7\u00c3O PARA O CURSO DE GRADUA\u00c7\u00c3O DE LICENCIATURA EM PEDAGOGIA<\/strong><\/span><\/h3>\n<p>&nbsp;<\/p>\n<h4 style=\"text-align: center\">Polos Ofertados:<br \/>\nCerro Azul, Jaguaria\u00edva, Palmital, Paranagu\u00e1, Ponta Grossa, Pontal do Paran\u00e1, Reserva, S\u00e3o Mateus do Sul, Siqueira Campos e Tel\u00eamaco Borba<\/h4>\n<p>&nbsp;<\/p>\n<p style=\"text-align: center\">Destinado aos concluintes do Curso Normal Superior da UEPG ofertado nos anos de 2000 a 2005, bem como aos concluintes do Curso Normal Superior finalizado em qualquer outra Institui\u00e7\u00e3o de Ensino (IES), independentemente do ano.<\/p>\n<p>&nbsp;<\/p>\n<p style=\"text-align: center\">As inscri\u00e7\u00f5es estiveram dispon\u00edveis das 10:00 (dez horas) do dia 08 de novembro \u00e0s 16:00 (dezesseis horas) do dia 30 de Novembro de 2021.<\/p>\n<p>&nbsp;<\/p>\n<h3 style=\"text-align: center\"><span style=\"color: #3366ff\"><em><strong>INSCRI\u00c7\u00d5ES\u00a0 (Encerradas)<\/strong><\/em><\/span><\/h3>\n<p>&nbsp;<\/p>\n<p>&nbsp;<\/p>\n<h3 style=\"text-align: center\"><em><a href=\"https:\/\/www2.uepg.br\/prograd\/wp-content\/uploads\/sites\/19\/2021\/12\/SEI_UEPG-0771866-Edital-RESULTADO.pdf\" target=\"_blank\" rel=\"noopener\"><span style=\"color: #3366ff\"><strong>RESULTADO<\/strong><\/span><span style=\"color: #3366ff\"><strong>\u00a0 DO PROCESSO PARA COMPLEMENTA\u00c7\u00c3O DO CURSO DE GRADUA\u00c7\u00c3O DE LICENCIATURA EM PEDAGOGIA<\/strong><\/span><\/a><\/em><\/h3>\n<p>&nbsp;<\/p>\n<p>&nbsp;<\/p>\n<p style=\"text-align: center\">Para maiores informa\u00e7\u00f5es, leia o<span style=\"color: #3366ff\"><strong><em> <a style=\"color: #3366ff\" href=\"https:\/\/www2.uepg.br\/prograd\/wp-content\/uploads\/sites\/19\/2021\/11\/SEI_UEPG-0566983-Edital_CURSONORMALSUPERIOR_05-11-2021.pdf\">Manual<\/a><\/em><\/strong> :<\/span><\/p>\n<p>&nbsp;<\/p>\n<p>&nbsp;<\/p>\n<p style=\"text-align: center\">\n<\/p>\t\t\t\t<\/div>\n\t\t\t<\/div>\n\t\t<\/div>\n\t\t<\/div>\n<\/div>\n<\/div><\/div><\/div><\/div><\/div>","protected":false},"excerpt":{"rendered":"<p>COMPLEMENTA\u00c7\u00c3O PARA O CURSO DE GRADUA\u00c7\u00c3O DE LICENCIATURA EM PEDAGOGIA &nbsp; MANUAL DE COMPLEMENTA\u00c7\u00c3O PARA O CURSO DE GRADUA\u00c7\u00c3O DE LICENCIATURA EM PEDAGOGIA &nbsp; Polos Ofertados: Cerro Azul, Jaguaria\u00edva, Palmital, Paranagu\u00e1, Ponta Grossa, Pontal do Paran\u00e1, Reserva, S\u00e3o Mateus do Sul, Siqueira Campos e Tel\u00eamaco Borba &nbsp; Destinado aos concluintes do Curso Normal Superior da&nbsp;&hellip;<\/p>\n","protected":false},"author":24,"featured_media":3751,"parent":0,"menu_order":0,"comment_status":"closed","ping_status":"closed","template":"","meta":[],"_links":{"self":[{"href":"https:\/\/www2.uepg.br\/prograd\/wp-json\/wp\/v2\/pages\/3712"}],"collection":[{"href":"https:\/\/www2.uepg.br\/prograd\/wp-json\/wp\/v2\/pages"}],"about":[{"href":"https:\/\/www2.uepg.br\/prograd\/wp-json\/wp\/v2\/types\/page"}],"author":[{"embeddable":true,"href":"https:\/\/www2.uepg.br\/prograd\/wp-json\/wp\/v2\/users\/24"}],"replies":[{"embeddable":true,"href":"https:\/\/www2.uepg.br\/prograd\/wp-json\/wp\/v2\/comments?post=3712"}],"version-history":[{"count":20,"href":"https:\/\/www2.uepg.br\/prograd\/wp-json\/wp\/v2\/pages\/3712\/revisions"}],"predecessor-version":[{"id":4248,"href":"https:\/\/www2.uepg.br\/prograd\/wp-json\/wp\/v2\/pages\/3712\/revisions\/4248"}],"wp:featuredmedia":[{"embeddable":true,"href":"https:\/\/www2.uepg.br\/prograd\/wp-json\/wp\/v2\/media\/3751"}],"wp:attachment":[{"href":"https:\/\/www2.uepg.br\/prograd\/wp-json\/wp\/v2\/media?parent=3712"}],"curies":[{"name":"wp","href":"https:\/\/api.w.org\/{rel}","templated":true}]}}