{"id":3878,"date":"2021-11-30T15:04:46","date_gmt":"2021-11-30T18:04:46","guid":{"rendered":"https:\/\/www2.uepg.br\/prograd\/?page_id=3878"},"modified":"2026-04-16T14:54:08","modified_gmt":"2026-04-16T17:54:08","slug":"formularios-e-documentos-para-novos-projetos-pedagogicos","status":"publish","type":"page","link":"https:\/\/www2.uepg.br\/prograd\/formularios-e-documentos-para-novos-projetos-pedagogicos\/","title":{"rendered":"Formul\u00e1rios e Documentos para novos Projetos Pedag\u00f3gicos"},"content":{"rendered":"<div id=\"pl-3878\"  class=\"panel-layout\" ><div id=\"pg-3878-0\"  class=\"panel-grid panel-no-style\" ><div id=\"pgc-3878-0-0\"  class=\"panel-grid-cell\" ><div id=\"panel-3878-0-0-0\" class=\"so-panel widget widget_sow-accordion panel-first-child panel-last-child\" data-index=\"0\" ><div\n\t\t\t\n\t\t\tclass=\"so-widget-sow-accordion so-widget-sow-accordion-default-cfe741d4f49c-3878\"\n\t\t\t\n\t\t><div>\n\t<div class=\"sow-accordion\">\n\t\t\t<div class=\"sow-accordion-panel\"\n\t\t\t data-anchor=\"formul%c3%a1rios\">\n\t\t\t\t<div class=\"sow-accordion-panel-header-container\" role=\"heading\" aria-level=\"2\">\n\t\t\t\t\t<div class=\"sow-accordion-panel-header\" tabindex=\"0\" role=\"button\" id=\"accordion-label-formul%c3%a1rios\" aria-controls=\"accordion-content-formul%c3%a1rios\" aria-expanded=\"false\">\n\t\t\t\t\t\t<div class=\"sow-accordion-title sow-accordion-title-icon-left\">\n\t\t\t\t\t\t\t\t\t\t\t\t\t\tFormul\u00e1rios\t\t\t\t\t\t\t\t\t\t\t\t\t<\/div>\n\t\t\t\t\t\t<div class=\"sow-accordion-open-close-button\">\n\t\t\t\t\t\t\t<div class=\"sow-accordion-open-button\">\n\t\t\t\t\t\t\t\t<span class=\"sow-icon-ionicons\" data-sow-icon=\"&#xf218;\"\n\t\t \n\t\taria-hidden=\"true\"><\/span>\t\t\t\t\t\t\t<\/div>\n\t\t\t\t\t\t\t<div class=\"sow-accordion-close-button\">\n\t\t\t\t\t\t\t\t<span class=\"sow-icon-ionicons\" data-sow-icon=\"&#xf209;\"\n\t\t \n\t\taria-hidden=\"true\"><\/span>\t\t\t\t\t\t\t<\/div>\n\t\t\t\t\t\t<\/div>\n\t\t\t\t\t<\/div>\n\t\t\t\t<\/div>\n\n\t\t\t<div\n\t\t\t\tclass=\"sow-accordion-panel-content\"\n\t\t\t\trole=\"region\"\n\t\t\t\taria-labelledby=\"accordion-label-formul%c3%a1rios\"\n\t\t\t\tid=\"accordion-content-formul%c3%a1rios\"\n\t\t\t\tstyle=\"display: none;\"\t\t\t>\n\t\t\t\t<div class=\"sow-accordion-panel-border\" tabindex=\"0\">\n\t\t\t\t\t<table width=\"673\">\n<tbody>\n<tr>\n<td><\/td>\n<td><\/td>\n<\/tr>\n<tr>\n<td>16\/04\/2026<\/td>\n<td><a href=\"https:\/\/www2.uepg.br\/prograd\/formularios-e-documentos-para-novos-projetos-pedagogicos\/formulario_2025_ppc_lic-_atualizado-16-04-26\/\" rel=\"attachment wp-att-10581\">Formulario_PPC_licenciaturas_2026<\/a><\/td>\n<\/tr>\n<tr>\n<td>16\/04\/2026<\/td>\n<td><a href=\"https:\/\/www2.uepg.br\/prograd\/formularios-e-documentos-para-novos-projetos-pedagogicos\/formulario_2025_ppc_bacharelado-16-04-26\/\" rel=\"attachment wp-att-10585\">Formul\u00e1rio_2026_PPC_Bacharelado <\/a><\/td>\n<\/tr>\n<tr>\n<td>23\/08\/2022<\/td>\n<td>Formulario_PPC-bacharelado EAD_<\/td>\n<\/tr>\n<tr>\n<td>13\/09\/2021<\/td>\n<td><a href=\"https:\/\/www2.uepg.br\/prograd\/diretoria-de-ensino\/projetos-pedagogicos\/anexo_i_fluxograma_bacharelado-_2021\/\" rel=\"attachment wp-att-3429\">Anexo_I_Fluxograma_Bacharelado _2021<\/a><\/td>\n<\/tr>\n<tr>\n<td>13\/09\/2025<\/td>\n<td><a href=\"https:\/\/www2.uepg.br\/prograd\/formularios-e-documentos-para-novos-projetos-pedagogicos\/anexo_i_fluxograma_licenciaturas-_2025\/\" rel=\"attachment wp-att-9960\">Anexo_I_Fluxograma_Licenciaturas anual -_2025<\/a><\/td>\n<\/tr>\n<tr>\n<td>12\/11\/2025<\/td>\n<td><a href=\"https:\/\/www2.uepg.br\/prograd\/formularios-e-documentos-para-novos-projetos-pedagogicos\/anexo_i_fluxograma_licenciaturas-_2025-1-xlsx-semestral\/\" rel=\"attachment wp-att-10004\">Anexo_I_Fluxograma_Licenciaturas semestral -_2025<\/a><\/td>\n<\/tr>\n<tr>\n<td>05\/11\/2025<\/td>\n<td><a href=\"https:\/\/www2.uepg.br\/prograd\/formularios-e-documentos-para-novos-projetos-pedagogicos\/anexo_ii_declaracao_de_aceite-2025_licenciaturas\/\" rel=\"attachment wp-att-9981\">Anexo_II_Declaracao_de_Aceite-2025_Licenciaturas<\/a><\/td>\n<\/tr>\n<tr>\n<td>13\/09\/2021<\/td>\n<td><a href=\"https:\/\/www2.uepg.br\/prograd\/diretoria-de-ensino\/projetos-pedagogicos\/anexo_ii_declaracao_de_aceite-12021\/\" rel=\"attachment wp-att-3435\">Anexo_II_Declaracao_de_Aceite Bacharelado_2021<\/a><\/td>\n<\/tr>\n<tr>\n<td>23\/06\/2021<\/td>\n<td><a href=\"https:\/\/www2.uepg.br\/prograd\/diretoria-de-ensino\/projetos-pedagogicos\/anexo_iii_tabela_equivalencia-3\/\" rel=\"attachment wp-att-3123\">Anexo_III_Tabela_Equivalencia<\/a><\/td>\n<\/tr>\n<tr>\n<td>26\/09\/2022<\/td>\n<td><a href=\"https:\/\/www2.uepg.br\/prograd\/formularios-e-documentos-para-novos-projetos-pedagogicos\/modelo-parecer-circunstanciado-3\/\" rel=\"attachment wp-att-5845\">Modelo Parecer Circunstanciado<\/a><\/td>\n<\/tr>\n<tr>\n<td>26\/09\/2022<\/td>\n<td><a href=\"https:\/\/www2.uepg.br\/prograd\/fichas-de-tramitacao\/\" target=\"_blank\" rel=\"noopener\">Fichas de Tramita\u00e7\u00e3o<\/a><\/td>\n<\/tr>\n<tr>\n<td>20\/08\/2025<\/td>\n<td><a href=\"http:\/\/www2.uepg.br\/prograd\/wp-content\/uploads\/sites\/19\/2025\/08\/Departamentos-1.pdf\" target=\"_blank\" rel=\"noopener\">Rela\u00e7\u00e3o de Departamentos<\/a><\/td>\n<\/tr>\n<\/tbody>\n<\/table>\n\t\t\t\t<\/div>\n\t\t\t<\/div>\n\t\t<\/div>\n\t\t\t<div class=\"sow-accordion-panel\"\n\t\t\t data-anchor=\"documentos\">\n\t\t\t\t<div class=\"sow-accordion-panel-header-container\" role=\"heading\" aria-level=\"2\">\n\t\t\t\t\t<div class=\"sow-accordion-panel-header\" tabindex=\"0\" role=\"button\" id=\"accordion-label-documentos\" aria-controls=\"accordion-content-documentos\" aria-expanded=\"false\">\n\t\t\t\t\t\t<div class=\"sow-accordion-title sow-accordion-title-icon-left\">\n\t\t\t\t\t\t\t\t\t\t\t\t\t\tDocumentos\t\t\t\t\t\t\t\t\t\t\t\t\t<\/div>\n\t\t\t\t\t\t<div class=\"sow-accordion-open-close-button\">\n\t\t\t\t\t\t\t<div class=\"sow-accordion-open-button\">\n\t\t\t\t\t\t\t\t<span class=\"sow-icon-ionicons\" data-sow-icon=\"&#xf218;\"\n\t\t \n\t\taria-hidden=\"true\"><\/span>\t\t\t\t\t\t\t<\/div>\n\t\t\t\t\t\t\t<div class=\"sow-accordion-close-button\">\n\t\t\t\t\t\t\t\t<span class=\"sow-icon-ionicons\" data-sow-icon=\"&#xf209;\"\n\t\t \n\t\taria-hidden=\"true\"><\/span>\t\t\t\t\t\t\t<\/div>\n\t\t\t\t\t\t<\/div>\n\t\t\t\t\t<\/div>\n\t\t\t\t<\/div>\n\n\t\t\t<div\n\t\t\t\tclass=\"sow-accordion-panel-content\"\n\t\t\t\trole=\"region\"\n\t\t\t\taria-labelledby=\"accordion-label-documentos\"\n\t\t\t\tid=\"accordion-content-documentos\"\n\t\t\t\tstyle=\"display: none;\"\t\t\t>\n\t\t\t\t<div class=\"sow-accordion-panel-border\" tabindex=\"0\">\n\t\t\t\t\t<p><a href=\"https:\/\/www2.uepg.br\/prograd\/formularios-e-documentos-para-novos-projetos-pedagogicos\/modelo_de_programa_de_disciplina_para_professor_2023-3\/\" rel=\"attachment wp-att-6831\">Modelo Programa de Disciplina<\/a><\/p>\n<p><a href=\"https:\/\/www2.uepg.br\/prograd\/formularios-e-documentos-para-novos-projetos-pedagogicos\/5-1-novos-projetos-pedagogicos-de-cursos-ja-existentes-novo-curriculo\/\" target=\"_blank\" rel=\"attachment noopener wp-att-5224\">Ficha de Tramita\u00e7\u00e3o de Processos<\/a> para os Projetos Pedag\u00f3gicos cursos j\u00e1 existentes.<\/p>\n<p><a href=\"https:\/\/www2.uepg.br\/prograd\/formularios-e-documentos-para-novos-projetos-pedagogicos\/5-2-criacao\/\" target=\"_blank\" rel=\"attachment noopener wp-att-5225\">Ficha de Tramita\u00e7\u00e3o de Processos<\/a> para os Projetos Pedag\u00f3gicos novos cursos.<\/p>\n<p><a href=\"https:\/\/www2.uepg.br\/prograd\/formularios-e-documentos-para-novos-projetos-pedagogicos\/5-5-adequacao-curricular\/\" target=\"_blank\" rel=\"attachment noopener wp-att-5227\">Ficha de Tramita\u00e7\u00e3o de Processos<\/a> para Adequa\u00e7\u00e3o Curricular.<\/p>\n\t\t\t\t<\/div>\n\t\t\t<\/div>\n\t\t<\/div>\n\t\t<\/div>\n<\/div>\n<\/div><\/div><\/div><\/div><\/div>","protected":false},"excerpt":{"rendered":"<p>Formul\u00e1rios 16\/04\/2026 Formulario_PPC_licenciaturas_2026 16\/04\/2026 Formul\u00e1rio_2026_PPC_Bacharelado 23\/08\/2022 Formulario_PPC-bacharelado EAD_ 13\/09\/2021 Anexo_I_Fluxograma_Bacharelado _2021 13\/09\/2025 Anexo_I_Fluxograma_Licenciaturas anual -_2025 12\/11\/2025 Anexo_I_Fluxograma_Licenciaturas semestral -_2025 05\/11\/2025 Anexo_II_Declaracao_de_Aceite-2025_Licenciaturas 13\/09\/2021 Anexo_II_Declaracao_de_Aceite Bacharelado_2021 23\/06\/2021 Anexo_III_Tabela_Equivalencia 26\/09\/2022 Modelo Parecer Circunstanciado 26\/09\/2022 Fichas de Tramita\u00e7\u00e3o 20\/08\/2025 Rela\u00e7\u00e3o de Departamentos Documentos Modelo Programa de Disciplina Ficha de Tramita\u00e7\u00e3o de Processos para os Projetos Pedag\u00f3gicos cursos j\u00e1 existentes.&nbsp;&hellip;<\/p>\n","protected":false},"author":24,"featured_media":4141,"parent":0,"menu_order":0,"comment_status":"closed","ping_status":"closed","template":"","meta":[],"_links":{"self":[{"href":"https:\/\/www2.uepg.br\/prograd\/wp-json\/wp\/v2\/pages\/3878"}],"collection":[{"href":"https:\/\/www2.uepg.br\/prograd\/wp-json\/wp\/v2\/pages"}],"about":[{"href":"https:\/\/www2.uepg.br\/prograd\/wp-json\/wp\/v2\/types\/page"}],"author":[{"embeddable":true,"href":"https:\/\/www2.uepg.br\/prograd\/wp-json\/wp\/v2\/users\/24"}],"replies":[{"embeddable":true,"href":"https:\/\/www2.uepg.br\/prograd\/wp-json\/wp\/v2\/comments?post=3878"}],"version-history":[{"count":39,"href":"https:\/\/www2.uepg.br\/prograd\/wp-json\/wp\/v2\/pages\/3878\/revisions"}],"predecessor-version":[{"id":10584,"href":"https:\/\/www2.uepg.br\/prograd\/wp-json\/wp\/v2\/pages\/3878\/revisions\/10584"}],"wp:featuredmedia":[{"embeddable":true,"href":"https:\/\/www2.uepg.br\/prograd\/wp-json\/wp\/v2\/media\/4141"}],"wp:attachment":[{"href":"https:\/\/www2.uepg.br\/prograd\/wp-json\/wp\/v2\/media?parent=3878"}],"curies":[{"name":"wp","href":"https:\/\/api.w.org\/{rel}","templated":true}]}}