{"id":3958,"date":"2021-12-02T10:32:13","date_gmt":"2021-12-02T13:32:13","guid":{"rendered":"https:\/\/www2.uepg.br\/prograd\/?page_id=3958"},"modified":"2022-05-18T10:41:23","modified_gmt":"2022-05-18T13:41:23","slug":"projeto-integrado-de-ensino","status":"publish","type":"page","link":"https:\/\/www2.uepg.br\/prograd\/projeto-integrado-de-ensino\/","title":{"rendered":"Projeto Integrado de Ensino"},"content":{"rendered":"<h4 style=\"text-align: center\"><strong>Projeto Integrado de Ensino, Pesquisa e\/ou Extens\u00e3o\u00a0<\/strong><\/h4>\n<h4 style=\"text-align: center\"><strong>RESOLU\u00c7\u00c3O CEPE N\u00ba 025, DE 21 DE JUNHO DE 2013<\/strong><\/h4>\n<h4><\/h4>\n<p><strong>Caracteriza\u00e7\u00e3o:<\/strong><br \/>\nConstituem um conjunto de atividades de car\u00e1ter tempor\u00e1rio ou permanente que visam \u00e0 reflex\u00e3o e melhoria do processo de ensino\/aprendizagem nos Cursos de Gradua\u00e7\u00e3o.<br \/>\nOs programas e projetos integrados s\u00e3o aqueles que contemplam em suas fases, a\u00e7\u00f5es conjuntas e inter-relacionadas nas \u00e1reas de Ensino\/Pesquisa e Ensino\/Extens\u00e3o.<\/p>\n<p>Professor, fique atento!!<br \/>\nSeu projeto deve estar registrado e protocolado na Prograd, durante toda a sua etapa, atrav\u00e9s do protocolo digital SEI.<\/p>\n<p>&nbsp;<\/p>\n<p><strong>Documenta\u00e7\u00f5es que acompanham as etapas do Projeto:<\/strong><br \/>\n* <a href=\"http:\/\/www2.uepg.br\/prograd\/wp-content\/uploads\/sites\/19\/2021\/12\/Resol-CEPE-25_2013.pdf\" target=\"_blank\" rel=\"noopener\">Resolu\u00e7\u00e3o CEPE N\u00ba 025, DE 21 DE JUNHO DE 2013;<\/a><br \/>\n* <a href=\"https:\/\/www2.uepg.br\/prograd\/projeto-integrado-de-ensino\/modelo-proposta-de-programa-e_ou-projeto\/\" rel=\"attachment wp-att-4059\">Proposta de Programa e\/ou Projeto;<\/a><br \/>\n* <a href=\"https:\/\/www2.uepg.br\/prograd\/projeto-integrado-de-ensino\/modelo-relatorio-anual-1\/\" target=\"_blank\" rel=\"attachment noopener wp-att-4062\">Relat\u00f3rio Anual;<\/a><br \/>\n* <a href=\"https:\/\/www2.uepg.br\/prograd\/projeto-integrado-de-ensino\/modelo-relatorio-final-2\/\" target=\"_blank\" rel=\"attachment noopener wp-att-4071\">Relat\u00f3rio Final;<\/a><br \/>\n* <a href=\"https:\/\/www2.uepg.br\/prograd\/projeto-integrado-de-ensino\/parecer-fundamentado-sobre-programa_projeto-de-ensino-2\/\" target=\"_blank\" rel=\"attachment noopener wp-att-4069\">Parecer Fundamentado sobre o Programa\/Projeto de Ensino.<\/a><\/p>\n","protected":false},"excerpt":{"rendered":"<p>Projeto Integrado de Ensino, Pesquisa e\/ou Extens\u00e3o\u00a0 RESOLU\u00c7\u00c3O CEPE N\u00ba 025, DE 21 DE JUNHO DE 2013 Caracteriza\u00e7\u00e3o: Constituem um conjunto de atividades de car\u00e1ter tempor\u00e1rio ou permanente que visam \u00e0 reflex\u00e3o e melhoria do processo de ensino\/aprendizagem nos Cursos de Gradua\u00e7\u00e3o. Os programas e projetos integrados s\u00e3o aqueles que contemplam em suas fases, a\u00e7\u00f5es&nbsp;&hellip;<\/p>\n","protected":false},"author":24,"featured_media":0,"parent":0,"menu_order":0,"comment_status":"closed","ping_status":"closed","template":"","meta":[],"_links":{"self":[{"href":"https:\/\/www2.uepg.br\/prograd\/wp-json\/wp\/v2\/pages\/3958"}],"collection":[{"href":"https:\/\/www2.uepg.br\/prograd\/wp-json\/wp\/v2\/pages"}],"about":[{"href":"https:\/\/www2.uepg.br\/prograd\/wp-json\/wp\/v2\/types\/page"}],"author":[{"embeddable":true,"href":"https:\/\/www2.uepg.br\/prograd\/wp-json\/wp\/v2\/users\/24"}],"replies":[{"embeddable":true,"href":"https:\/\/www2.uepg.br\/prograd\/wp-json\/wp\/v2\/comments?post=3958"}],"version-history":[{"count":17,"href":"https:\/\/www2.uepg.br\/prograd\/wp-json\/wp\/v2\/pages\/3958\/revisions"}],"predecessor-version":[{"id":4051,"href":"https:\/\/www2.uepg.br\/prograd\/wp-json\/wp\/v2\/pages\/3958\/revisions\/4051"}],"wp:attachment":[{"href":"https:\/\/www2.uepg.br\/prograd\/wp-json\/wp\/v2\/media?parent=3958"}],"curies":[{"name":"wp","href":"https:\/\/api.w.org\/{rel}","templated":true}]}}