{"id":4094,"date":"2021-12-09T11:34:27","date_gmt":"2021-12-09T14:34:27","guid":{"rendered":"https:\/\/www2.uepg.br\/prograd\/?page_id=4094"},"modified":"2025-06-26T16:14:01","modified_gmt":"2025-06-26T19:14:01","slug":"autorizacao-e-reconhecimento-de-cursos","status":"publish","type":"page","link":"https:\/\/www2.uepg.br\/prograd\/autorizacao-e-reconhecimento-de-cursos\/","title":{"rendered":"Autoriza\u00e7\u00e3o e Reconhecimento de Cursos"},"content":{"rendered":"<div id=\"pl-4094\"  class=\"panel-layout\" ><div id=\"pg-4094-0\"  class=\"panel-grid panel-no-style\" ><div id=\"pgc-4094-0-0\"  class=\"panel-grid-cell\" ><div id=\"panel-4094-0-0-0\" class=\"so-panel widget widget_sow-accordion panel-first-child panel-last-child\" data-index=\"0\" ><div\n\t\t\t\n\t\t\tclass=\"so-widget-sow-accordion so-widget-sow-accordion-default-cfe741d4f49c-4094\"\n\t\t\t\n\t\t><div>\n\t<div class=\"sow-accordion\">\n\t\t\t<div class=\"sow-accordion-panel\"\n\t\t\t data-anchor=\"setor-i-%e2%80%93-ci%c3%aancias-exatas-e-naturais\">\n\t\t\t\t<div class=\"sow-accordion-panel-header-container\" role=\"heading\" aria-level=\"2\">\n\t\t\t\t\t<div class=\"sow-accordion-panel-header\" tabindex=\"0\" role=\"button\" id=\"accordion-label-setor-i-%e2%80%93-ci%c3%aancias-exatas-e-naturais\" aria-controls=\"accordion-content-setor-i-%e2%80%93-ci%c3%aancias-exatas-e-naturais\" aria-expanded=\"false\">\n\t\t\t\t\t\t<div class=\"sow-accordion-title sow-accordion-title-icon-left\">\n\t\t\t\t\t\t\t\t\t\t\t\t\t\tSetor I \u2013 Ci\u00eancias Exatas e Naturais\t\t\t\t\t\t\t\t\t\t\t\t\t<\/div>\n\t\t\t\t\t\t<div class=\"sow-accordion-open-close-button\">\n\t\t\t\t\t\t\t<div class=\"sow-accordion-open-button\">\n\t\t\t\t\t\t\t\t<span class=\"sow-icon-ionicons\" data-sow-icon=\"&#xf218;\"\n\t\t \n\t\taria-hidden=\"true\"><\/span>\t\t\t\t\t\t\t<\/div>\n\t\t\t\t\t\t\t<div class=\"sow-accordion-close-button\">\n\t\t\t\t\t\t\t\t<span class=\"sow-icon-ionicons\" data-sow-icon=\"&#xf209;\"\n\t\t \n\t\taria-hidden=\"true\"><\/span>\t\t\t\t\t\t\t<\/div>\n\t\t\t\t\t\t<\/div>\n\t\t\t\t\t<\/div>\n\t\t\t\t<\/div>\n\n\t\t\t<div\n\t\t\t\tclass=\"sow-accordion-panel-content\"\n\t\t\t\trole=\"region\"\n\t\t\t\taria-labelledby=\"accordion-label-setor-i-%e2%80%93-ci%c3%aancias-exatas-e-naturais\"\n\t\t\t\tid=\"accordion-content-setor-i-%e2%80%93-ci%c3%aancias-exatas-e-naturais\"\n\t\t\t\tstyle=\"display: none;\"\t\t\t>\n\t\t\t\t<div class=\"sow-accordion-panel-border\" tabindex=\"0\">\n\t\t\t\t\t<table class=\" aligncenter\">\n<tbody>\n<tr>\n<td colspan=\"3\" width=\"710\"><strong>SETOR DE CI\u00caNCIAS EXATAS E NATURAIS<\/strong><\/td>\n<\/tr>\n<tr>\n<td width=\"209\"><strong>Curso<\/strong><\/td>\n<td width=\"302\"><strong>\u00daltima Renova\u00e7\u00e3o de Reconhecimento<\/strong><\/td>\n<td width=\"198\"><strong>Autoriza\u00e7\u00e3o<\/strong><\/td>\n<\/tr>\n<tr>\n<td width=\"209\">Licenciatura em Matem\u00e1tica<\/td>\n<td width=\"302\">Resolu\u00e7\u00e3o SETI n\u00b083\/2023<\/td>\n<td width=\"198\">Decreto Est. n\u00ba 28169\/1949<\/td>\n<\/tr>\n<tr>\n<td width=\"209\">Bacharelado em Matem\u00e1tica Aplicada<\/td>\n<td width=\"302\">Resolu\u00e7\u00e3o SETI n\u00b082\/2025<\/td>\n<td width=\"198\">Decreto Est. n\u00ba 4386\/2016<\/td>\n<\/tr>\n<tr>\n<td width=\"209\">Licenciatura em Geografia<\/td>\n<td width=\"302\">Resolu\u00e7\u00e3o SETI n\u00b0115\/2023<\/td>\n<td width=\"198\">Decreto Est. n\u00ba 28169\/1949<\/td>\n<\/tr>\n<tr>\n<td width=\"209\">Bacharelado em Geografia<\/td>\n<td width=\"302\">Resolu\u00e7\u00e3o SETI n\u00b0277\/2024<\/td>\n<td width=\"198\">Decreto Est. n\u00ba 28169\/1949<\/td>\n<\/tr>\n<tr>\n<td width=\"209\">Licenciatura em F\u00edsica<\/td>\n<td width=\"302\">Resolu\u00e7\u00e3o SETI n\u00b028\/2025<\/td>\n<td width=\"198\">Resolu\u00e7\u00e3o n\u00ba 132\/1990<\/td>\n<\/tr>\n<tr>\n<td width=\"209\">Bacharelado em F\u00edsica<\/td>\n<td width=\"302\">Resolu\u00e7\u00e3o SETI n\u00b0213\/2023<\/td>\n<td width=\"198\">Resolu\u00e7\u00e3o n\u00ba 153\/1990<\/td>\n<\/tr>\n<tr>\n<td width=\"209\">Licenciatura em Qu\u00edmica<\/td>\n<td width=\"302\">Decreto Est. n\u00ba 3595\/2019<\/td>\n<td width=\"198\">Resolu\u00e7\u00e3o n\u00ba 165\/1993<\/td>\n<\/tr>\n<tr>\n<td width=\"209\">Bacharelado em Qu\u00edmica Tecnol\u00f3gica<\/td>\n<td width=\"302\">Portaria SETI n\u00b084\/2022<\/td>\n<td width=\"198\">Resolu\u00e7\u00e3o n\u00ba 27\/2002<\/td>\n<\/tr>\n<\/tbody>\n<\/table>\n\t\t\t\t<\/div>\n\t\t\t<\/div>\n\t\t<\/div>\n\t\t\t<div class=\"sow-accordion-panel\"\n\t\t\t data-anchor=\"setor-ii-%e2%80%93-ci%c3%aancias-agr%c3%a1rias-e-de-tecnologia\">\n\t\t\t\t<div class=\"sow-accordion-panel-header-container\" role=\"heading\" aria-level=\"2\">\n\t\t\t\t\t<div class=\"sow-accordion-panel-header\" tabindex=\"0\" role=\"button\" id=\"accordion-label-setor-ii-%e2%80%93-ci%c3%aancias-agr%c3%a1rias-e-de-tecnologia\" aria-controls=\"accordion-content-setor-ii-%e2%80%93-ci%c3%aancias-agr%c3%a1rias-e-de-tecnologia\" aria-expanded=\"false\">\n\t\t\t\t\t\t<div class=\"sow-accordion-title sow-accordion-title-icon-left\">\n\t\t\t\t\t\t\t\t\t\t\t\t\t\tSetor II \u2013  Ci\u00eancias Agr\u00e1rias e de Tecnologia\t\t\t\t\t\t\t\t\t\t\t\t\t<\/div>\n\t\t\t\t\t\t<div class=\"sow-accordion-open-close-button\">\n\t\t\t\t\t\t\t<div class=\"sow-accordion-open-button\">\n\t\t\t\t\t\t\t\t<span class=\"sow-icon-ionicons\" data-sow-icon=\"&#xf218;\"\n\t\t \n\t\taria-hidden=\"true\"><\/span>\t\t\t\t\t\t\t<\/div>\n\t\t\t\t\t\t\t<div class=\"sow-accordion-close-button\">\n\t\t\t\t\t\t\t\t<span class=\"sow-icon-ionicons\" data-sow-icon=\"&#xf209;\"\n\t\t \n\t\taria-hidden=\"true\"><\/span>\t\t\t\t\t\t\t<\/div>\n\t\t\t\t\t\t<\/div>\n\t\t\t\t\t<\/div>\n\t\t\t\t<\/div>\n\n\t\t\t<div\n\t\t\t\tclass=\"sow-accordion-panel-content\"\n\t\t\t\trole=\"region\"\n\t\t\t\taria-labelledby=\"accordion-label-setor-ii-%e2%80%93-ci%c3%aancias-agr%c3%a1rias-e-de-tecnologia\"\n\t\t\t\tid=\"accordion-content-setor-ii-%e2%80%93-ci%c3%aancias-agr%c3%a1rias-e-de-tecnologia\"\n\t\t\t\tstyle=\"display: none;\"\t\t\t>\n\t\t\t\t<div class=\"sow-accordion-panel-border\" tabindex=\"0\">\n\t\t\t\t\t<table class=\" aligncenter\">\n<tbody>\n<tr>\n<td colspan=\"3\" width=\"710\"><strong>SETOR DE CI\u00caNCIAS AGR\u00c1RIAS E DE TECNOLOGIA<\/strong><\/td>\n<\/tr>\n<tr>\n<td width=\"209\"><strong>Curso<\/strong><\/td>\n<td width=\"302\"><strong>\u00daltima Renova\u00e7\u00e3o de Reconhecimento<\/strong><\/td>\n<td width=\"198\"><strong>Autoriza\u00e7\u00e3o<\/strong><\/td>\n<\/tr>\n<tr>\n<td width=\"209\">Agronomia<\/td>\n<td width=\"302\">Portaria SETI n\u00ba 16\/2021<\/td>\n<td width=\"198\">Resolu\u00e7\u00e3o n\u00ba 3\/1982<\/td>\n<\/tr>\n<tr>\n<td width=\"209\">Engenharia Civil<\/td>\n<td width=\"302\">Portaria SETI n\u00ba 200\/2020<\/td>\n<td width=\"198\">Resolu\u00e7\u00e3o n\u00ba 15\/1973<\/td>\n<\/tr>\n<tr>\n<td width=\"209\">Engenharia de Materiais<\/td>\n<td width=\"302\">Portaria SETI n\u00ba 201\/2020<\/td>\n<td width=\"198\">Resolu\u00e7\u00e3o n\u00ba 20\/1989<\/td>\n<\/tr>\n<tr>\n<td width=\"209\">Engenharia de Alimentos<\/td>\n<td width=\"302\">Portaria SETI n\u00ba 202\/2020<\/td>\n<td width=\"198\">Resolu\u00e7\u00e3o n\u00ba 314\/1997<\/td>\n<\/tr>\n<tr>\n<td width=\"209\">Engenharia de Computa\u00e7\u00e3o<\/td>\n<td width=\"302\">Portaria SETI n\u00ba79\/2022<\/td>\n<td width=\"198\">Resolu\u00e7\u00e3o n\u00ba 35\/2000<\/td>\n<\/tr>\n<tr>\n<td width=\"209\">Engenharia de Software<\/td>\n<td width=\"302\">Resolu\u00e7\u00e3o SETI n\u00ba 73\/2024<\/td>\n<td width=\"198\">Resolu\u00e7\u00e3o n\u00ba 54\/1984<\/td>\n<\/tr>\n<tr>\n<td width=\"209\">Zootecnia<\/td>\n<td width=\"302\">Portaria SETI n\u00ba 68\/2022<\/td>\n<td width=\"198\">Resolu\u00e7\u00e3o n\u00ba 12\/2001<\/td>\n<\/tr>\n<\/tbody>\n<\/table>\n\t\t\t\t<\/div>\n\t\t\t<\/div>\n\t\t<\/div>\n\t\t\t<div class=\"sow-accordion-panel\"\n\t\t\t data-anchor=\"setor-iii-%e2%80%93-ci%c3%aancias-biol%c3%b3gicas-e-da-sa%c3%bade\">\n\t\t\t\t<div class=\"sow-accordion-panel-header-container\" role=\"heading\" aria-level=\"2\">\n\t\t\t\t\t<div class=\"sow-accordion-panel-header\" tabindex=\"0\" role=\"button\" id=\"accordion-label-setor-iii-%e2%80%93-ci%c3%aancias-biol%c3%b3gicas-e-da-sa%c3%bade\" aria-controls=\"accordion-content-setor-iii-%e2%80%93-ci%c3%aancias-biol%c3%b3gicas-e-da-sa%c3%bade\" aria-expanded=\"false\">\n\t\t\t\t\t\t<div class=\"sow-accordion-title sow-accordion-title-icon-left\">\n\t\t\t\t\t\t\t\t\t\t\t\t\t\tSetor III \u2013  Ci\u00eancias Biol\u00f3gicas e da Sa\u00fade\t\t\t\t\t\t\t\t\t\t\t\t\t<\/div>\n\t\t\t\t\t\t<div class=\"sow-accordion-open-close-button\">\n\t\t\t\t\t\t\t<div class=\"sow-accordion-open-button\">\n\t\t\t\t\t\t\t\t<span class=\"sow-icon-ionicons\" data-sow-icon=\"&#xf218;\"\n\t\t \n\t\taria-hidden=\"true\"><\/span>\t\t\t\t\t\t\t<\/div>\n\t\t\t\t\t\t\t<div class=\"sow-accordion-close-button\">\n\t\t\t\t\t\t\t\t<span class=\"sow-icon-ionicons\" data-sow-icon=\"&#xf209;\"\n\t\t \n\t\taria-hidden=\"true\"><\/span>\t\t\t\t\t\t\t<\/div>\n\t\t\t\t\t\t<\/div>\n\t\t\t\t\t<\/div>\n\t\t\t\t<\/div>\n\n\t\t\t<div\n\t\t\t\tclass=\"sow-accordion-panel-content\"\n\t\t\t\trole=\"region\"\n\t\t\t\taria-labelledby=\"accordion-label-setor-iii-%e2%80%93-ci%c3%aancias-biol%c3%b3gicas-e-da-sa%c3%bade\"\n\t\t\t\tid=\"accordion-content-setor-iii-%e2%80%93-ci%c3%aancias-biol%c3%b3gicas-e-da-sa%c3%bade\"\n\t\t\t\tstyle=\"display: none;\"\t\t\t>\n\t\t\t\t<div class=\"sow-accordion-panel-border\" tabindex=\"0\">\n\t\t\t\t\t<table class=\" aligncenter\">\n<tbody>\n<tr>\n<td colspan=\"3\" width=\"710\"><strong>SETOR DE CI\u00caNCIAS BIOL\u00d3GICAS E DA SA\u00daDE<\/strong><\/td>\n<\/tr>\n<tr>\n<td width=\"209\"><strong>Curso<\/strong><\/td>\n<td width=\"302\"><strong>\u00daltima Renova\u00e7\u00e3o de Reconhecimento<\/strong><\/td>\n<td width=\"198\"><strong>Autoriza\u00e7\u00e3o<\/strong><\/td>\n<\/tr>\n<tr>\n<td width=\"209\">Medicina<\/td>\n<td width=\"302\">Resolu\u00e7\u00e3o SETI n\u00ba005\/2024<\/td>\n<td width=\"198\">Decreto Est. n\u00ba3196\/2008<\/td>\n<\/tr>\n<tr>\n<td width=\"209\">Farm\u00e1cia<\/td>\n<td width=\"302\">Resolu\u00e7\u00e3o SETI n\u00ba264\/2024<\/td>\n<td width=\"198\">Decreto Est. n\u00ba 33338\/1953<\/td>\n<\/tr>\n<tr>\n<td width=\"209\">Odontologia<\/td>\n<td width=\"302\">Portaria SETI n\u00ba 177\/2020<\/td>\n<td width=\"198\">Decreto Est. n\u00ba 33338\/1953<\/td>\n<\/tr>\n<tr>\n<td width=\"209\">Licenciatura em Ci\u00eancias Biol\u00f3gicas<\/td>\n<td width=\"302\">Portaria SETI n\u00ba 106\/2020<\/td>\n<td width=\"198\">Resolu\u00e7\u00e3o n\u00ba 59\/1986<\/td>\n<\/tr>\n<tr>\n<td width=\"209\">Bacharelado em Ci\u00eancias Biol\u00f3gicas<\/td>\n<td width=\"302\">Portaria SETI n\u00ba 179\/2020<\/td>\n<td width=\"198\">Resolu\u00e7\u00e3o n\u00ba 04\/2001<\/td>\n<\/tr>\n<tr>\n<td width=\"209\">Licenciatura em Educa\u00e7\u00e3o F\u00edsica<\/td>\n<td width=\"302\">Resolu\u00e7\u00e3o n\u00ba150\/2023<\/td>\n<td width=\"198\">Resolu\u00e7\u00e3o n\u00ba 15\/1973<\/td>\n<\/tr>\n<tr>\n<td width=\"209\">Bacharelado em Educa\u00e7\u00e3o F\u00edsica<\/td>\n<td width=\"302\">Resolu\u00e7\u00e3o SETI n\u00ba150\/2023<\/td>\n<td width=\"198\">Resolu\u00e7\u00e3o n\u00ba 20\/2006<\/td>\n<\/tr>\n<tr>\n<td width=\"209\">Bacharelado em Enfermagem<\/td>\n<td width=\"302\">Portaria SETI n\u00ba 048\/2021<\/td>\n<td width=\"198\">Resolu\u00e7\u00e3o n\u00ba 02\/2001<\/td>\n<\/tr>\n<\/tbody>\n<\/table>\n\t\t\t\t<\/div>\n\t\t\t<\/div>\n\t\t<\/div>\n\t\t\t<div class=\"sow-accordion-panel\"\n\t\t\t data-anchor=\"setor-iv-%e2%80%93-ci%c3%aancias-sociais-e-aplicadas\">\n\t\t\t\t<div class=\"sow-accordion-panel-header-container\" role=\"heading\" aria-level=\"2\">\n\t\t\t\t\t<div class=\"sow-accordion-panel-header\" tabindex=\"0\" role=\"button\" id=\"accordion-label-setor-iv-%e2%80%93-ci%c3%aancias-sociais-e-aplicadas\" aria-controls=\"accordion-content-setor-iv-%e2%80%93-ci%c3%aancias-sociais-e-aplicadas\" aria-expanded=\"false\">\n\t\t\t\t\t\t<div class=\"sow-accordion-title sow-accordion-title-icon-left\">\n\t\t\t\t\t\t\t\t\t\t\t\t\t\tSetor IV \u2013  Ci\u00eancias Sociais e Aplicadas\t\t\t\t\t\t\t\t\t\t\t\t\t<\/div>\n\t\t\t\t\t\t<div class=\"sow-accordion-open-close-button\">\n\t\t\t\t\t\t\t<div class=\"sow-accordion-open-button\">\n\t\t\t\t\t\t\t\t<span class=\"sow-icon-ionicons\" data-sow-icon=\"&#xf218;\"\n\t\t \n\t\taria-hidden=\"true\"><\/span>\t\t\t\t\t\t\t<\/div>\n\t\t\t\t\t\t\t<div class=\"sow-accordion-close-button\">\n\t\t\t\t\t\t\t\t<span class=\"sow-icon-ionicons\" data-sow-icon=\"&#xf209;\"\n\t\t \n\t\taria-hidden=\"true\"><\/span>\t\t\t\t\t\t\t<\/div>\n\t\t\t\t\t\t<\/div>\n\t\t\t\t\t<\/div>\n\t\t\t\t<\/div>\n\n\t\t\t<div\n\t\t\t\tclass=\"sow-accordion-panel-content\"\n\t\t\t\trole=\"region\"\n\t\t\t\taria-labelledby=\"accordion-label-setor-iv-%e2%80%93-ci%c3%aancias-sociais-e-aplicadas\"\n\t\t\t\tid=\"accordion-content-setor-iv-%e2%80%93-ci%c3%aancias-sociais-e-aplicadas\"\n\t\t\t\tstyle=\"display: none;\"\t\t\t>\n\t\t\t\t<div class=\"sow-accordion-panel-border\" tabindex=\"0\">\n\t\t\t\t\t<table class=\" aligncenter\">\n<tbody>\n<tr>\n<td colspan=\"3\" width=\"710\"><strong>SETOR DE CI\u00caNCIAS SOCIAIS APLICADAS<\/strong><\/td>\n<\/tr>\n<tr>\n<td width=\"209\"><strong>Curso<\/strong><\/td>\n<td width=\"302\"><strong>\u00daltima Renova\u00e7\u00e3o de Reconhecimento<\/strong><\/td>\n<td width=\"198\"><strong>Autoriza\u00e7\u00e3o<\/strong><\/td>\n<\/tr>\n<tr>\n<td width=\"209\">Administra\u00e7\u00e3o<\/td>\n<td width=\"302\">Resolu\u00e7\u00e3o SETI n\u00ba 127\/2024<\/td>\n<td width=\"198\">Lei Estadual 3\/1996<\/td>\n<\/tr>\n<tr>\n<td width=\"209\">Administra\u00e7\u00e3o Com\u00e9rcio Exterior<\/td>\n<td width=\"302\">Portaria SETI n\u00ba 128\/2024<\/td>\n<td width=\"198\">Resolu\u00e7\u00e3o n\u00ba 315\/1997<\/td>\n<\/tr>\n<tr>\n<td width=\"209\">Ci\u00eancias Econ\u00f4micas<\/td>\n<td width=\"302\">Resolu\u00e7\u00e3o SETI n\u00ba126\/2024<\/td>\n<td width=\"198\">Lei Estadual 3\/1996<\/td>\n<\/tr>\n<tr>\n<td width=\"209\">Servi\u00e7o Social<\/td>\n<td width=\"302\">Portaria SETI n\u00ba 181\/2020<\/td>\n<td width=\"198\">Resolu\u00e7\u00e3o n\u00ba 15\/1973<\/td>\n<\/tr>\n<tr>\n<td width=\"209\">Ci\u00eancias Cont\u00e1beis<\/td>\n<td width=\"302\">Resolu\u00e7\u00e3o SETI n\u00ba200\/2024<\/td>\n<td width=\"198\">Resolu\u00e7\u00e3o n\u00ba 10\/1975<\/td>\n<\/tr>\n<tr>\n<td width=\"209\">Jornalismo<\/td>\n<td width=\"302\">Portaria SETI n\u00ba027\/2021<\/td>\n<td width=\"198\">Resolu\u00e7\u00e3o n\u00ba 92\/1984<\/td>\n<\/tr>\n<tr>\n<td width=\"209\">Bacharelado em Turismo<\/td>\n<td width=\"302\">Portaria SETI n\u00ba038\/2021<\/td>\n<td width=\"198\">Resolu\u00e7\u00e3o n\u00ba 313\/1997<\/td>\n<\/tr>\n<\/tbody>\n<\/table>\n\t\t\t\t<\/div>\n\t\t\t<\/div>\n\t\t<\/div>\n\t\t\t<div class=\"sow-accordion-panel\"\n\t\t\t data-anchor=\"setor-v-%e2%80%93-ci%c3%aancias-humanas-letras-e-artes\">\n\t\t\t\t<div class=\"sow-accordion-panel-header-container\" role=\"heading\" aria-level=\"2\">\n\t\t\t\t\t<div class=\"sow-accordion-panel-header\" tabindex=\"0\" role=\"button\" id=\"accordion-label-setor-v-%e2%80%93-ci%c3%aancias-humanas-letras-e-artes\" aria-controls=\"accordion-content-setor-v-%e2%80%93-ci%c3%aancias-humanas-letras-e-artes\" aria-expanded=\"false\">\n\t\t\t\t\t\t<div class=\"sow-accordion-title sow-accordion-title-icon-left\">\n\t\t\t\t\t\t\t\t\t\t\t\t\t\tSetor V \u2013  Ci\u00eancias Humanas, Letras e Artes\t\t\t\t\t\t\t\t\t\t\t\t\t<\/div>\n\t\t\t\t\t\t<div class=\"sow-accordion-open-close-button\">\n\t\t\t\t\t\t\t<div class=\"sow-accordion-open-button\">\n\t\t\t\t\t\t\t\t<span class=\"sow-icon-ionicons\" data-sow-icon=\"&#xf218;\"\n\t\t \n\t\taria-hidden=\"true\"><\/span>\t\t\t\t\t\t\t<\/div>\n\t\t\t\t\t\t\t<div class=\"sow-accordion-close-button\">\n\t\t\t\t\t\t\t\t<span class=\"sow-icon-ionicons\" data-sow-icon=\"&#xf209;\"\n\t\t \n\t\taria-hidden=\"true\"><\/span>\t\t\t\t\t\t\t<\/div>\n\t\t\t\t\t\t<\/div>\n\t\t\t\t\t<\/div>\n\t\t\t\t<\/div>\n\n\t\t\t<div\n\t\t\t\tclass=\"sow-accordion-panel-content\"\n\t\t\t\trole=\"region\"\n\t\t\t\taria-labelledby=\"accordion-label-setor-v-%e2%80%93-ci%c3%aancias-humanas-letras-e-artes\"\n\t\t\t\tid=\"accordion-content-setor-v-%e2%80%93-ci%c3%aancias-humanas-letras-e-artes\"\n\t\t\t\tstyle=\"display: none;\"\t\t\t>\n\t\t\t\t<div class=\"sow-accordion-panel-border\" tabindex=\"0\">\n\t\t\t\t\t<table class=\" aligncenter\">\n<tbody>\n<tr>\n<td colspan=\"3\" width=\"710\"><strong>SETOR DE CI\u00caNCIAS HUMANAS, LETRAS E ARTES<\/strong><\/td>\n<\/tr>\n<tr>\n<td width=\"209\"><strong>Curso<\/strong><\/td>\n<td width=\"302\"><strong>\u00daltima Renova\u00e7\u00e3o de Reconhecimento<\/strong><\/td>\n<td width=\"198\"><strong>Autoriza\u00e7\u00e3o<\/strong><\/td>\n<\/tr>\n<tr>\n<td width=\"209\">Licenciatura em Pedagogia<\/td>\n<td width=\"302\">Resolu\u00e7\u00e3o SETI n\u00ba 178\/2024<\/td>\n<td width=\"198\">Decreto Est. n\u00ba 111\/1961<\/td>\n<\/tr>\n<tr>\n<td width=\"209\">Licenciatura em Letras Portugu\u00eas\/Franc\u00eas<\/td>\n<td width=\"302\">Resolu\u00e7\u00e3o SETI n\u00ba 08\/2024<\/td>\n<td width=\"198\">Resolu\u00e7\u00e3o n\u00ba 16\/2004<\/td>\n<\/tr>\n<tr>\n<td width=\"209\">Licenciatura em Letras Portugu\u00eas\/Espanhol<\/td>\n<td width=\"302\">Resolu\u00e7\u00e3o SETI n\u00ba 14\/2024<\/td>\n<td width=\"198\">Resolu\u00e7\u00e3o n\u00ba 16\/2004<\/td>\n<\/tr>\n<tr>\n<td width=\"209\">Licenciatura em Letras Portugu\u00eas\/Ingl\u00eas<\/td>\n<td width=\"302\">Resolu\u00e7\u00e3o SETI n\u00ba 015\/2024<\/td>\n<td width=\"198\">Resolu\u00e7\u00e3o n\u00ba 16\/2004<\/td>\n<\/tr>\n<tr>\n<td width=\"209\">Licenciatura em M\u00fasica<\/td>\n<td width=\"302\">Resolu\u00e7\u00e3o SETI n\u00ba 49\/2025<\/td>\n<td width=\"198\">Resolu\u00e7\u00e3o n\u00ba 33\/2003<\/td>\n<\/tr>\n<tr>\n<td width=\"209\">Licenciatura em Artes Visuais<\/td>\n<td width=\"302\">Resolu\u00e7\u00e3o SETI n\u00ba 71\/2023<\/td>\n<td width=\"198\">Resolu\u00e7\u00e3o n\u00ba 33\/2003<\/td>\n<\/tr>\n<tr>\n<td width=\"209\">Licenciatura em Hist\u00f3ria<\/td>\n<td width=\"302\">Portaria SETI n\u00ba 178\/2022<\/td>\n<td width=\"198\">Decreto Est. n\u00ba 28169\/1949<\/td>\n<\/tr>\n<tr>\n<td width=\"209\">Bacharelado em Hist\u00f3ria<\/td>\n<td width=\"302\">Portaria SETI n\u00ba 143\/2024<\/td>\n<td width=\"198\">Decreto Est. n\u00ba 28169\/1949<\/td>\n<\/tr>\n<\/tbody>\n<\/table>\n<p>&nbsp;<\/p>\n\t\t\t\t<\/div>\n\t\t\t<\/div>\n\t\t<\/div>\n\t\t\t<div class=\"sow-accordion-panel\"\n\t\t\t data-anchor=\"setor-vi-%e2%80%93-ci%c3%aancias-jur%c3%addicas\">\n\t\t\t\t<div class=\"sow-accordion-panel-header-container\" role=\"heading\" aria-level=\"2\">\n\t\t\t\t\t<div class=\"sow-accordion-panel-header\" tabindex=\"0\" role=\"button\" id=\"accordion-label-setor-vi-%e2%80%93-ci%c3%aancias-jur%c3%addicas\" aria-controls=\"accordion-content-setor-vi-%e2%80%93-ci%c3%aancias-jur%c3%addicas\" aria-expanded=\"false\">\n\t\t\t\t\t\t<div class=\"sow-accordion-title sow-accordion-title-icon-left\">\n\t\t\t\t\t\t\t\t\t\t\t\t\t\tSetor VI \u2013  Ci\u00eancias Jur\u00eddicas\t\t\t\t\t\t\t\t\t\t\t\t\t<\/div>\n\t\t\t\t\t\t<div class=\"sow-accordion-open-close-button\">\n\t\t\t\t\t\t\t<div class=\"sow-accordion-open-button\">\n\t\t\t\t\t\t\t\t<span class=\"sow-icon-ionicons\" data-sow-icon=\"&#xf218;\"\n\t\t \n\t\taria-hidden=\"true\"><\/span>\t\t\t\t\t\t\t<\/div>\n\t\t\t\t\t\t\t<div class=\"sow-accordion-close-button\">\n\t\t\t\t\t\t\t\t<span class=\"sow-icon-ionicons\" data-sow-icon=\"&#xf209;\"\n\t\t \n\t\taria-hidden=\"true\"><\/span>\t\t\t\t\t\t\t<\/div>\n\t\t\t\t\t\t<\/div>\n\t\t\t\t\t<\/div>\n\t\t\t\t<\/div>\n\n\t\t\t<div\n\t\t\t\tclass=\"sow-accordion-panel-content\"\n\t\t\t\trole=\"region\"\n\t\t\t\taria-labelledby=\"accordion-label-setor-vi-%e2%80%93-ci%c3%aancias-jur%c3%addicas\"\n\t\t\t\tid=\"accordion-content-setor-vi-%e2%80%93-ci%c3%aancias-jur%c3%addicas\"\n\t\t\t\tstyle=\"display: none;\"\t\t\t>\n\t\t\t\t<div class=\"sow-accordion-panel-border\" tabindex=\"0\">\n\t\t\t\t\t<table class=\" aligncenter\">\n<tbody>\n<tr>\n<td colspan=\"3\" width=\"710\"><strong>SETOR DE CI\u00caNCIAS JUR\u00cdDICAS<\/strong><\/td>\n<\/tr>\n<tr>\n<td width=\"209\"><strong>Curso<\/strong><\/td>\n<td width=\"302\"><strong>\u00daltima Renova\u00e7\u00e3o de Reconhecimento<\/strong><\/td>\n<td width=\"198\"><strong>Autoriza\u00e7\u00e3o<\/strong><\/td>\n<\/tr>\n<tr>\n<td width=\"209\">Direito<\/td>\n<td width=\"302\">Portaria SETI n\u00ba 52\/2022<\/td>\n<td width=\"198\">Decreto Est. n\u00ba 43059\/1958<\/td>\n<\/tr>\n<\/tbody>\n<\/table>\n\t\t\t\t<\/div>\n\t\t\t<\/div>\n\t\t<\/div>\n\t\t\t<div class=\"sow-accordion-panel\"\n\t\t\t data-anchor=\"cursos-ead\">\n\t\t\t\t<div class=\"sow-accordion-panel-header-container\" role=\"heading\" aria-level=\"2\">\n\t\t\t\t\t<div class=\"sow-accordion-panel-header\" tabindex=\"0\" role=\"button\" id=\"accordion-label-cursos-ead\" aria-controls=\"accordion-content-cursos-ead\" aria-expanded=\"false\">\n\t\t\t\t\t\t<div class=\"sow-accordion-title sow-accordion-title-icon-left\">\n\t\t\t\t\t\t\t\t\t\t\t\t\t\tCursos EAD\t\t\t\t\t\t\t\t\t\t\t\t\t<\/div>\n\t\t\t\t\t\t<div class=\"sow-accordion-open-close-button\">\n\t\t\t\t\t\t\t<div class=\"sow-accordion-open-button\">\n\t\t\t\t\t\t\t\t<span class=\"sow-icon-ionicons\" data-sow-icon=\"&#xf218;\"\n\t\t \n\t\taria-hidden=\"true\"><\/span>\t\t\t\t\t\t\t<\/div>\n\t\t\t\t\t\t\t<div class=\"sow-accordion-close-button\">\n\t\t\t\t\t\t\t\t<span class=\"sow-icon-ionicons\" data-sow-icon=\"&#xf209;\"\n\t\t \n\t\taria-hidden=\"true\"><\/span>\t\t\t\t\t\t\t<\/div>\n\t\t\t\t\t\t<\/div>\n\t\t\t\t\t<\/div>\n\t\t\t\t<\/div>\n\n\t\t\t<div\n\t\t\t\tclass=\"sow-accordion-panel-content\"\n\t\t\t\trole=\"region\"\n\t\t\t\taria-labelledby=\"accordion-label-cursos-ead\"\n\t\t\t\tid=\"accordion-content-cursos-ead\"\n\t\t\t\tstyle=\"display: none;\"\t\t\t>\n\t\t\t\t<div class=\"sow-accordion-panel-border\" tabindex=\"0\">\n\t\t\t\t\t<p>&nbsp;<\/p>\n<table class=\" aligncenter\">\n<tbody>\n<tr>\n<td colspan=\"3\" width=\"710\"><strong>CURSOS EAD<\/strong><\/td>\n<\/tr>\n<tr>\n<td width=\"209\"><strong>Curso<\/strong><\/td>\n<td width=\"302\"><strong>\u00daltima Renova\u00e7\u00e3o de Reconhecimento<\/strong><\/td>\n<td width=\"198\"><strong>Autoriza\u00e7\u00e3o<\/strong><\/td>\n<\/tr>\n<tr>\n<td width=\"209\">Licenciatura em Matem\u00e1tica<\/td>\n<td width=\"302\">Portaria SETI n\u00ba 224\/2020<\/td>\n<td width=\"198\">Portaria n\u00ba 652\/2004<\/td>\n<\/tr>\n<tr>\n<td width=\"209\">Licenciatura em Geografia<\/td>\n<td width=\"302\">Resolu\u00e7\u00e3o SETI n\u00ba276\/2024<\/td>\n<td width=\"198\">Portaria n\u00ba 652\/2004<\/td>\n<\/tr>\n<tr>\n<td width=\"209\">Licenciatura em Computa\u00e7\u00e3o<\/td>\n<td width=\"302\">Portaria SETI n\u00ba 043\/2021<\/td>\n<td width=\"198\">Portaria n\u00ba 531\/2015<\/td>\n<\/tr>\n<tr>\n<td width=\"209\">Licenciatura em Educa\u00e7\u00e3o F\u00edsica<\/td>\n<td width=\"302\">Decreto Est. n\u00ba 1808\/2019<\/td>\n<td width=\"198\">Portaria n\u00ba 652\/2004<\/td>\n<\/tr>\n<tr>\n<td width=\"209\">Bacharelado em Administra\u00e7\u00e3o P\u00fablica<\/td>\n<td width=\"302\">Portaria SETI n\u00ba 85\/2022<\/td>\n<td width=\"198\">Resolu\u00e7\u00e3o n\u00ba 2\/2011<\/td>\n<\/tr>\n<tr>\n<td width=\"209\">Tecnologia em Gest\u00e3o P\u00fablica<\/td>\n<td width=\"302\">Resolu\u00e7\u00e3o n\u00ba75\/2024<\/td>\n<td width=\"198\">Portaria n\u00ba 530\/2015<\/td>\n<\/tr>\n<tr>\n<td width=\"209\">Licenciatura em Pedagogia<\/td>\n<td width=\"302\">Portaria SETI n\u00ba125\/2021<\/td>\n<td width=\"198\">Portaria n\u00ba 652\/2004<\/td>\n<\/tr>\n<tr>\n<td width=\"209\">Licenciatura em Hist\u00f3ria<\/td>\n<td width=\"302\">Portaria SETI n\u00ba 44\/2021<\/td>\n<td width=\"198\">Portaria n\u00ba 652\/2004<\/td>\n<\/tr>\n<tr>\n<td width=\"209\">Licenciatura em Letras Portugu\u00eas\/Espanhol<\/td>\n<td width=\"302\">Resolu\u00e7\u00e3o SETI n\u00ba 139\/2024<\/td>\n<td width=\"198\">Portaria n\u00ba 652\/2004<\/td>\n<\/tr>\n<\/tbody>\n<\/table>\n<p>&nbsp;<\/p>\n\t\t\t\t<\/div>\n\t\t\t<\/div>\n\t\t<\/div>\n\t\t<\/div>\n<\/div>\n<\/div><\/div><\/div><\/div><\/div>","protected":false},"excerpt":{"rendered":"<p>Setor I \u2013 Ci\u00eancias Exatas e Naturais SETOR DE CI\u00caNCIAS EXATAS E NATURAIS Curso \u00daltima Renova\u00e7\u00e3o de Reconhecimento Autoriza\u00e7\u00e3o Licenciatura em Matem\u00e1tica Resolu\u00e7\u00e3o SETI n\u00b083\/2023 Decreto Est. n\u00ba 28169\/1949 Bacharelado em Matem\u00e1tica Aplicada Resolu\u00e7\u00e3o SETI n\u00b082\/2025 Decreto Est. n\u00ba 4386\/2016 Licenciatura em Geografia Resolu\u00e7\u00e3o SETI n\u00b0115\/2023 Decreto Est. n\u00ba 28169\/1949 Bacharelado em Geografia Resolu\u00e7\u00e3o SETI&nbsp;&hellip;<\/p>\n","protected":false},"author":24,"featured_media":4125,"parent":0,"menu_order":0,"comment_status":"closed","ping_status":"closed","template":"","meta":[],"_links":{"self":[{"href":"https:\/\/www2.uepg.br\/prograd\/wp-json\/wp\/v2\/pages\/4094"}],"collection":[{"href":"https:\/\/www2.uepg.br\/prograd\/wp-json\/wp\/v2\/pages"}],"about":[{"href":"https:\/\/www2.uepg.br\/prograd\/wp-json\/wp\/v2\/types\/page"}],"author":[{"embeddable":true,"href":"https:\/\/www2.uepg.br\/prograd\/wp-json\/wp\/v2\/users\/24"}],"replies":[{"embeddable":true,"href":"https:\/\/www2.uepg.br\/prograd\/wp-json\/wp\/v2\/comments?post=4094"}],"version-history":[{"count":17,"href":"https:\/\/www2.uepg.br\/prograd\/wp-json\/wp\/v2\/pages\/4094\/revisions"}],"predecessor-version":[{"id":9706,"href":"https:\/\/www2.uepg.br\/prograd\/wp-json\/wp\/v2\/pages\/4094\/revisions\/9706"}],"wp:featuredmedia":[{"embeddable":true,"href":"https:\/\/www2.uepg.br\/prograd\/wp-json\/wp\/v2\/media\/4125"}],"wp:attachment":[{"href":"https:\/\/www2.uepg.br\/prograd\/wp-json\/wp\/v2\/media?parent=4094"}],"curies":[{"name":"wp","href":"https:\/\/api.w.org\/{rel}","templated":true}]}}