{"id":4453,"date":"2022-02-11T11:28:45","date_gmt":"2022-02-11T14:28:45","guid":{"rendered":"https:\/\/www2.uepg.br\/prograd\/?page_id=4453"},"modified":"2022-03-11T17:03:08","modified_gmt":"2022-03-11T20:03:08","slug":"formatura-coletiva-institucional-2022","status":"publish","type":"page","link":"https:\/\/www2.uepg.br\/prograd\/diretoria-administrativa\/formaturas\/formatura-coletiva-institucional-2022\/","title":{"rendered":"FORMATURA COLETIVA INSTITUCIONAL 2022"},"content":{"rendered":"<div id=\"pl-4453\"  class=\"panel-layout\" ><div id=\"pg-4453-0\"  class=\"panel-grid panel-no-style\" ><div id=\"pgc-4453-0-0\"  class=\"panel-grid-cell\" ><div id=\"panel-4453-0-0-0\" class=\"so-panel widget widget_sow-accordion panel-first-child panel-last-child\" data-index=\"0\" ><div\n\t\t\t\n\t\t\tclass=\"so-widget-sow-accordion so-widget-sow-accordion-default-cfe741d4f49c-4453\"\n\t\t\t\n\t\t><div>\n\t<div class=\"sow-accordion\">\n\t\t\t<div class=\"sow-accordion-panel\"\n\t\t\t data-anchor=\"cursos-presenciais\">\n\t\t\t\t<div class=\"sow-accordion-panel-header-container\" role=\"heading\" aria-level=\"2\">\n\t\t\t\t\t<div class=\"sow-accordion-panel-header\" tabindex=\"0\" role=\"button\" id=\"accordion-label-cursos-presenciais\" aria-controls=\"accordion-content-cursos-presenciais\" aria-expanded=\"false\">\n\t\t\t\t\t\t<div class=\"sow-accordion-title sow-accordion-title-icon-left\">\n\t\t\t\t\t\t\t\t\t\t\t\t\t\tCURSOS PRESENCIAIS\t\t\t\t\t\t\t\t\t\t\t\t\t<\/div>\n\t\t\t\t\t\t<div class=\"sow-accordion-open-close-button\">\n\t\t\t\t\t\t\t<div class=\"sow-accordion-open-button\">\n\t\t\t\t\t\t\t\t<span class=\"sow-icon-ionicons\" data-sow-icon=\"&#xf218;\"\n\t\t \n\t\taria-hidden=\"true\"><\/span>\t\t\t\t\t\t\t<\/div>\n\t\t\t\t\t\t\t<div class=\"sow-accordion-close-button\">\n\t\t\t\t\t\t\t\t<span class=\"sow-icon-ionicons\" data-sow-icon=\"&#xf209;\"\n\t\t \n\t\taria-hidden=\"true\"><\/span>\t\t\t\t\t\t\t<\/div>\n\t\t\t\t\t\t<\/div>\n\t\t\t\t\t<\/div>\n\t\t\t\t<\/div>\n\n\t\t\t<div\n\t\t\t\tclass=\"sow-accordion-panel-content\"\n\t\t\t\trole=\"region\"\n\t\t\t\taria-labelledby=\"accordion-label-cursos-presenciais\"\n\t\t\t\tid=\"accordion-content-cursos-presenciais\"\n\t\t\t\tstyle=\"display: none;\"\t\t\t>\n\t\t\t\t<div class=\"sow-accordion-panel-border\" tabindex=\"0\">\n\t\t\t\t\t<p align=\"justify\">O Cerimonial da Reitoria e a Prograd divulgam as datas e instru\u00e7\u00f5es para as formaturas institucionais dos cursos presenciais da Universidade Estadual de Ponta Grossa de 2022.<\/p>\n<p align=\"justify\">As formaturas acontecer\u00e3o de 06 a 09 de junho de 2022, de modo presencial na cidade de Ponta Grossa, de acordo com a divis\u00e3o por setores:<\/p>\n<p align=\"justify\">06\/06\/2022: Setor de Ci\u00eancias Jur\u00eddicas e Setor de Ci\u00eancias Exatas<\/p>\n<p align=\"justify\">07\/06\/2022: Setor das Engenharias, Ci\u00eancias Agr\u00e1rias e de Tecnologia<\/p>\n<p align=\"justify\">08\/06\/2022: Setor de Ci\u00eancias Biol\u00f3gicas e da Sa\u00fade e Setor de Ci\u00eancias Sociais e Aplicadas<\/p>\n<p align=\"justify\">09\/06\/2022: Setor de Ci\u00eancias Humanas, Letras e Artes<\/p>\n<p align=\"justify\">Todas as cerim\u00f4nias ter\u00e3o in\u00edcio \u00e0s 19 horas e ir\u00e3o acontecer de acordo com o protocolo de biosseguran\u00e7a para formaturas da UEPG, dispon\u00edvel <strong><a href=\"http:\/\/www2.uepg.br\/prograd\/wp-content\/uploads\/sites\/19\/2022\/02\/PROTOCOLO-DE-BIOSSEGURANCA-FORMATURAS.pdf\" target=\"_blank\" rel=\"noopener\">aqui<\/a><\/strong>.<\/p>\n<p align=\"justify\">Caso o formando n\u00e3o possa comparecer \u00e0 data de sua cola\u00e7\u00e3o, dever\u00e1 abrir um SEI para a Prograd com sua justificativa e pedido de formatura extempor\u00e2nea.<\/p>\n<p align=\"justify\">Os representantes de cada curso devem, at\u00e9 25 de abril de 2022, enviar as indica\u00e7\u00f5es de professores homenageados; indica\u00e7\u00f5es de alunos que gostariam de realizar discursos \u2013 realizar o juramento geral dos cursos da noite e ser o orador das turmas, para o e-mail: cerimonial@uepg.br (<a href=\"http:\/\/www2.uepg.br\/prograd\/wp-content\/uploads\/sites\/19\/2022\/03\/Informacoes-formaturas.pdf\" target=\"_blank\" rel=\"noopener\">Informa\u00e7\u00f5es - formaturasas informa\u00e7\u00f5es necess\u00e1rias est\u00e3o neste link<\/a>). O Cerimonial far\u00e1 o sorteio dentre os nomes indicados.<\/p>\n<p align=\"justify\">Em breve todos os alunos ser\u00e3o contatados pelo cerimonial, para mais detalhes.<\/p>\n<p>&nbsp;<\/p>\n\t\t\t\t<\/div>\n\t\t\t<\/div>\n\t\t<\/div>\n\t\t\t<div class=\"sow-accordion-panel\"\n\t\t\t data-anchor=\"cursos-%c3%a0-dist%c3%a2ncia-ead\">\n\t\t\t\t<div class=\"sow-accordion-panel-header-container\" role=\"heading\" aria-level=\"2\">\n\t\t\t\t\t<div class=\"sow-accordion-panel-header\" tabindex=\"0\" role=\"button\" id=\"accordion-label-cursos-%c3%a0-dist%c3%a2ncia-ead\" aria-controls=\"accordion-content-cursos-%c3%a0-dist%c3%a2ncia-ead\" aria-expanded=\"false\">\n\t\t\t\t\t\t<div class=\"sow-accordion-title sow-accordion-title-icon-left\">\n\t\t\t\t\t\t\t\t\t\t\t\t\t\tCURSOS \u00c0 DIST\u00c2NCIA (EaD)\t\t\t\t\t\t\t\t\t\t\t\t\t<\/div>\n\t\t\t\t\t\t<div class=\"sow-accordion-open-close-button\">\n\t\t\t\t\t\t\t<div class=\"sow-accordion-open-button\">\n\t\t\t\t\t\t\t\t<span class=\"sow-icon-ionicons\" data-sow-icon=\"&#xf218;\"\n\t\t \n\t\taria-hidden=\"true\"><\/span>\t\t\t\t\t\t\t<\/div>\n\t\t\t\t\t\t\t<div class=\"sow-accordion-close-button\">\n\t\t\t\t\t\t\t\t<span class=\"sow-icon-ionicons\" data-sow-icon=\"&#xf209;\"\n\t\t \n\t\taria-hidden=\"true\"><\/span>\t\t\t\t\t\t\t<\/div>\n\t\t\t\t\t\t<\/div>\n\t\t\t\t\t<\/div>\n\t\t\t\t<\/div>\n\n\t\t\t<div\n\t\t\t\tclass=\"sow-accordion-panel-content\"\n\t\t\t\trole=\"region\"\n\t\t\t\taria-labelledby=\"accordion-label-cursos-%c3%a0-dist%c3%a2ncia-ead\"\n\t\t\t\tid=\"accordion-content-cursos-%c3%a0-dist%c3%a2ncia-ead\"\n\t\t\t\tstyle=\"display: none;\"\t\t\t>\n\t\t\t\t<div class=\"sow-accordion-panel-border\" tabindex=\"0\">\n\t\t\t\t\t<p><strong>DATAS<\/strong><br \/>\nAs formaturas ser\u00e3o realizadas de maneira presencial e online. \u00c9 fundamental a leitura atenta e atendimento ao protocolo elaborado pela Comiss\u00e3o de Biosseguran\u00e7a da UEPG.<\/p>\n<p><strong>COLA\u00c7\u00c3O PRESENCIAL<\/strong><br \/>\n21 DE FEVEREIRO: em JAGUARIA\u00cdVA<br \/>\n22 DE FEVEREIRO: em CAMPO LARGO<br \/>\n23 DE FEVEREIRO: em PONTAL DO PARAN\u00c1<br \/>\n24 de Fevereiro: em PONTA GROSSA<\/p>\n<p><strong>COLA\u00c7\u00c3O ONLINE<\/strong><br \/>\n03 DE MAR\u00c7O DE 2022<\/p>\n<p>&nbsp;<\/p>\n<p style=\"text-align: center;\"><strong>ATEN\u00c7\u00c3O<\/strong><br \/>\n- AT\u00c9 DIA 15 DE FEVEREIRO DE 2022, SER\u00c3O DIVULGADAS AQUI (BEM COMO ENTRE AS COORDENA\u00c7\u00d5ES DE CURSO), AS LISTAS DEFINITIVAS, POR DATA, COM OS NOMES DOS RESPECTIVOS FORMANDOS E FORMANDAS<\/p>\n<p>- O CERIMONIAL DA REITORIA J\u00c1 CRIOU UM GRUPO DE WHATSAPP COM OS ACAD\u00caMICOS E ACAD\u00caMICAS, POR DATA, ONDE S\u00c3O REPASSADAS INFORMA\u00c7\u00d5ES RELACIONADAS AOS PROCEDIMENTOS PARA O DIA DA COLA\u00c7\u00c3O.<\/p>\n<p>&nbsp;<\/p>\n\t\t\t\t<\/div>\n\t\t\t<\/div>\n\t\t<\/div>\n\t\t<\/div>\n<\/div>\n<\/div><\/div><\/div><\/div><\/div>","protected":false},"excerpt":{"rendered":"<p>CURSOS PRESENCIAIS O Cerimonial da Reitoria e a Prograd divulgam as datas e instru\u00e7\u00f5es para as formaturas institucionais dos cursos presenciais da Universidade Estadual de Ponta Grossa de 2022. As formaturas acontecer\u00e3o de 06 a 09 de junho de 2022, de modo presencial na cidade de Ponta Grossa, de acordo com a divis\u00e3o por setores:&nbsp;&hellip;<\/p>\n","protected":false},"author":24,"featured_media":3758,"parent":653,"menu_order":0,"comment_status":"closed","ping_status":"closed","template":"","meta":[],"_links":{"self":[{"href":"https:\/\/www2.uepg.br\/prograd\/wp-json\/wp\/v2\/pages\/4453"}],"collection":[{"href":"https:\/\/www2.uepg.br\/prograd\/wp-json\/wp\/v2\/pages"}],"about":[{"href":"https:\/\/www2.uepg.br\/prograd\/wp-json\/wp\/v2\/types\/page"}],"author":[{"embeddable":true,"href":"https:\/\/www2.uepg.br\/prograd\/wp-json\/wp\/v2\/users\/24"}],"replies":[{"embeddable":true,"href":"https:\/\/www2.uepg.br\/prograd\/wp-json\/wp\/v2\/comments?post=4453"}],"version-history":[{"count":12,"href":"https:\/\/www2.uepg.br\/prograd\/wp-json\/wp\/v2\/pages\/4453\/revisions"}],"predecessor-version":[{"id":4664,"href":"https:\/\/www2.uepg.br\/prograd\/wp-json\/wp\/v2\/pages\/4453\/revisions\/4664"}],"up":[{"embeddable":true,"href":"https:\/\/www2.uepg.br\/prograd\/wp-json\/wp\/v2\/pages\/653"}],"wp:featuredmedia":[{"embeddable":true,"href":"https:\/\/www2.uepg.br\/prograd\/wp-json\/wp\/v2\/media\/3758"}],"wp:attachment":[{"href":"https:\/\/www2.uepg.br\/prograd\/wp-json\/wp\/v2\/media?parent=4453"}],"curies":[{"name":"wp","href":"https:\/\/api.w.org\/{rel}","templated":true}]}}