{"id":5185,"date":"2022-05-18T08:58:20","date_gmt":"2022-05-18T11:58:20","guid":{"rendered":"https:\/\/www2.uepg.br\/prograd\/?page_id=5185"},"modified":"2022-08-05T13:30:11","modified_gmt":"2022-08-05T16:30:11","slug":"programas-de-disciplinas","status":"publish","type":"page","link":"https:\/\/www2.uepg.br\/prograd\/programas-de-disciplinas\/","title":{"rendered":"Programas de Disciplinas"},"content":{"rendered":"<p>Professor,<\/p>\n<p>Os programas de disciplinas s\u00e3o os conte\u00fados trabalhados nas disciplinas, onde s\u00e3o apresentados de forma sistematizada e pormenorizada. A cada mudan\u00e7a de curr\u00edculo este programa dever\u00e1\u00a0ser apresentado conforme a nova proposta no\u00a0Projeto Pedag\u00f3gico do Curso, seguindo a <a href=\"https:\/\/www2.uepg.br\/prograd\/catalogo-de-cursos\/\" target=\"_blank\" rel=\"noopener\">ementa<\/a> aprovada e\u00a0<a href=\"https:\/\/www2.uepg.br\/prograd\/formularios-e-documentos-para-novos-projetos-pedagogicos\/\" target=\"_blank\" rel=\"noopener\">formul\u00e1rio do\u00a0programa de disciplina<\/a> proposto.<\/p>\n<p>Cabe aos docentes respons\u00e1veis por ministrar a disciplina, a responsabilidade de informar o coordenador do curso o programa atualizado, o qual dever\u00e1 encaminhar a PROGRAD-DIVPPAA via protocolo digital SEI.<\/p>\n<p>As mudan\u00e7as nos programas de disciplinas ocorridas em raz\u00e3o de um novo curr\u00edculo, dever\u00e3o ser encaminhado ao setor at\u00e9 03 meses ap\u00f3s a conclus\u00e3o da disciplina no curr\u00edculo.<\/p>\n<p>Destacamos que os programas das disciplinas s\u00e3o solicitados\u00a0 para aproveitamento das disciplinas a serem cursadas em outras Institui\u00e7\u00f5es de Ensino Superior, e para processos de revalida\u00e7\u00e3o e tamb\u00e9m reconhecimento de Diploma no exterior.<\/p>\n<p>Resolu\u00e7\u00e3o\/Ordem de servi\u00e7o que regulamentam:<\/p>\n<p>Resolu\u00e7\u00e3o <a href=\"http:\/\/www2.uepg.br\/prograd\/wp-content\/uploads\/sites\/19\/2022\/05\/Reso-Univ-11_2017.pdf\" target=\"_blank\" rel=\"noopener\">UNIV N\u00ba 011, DE 22 DE JUNHO DE 2017<\/a>. &#8220;Art. 26, <em>Par\u00e1grafo \u00fanico&#8221;<\/em><\/p>\n<p>Ordem de Servi\u00e7o <a href=\"https:\/\/www2.uepg.br\/prograd\/wp-content\/uploads\/sites\/19\/2022\/04\/ORDEM-DE-SERVICO-No-2022.0961121-1.pdf\" target=\"_blank\" rel=\"noopener\">N\u00ba 2022.0961121 &#8211; PROGRAD-DIAC<\/a><\/p>\n<p>&nbsp;<\/p>\n<p>Realize o Download do <a href=\"https:\/\/www2.uepg.br\/prograd\/programas-de-disciplinas\/modelo_de_programa_de_disciplina_para_professor_2022\/\" rel=\"attachment wp-att-5535\">FORMUL\u00c1RIO PARA PROGRAMA DE DISCIPLINA. 2022<\/a><\/p>\n<p>&nbsp;<\/p>\n","protected":false},"excerpt":{"rendered":"<p>Professor, Os programas de disciplinas s\u00e3o os conte\u00fados trabalhados nas disciplinas, onde s\u00e3o apresentados de forma sistematizada e pormenorizada. A cada mudan\u00e7a de curr\u00edculo este programa dever\u00e1\u00a0ser apresentado conforme a nova proposta no\u00a0Projeto Pedag\u00f3gico do Curso, seguindo a ementa aprovada e\u00a0formul\u00e1rio do\u00a0programa de disciplina proposto. Cabe aos docentes respons\u00e1veis por ministrar a disciplina, a responsabilidade&nbsp;&hellip;<\/p>\n","protected":false},"author":24,"featured_media":4156,"parent":0,"menu_order":0,"comment_status":"closed","ping_status":"closed","template":"","meta":[],"_links":{"self":[{"href":"https:\/\/www2.uepg.br\/prograd\/wp-json\/wp\/v2\/pages\/5185"}],"collection":[{"href":"https:\/\/www2.uepg.br\/prograd\/wp-json\/wp\/v2\/pages"}],"about":[{"href":"https:\/\/www2.uepg.br\/prograd\/wp-json\/wp\/v2\/types\/page"}],"author":[{"embeddable":true,"href":"https:\/\/www2.uepg.br\/prograd\/wp-json\/wp\/v2\/users\/24"}],"replies":[{"embeddable":true,"href":"https:\/\/www2.uepg.br\/prograd\/wp-json\/wp\/v2\/comments?post=5185"}],"version-history":[{"count":11,"href":"https:\/\/www2.uepg.br\/prograd\/wp-json\/wp\/v2\/pages\/5185\/revisions"}],"predecessor-version":[{"id":5536,"href":"https:\/\/www2.uepg.br\/prograd\/wp-json\/wp\/v2\/pages\/5185\/revisions\/5536"}],"wp:featuredmedia":[{"embeddable":true,"href":"https:\/\/www2.uepg.br\/prograd\/wp-json\/wp\/v2\/media\/4156"}],"wp:attachment":[{"href":"https:\/\/www2.uepg.br\/prograd\/wp-json\/wp\/v2\/media?parent=5185"}],"curies":[{"name":"wp","href":"https:\/\/api.w.org\/{rel}","templated":true}]}}