{"id":5204,"date":"2022-05-18T10:15:34","date_gmt":"2022-05-18T13:15:34","guid":{"rendered":"https:\/\/www2.uepg.br\/prograd\/?page_id=5204"},"modified":"2023-11-09T15:38:59","modified_gmt":"2023-11-09T18:38:59","slug":"editais-residencia-pedagogica","status":"publish","type":"page","link":"https:\/\/www2.uepg.br\/prograd\/editais-residencia-pedagogica\/","title":{"rendered":"Editais Resid\u00eancia Pedag\u00f3gica"},"content":{"rendered":"<div id=\"pl-5204\"  class=\"panel-layout\" ><div id=\"pg-5204-0\"  class=\"panel-grid panel-no-style\" ><div id=\"pgc-5204-0-0\"  class=\"panel-grid-cell\" ><div id=\"panel-5204-0-0-0\" class=\"so-panel widget widget_sow-accordion panel-first-child panel-last-child\" data-index=\"0\" ><div\n\t\t\t\n\t\t\tclass=\"so-widget-sow-accordion so-widget-sow-accordion-default-cfe741d4f49c-5204\"\n\t\t\t\n\t\t><div>\n\t<div class=\"sow-accordion\">\n\t\t\t<div class=\"sow-accordion-panel sow-accordion-panel-open\"\n\t\t\t data-anchor=\"2023\">\n\t\t\t\t<div class=\"sow-accordion-panel-header-container\" role=\"heading\" aria-level=\"2\">\n\t\t\t\t\t<div class=\"sow-accordion-panel-header\" tabindex=\"0\" role=\"button\" id=\"accordion-label-2023\" aria-controls=\"accordion-content-2023\" aria-expanded=\"true\">\n\t\t\t\t\t\t<div class=\"sow-accordion-title sow-accordion-title-icon-left\">\n\t\t\t\t\t\t\t\t\t\t\t\t\t\t2023\t\t\t\t\t\t\t\t\t\t\t\t\t<\/div>\n\t\t\t\t\t\t<div class=\"sow-accordion-open-close-button\">\n\t\t\t\t\t\t\t<div class=\"sow-accordion-open-button\">\n\t\t\t\t\t\t\t\t<span class=\"sow-icon-ionicons\" data-sow-icon=\"&#xf218;\"\n\t\t \n\t\taria-hidden=\"true\"><\/span>\t\t\t\t\t\t\t<\/div>\n\t\t\t\t\t\t\t<div class=\"sow-accordion-close-button\">\n\t\t\t\t\t\t\t\t<span class=\"sow-icon-ionicons\" data-sow-icon=\"&#xf209;\"\n\t\t \n\t\taria-hidden=\"true\"><\/span>\t\t\t\t\t\t\t<\/div>\n\t\t\t\t\t\t<\/div>\n\t\t\t\t\t<\/div>\n\t\t\t\t<\/div>\n\n\t\t\t<div\n\t\t\t\tclass=\"sow-accordion-panel-content\"\n\t\t\t\trole=\"region\"\n\t\t\t\taria-labelledby=\"accordion-label-2023\"\n\t\t\t\tid=\"accordion-content-2023\"\n\t\t\t\t\t\t\t>\n\t\t\t\t<div class=\"sow-accordion-panel-border\" tabindex=\"0\">\n\t\t\t\t\t<p><a href=\"http:\/\/www2.uepg.br\/prograd\/wp-content\/uploads\/sites\/19\/2023\/11\/edital_artes_musica_mat_resultado-1.pdf\" target=\"_blank\" rel=\"noopener\">EDITAL PROGRAD\/PRP n\u00ba 18\/2023 RESULTADO SELE\u00c7\u00c3O RESIDENTES - Licenciatura em: Artes Visuais, Matem\u00e1tica e M\u00fasica<\/a><\/p>\n<p><a href=\"http:\/\/www2.uepg.br\/prograd\/wp-content\/uploads\/sites\/19\/2023\/10\/edital_modelo-Copia.pdf\" target=\"_blank\" rel=\"noopener\">EDITAL PROGRAD\/PRP n\u00ba 17\/2023 HOMOLOGA\u00c7\u00c3O DE RESIDENTES - Licenciatura em: Artes Visuais, Matem\u00e1tica e M\u00fasica<\/a><\/p>\n<p><a href=\"http:\/\/www2.uepg.br\/prograd\/wp-content\/uploads\/sites\/19\/2023\/09\/Edital-RESIDENCIA_fluxo-continuo_marcela.pdf\" target=\"_blank\" rel=\"noopener\">EDITAL PROGRAD\/PRP n\u00ba 16\/2023 SELE\u00c7\u00c3O DE RESIDENTES \u2013 Fluxo cont\u00ednuo<\/a><\/p>\n<p><a href=\"http:\/\/www2.uepg.br\/prograd\/wp-content\/uploads\/sites\/19\/2023\/08\/edital_letras_definitivo-1.pdf\" target=\"_blank\" rel=\"noopener\">EDITAL PROGRAD\/PRP n\u00ba 15\/2023 HOMOLOGA\u00c7\u00c3O DE RESIDENTES<\/a><\/p>\n<p><a href=\"http:\/\/www2.uepg.br\/prograd\/wp-content\/uploads\/sites\/19\/2023\/05\/edital_ciencias_resultado.pdf\" target=\"_blank\" rel=\"noopener\">EDITAL PROGRAD\/PRP n\u00ba 14\/2023 CLASSIFICA\u00c7\u00c3O DOS CANDIDATOS A RESIDENTE<\/a><\/p>\n<p><a href=\"http:\/\/www2.uepg.br\/prograd\/wp-content\/uploads\/sites\/19\/2023\/05\/edital_ciencias.pdf\" target=\"_blank\" rel=\"noopener\">EDITAL PROGRAD\/PRP n\u00ba 13\/2023 HOMOLOGA\u00c7\u00c3O DE RESIDENTES<\/a><\/p>\n<p><a href=\"http:\/\/www2.uepg.br\/prograd\/wp-content\/uploads\/sites\/19\/2023\/04\/Edital-RESIDENCIA-classificacao-residentes-12.2023.pdf\" target=\"_blank\" rel=\"noopener\">EDITAL PROGRAD\/PRP n\u00ba 12\/2023 CLASSIFICA\u00c7\u00c3O DOS CANDIDATOS A RESIDENTE<\/a><\/p>\n<p><a href=\"http:\/\/www2.uepg.br\/prograd\/wp-content\/uploads\/sites\/19\/2023\/04\/Edital-RESIDENCIA-homologacao-entrevista.pdf\" target=\"_blank\" rel=\"noopener\">EDITAL PROGRAD\/PRP n\u00ba 11\/2023 HOMOLOGA\u00c7\u00c3O DE RESIDENTES<\/a><\/p>\n<p><a href=\"http:\/\/www2.uepg.br\/prograd\/wp-content\/uploads\/sites\/19\/2023\/03\/Edital-10-RESIDENCIA-classificacao-residentes.pdf\" target=\"_blank\" rel=\"noopener\">EDITAL PROGRAD\/PRP n\u00ba 10\/2023 CLASSIFICA\u00c7\u00c3O DOS CANDIDATOS A RESIDENTE<\/a><\/p>\n<p><a href=\"http:\/\/www2.uepg.br\/prograd\/wp-content\/uploads\/sites\/19\/2023\/03\/Edital-09-RESIDENCIA-classificacao-residentes.pdf\" target=\"_blank\" rel=\"noopener\">EDITAL PROGRAD\/PRP n\u00ba 09\/2023 CLASSIFICA\u00c7\u00c3O DOS CANDIDATOS A RESIDENTE<\/a><\/p>\n<p><a href=\"http:\/\/www2.uepg.br\/prograd\/wp-content\/uploads\/sites\/19\/2023\/03\/Edital-RESIDENCIA-homologacao-residente-08.23.pdf\" target=\"_blank\" rel=\"noopener\">EDITAL PROGRAD\/PRP n\u00b0 08\/2023 HOMOLOGA\u00c7\u00c3O DE RESIDENTES<\/a><\/p>\n<p><a href=\"http:\/\/www2.uepg.br\/prograd\/wp-content\/uploads\/sites\/19\/2023\/03\/07_23Edital-RESIDENCIA-homologacao-residentes1.pdf\" target=\"_blank\" rel=\"noopener\">EDITAL PROGRAD\/PRP n\u00ba 07\/2023 HOMOLOGA\u00c7\u00c3O DE RESIDENTES<\/a><\/p>\n<p><a href=\"http:\/\/www2.uepg.br\/prograd\/wp-content\/uploads\/sites\/19\/2023\/03\/Edital-RESIDENCIA-homologacao-entrevistas.pdf\" target=\"_blank\" rel=\"noopener\">EDITAL PROGRAD\/PRP n\u00b006\/2023 HOMOLOGA\u00c7\u00c3O DE RESIDENTES<\/a><\/p>\n<p><a href=\"http:\/\/www2.uepg.br\/prograd\/wp-content\/uploads\/sites\/19\/2023\/02\/Edital-RESIDENCIA-homologacao-entrevistas.pdf\" target=\"_blank\" rel=\"noopener\">EDITAL PROGRAD\/PRP n\u00b0 05\/2023 HOMOLOGA\u00c7\u00c3O DE RESIDENTES<\/a><\/p>\n<p><a href=\"http:\/\/www2.uepg.br\/prograd\/wp-content\/uploads\/sites\/19\/2023\/02\/Edital-RESIDENCIA-classificacao-residentes-Educacao-Fisica.pdf\" target=\"_blank\" rel=\"noopener\">EDITAL PROGRAD\/PRP n\u00ba 04\/2023 CLASSIFICA\u00c7\u00c3O DOS CANDIDATOS A RESIDENTE<\/a><\/p>\n<p><a href=\"http:\/\/www2.uepg.br\/prograd\/wp-content\/uploads\/sites\/19\/2023\/02\/Residencia-Pedagogica-classificacao-residentes-pedagogia.pdf\" target=\"_blank\" rel=\"noopener\">EDITAL PROGRAD\/PRP n\u00ba 03\/2023 CLASSIFICA\u00c7\u00c3O DOS CANDIDATOS A RESIDENTE<\/a><\/p>\n<p><a href=\"http:\/\/www2.uepg.br\/prograd\/wp-content\/uploads\/sites\/19\/2023\/02\/02_23Edital-RESIDENCIA-homologacao-residentes1.pdf\" target=\"_blank\" rel=\"noopener\">EDITAL PROGRAD\/PRP n\u00ba 02\/2023 HOMOLOGA\u00c7\u00c3O DE RESIDENTES<\/a><\/p>\n<p><a href=\"http:\/\/www2.uepg.br\/prograd\/wp-content\/uploads\/sites\/19\/2023\/01\/Edital-RESIDENCIA-residentes-fluxo-continuo.pdf\" target=\"_blank\" rel=\"noopener\">EDITAL PROGRAD\/PRP n\u00ba 01\/2023 SELE\u00c7\u00c3O DE RESIDENTES \u2013 Fluxo cont\u00ednuo<\/a><\/p>\n<p>&nbsp;<\/p>\n\t\t\t\t<\/div>\n\t\t\t<\/div>\n\t\t<\/div>\n\t\t\t<div class=\"sow-accordion-panel\"\n\t\t\t data-anchor=\"2022\">\n\t\t\t\t<div class=\"sow-accordion-panel-header-container\" role=\"heading\" aria-level=\"2\">\n\t\t\t\t\t<div class=\"sow-accordion-panel-header\" tabindex=\"0\" role=\"button\" id=\"accordion-label-2022\" aria-controls=\"accordion-content-2022\" aria-expanded=\"false\">\n\t\t\t\t\t\t<div class=\"sow-accordion-title sow-accordion-title-icon-left\">\n\t\t\t\t\t\t\t\t\t\t\t\t\t\t2022\t\t\t\t\t\t\t\t\t\t\t\t\t<\/div>\n\t\t\t\t\t\t<div class=\"sow-accordion-open-close-button\">\n\t\t\t\t\t\t\t<div class=\"sow-accordion-open-button\">\n\t\t\t\t\t\t\t\t<span class=\"sow-icon-ionicons\" data-sow-icon=\"&#xf218;\"\n\t\t \n\t\taria-hidden=\"true\"><\/span>\t\t\t\t\t\t\t<\/div>\n\t\t\t\t\t\t\t<div class=\"sow-accordion-close-button\">\n\t\t\t\t\t\t\t\t<span class=\"sow-icon-ionicons\" data-sow-icon=\"&#xf209;\"\n\t\t \n\t\taria-hidden=\"true\"><\/span>\t\t\t\t\t\t\t<\/div>\n\t\t\t\t\t\t<\/div>\n\t\t\t\t\t<\/div>\n\t\t\t\t<\/div>\n\n\t\t\t<div\n\t\t\t\tclass=\"sow-accordion-panel-content\"\n\t\t\t\trole=\"region\"\n\t\t\t\taria-labelledby=\"accordion-label-2022\"\n\t\t\t\tid=\"accordion-content-2022\"\n\t\t\t\tstyle=\"display: none;\"\t\t\t>\n\t\t\t\t<div class=\"sow-accordion-panel-border\" tabindex=\"0\">\n\t\t\t\t\t<p><strong>07.10.2022 \u2013<\/strong>\u00a0<strong><a href=\"http:\/\/www2.uepg.br\/prograd\/wp-content\/uploads\/sites\/19\/2022\/10\/Edital-RESIDENCIA-classificacao-residentes.pdf\" target=\"_blank\" rel=\"noopener\">EDITAL PROGRAD\/PRP n\u00ba 08\/2022 CLASSIFICA\u00c7\u00c3O DOS CANDIDATOS A RESIDENTE<\/a><\/strong><\/p>\n<p><strong>06.10.2022 \u2013 <a href=\"http:\/\/www2.uepg.br\/prograd\/wp-content\/uploads\/sites\/19\/2022\/10\/Edital-RESIDENCIA-classificacao-preceptores.pdf\" target=\"_blank\" rel=\"noopener\">EDITAL PROGRAD\/PRP n\u00ba 07\/2022 CLASSIFICA\u00c7\u00c3O DOS CANDIDATOS A PRECEPTORES (professores e pedagogos das escolas p\u00fablicas habilitadas).<\/a><\/strong><\/p>\n<p><strong>30.09.2022 \u2013 <a href=\"http:\/\/www2.uepg.br\/prograd\/wp-content\/uploads\/sites\/19\/2022\/09\/Edital-RESIDENCIA-homologacao-residentes.pdf\" target=\"_blank\" rel=\"noopener\">EDITAL PROGRAD\/PRP n\u00ba 06\/2022 - HOMOLOGA\u00c7\u00c3O DE RESIDENTES<\/a><\/strong><\/p>\n<p><strong>29.09.2022 \u2013 <a href=\"http:\/\/www2.uepg.br\/prograd\/wp-content\/uploads\/sites\/19\/2022\/09\/Edital-RESIDENCIA-homologacao-preceptores-1.pdf\" target=\"_blank\" rel=\"noopener\">EDITAL PROGRAD\/PRP n\u00ba 05\/2022 HOMOLOGA\u00c7\u00c3O DE PRECEPTORES (professores e pedagogos das escolas p\u00fablicas habilitadas)<\/a><\/strong><\/p>\n<p><strong>23.09.2022 \u2013<\/strong> <strong><a href=\"http:\/\/www2.uepg.br\/prograd\/wp-content\/uploads\/sites\/19\/2022\/09\/Edital-RESIDENCIA-residentes-PRORROGACAO-PRAZOS-1.pdf\" target=\"_blank\" rel=\"noopener\">EDITAL PROGRAD\/PRP n\u00ba 02\/2022 SELE\u00c7\u00c3O DE RESIDENTES - PRORROGA\u00c7\u00c3O DE PRAZOS<\/a><\/strong><\/p>\n<p><strong>20.09.2022\u00a0\u2013\u00a0<a href=\"http:\/\/www2.uepg.br\/prograd\/wp-content\/uploads\/sites\/19\/2022\/05\/Edital-RESIDENCIA-preceptores1.pdf\" target=\"_blank\" rel=\"noopener noreferrer\">EDITAL PROGRAD\/PRP n\u00ba 03\/2022 - SELE\u00c7\u00c3O DE PRECEPTORES (professores e pedagogos das escolas p\u00fablicas habilitadas)<\/a><\/strong><\/p>\n<p><strong>16.09.2022\u00a0\u2013<span style=\"color: #ff0000\">\u00a0<a href=\"http:\/\/www2.uepg.br\/prograd\/wp-content\/uploads\/sites\/19\/2022\/05\/Edital-RESIDENCIA-residentes.pdf\" target=\"_blank\" rel=\"noopener noreferrer\">EDITAL PROGRAD\/PRP n\u00ba 02\/2022 - SELE\u00c7\u00c3O DE RESIDENTES<\/a><\/span><\/strong><\/p>\n<p><strong>14.06.2022 \u2013<span style=\"color: #ff0000\">\u00a0<a href=\"http:\/\/www2.uepg.br\/prograd\/wp-content\/uploads\/sites\/19\/2022\/06\/RESULTADO-DE-SELECAO-DE-SUBPROJETOS-E-DOCENTES-RP.pdf\" target=\"_blank\" rel=\"noopener noreferrer\">RESULTADO DE SELE\u00c7\u00c3O DE SUBPROJETOS E DOCENTES ORIENTADORES<\/a><\/span><\/strong><\/p>\n<p><strong>18.05.2022 \u2013<span style=\"color: #ff0000\">\u00a0<a href=\"http:\/\/www2.uepg.br\/prograd\/wp-content\/uploads\/sites\/19\/2022\/05\/Edital_RESIDENCIA__para_cursos_areas__1_-1-1.pdf\" target=\"_blank\" rel=\"noopener noreferrer\">PROGRAMA RESID\u00caNCIA PEDAG\u00d3GICA - PRP EDITAL PROGRAD\/PRP n\u00ba 01\/2022<\/a><\/span><\/strong><\/p>\n\t\t\t\t<\/div>\n\t\t\t<\/div>\n\t\t<\/div>\n\t\t\t<div class=\"sow-accordion-panel\"\n\t\t\t data-anchor=\"2021\">\n\t\t\t\t<div class=\"sow-accordion-panel-header-container\" role=\"heading\" aria-level=\"2\">\n\t\t\t\t\t<div class=\"sow-accordion-panel-header\" tabindex=\"0\" role=\"button\" id=\"accordion-label-2021\" aria-controls=\"accordion-content-2021\" aria-expanded=\"false\">\n\t\t\t\t\t\t<div class=\"sow-accordion-title sow-accordion-title-icon-left\">\n\t\t\t\t\t\t\t\t\t\t\t\t\t\t2021\t\t\t\t\t\t\t\t\t\t\t\t\t<\/div>\n\t\t\t\t\t\t<div class=\"sow-accordion-open-close-button\">\n\t\t\t\t\t\t\t<div class=\"sow-accordion-open-button\">\n\t\t\t\t\t\t\t\t<span class=\"sow-icon-ionicons\" data-sow-icon=\"&#xf218;\"\n\t\t \n\t\taria-hidden=\"true\"><\/span>\t\t\t\t\t\t\t<\/div>\n\t\t\t\t\t\t\t<div class=\"sow-accordion-close-button\">\n\t\t\t\t\t\t\t\t<span class=\"sow-icon-ionicons\" data-sow-icon=\"&#xf209;\"\n\t\t \n\t\taria-hidden=\"true\"><\/span>\t\t\t\t\t\t\t<\/div>\n\t\t\t\t\t\t<\/div>\n\t\t\t\t\t<\/div>\n\t\t\t\t<\/div>\n\n\t\t\t<div\n\t\t\t\tclass=\"sow-accordion-panel-content\"\n\t\t\t\trole=\"region\"\n\t\t\t\taria-labelledby=\"accordion-label-2021\"\n\t\t\t\tid=\"accordion-content-2021\"\n\t\t\t\tstyle=\"display: none;\"\t\t\t>\n\t\t\t\t<div class=\"sow-accordion-panel-border\" tabindex=\"0\">\n\t\t\t\t\t<p><strong>\u00a0<\/strong><a href=\"http:\/\/www2.uepg.br\/prograd\/wp-content\/uploads\/sites\/19\/2021\/10\/EDITAL-PROGRAD-No-109.pdf\" target=\"_blank\" rel=\"noopener\">Edital PROGRAD n\u00ba 109<\/a><a href=\"http:\/\/www2.uepg.br\/prograd\/wp-content\/uploads\/sites\/19\/2021\/10\/EDITAL-PROGRAD-No-109.pdf\" target=\"_blank\" rel=\"noopener\">- Resid\u00eancia Pedag\u00f3gica - Educa\u00e7\u00e3o F\u00edsica -\u00a0<strong>DEFERIMENTO DAS INSCRI\u00c7\u00d5ES<\/strong>\u00a0- Preceptor<\/a><\/p>\n<p>&nbsp;<\/p>\n<p><a href=\"http:\/\/www2.uepg.br\/prograd\/wp-content\/uploads\/sites\/19\/2021\/10\/EDITAL-PROGRAD-No-108-1.pdf\" target=\"_blank\" rel=\"noopener\">Edital PROGRAD n\u00ba 108 - Resid\u00eancia Pedag\u00f3gica - Letras -\u00a0<strong>DEFERIMENTO DAS INSCRI\u00c7\u00d5ES<\/strong>\u00a0- Discentes<\/a><\/p>\n<p>&nbsp;<\/p>\n<p><strong>\u00a0<\/strong><a href=\"http:\/\/www2.uepg.br\/prograd\/wp-content\/uploads\/sites\/19\/2021\/10\/EDITAL-PROGRAD-No-107.pdf\" target=\"_blank\" rel=\"noopener\">Edital PROGRAD n\u00ba 107 - Resid\u00eancia Pedag\u00f3gica - Educa\u00e7\u00e3o F\u00edsica<\/a><strong><a href=\"http:\/\/www2.uepg.br\/prograd\/wp-content\/uploads\/sites\/19\/2021\/10\/EDITAL-PROGRAD-No-107.pdf\" target=\"_blank\" rel=\"noopener\">\u00a0- DEFERIMENTO DAS INSCRI\u00c7\u00d5ES -\u00a0<\/a><\/strong><a href=\"http:\/\/www2.uepg.br\/prograd\/wp-content\/uploads\/sites\/19\/2021\/10\/EDITAL-PROGRAD-No-107.pdf\" target=\"_blank\" rel=\"noopener\">Discentes<\/a><\/p>\n<p>&nbsp;<\/p>\n<p><a href=\"http:\/\/www2.uepg.br\/prograd\/wp-content\/uploads\/sites\/19\/2021\/10\/EDITAL-PROGRAD-No-106.pdf\" target=\"_blank\" rel=\"noopener\">Edital PROGRAD n\u00ba 106 - Resid\u00eancia Pedag\u00f3gica - Ci\u00eancias Biol\u00f3gicas, F\u00edsica e Qu\u00edmica -\u00a0<strong>DEFERIMENTO DAS INSCRI\u00c7\u00d5ES<\/strong>\u00a0- Discentes<\/a><\/p>\n<p>&nbsp;<\/p>\n<p><strong>\u00a0<\/strong><a href=\"http:\/\/www2.uepg.br\/prograd\/wp-content\/uploads\/sites\/19\/2021\/10\/EDITAL-PROGRAD-No-105.pdf\" target=\"_blank\" rel=\"noopener\">Edital de Abertura PROGRAD N\u00ba 105 - Resid\u00eancia Pedag\u00f3gica - LIC. EM CI\u00caNCIAS BIOLOGICAS, F\u00cdSICA E QU\u00cdMICA\u00a0 -<\/a><strong><a href=\"http:\/\/www2.uepg.br\/prograd\/wp-content\/uploads\/sites\/19\/2021\/10\/EDITAL-PROGRAD-No-105.pdf\" target=\"_blank\" rel=\"noopener\">\u00a0DISCENTES<\/a><\/strong><\/p>\n<p>&nbsp;<\/p>\n<p><strong>\u00a0<\/strong><a href=\"http:\/\/www2.uepg.br\/prograd\/wp-content\/uploads\/sites\/19\/2021\/10\/EDITAL-PROGRAD-No-104.pdf\" target=\"_blank\" rel=\"noopener\">Edital de Abertura PROGRAD N\u00ba 104 - Resid\u00eancia Pedag\u00f3gica - LIC. EM EDUCA\u00c7\u00c3O F\u00cdSICA\u00a0 -<\/a><strong><a href=\"http:\/\/www2.uepg.br\/prograd\/wp-content\/uploads\/sites\/19\/2021\/10\/EDITAL-PROGRAD-No-104.pdf\" target=\"_blank\" rel=\"noopener\">\u00a0DISCENTES<\/a><\/strong><\/p>\n<p>&nbsp;<\/p>\n<p><a href=\"http:\/\/www2.uepg.br\/prograd\/wp-content\/uploads\/sites\/19\/2021\/10\/EDITAL-PROGRAD-No-103.pdf\" target=\"_blank\" rel=\"noopener\">Edital de Abertura PROGRAD N\u00ba 103 - Resid\u00eancia Pedag\u00f3gica - LIC. EM EDUCA\u00c7\u00c3O F\u00cdSICA\u00a0 -<\/a><strong><a href=\"http:\/\/www2.uepg.br\/prograd\/wp-content\/uploads\/sites\/19\/2021\/10\/EDITAL-PROGRAD-No-103.pdf\" target=\"_blank\" rel=\"noopener\">\u00a0PRECEPTORES<\/a><\/strong><\/p>\n<p>&nbsp;<\/p>\n<p><a href=\"http:\/\/www2.uepg.br\/prograd\/wp-content\/uploads\/sites\/19\/2021\/10\/EDITAL-PROGRAD-No-102.pdf\" target=\"_blank\" rel=\"noopener\">Edital de Abertura PROGRAD N\u00ba 102 - Resid\u00eancia Pedag\u00f3gica - LIC. EM EDUCA\u00c7\u00c3O F\u00cdSICA\u00a0 -\u00a0<strong>PRECEPTORES<\/strong><\/a><\/p>\n<p>&nbsp;<\/p>\n<p><a href=\"http:\/\/www2.uepg.br\/prograd\/wp-content\/uploads\/sites\/19\/2021\/10\/EDITAL-PROGRAD-No-101.pdf\" target=\"_blank\" rel=\"noopener\">Edital de Abertura PROGRAD N\u00ba 101 - Resid\u00eancia Pedag\u00f3gica - LIC. EM LETRAS\u00a0 -\u00a0<strong>DISCENTES<\/strong><\/a><\/p>\n<p>&nbsp;<\/p>\n<p><a href=\"http:\/\/www2.uepg.br\/prograd\/wp-content\/uploads\/sites\/19\/2021\/10\/EDITAL-PROGRAD-No-100.pdf\" target=\"_blank\" rel=\"noopener\">Edital de Abertura PROGRAD N\u00ba 100 - Resid\u00eancia Pedag\u00f3gica - LIC. EM EDUCA\u00c7\u00c3O F\u00cdSICA\u00a0 -\u00a0<strong>DISCENTES<\/strong><\/a><\/p>\n<p>&nbsp;<\/p>\n<p><a href=\"http:\/\/www2.uepg.br\/prograd\/wp-content\/uploads\/sites\/19\/2021\/10\/EDITAL-PROGRAD-No-099.pdf\" target=\"_blank\" rel=\"noopener\">Edital de Abertura PROGRAD N\u00ba 099 - Resid\u00eancia Pedag\u00f3gica - LIC. EM CI\u00caNCIAS BIOLOGICAS, F\u00cdSICA E QU\u00cdMICA\u00a0 -\u00a0<strong>DISCENTES<\/strong><\/a><\/p>\n<p>&nbsp;<\/p>\n<p><a href=\"http:\/\/www2.uepg.br\/prograd\/wp-content\/uploads\/sites\/19\/2021\/07\/SEI_UEPG-0556618-Edital.pdf\" target=\"_blank\" rel=\"noopener\">Edital PROGRAD N\u00ba 091 - Resid\u00eancia Pedag\u00f3gica -\u00a0<strong>Educa\u00e7\u00e3o F\u00edsica\u00a0<\/strong>\u00a0- Deferimento das Inscri\u00e7\u00f5es - DISCENTES<\/a><\/p>\n<p>&nbsp;<\/p>\n<p><a href=\"http:\/\/www2.uepg.br\/prograd\/wp-content\/uploads\/sites\/19\/2021\/07\/Edital-PROGRAD-no-090-Residencia-Pedagogica-EDUCACAO-FISICA-Discentes.pdf\" target=\"_blank\" rel=\"noopener\">Edital de Abertura PROGRAD n\u00ba 090 - Resid\u00eancia Pedag\u00f3gica -\u00a0<strong>Educa\u00e7\u00e3o F\u00edsica<\/strong>\u00a0\u2013 DISCENTES<\/a><\/p>\n\t\t\t\t<\/div>\n\t\t\t<\/div>\n\t\t<\/div>\n\t\t\t<div class=\"sow-accordion-panel\"\n\t\t\t data-anchor=\"2020\">\n\t\t\t\t<div class=\"sow-accordion-panel-header-container\" role=\"heading\" aria-level=\"2\">\n\t\t\t\t\t<div class=\"sow-accordion-panel-header\" tabindex=\"0\" role=\"button\" id=\"accordion-label-2020\" aria-controls=\"accordion-content-2020\" aria-expanded=\"false\">\n\t\t\t\t\t\t<div class=\"sow-accordion-title sow-accordion-title-icon-left\">\n\t\t\t\t\t\t\t\t\t\t\t\t\t\t2020\t\t\t\t\t\t\t\t\t\t\t\t\t<\/div>\n\t\t\t\t\t\t<div class=\"sow-accordion-open-close-button\">\n\t\t\t\t\t\t\t<div class=\"sow-accordion-open-button\">\n\t\t\t\t\t\t\t\t<span class=\"sow-icon-ionicons\" data-sow-icon=\"&#xf218;\"\n\t\t \n\t\taria-hidden=\"true\"><\/span>\t\t\t\t\t\t\t<\/div>\n\t\t\t\t\t\t\t<div class=\"sow-accordion-close-button\">\n\t\t\t\t\t\t\t\t<span class=\"sow-icon-ionicons\" data-sow-icon=\"&#xf209;\"\n\t\t \n\t\taria-hidden=\"true\"><\/span>\t\t\t\t\t\t\t<\/div>\n\t\t\t\t\t\t<\/div>\n\t\t\t\t\t<\/div>\n\t\t\t\t<\/div>\n\n\t\t\t<div\n\t\t\t\tclass=\"sow-accordion-panel-content\"\n\t\t\t\trole=\"region\"\n\t\t\t\taria-labelledby=\"accordion-label-2020\"\n\t\t\t\tid=\"accordion-content-2020\"\n\t\t\t\tstyle=\"display: none;\"\t\t\t>\n\t\t\t\t<div class=\"sow-accordion-panel-border\" tabindex=\"0\">\n\t\t\t\t\t<p><a href=\"http:\/\/www2.uepg.br\/prograd\/wp-content\/uploads\/sites\/19\/2020\/02\/EDITAL-PROGRAD-No-11-RESULTADO-RP-SUBPROJ-E-DOCENTES.pdf\">EDITAL PROGRAD No 11\/2020\u00a0<strong>RESULTADO<\/strong>\u00a0DE SELE\u00c7\u00c3O DE SUBPROJETOS E DOCENTES ORIENTADORES PARA COMPOR O PROJETO INSTITUCIONAL DE BOLSAS DO PROGRAMA RESID\u00caNCIA PEDAG\u00d3GICA<\/a><\/p>\n<p>&nbsp;<\/p>\n<p><a href=\"http:\/\/www2.uepg.br\/prograd\/wp-content\/uploads\/sites\/19\/2020\/02\/EDITAL-PROGRAD-No-10-RESULTADO-COORD-INSTITUC-RP.pdf\">EDITAL PROGRAD No 10\/2020\u00a0<strong>RESULTADO<\/strong>\u00a0DE SELE\u00c7\u00c3O COORDENADOR(A) INSTITUCIONAL PARA COMPOR O PROJETO INSTITUCIONAL DE RESID\u00caNCIA PEDAG\u00d3GICA<\/a><\/p>\n<p>&nbsp;<\/p>\n<p><a href=\"http:\/\/www2.uepg.br\/prograd\/wp-content\/uploads\/sites\/19\/2020\/01\/EDITAL_PROGRAD_No_2_-_COORD_RP_INSTITUCIONAL_UEPG.pdf\">EDITAL PROGRAD No 2\/2020 - SELE\u00c7\u00c3O DE COORDENADOR(A) INSTITUCIONAL PARA O PROJETO INSTITUCIONAL DE <\/a><a href=\"http:\/\/www2.uepg.br\/prograd\/wp-content\/uploads\/sites\/19\/2020\/01\/EDITAL_PROGRAD_No_2_-_COORD_RP_INSTITUCIONAL_UEPG.pdf\">BOLSAS DO PROGRAMA RESID\u00caNCIA PEDAG\u00d3GICA (Edital CAPES 01\/2020)<\/a><\/p>\n\t\t\t\t<\/div>\n\t\t\t<\/div>\n\t\t<\/div>\n\t\t<\/div>\n<\/div>\n<\/div><\/div><\/div><\/div><\/div>","protected":false},"excerpt":{"rendered":"<p>2023 EDITAL PROGRAD\/PRP n\u00ba 18\/2023 RESULTADO SELE\u00c7\u00c3O RESIDENTES &#8211; Licenciatura em: Artes Visuais, Matem\u00e1tica e M\u00fasica EDITAL PROGRAD\/PRP n\u00ba 17\/2023 HOMOLOGA\u00c7\u00c3O DE RESIDENTES &#8211; Licenciatura em: Artes Visuais, Matem\u00e1tica e M\u00fasica EDITAL PROGRAD\/PRP n\u00ba 16\/2023 SELE\u00c7\u00c3O DE RESIDENTES \u2013 Fluxo cont\u00ednuo EDITAL PROGRAD\/PRP n\u00ba 15\/2023 HOMOLOGA\u00c7\u00c3O DE RESIDENTES EDITAL PROGRAD\/PRP n\u00ba 14\/2023 CLASSIFICA\u00c7\u00c3O DOS CANDIDATOS&nbsp;&hellip;<\/p>\n","protected":false},"author":24,"featured_media":0,"parent":0,"menu_order":0,"comment_status":"closed","ping_status":"closed","template":"","meta":[],"_links":{"self":[{"href":"https:\/\/www2.uepg.br\/prograd\/wp-json\/wp\/v2\/pages\/5204"}],"collection":[{"href":"https:\/\/www2.uepg.br\/prograd\/wp-json\/wp\/v2\/pages"}],"about":[{"href":"https:\/\/www2.uepg.br\/prograd\/wp-json\/wp\/v2\/types\/page"}],"author":[{"embeddable":true,"href":"https:\/\/www2.uepg.br\/prograd\/wp-json\/wp\/v2\/users\/24"}],"replies":[{"embeddable":true,"href":"https:\/\/www2.uepg.br\/prograd\/wp-json\/wp\/v2\/comments?post=5204"}],"version-history":[{"count":60,"href":"https:\/\/www2.uepg.br\/prograd\/wp-json\/wp\/v2\/pages\/5204\/revisions"}],"predecessor-version":[{"id":7434,"href":"https:\/\/www2.uepg.br\/prograd\/wp-json\/wp\/v2\/pages\/5204\/revisions\/7434"}],"wp:attachment":[{"href":"https:\/\/www2.uepg.br\/prograd\/wp-json\/wp\/v2\/media?parent=5204"}],"curies":[{"name":"wp","href":"https:\/\/api.w.org\/{rel}","templated":true}]}}