{"id":5223,"date":"2022-05-18T15:18:10","date_gmt":"2022-05-18T18:18:10","guid":{"rendered":"https:\/\/www2.uepg.br\/prograd\/?page_id=5223"},"modified":"2022-09-26T14:45:37","modified_gmt":"2022-09-26T17:45:37","slug":"fichas-de-tramitacao","status":"publish","type":"page","link":"https:\/\/www2.uepg.br\/prograd\/fichas-de-tramitacao\/","title":{"rendered":"Fichas de Tramita\u00e7\u00e3o"},"content":{"rendered":"<p>Para acessar as <strong>Fichas de Tramita\u00e7\u00e3o<\/strong> da PROGRAD, <a href=\"https:\/\/www2.uepg.br\/proplan\/pro-reitoria\/protocolo-geral\/\" target=\"_blank\" rel=\"noopener\"><strong>CLIQUE AQUI<\/strong><\/a> , <em><strong>\u00a0abaixo segue o print da p\u00e1gina indicando onde encontrar as Fichas de Tramita\u00e7\u00e3o da PROGRAD<\/strong><\/em>.<\/p>\n<p>&nbsp;<\/p>\n<p><a href=\"https:\/\/www2.uepg.br\/proplan\/pro-reitoria\/protocolo-geral\/\" rel=\"attachment wp-att-5232\"><img loading=\"lazy\" class=\"aligncenter wp-image-5232 size-large\" src=\"http:\/\/www2.uepg.br\/prograd\/wp-content\/uploads\/sites\/19\/2022\/05\/2022-05-18_15-04-1024x564.png\" alt=\"\" width=\"1024\" height=\"564\" srcset=\"https:\/\/www2.uepg.br\/prograd\/wp-content\/uploads\/sites\/19\/2022\/05\/2022-05-18_15-04-1024x564.png 1024w, https:\/\/www2.uepg.br\/prograd\/wp-content\/uploads\/sites\/19\/2022\/05\/2022-05-18_15-04-300x165.png 300w, https:\/\/www2.uepg.br\/prograd\/wp-content\/uploads\/sites\/19\/2022\/05\/2022-05-18_15-04-768x423.png 768w, https:\/\/www2.uepg.br\/prograd\/wp-content\/uploads\/sites\/19\/2022\/05\/2022-05-18_15-04-1232x678.png 1232w, https:\/\/www2.uepg.br\/prograd\/wp-content\/uploads\/sites\/19\/2022\/05\/2022-05-18_15-04.png 1422w\" sizes=\"(max-width: 1024px) 100vw, 1024px\" \/><\/a><a href=\"https:\/\/www2.uepg.br\/proplan\/pro-reitoria\/protocolo-geral\/\"><img loading=\"lazy\" class=\"aligncenter size-large wp-image-5234\" src=\"http:\/\/www2.uepg.br\/prograd\/wp-content\/uploads\/sites\/19\/2022\/05\/2022-05-18_15-15-1024x490.png\" alt=\"\" width=\"1024\" height=\"490\" srcset=\"https:\/\/www2.uepg.br\/prograd\/wp-content\/uploads\/sites\/19\/2022\/05\/2022-05-18_15-15-1024x490.png 1024w, https:\/\/www2.uepg.br\/prograd\/wp-content\/uploads\/sites\/19\/2022\/05\/2022-05-18_15-15-300x144.png 300w, https:\/\/www2.uepg.br\/prograd\/wp-content\/uploads\/sites\/19\/2022\/05\/2022-05-18_15-15-768x368.png 768w, https:\/\/www2.uepg.br\/prograd\/wp-content\/uploads\/sites\/19\/2022\/05\/2022-05-18_15-15-1232x590.png 1232w, https:\/\/www2.uepg.br\/prograd\/wp-content\/uploads\/sites\/19\/2022\/05\/2022-05-18_15-15.png 1414w\" sizes=\"(max-width: 1024px) 100vw, 1024px\" \/><\/a><\/p>\n<p>&nbsp;<\/p>\n","protected":false},"excerpt":{"rendered":"<p>Para acessar as Fichas de Tramita\u00e7\u00e3o da PROGRAD, CLIQUE AQUI , \u00a0abaixo segue o print da p\u00e1gina indicando onde encontrar as Fichas de Tramita\u00e7\u00e3o da PROGRAD. &nbsp; &nbsp;<\/p>\n","protected":false},"author":24,"featured_media":0,"parent":0,"menu_order":0,"comment_status":"closed","ping_status":"closed","template":"","meta":[],"_links":{"self":[{"href":"https:\/\/www2.uepg.br\/prograd\/wp-json\/wp\/v2\/pages\/5223"}],"collection":[{"href":"https:\/\/www2.uepg.br\/prograd\/wp-json\/wp\/v2\/pages"}],"about":[{"href":"https:\/\/www2.uepg.br\/prograd\/wp-json\/wp\/v2\/types\/page"}],"author":[{"embeddable":true,"href":"https:\/\/www2.uepg.br\/prograd\/wp-json\/wp\/v2\/users\/24"}],"replies":[{"embeddable":true,"href":"https:\/\/www2.uepg.br\/prograd\/wp-json\/wp\/v2\/comments?post=5223"}],"version-history":[{"count":5,"href":"https:\/\/www2.uepg.br\/prograd\/wp-json\/wp\/v2\/pages\/5223\/revisions"}],"predecessor-version":[{"id":5848,"href":"https:\/\/www2.uepg.br\/prograd\/wp-json\/wp\/v2\/pages\/5223\/revisions\/5848"}],"wp:attachment":[{"href":"https:\/\/www2.uepg.br\/prograd\/wp-json\/wp\/v2\/media?parent=5223"}],"curies":[{"name":"wp","href":"https:\/\/api.w.org\/{rel}","templated":true}]}}