{"id":5300,"date":"2022-06-06T15:55:57","date_gmt":"2022-06-06T18:55:57","guid":{"rendered":"https:\/\/www2.uepg.br\/prograd\/?page_id=5300"},"modified":"2026-03-16T14:29:03","modified_gmt":"2026-03-16T17:29:03","slug":"editais-programa-de-atualizacao-e-aprendizagem-didatica","status":"publish","type":"page","link":"https:\/\/www2.uepg.br\/prograd\/editais-programa-de-atualizacao-e-aprendizagem-didatica\/","title":{"rendered":"Editais &#8211; Programa de Atualiza\u00e7\u00e3o e Aprendizagem Did\u00e1tica"},"content":{"rendered":"<p>16\/03\/2026 &#8211; <a href=\"http:\/\/www2.uepg.br\/prograd\/wp-content\/uploads\/sites\/19\/2026\/03\/Edital-PROGRAD-DIADM-No-2026.234-EDITAL-DE-RESULTADO-PROGRAMA-DE-ATUALIZACAO-E-APRENDIZAGEM-DIDATICA-2026-\u2013-1o-SEM.pdf\" target=\"_blank\" rel=\"noopener\">Edital PROGRAD-DIADM &#8211; N\u00ba 2026.234 &#8211; EDITAL DE RESULTADO PROGRAMA DE ATUALIZA\u00c7\u00c3O E APRENDIZAGEM DID\u00c1TICA 2026 \u2013 1\u00ba SEM<\/a><\/p>\n<p>26\/02\/2026 &#8211;\u00a0<a href=\"http:\/\/www2.uepg.br\/prograd\/wp-content\/uploads\/sites\/19\/2026\/02\/EDITAL-PROGRAD-DIADM-No-2026.150-PROGRAMA-DE-ATUALIZACAO-E-APRENDIZAGEM-DIDATICA-20261.pdf\" target=\"_blank\" rel=\"noopener\">EDITAL PROGRAD-DIADM &#8211; N\u00ba 2026.150 PROGRAMA DE ATUALIZA\u00c7\u00c3O E APRENDIZAGEM DID\u00c1TICA 20261<\/a><\/p>\n<p>25\/07\/2025 &#8211;\u00a0<a href=\"http:\/\/www2.uepg.br\/prograd\/wp-content\/uploads\/sites\/19\/2025\/07\/SEI_25.000059847_9-EDITAL-RETIFICACAO.pdf\">EDITAL PROGRAD-DIADM -N\u00ba 2025.764 &#8211; RETIFICA\u00c7\u00c3O do Edital n\u00ba2025.736<\/a><\/p>\n<p>04\/07\/2025 &#8211; <a href=\"http:\/\/www2.uepg.br\/prograd\/wp-content\/uploads\/sites\/19\/2025\/07\/EDITAL-PROGRAD-DIADM-2025.736-RESULTADOS-PROGRAMA-DE-ATUALIZACAO-E-APRENDIZAGEM-DIDATICA-2025-\u2013-2o-SEMESTRE.pdf\">EDITAL-PROGRAD-DIADM-2025.736-RESULTADOS-PROGRAMA-DE-ATUALIZACAO-E-APRENDIZAGEM-DIDATICA-2025-\u2013-2o-SEMESTRE.pdf<\/a><\/p>\n<p>15\/04\/2025 &#8211; <a href=\"http:\/\/www2.uepg.br\/prograd\/wp-content\/uploads\/sites\/19\/2025\/04\/SEI_25.000016831_8-5.pdf\"> EDITAL PROGRAD-DIADM \u2013 N\u00ba 2025.409 \u2013 Resultado da Sele\u00e7\u00e3o para o Programa de Atualiza\u00e7\u00e3o e Aprendizagem Did\u00e1tica (Retificado)<\/a><\/p>\n<p>15\/04\/2025 &#8211; <a href=\"http:\/\/www2.uepg.br\/prograd\/wp-content\/uploads\/sites\/19\/2025\/04\/Edital-PAAD-2025-1.pdf\"> EDITAL PROGRAD-DIADM \u2013 N\u00ba 2025.401 \u2013 Resultado da Sele\u00e7\u00e3o para o Programa de Atualiza\u00e7\u00e3o e Aprendizagem Did\u00e1tica<\/a><\/p>\n<p>03\/04\/2025 &#8211;\u00a0<a href=\"http:\/\/www2.uepg.br\/prograd\/wp-content\/uploads\/sites\/19\/2025\/04\/EDiital-prorr-PAAD-2025.pdf\">EDITAL PROGRAD-DIADM &#8211; N\u00ba2025.337 &#8211; Prorroga\u00e7\u00e3o dos prazos de inscri\u00e7\u00f5es do Programa de Atualiza\u00e7\u00e3o e Aprendizagem Did\u00e1tica<\/a><\/p>\n<p>19\/03\/2025 &#8211;\u00a0<a href=\"http:\/\/www2.uepg.br\/prograd\/wp-content\/uploads\/sites\/19\/2025\/03\/Edital-2025-256.pdf\">EDITAL PROGRAD-DIADM \u2013 N\u00ba 2025.256 \u2013 Inscri\u00e7\u00e3o para o Programa de Atualiza\u00e7\u00e3o e Aprendizagem Did\u00e1tica 2025 [SEGUNDA RETIFICA\u00c7\u00c3O]<\/a><\/p>\n<p>19\/03\/2025 &#8211;\u00a0<a href=\"http:\/\/www2.uepg.br\/prograd\/wp-content\/uploads\/sites\/19\/2025\/03\/Edital-2025-221.pdf\"> EDITAL PROGRAD-DIADM \u2013 N\u00ba 2025.221 \u2013 Inscri\u00e7\u00e3o para o Programa de Atualiza\u00e7\u00e3o e Aprendizagem Did\u00e1tica 2025 [RETIFICADO]<\/a><\/p>\n<p>19\/03\/2025 &#8211;\u00a0<a href=\"http:\/\/www2.uepg.br\/prograd\/wp-content\/uploads\/sites\/19\/2025\/03\/Edital-2025-216.pdf\"> Abertura das inscri\u00e7\u00f5es para o Programa de Atualiza\u00e7\u00e3o e Aprendizagem Did\u00e1tica 2025<\/a><\/p>\n<p>30\/04\/2024 \u2013 <a href=\"http:\/\/www2.uepg.br\/prograd\/wp-content\/uploads\/sites\/19\/2024\/04\/SEI_UEPG-1981166-Edital.pdf\">EDITAL PROGRAD-DIADM &#8211; N\u00ba 2024.295 &#8211; Resultado da Sele\u00e7\u00e3o para o Programa de Atualiza\u00e7\u00e3o e Aprendizagem Did\u00e1tica 2024 <span style=\"color: #ff0000\">[RETIFICADO]<\/span><\/a><\/p>\n<p>08\/04\/2024 \u2013 <a href=\"http:\/\/www2.uepg.br\/prograd\/wp-content\/uploads\/sites\/19\/2024\/04\/PAAD.pdf\">Abertura das inscri\u00e7\u00f5es para o Programa de Atualiza\u00e7\u00e3o e Aprendizagem Did\u00e1tica 2024<\/a><\/p>\n<p>12\/04\/2023 &#8211; <a href=\"http:\/\/www2.uepg.br\/prograd\/wp-content\/uploads\/sites\/19\/2023\/04\/Edital-Resultado-Programa-de-Atualizacao-didatica.pdf\" target=\"_blank\" rel=\"noopener\">EDITAL PROGRAD-DIADM &#8211; N\u00ba 2023.225 Resultado da Sele\u00e7\u00e3o para o Programa de Atualiza\u00e7\u00e3o e Aprendizagem Did\u00e1tica<\/a><\/p>\n<p>15\/03\/2023 &#8211; <a href=\"http:\/\/www2.uepg.br\/prograd\/wp-content\/uploads\/sites\/19\/2023\/03\/EDITAL-PROGRAD-DIADM-n-2023_143.pdf\" target=\"_blank\" rel=\"noopener\">EDITAL PROGRAD-DIADM &#8211; N\u00ba 2023.143 &#8211; Abertura das Inscri\u00e7\u00f5es para o Programa de Atualiza\u00e7\u00e3o e Aprendizagem Did\u00e1tica<\/a><\/p>\n<p>27\/06\/2022 &#8211; <a href=\"http:\/\/www2.uepg.br\/prograd\/wp-content\/uploads\/sites\/19\/2022\/06\/Edital-Resultado_Programa-de-Atualizacao-e-Aprendizagem-Didatica.pdf\" target=\"_blank\" rel=\"noopener\">Edital PROGRAD-DIADM n\u00ba \/2022.262 Resultado da Sele\u00e7\u00e3o para o Programa de Atualiza\u00e7\u00e3o e Aprendizagem Did\u00e1tica<\/a><\/p>\n<p>06\/06\/2022 &#8211; <a href=\"http:\/\/www2.uepg.br\/prograd\/wp-content\/uploads\/sites\/19\/2022\/06\/EDITAL_2022_PROGRAMA-DE-ATUALIZACAO-E-APRENDIZAGEM-DIDATICA.pdf\" target=\"_blank\" rel=\"noopener\">EDITAL PROGRAD-DIADM &#8211; N\u00ba 2022.232 &#8211; <strong>SELE\u00c7\u00c3O ENCERRADA<\/strong><\/a><\/p>\n<p>&nbsp;<\/p>\n<p><a href=\"https:\/\/www2.uepg.br\/prograd\/programas-e-projetos\/\">Clique aqui para saber mais sobre o programa.<\/a><\/p>\n","protected":false},"excerpt":{"rendered":"<p>16\/03\/2026 &#8211; Edital PROGRAD-DIADM &#8211; N\u00ba 2026.234 &#8211; EDITAL DE RESULTADO PROGRAMA DE ATUALIZA\u00c7\u00c3O E APRENDIZAGEM DID\u00c1TICA 2026 \u2013 1\u00ba SEM 26\/02\/2026 &#8211;\u00a0EDITAL PROGRAD-DIADM &#8211; N\u00ba 2026.150 PROGRAMA DE ATUALIZA\u00c7\u00c3O E APRENDIZAGEM DID\u00c1TICA 20261 25\/07\/2025 &#8211;\u00a0EDITAL PROGRAD-DIADM -N\u00ba 2025.764 &#8211; RETIFICA\u00c7\u00c3O do Edital n\u00ba2025.736 04\/07\/2025 &#8211; EDITAL-PROGRAD-DIADM-2025.736-RESULTADOS-PROGRAMA-DE-ATUALIZACAO-E-APRENDIZAGEM-DIDATICA-2025-\u2013-2o-SEMESTRE.pdf 15\/04\/2025 &#8211; EDITAL PROGRAD-DIADM \u2013 N\u00ba 2025.409 \u2013&nbsp;&hellip;<\/p>\n","protected":false},"author":24,"featured_media":0,"parent":0,"menu_order":0,"comment_status":"closed","ping_status":"closed","template":"","meta":[],"_links":{"self":[{"href":"https:\/\/www2.uepg.br\/prograd\/wp-json\/wp\/v2\/pages\/5300"}],"collection":[{"href":"https:\/\/www2.uepg.br\/prograd\/wp-json\/wp\/v2\/pages"}],"about":[{"href":"https:\/\/www2.uepg.br\/prograd\/wp-json\/wp\/v2\/types\/page"}],"author":[{"embeddable":true,"href":"https:\/\/www2.uepg.br\/prograd\/wp-json\/wp\/v2\/users\/24"}],"replies":[{"embeddable":true,"href":"https:\/\/www2.uepg.br\/prograd\/wp-json\/wp\/v2\/comments?post=5300"}],"version-history":[{"count":28,"href":"https:\/\/www2.uepg.br\/prograd\/wp-json\/wp\/v2\/pages\/5300\/revisions"}],"predecessor-version":[{"id":10509,"href":"https:\/\/www2.uepg.br\/prograd\/wp-json\/wp\/v2\/pages\/5300\/revisions\/10509"}],"wp:attachment":[{"href":"https:\/\/www2.uepg.br\/prograd\/wp-json\/wp\/v2\/media?parent=5300"}],"curies":[{"name":"wp","href":"https:\/\/api.w.org\/{rel}","templated":true}]}}